{"id":10171,"date":"2021-05-25T17:36:04","date_gmt":"2021-05-25T15:36:04","guid":{"rendered":"http:\/\/galli.ch\/?post_type=uhren&#038;p=10171"},"modified":"2026-03-30T10:15:22","modified_gmt":"2026-03-30T08:15:22","slug":"ceramic-m79210cnu-0001","status":"publish","type":"product","link":"https:\/\/galli.ch\/en\/uhren\/tudor\/black-bay\/ceramic-m79210cnu-0001\/","title":{"rendered":"Tudor Black Bay Ceramic"},"content":{"rendered":"<p>Die Black Bay Ceramic mit einem Geh\u00e4usedurchmesser von 41mm ist die erste Uhr von Tudor, welche vom Eidgen\u00f6ssischen Institut f\u00fcr Metrologie in Bern (METAS) zertifiziert wurde. Die METAS-Zertifizierung setzt voraus, dass die betreffende Uhr in der Schweiz hergestellt und COSC-zertifiziert ist und ausserdem eine Reihe zus\u00e4tzlicher Tests besteht. Dazu geh\u00f6rt die Pr\u00fcfung der Uhr auf Pr\u00e4zision in 6 Positionen und in zwei Stufen der Gangreserve (100 % und 33 %) sowie die Wasserdichtigkeit, die L\u00e4nge der Gangreserve und vor allem die Best\u00e4ndigkeit gegen Magnetfelder. Die neue Black Bay Ceramic ist resistent gegen Magnetfelder bis zu mindestens 15.000 Gauss, was sie im Grunde genommen v\u00f6llig resistent gegen Magnetismus im t\u00e4glichen Leben macht.<\/p>\n<p>Die verschraubte Krone und die einseitig drehbare L\u00fcnette ist aus PVD-beschichtetem Stahl gefertigt. Die Uhr wird mit einem erg\u00e4nzenden schwarzen Stoffarmband mit cremefarbener Mittellinie und schwarzer PVD-beschichteter 316L-Stahlschliesse geliefert. Im Inneren des Keramik-Geh\u00e4uses schl\u00e4gt das Manufakturkaliber MT5602-1U, welches auf Grund des transparenten Geh\u00e4usebodens sichtbar ist.<\/p>\n","protected":false},"excerpt":{"rendered":"<p>Die Black Bay Ceramic mit einem Geh\u00e4usedurchmesser von 41mm ist die erste Uhr von Tudor, welche vom Eidgen\u00f6ssischen Institut f\u00fcr Metrologie in Bern (METAS) zertifiziert wurde. Die METAS-Zertifizierung setzt voraus, dass die betreffende Uhr in der Schweiz hergestellt und COSC-zertifiziert ist und ausserdem eine Reihe zus\u00e4tzlicher Tests besteht. Dazu geh\u00f6rt die Pr\u00fcfung der Uhr auf&#8230;  <a class=\"excerpt-read-more\" href=\"https:\/\/galli.ch\/en\/uhren\/tudor\/black-bay\/ceramic-m79210cnu-0001\/\" title=\"Read Tudor Black Bay Ceramic\">Weiter &raquo;<\/a><\/p>\n","protected":false},"featured_media":10169,"template":"","meta":{"_acf_changed":false,"inline_featured_image":false},"product_brand":[],"product_cat":[188],"product_tag":[],"class_list":{"0":"post-10171","1":"product","2":"type-product","3":"status-publish","4":"has-post-thumbnail","6":"uhrenhersteller-tudor","7":"uhrenhersteller-black-bay","8":"product_cat-uhren","10":"first","11":"instock","12":"taxable","13":"shipping-taxable","14":"purchasable","15":"product-type-simple"},"acf":[],"yoast_head":"<!-- This site is optimized with the Yoast SEO plugin v25.5 - https:\/\/yoast.com\/wordpress\/plugins\/seo\/ -->\n<title>Tudor Black Bay Ceramic - Galli Uhren Bijouterie<\/title>\n<meta name=\"robots\" content=\"index, follow, max-snippet:-1, max-image-preview:large, max-video-preview:-1\" \/>\n<link rel=\"canonical\" href=\"https:\/\/galli.ch\/uhren\/tudor\/black-bay\/ceramic-m79210cnu-0001\/\" \/>\n<meta property=\"og:locale\" content=\"en_US\" \/>\n<meta property=\"og:type\" content=\"article\" \/>\n<meta property=\"og:title\" content=\"Tudor Black Bay Ceramic - Galli Uhren Bijouterie\" \/>\n<meta property=\"og:description\" content=\"Die Black Bay Ceramic mit einem Geh\u00e4usedurchmesser von 41mm ist die erste Uhr von Tudor, welche vom Eidgen\u00f6ssischen Institut f\u00fcr Metrologie in Bern (METAS) zertifiziert wurde. Die METAS-Zertifizierung setzt voraus, dass die betreffende Uhr in der Schweiz hergestellt und COSC-zertifiziert ist und ausserdem eine Reihe zus\u00e4tzlicher Tests besteht. Dazu geh\u00f6rt die Pr\u00fcfung der Uhr auf... Weiter &raquo;\" \/>\n<meta property=\"og:url\" content=\"https:\/\/galli.ch\/uhren\/tudor\/black-bay\/ceramic-m79210cnu-0001\/\" \/>\n<meta property=\"og:site_name\" content=\"Galli Uhren Bijouterie\" \/>\n<meta property=\"article:modified_time\" content=\"2026-03-30T08:15:22+00:00\" \/>\n<meta property=\"og:image\" content=\"https:\/\/galli.ch\/wp-content\/uploads\/tudor-m79210cnu-0001.png\" \/>\n\t<meta property=\"og:image:width\" content=\"1000\" \/>\n\t<meta property=\"og:image:height\" content=\"1400\" \/>\n\t<meta property=\"og:image:type\" content=\"image\/png\" \/>\n<meta name=\"twitter:card\" content=\"summary_large_image\" \/>\n<script type=\"application\/ld+json\" class=\"yoast-schema-graph\">{\"@context\":\"https:\/\/schema.org\",\"@graph\":[{\"@type\":\"WebPage\",\"@id\":\"https:\/\/galli.ch\/uhren\/tudor\/black-bay\/ceramic-m79210cnu-0001\/\",\"url\":\"https:\/\/galli.ch\/uhren\/tudor\/black-bay\/ceramic-m79210cnu-0001\/\",\"name\":\"Tudor Black Bay Ceramic - Galli Uhren Bijouterie\",\"isPartOf\":{\"@id\":\"http:\/\/galli.ch\/en\/#website\"},\"primaryImageOfPage\":{\"@id\":\"https:\/\/galli.ch\/uhren\/tudor\/black-bay\/ceramic-m79210cnu-0001\/#primaryimage\"},\"image\":{\"@id\":\"https:\/\/galli.ch\/uhren\/tudor\/black-bay\/ceramic-m79210cnu-0001\/#primaryimage\"},\"thumbnailUrl\":\"https:\/\/galli.ch\/wp-content\/uploads\/tudor-m79210cnu-0001.png\",\"datePublished\":\"2021-05-25T15:36:04+00:00\",\"dateModified\":\"2026-03-30T08:15:22+00:00\",\"breadcrumb\":{\"@id\":\"https:\/\/galli.ch\/uhren\/tudor\/black-bay\/ceramic-m79210cnu-0001\/#breadcrumb\"},\"inLanguage\":\"en-US\",\"potentialAction\":[{\"@type\":\"ReadAction\",\"target\":[\"https:\/\/galli.ch\/uhren\/tudor\/black-bay\/ceramic-m79210cnu-0001\/\"]}]},{\"@type\":\"ImageObject\",\"inLanguage\":\"en-US\",\"@id\":\"https:\/\/galli.ch\/uhren\/tudor\/black-bay\/ceramic-m79210cnu-0001\/#primaryimage\",\"url\":\"https:\/\/galli.ch\/wp-content\/uploads\/tudor-m79210cnu-0001.png\",\"contentUrl\":\"https:\/\/galli.ch\/wp-content\/uploads\/tudor-m79210cnu-0001.png\",\"width\":1000,\"height\":1400,\"caption\":\"tudor-black-bay-ceramic-metas-m79210cnu-0001\"},{\"@type\":\"BreadcrumbList\",\"@id\":\"https:\/\/galli.ch\/uhren\/tudor\/black-bay\/ceramic-m79210cnu-0001\/#breadcrumb\",\"itemListElement\":[{\"@type\":\"ListItem\",\"position\":1,\"name\":\"Home\",\"item\":\"https:\/\/galli.ch\/en\/\"},{\"@type\":\"ListItem\",\"position\":2,\"name\":\"Uhren\",\"item\":\"https:\/\/galli.ch\/en\/uhren\/\"},{\"@type\":\"ListItem\",\"position\":3,\"name\":\"Tudor Black Bay Ceramic\"}]},{\"@type\":\"WebSite\",\"@id\":\"http:\/\/galli.ch\/en\/#website\",\"url\":\"http:\/\/galli.ch\/en\/\",\"name\":\"Galli Uhren Bijouterie\",\"description\":\"\",\"potentialAction\":[{\"@type\":\"SearchAction\",\"target\":{\"@type\":\"EntryPoint\",\"urlTemplate\":\"http:\/\/galli.ch\/en\/?s={search_term_string}\"},\"query-input\":{\"@type\":\"PropertyValueSpecification\",\"valueRequired\":true,\"valueName\":\"search_term_string\"}}],\"inLanguage\":\"en-US\"}]}<\/script>\n<!-- \/ Yoast SEO plugin. -->","yoast_head_json":{"title":"Tudor Black Bay Ceramic - Galli Uhren Bijouterie","robots":{"index":"index","follow":"follow","max-snippet":"max-snippet:-1","max-image-preview":"max-image-preview:large","max-video-preview":"max-video-preview:-1"},"canonical":"https:\/\/galli.ch\/uhren\/tudor\/black-bay\/ceramic-m79210cnu-0001\/","og_locale":"en_US","og_type":"article","og_title":"Tudor Black Bay Ceramic - Galli Uhren Bijouterie","og_description":"Die Black Bay Ceramic mit einem Geh\u00e4usedurchmesser von 41mm ist die erste Uhr von Tudor, welche vom Eidgen\u00f6ssischen Institut f\u00fcr Metrologie in Bern (METAS) zertifiziert wurde. Die METAS-Zertifizierung setzt voraus, dass die betreffende Uhr in der Schweiz hergestellt und COSC-zertifiziert ist und ausserdem eine Reihe zus\u00e4tzlicher Tests besteht. Dazu geh\u00f6rt die Pr\u00fcfung der Uhr auf... Weiter &raquo;","og_url":"https:\/\/galli.ch\/uhren\/tudor\/black-bay\/ceramic-m79210cnu-0001\/","og_site_name":"Galli Uhren Bijouterie","article_modified_time":"2026-03-30T08:15:22+00:00","og_image":[{"width":1000,"height":1400,"url":"https:\/\/galli.ch\/wp-content\/uploads\/tudor-m79210cnu-0001.png","type":"image\/png"}],"twitter_card":"summary_large_image","schema":{"@context":"https:\/\/schema.org","@graph":[{"@type":"WebPage","@id":"https:\/\/galli.ch\/uhren\/tudor\/black-bay\/ceramic-m79210cnu-0001\/","url":"https:\/\/galli.ch\/uhren\/tudor\/black-bay\/ceramic-m79210cnu-0001\/","name":"Tudor Black Bay Ceramic - Galli Uhren Bijouterie","isPartOf":{"@id":"http:\/\/galli.ch\/en\/#website"},"primaryImageOfPage":{"@id":"https:\/\/galli.ch\/uhren\/tudor\/black-bay\/ceramic-m79210cnu-0001\/#primaryimage"},"image":{"@id":"https:\/\/galli.ch\/uhren\/tudor\/black-bay\/ceramic-m79210cnu-0001\/#primaryimage"},"thumbnailUrl":"https:\/\/galli.ch\/wp-content\/uploads\/tudor-m79210cnu-0001.png","datePublished":"2021-05-25T15:36:04+00:00","dateModified":"2026-03-30T08:15:22+00:00","breadcrumb":{"@id":"https:\/\/galli.ch\/uhren\/tudor\/black-bay\/ceramic-m79210cnu-0001\/#breadcrumb"},"inLanguage":"en-US","potentialAction":[{"@type":"ReadAction","target":["https:\/\/galli.ch\/uhren\/tudor\/black-bay\/ceramic-m79210cnu-0001\/"]}]},{"@type":"ImageObject","inLanguage":"en-US","@id":"https:\/\/galli.ch\/uhren\/tudor\/black-bay\/ceramic-m79210cnu-0001\/#primaryimage","url":"https:\/\/galli.ch\/wp-content\/uploads\/tudor-m79210cnu-0001.png","contentUrl":"https:\/\/galli.ch\/wp-content\/uploads\/tudor-m79210cnu-0001.png","width":1000,"height":1400,"caption":"tudor-black-bay-ceramic-metas-m79210cnu-0001"},{"@type":"BreadcrumbList","@id":"https:\/\/galli.ch\/uhren\/tudor\/black-bay\/ceramic-m79210cnu-0001\/#breadcrumb","itemListElement":[{"@type":"ListItem","position":1,"name":"Home","item":"https:\/\/galli.ch\/en\/"},{"@type":"ListItem","position":2,"name":"Uhren","item":"https:\/\/galli.ch\/en\/uhren\/"},{"@type":"ListItem","position":3,"name":"Tudor Black Bay Ceramic"}]},{"@type":"WebSite","@id":"http:\/\/galli.ch\/en\/#website","url":"http:\/\/galli.ch\/en\/","name":"Galli Uhren Bijouterie","description":"","potentialAction":[{"@type":"SearchAction","target":{"@type":"EntryPoint","urlTemplate":"http:\/\/galli.ch\/en\/?s={search_term_string}"},"query-input":{"@type":"PropertyValueSpecification","valueRequired":true,"valueName":"search_term_string"}}],"inLanguage":"en-US"}]}},"_links":{"self":[{"href":"https:\/\/galli.ch\/en\/wp-json\/wp\/v2\/product\/10171","targetHints":{"allow":["GET"]}}],"collection":[{"href":"https:\/\/galli.ch\/en\/wp-json\/wp\/v2\/product"}],"about":[{"href":"https:\/\/galli.ch\/en\/wp-json\/wp\/v2\/types\/product"}],"wp:featuredmedia":[{"embeddable":true,"href":"https:\/\/galli.ch\/en\/wp-json\/wp\/v2\/media\/10169"}],"wp:attachment":[{"href":"https:\/\/galli.ch\/en\/wp-json\/wp\/v2\/media?parent=10171"}],"wp:term":[{"taxonomy":"product_brand","embeddable":true,"href":"https:\/\/galli.ch\/en\/wp-json\/wp\/v2\/product_brand?post=10171"},{"taxonomy":"product_cat","embeddable":true,"href":"https:\/\/galli.ch\/en\/wp-json\/wp\/v2\/product_cat?post=10171"},{"taxonomy":"product_tag","embeddable":true,"href":"https:\/\/galli.ch\/en\/wp-json\/wp\/v2\/product_tag?post=10171"}],"curies":[{"name":"wp","href":"https:\/\/api.w.org\/{rel}","templated":true}]}}