{"id":10304,"date":"2021-06-09T14:21:34","date_gmt":"2021-06-09T12:21:34","guid":{"rendered":"http:\/\/galli.ch\/?post_type=uhren&#038;p=10304"},"modified":"2026-04-20T18:11:27","modified_gmt":"2026-04-20T16:11:27","slug":"longines-silver-arrow-l2-834-4-72-2","status":"publish","type":"product","link":"https:\/\/galli.ch\/en\/uhren\/longines\/watchmaking-tradition\/longines-silver-arrow-l2-834-4-72-2\/","title":{"rendered":"Longines Silver Arrow"},"content":{"rendered":"<p>Longines kombiniert die originale \u00c4sthetik seiner bemerkenswertesten historischen Modelle mit den modernsten Techniken der Uhrmacherei. Die Kreationen der Heritage Classic sind eine Hommage an den innovativen Geist, der die Uhrmacher von Longines seit dem Beginn angetrieben hat.<\/p>\n<p>Die Longines Silver Arrow erweckt ein f\u00fcr die 50er Jahre charakteristisches Modell zu neuem Leben: eine entschlossen nach vorne gerichtete Zeit, in der Rennwagen und \u00dcberschallflugzeuge die Phantasie von Jung und Alt anregten. Der Zeitmesser wird von einem exklusiven Uhrwerk mit Automatikaufzug und Siliziumspirale angetrieben und verf\u00fcgt \u00fcber eine f\u00fcnfj\u00e4hrige Garantie.<\/p>\n","protected":false},"excerpt":{"rendered":"<p>Longines kombiniert die originale \u00c4sthetik seiner bemerkenswertesten historischen Modelle mit den modernsten Techniken der Uhrmacherei. Die Kreationen der Heritage Classic sind eine Hommage an den innovativen Geist, der die Uhrmacher von Longines seit dem Beginn angetrieben hat. Die Longines Silver Arrow erweckt ein f\u00fcr die 50er Jahre charakteristisches Modell zu neuem Leben: eine entschlossen nach&#8230;  <a class=\"excerpt-read-more\" href=\"https:\/\/galli.ch\/en\/uhren\/longines\/watchmaking-tradition\/longines-silver-arrow-l2-834-4-72-2\/\" title=\"Read Longines Silver Arrow\">Weiter &raquo;<\/a><\/p>\n","protected":false},"featured_media":9196,"template":"","meta":{"_acf_changed":false,"inline_featured_image":false},"product_brand":[],"product_cat":[188],"product_tag":[],"class_list":{"0":"post-10304","1":"product","2":"type-product","3":"status-publish","4":"has-post-thumbnail","6":"uhrenhersteller-longines","7":"uhrenhersteller-watchmaking-tradition","8":"product_cat-uhren","10":"first","11":"instock","12":"taxable","13":"shipping-taxable","14":"purchasable","15":"product-type-simple"},"acf":[],"yoast_head":"<!-- This site is optimized with the Yoast SEO plugin v25.5 - https:\/\/yoast.com\/wordpress\/plugins\/seo\/ -->\n<title>Longines Silver Arrow - Galli Uhren Bijouterie<\/title>\n<meta name=\"robots\" content=\"index, follow, max-snippet:-1, max-image-preview:large, max-video-preview:-1\" \/>\n<link rel=\"canonical\" href=\"https:\/\/galli.ch\/uhren\/longines\/watchmaking-tradition\/longines-silver-arrow-l2-834-4-72-2\/\" \/>\n<meta property=\"og:locale\" content=\"en_US\" \/>\n<meta property=\"og:type\" content=\"article\" \/>\n<meta property=\"og:title\" content=\"Longines Silver Arrow - Galli Uhren Bijouterie\" \/>\n<meta property=\"og:description\" content=\"Longines kombiniert die originale \u00c4sthetik seiner bemerkenswertesten historischen Modelle mit den modernsten Techniken der Uhrmacherei. Die Kreationen der Heritage Classic sind eine Hommage an den innovativen Geist, der die Uhrmacher von Longines seit dem Beginn angetrieben hat. Die Longines Silver Arrow erweckt ein f\u00fcr die 50er Jahre charakteristisches Modell zu neuem Leben: eine entschlossen nach... Weiter &raquo;\" \/>\n<meta property=\"og:url\" content=\"https:\/\/galli.ch\/uhren\/longines\/watchmaking-tradition\/longines-silver-arrow-l2-834-4-72-2\/\" \/>\n<meta property=\"og:site_name\" content=\"Galli Uhren Bijouterie\" \/>\n<meta property=\"article:modified_time\" content=\"2026-04-20T16:11:27+00:00\" \/>\n<meta property=\"og:image\" content=\"https:\/\/galli.ch\/wp-content\/uploads\/L2-834-4-72-2SOL.png\" \/>\n\t<meta property=\"og:image:width\" content=\"500\" \/>\n\t<meta property=\"og:image:height\" content=\"700\" \/>\n\t<meta property=\"og:image:type\" content=\"image\/png\" \/>\n<meta name=\"twitter:card\" content=\"summary_large_image\" \/>\n<script type=\"application\/ld+json\" class=\"yoast-schema-graph\">{\"@context\":\"https:\/\/schema.org\",\"@graph\":[{\"@type\":\"WebPage\",\"@id\":\"https:\/\/galli.ch\/uhren\/longines\/watchmaking-tradition\/longines-silver-arrow-l2-834-4-72-2\/\",\"url\":\"https:\/\/galli.ch\/uhren\/longines\/watchmaking-tradition\/longines-silver-arrow-l2-834-4-72-2\/\",\"name\":\"Longines Silver Arrow - Galli Uhren Bijouterie\",\"isPartOf\":{\"@id\":\"http:\/\/galli.ch\/en\/#website\"},\"primaryImageOfPage\":{\"@id\":\"https:\/\/galli.ch\/uhren\/longines\/watchmaking-tradition\/longines-silver-arrow-l2-834-4-72-2\/#primaryimage\"},\"image\":{\"@id\":\"https:\/\/galli.ch\/uhren\/longines\/watchmaking-tradition\/longines-silver-arrow-l2-834-4-72-2\/#primaryimage\"},\"thumbnailUrl\":\"https:\/\/galli.ch\/wp-content\/uploads\/L2-834-4-72-2SOL.png\",\"datePublished\":\"2021-06-09T12:21:34+00:00\",\"dateModified\":\"2026-04-20T16:11:27+00:00\",\"breadcrumb\":{\"@id\":\"https:\/\/galli.ch\/uhren\/longines\/watchmaking-tradition\/longines-silver-arrow-l2-834-4-72-2\/#breadcrumb\"},\"inLanguage\":\"en-US\",\"potentialAction\":[{\"@type\":\"ReadAction\",\"target\":[\"https:\/\/galli.ch\/uhren\/longines\/watchmaking-tradition\/longines-silver-arrow-l2-834-4-72-2\/\"]}]},{\"@type\":\"ImageObject\",\"inLanguage\":\"en-US\",\"@id\":\"https:\/\/galli.ch\/uhren\/longines\/watchmaking-tradition\/longines-silver-arrow-l2-834-4-72-2\/#primaryimage\",\"url\":\"https:\/\/galli.ch\/wp-content\/uploads\/L2-834-4-72-2SOL.png\",\"contentUrl\":\"https:\/\/galli.ch\/wp-content\/uploads\/L2-834-4-72-2SOL.png\",\"width\":500,\"height\":700,\"caption\":\"longines-silver-arrow-L2.834.4.72.2\"},{\"@type\":\"BreadcrumbList\",\"@id\":\"https:\/\/galli.ch\/uhren\/longines\/watchmaking-tradition\/longines-silver-arrow-l2-834-4-72-2\/#breadcrumb\",\"itemListElement\":[{\"@type\":\"ListItem\",\"position\":1,\"name\":\"Home\",\"item\":\"https:\/\/galli.ch\/en\/\"},{\"@type\":\"ListItem\",\"position\":2,\"name\":\"Uhren\",\"item\":\"https:\/\/galli.ch\/en\/uhren\/\"},{\"@type\":\"ListItem\",\"position\":3,\"name\":\"Silver Arrow\"}]},{\"@type\":\"WebSite\",\"@id\":\"http:\/\/galli.ch\/en\/#website\",\"url\":\"http:\/\/galli.ch\/en\/\",\"name\":\"Galli Uhren Bijouterie\",\"description\":\"\",\"potentialAction\":[{\"@type\":\"SearchAction\",\"target\":{\"@type\":\"EntryPoint\",\"urlTemplate\":\"http:\/\/galli.ch\/en\/?s={search_term_string}\"},\"query-input\":{\"@type\":\"PropertyValueSpecification\",\"valueRequired\":true,\"valueName\":\"search_term_string\"}}],\"inLanguage\":\"en-US\"}]}<\/script>\n<!-- \/ Yoast SEO plugin. -->","yoast_head_json":{"title":"Longines Silver Arrow - Galli Uhren Bijouterie","robots":{"index":"index","follow":"follow","max-snippet":"max-snippet:-1","max-image-preview":"max-image-preview:large","max-video-preview":"max-video-preview:-1"},"canonical":"https:\/\/galli.ch\/uhren\/longines\/watchmaking-tradition\/longines-silver-arrow-l2-834-4-72-2\/","og_locale":"en_US","og_type":"article","og_title":"Longines Silver Arrow - Galli Uhren Bijouterie","og_description":"Longines kombiniert die originale \u00c4sthetik seiner bemerkenswertesten historischen Modelle mit den modernsten Techniken der Uhrmacherei. Die Kreationen der Heritage Classic sind eine Hommage an den innovativen Geist, der die Uhrmacher von Longines seit dem Beginn angetrieben hat. Die Longines Silver Arrow erweckt ein f\u00fcr die 50er Jahre charakteristisches Modell zu neuem Leben: eine entschlossen nach... Weiter &raquo;","og_url":"https:\/\/galli.ch\/uhren\/longines\/watchmaking-tradition\/longines-silver-arrow-l2-834-4-72-2\/","og_site_name":"Galli Uhren Bijouterie","article_modified_time":"2026-04-20T16:11:27+00:00","og_image":[{"width":500,"height":700,"url":"https:\/\/galli.ch\/wp-content\/uploads\/L2-834-4-72-2SOL.png","type":"image\/png"}],"twitter_card":"summary_large_image","schema":{"@context":"https:\/\/schema.org","@graph":[{"@type":"WebPage","@id":"https:\/\/galli.ch\/uhren\/longines\/watchmaking-tradition\/longines-silver-arrow-l2-834-4-72-2\/","url":"https:\/\/galli.ch\/uhren\/longines\/watchmaking-tradition\/longines-silver-arrow-l2-834-4-72-2\/","name":"Longines Silver Arrow - Galli Uhren Bijouterie","isPartOf":{"@id":"http:\/\/galli.ch\/en\/#website"},"primaryImageOfPage":{"@id":"https:\/\/galli.ch\/uhren\/longines\/watchmaking-tradition\/longines-silver-arrow-l2-834-4-72-2\/#primaryimage"},"image":{"@id":"https:\/\/galli.ch\/uhren\/longines\/watchmaking-tradition\/longines-silver-arrow-l2-834-4-72-2\/#primaryimage"},"thumbnailUrl":"https:\/\/galli.ch\/wp-content\/uploads\/L2-834-4-72-2SOL.png","datePublished":"2021-06-09T12:21:34+00:00","dateModified":"2026-04-20T16:11:27+00:00","breadcrumb":{"@id":"https:\/\/galli.ch\/uhren\/longines\/watchmaking-tradition\/longines-silver-arrow-l2-834-4-72-2\/#breadcrumb"},"inLanguage":"en-US","potentialAction":[{"@type":"ReadAction","target":["https:\/\/galli.ch\/uhren\/longines\/watchmaking-tradition\/longines-silver-arrow-l2-834-4-72-2\/"]}]},{"@type":"ImageObject","inLanguage":"en-US","@id":"https:\/\/galli.ch\/uhren\/longines\/watchmaking-tradition\/longines-silver-arrow-l2-834-4-72-2\/#primaryimage","url":"https:\/\/galli.ch\/wp-content\/uploads\/L2-834-4-72-2SOL.png","contentUrl":"https:\/\/galli.ch\/wp-content\/uploads\/L2-834-4-72-2SOL.png","width":500,"height":700,"caption":"longines-silver-arrow-L2.834.4.72.2"},{"@type":"BreadcrumbList","@id":"https:\/\/galli.ch\/uhren\/longines\/watchmaking-tradition\/longines-silver-arrow-l2-834-4-72-2\/#breadcrumb","itemListElement":[{"@type":"ListItem","position":1,"name":"Home","item":"https:\/\/galli.ch\/en\/"},{"@type":"ListItem","position":2,"name":"Uhren","item":"https:\/\/galli.ch\/en\/uhren\/"},{"@type":"ListItem","position":3,"name":"Silver Arrow"}]},{"@type":"WebSite","@id":"http:\/\/galli.ch\/en\/#website","url":"http:\/\/galli.ch\/en\/","name":"Galli Uhren Bijouterie","description":"","potentialAction":[{"@type":"SearchAction","target":{"@type":"EntryPoint","urlTemplate":"http:\/\/galli.ch\/en\/?s={search_term_string}"},"query-input":{"@type":"PropertyValueSpecification","valueRequired":true,"valueName":"search_term_string"}}],"inLanguage":"en-US"}]}},"_links":{"self":[{"href":"https:\/\/galli.ch\/en\/wp-json\/wp\/v2\/product\/10304","targetHints":{"allow":["GET"]}}],"collection":[{"href":"https:\/\/galli.ch\/en\/wp-json\/wp\/v2\/product"}],"about":[{"href":"https:\/\/galli.ch\/en\/wp-json\/wp\/v2\/types\/product"}],"wp:featuredmedia":[{"embeddable":true,"href":"https:\/\/galli.ch\/en\/wp-json\/wp\/v2\/media\/9196"}],"wp:attachment":[{"href":"https:\/\/galli.ch\/en\/wp-json\/wp\/v2\/media?parent=10304"}],"wp:term":[{"taxonomy":"product_brand","embeddable":true,"href":"https:\/\/galli.ch\/en\/wp-json\/wp\/v2\/product_brand?post=10304"},{"taxonomy":"product_cat","embeddable":true,"href":"https:\/\/galli.ch\/en\/wp-json\/wp\/v2\/product_cat?post=10304"},{"taxonomy":"product_tag","embeddable":true,"href":"https:\/\/galli.ch\/en\/wp-json\/wp\/v2\/product_tag?post=10304"}],"curies":[{"name":"wp","href":"https:\/\/api.w.org\/{rel}","templated":true}]}}