{"id":10305,"date":"2021-06-09T14:27:30","date_gmt":"2021-06-09T12:27:30","guid":{"rendered":"http:\/\/galli.ch\/?post_type=uhren&#038;p=10305"},"modified":"2026-04-20T18:11:39","modified_gmt":"2026-04-20T16:11:39","slug":"legend-diver-42-l3-774-4-90-2","status":"publish","type":"product","link":"https:\/\/galli.ch\/en\/uhren\/longines\/diving\/legend-diver-42-l3-774-4-90-2\/","title":{"rendered":"Longines Legend Diver 42"},"content":{"rendered":"<p>Die Longines Legend Diver Watch, ein Zeitmesser, der f\u00fcr das Heritage-Segment der Marke mit der gefl\u00fcgelten Sanduhr emblematisch ist, ist jetzt in farbigen Versionen erh\u00e4ltlich. In Blau oder Braun geben diese Kreationen einer der ersten von Longines entworfenen Taucheruhren, deren Geschichte voller technischer Errungenschaften ist, einen neuen Look.<\/p>\n<p>Die Marke ist mit dieser zeitgen\u00f6ssischen Variante der Design- und Formsprache der Sechziger treu geblieben und l\u00e4sst dabei zugleich ihr heutiges Know-how einfliessen \u2013 f\u00fcr optimale Ablesbarkeit, Wasserdichtigkeit und Komfort. So vereint dieser Zeitmesser H\u00f6chstleistung mit zeitloser Eleganz.<\/p>\n","protected":false},"excerpt":{"rendered":"<p>Die Longines Legend Diver Watch, ein Zeitmesser, der f\u00fcr das Heritage-Segment der Marke mit der gefl\u00fcgelten Sanduhr emblematisch ist, ist jetzt in farbigen Versionen erh\u00e4ltlich. In Blau oder Braun geben diese Kreationen einer der ersten von Longines entworfenen Taucheruhren, deren Geschichte voller technischer Errungenschaften ist, einen neuen Look. Die Marke ist mit dieser zeitgen\u00f6ssischen Variante&#8230;  <a class=\"excerpt-read-more\" href=\"https:\/\/galli.ch\/en\/uhren\/longines\/diving\/legend-diver-42-l3-774-4-90-2\/\" title=\"Read Longines Legend Diver 42\">Weiter &raquo;<\/a><\/p>\n","protected":false},"featured_media":9200,"template":"","meta":{"_acf_changed":false,"inline_featured_image":false},"product_brand":[],"product_cat":[188],"product_tag":[],"class_list":{"0":"post-10305","1":"product","2":"type-product","3":"status-publish","4":"has-post-thumbnail","6":"uhrenhersteller-longines","7":"uhrenhersteller-diving","8":"product_cat-uhren","10":"first","11":"instock","12":"taxable","13":"shipping-taxable","14":"purchasable","15":"product-type-simple"},"acf":[],"yoast_head":"<!-- This site is optimized with the Yoast SEO plugin v25.5 - https:\/\/yoast.com\/wordpress\/plugins\/seo\/ -->\n<title>Longines Legend Diver 42 - Galli Uhren Bijouterie<\/title>\n<meta name=\"robots\" content=\"index, follow, max-snippet:-1, max-image-preview:large, max-video-preview:-1\" \/>\n<link rel=\"canonical\" href=\"https:\/\/galli.ch\/uhren\/longines\/diving\/legend-diver-42-l3-774-4-90-2\/\" \/>\n<meta property=\"og:locale\" content=\"en_US\" \/>\n<meta property=\"og:type\" content=\"article\" \/>\n<meta property=\"og:title\" content=\"Longines Legend Diver 42 - Galli Uhren Bijouterie\" \/>\n<meta property=\"og:description\" content=\"Die Longines Legend Diver Watch, ein Zeitmesser, der f\u00fcr das Heritage-Segment der Marke mit der gefl\u00fcgelten Sanduhr emblematisch ist, ist jetzt in farbigen Versionen erh\u00e4ltlich. In Blau oder Braun geben diese Kreationen einer der ersten von Longines entworfenen Taucheruhren, deren Geschichte voller technischer Errungenschaften ist, einen neuen Look. Die Marke ist mit dieser zeitgen\u00f6ssischen Variante... Weiter &raquo;\" \/>\n<meta property=\"og:url\" content=\"https:\/\/galli.ch\/uhren\/longines\/diving\/legend-diver-42-l3-774-4-90-2\/\" \/>\n<meta property=\"og:site_name\" content=\"Galli Uhren Bijouterie\" \/>\n<meta property=\"article:modified_time\" content=\"2026-04-20T16:11:39+00:00\" \/>\n<meta property=\"og:image\" content=\"https:\/\/galli.ch\/wp-content\/uploads\/L3-774-4-60-2SOL.png\" \/>\n\t<meta property=\"og:image:width\" content=\"500\" \/>\n\t<meta property=\"og:image:height\" content=\"700\" \/>\n\t<meta property=\"og:image:type\" content=\"image\/png\" \/>\n<meta name=\"twitter:card\" content=\"summary_large_image\" \/>\n<script type=\"application\/ld+json\" class=\"yoast-schema-graph\">{\"@context\":\"https:\/\/schema.org\",\"@graph\":[{\"@type\":\"WebPage\",\"@id\":\"https:\/\/galli.ch\/uhren\/longines\/diving\/legend-diver-42-l3-774-4-90-2\/\",\"url\":\"https:\/\/galli.ch\/uhren\/longines\/diving\/legend-diver-42-l3-774-4-90-2\/\",\"name\":\"Longines Legend Diver 42 - Galli Uhren Bijouterie\",\"isPartOf\":{\"@id\":\"http:\/\/galli.ch\/en\/#website\"},\"primaryImageOfPage\":{\"@id\":\"https:\/\/galli.ch\/uhren\/longines\/diving\/legend-diver-42-l3-774-4-90-2\/#primaryimage\"},\"image\":{\"@id\":\"https:\/\/galli.ch\/uhren\/longines\/diving\/legend-diver-42-l3-774-4-90-2\/#primaryimage\"},\"thumbnailUrl\":\"https:\/\/galli.ch\/wp-content\/uploads\/L3-774-4-60-2SOL.png\",\"datePublished\":\"2021-06-09T12:27:30+00:00\",\"dateModified\":\"2026-04-20T16:11:39+00:00\",\"breadcrumb\":{\"@id\":\"https:\/\/galli.ch\/uhren\/longines\/diving\/legend-diver-42-l3-774-4-90-2\/#breadcrumb\"},\"inLanguage\":\"en-US\",\"potentialAction\":[{\"@type\":\"ReadAction\",\"target\":[\"https:\/\/galli.ch\/uhren\/longines\/diving\/legend-diver-42-l3-774-4-90-2\/\"]}]},{\"@type\":\"ImageObject\",\"inLanguage\":\"en-US\",\"@id\":\"https:\/\/galli.ch\/uhren\/longines\/diving\/legend-diver-42-l3-774-4-90-2\/#primaryimage\",\"url\":\"https:\/\/galli.ch\/wp-content\/uploads\/L3-774-4-60-2SOL.png\",\"contentUrl\":\"https:\/\/galli.ch\/wp-content\/uploads\/L3-774-4-60-2SOL.png\",\"width\":500,\"height\":700,\"caption\":\"longines-legend-diver-blue\"},{\"@type\":\"BreadcrumbList\",\"@id\":\"https:\/\/galli.ch\/uhren\/longines\/diving\/legend-diver-42-l3-774-4-90-2\/#breadcrumb\",\"itemListElement\":[{\"@type\":\"ListItem\",\"position\":1,\"name\":\"Home\",\"item\":\"https:\/\/galli.ch\/en\/\"},{\"@type\":\"ListItem\",\"position\":2,\"name\":\"Uhren\",\"item\":\"https:\/\/galli.ch\/en\/uhren\/\"},{\"@type\":\"ListItem\",\"position\":3,\"name\":\"Legend Diver 42\"}]},{\"@type\":\"WebSite\",\"@id\":\"http:\/\/galli.ch\/en\/#website\",\"url\":\"http:\/\/galli.ch\/en\/\",\"name\":\"Galli Uhren Bijouterie\",\"description\":\"\",\"potentialAction\":[{\"@type\":\"SearchAction\",\"target\":{\"@type\":\"EntryPoint\",\"urlTemplate\":\"http:\/\/galli.ch\/en\/?s={search_term_string}\"},\"query-input\":{\"@type\":\"PropertyValueSpecification\",\"valueRequired\":true,\"valueName\":\"search_term_string\"}}],\"inLanguage\":\"en-US\"}]}<\/script>\n<!-- \/ Yoast SEO plugin. -->","yoast_head_json":{"title":"Longines Legend Diver 42 - Galli Uhren Bijouterie","robots":{"index":"index","follow":"follow","max-snippet":"max-snippet:-1","max-image-preview":"max-image-preview:large","max-video-preview":"max-video-preview:-1"},"canonical":"https:\/\/galli.ch\/uhren\/longines\/diving\/legend-diver-42-l3-774-4-90-2\/","og_locale":"en_US","og_type":"article","og_title":"Longines Legend Diver 42 - Galli Uhren Bijouterie","og_description":"Die Longines Legend Diver Watch, ein Zeitmesser, der f\u00fcr das Heritage-Segment der Marke mit der gefl\u00fcgelten Sanduhr emblematisch ist, ist jetzt in farbigen Versionen erh\u00e4ltlich. In Blau oder Braun geben diese Kreationen einer der ersten von Longines entworfenen Taucheruhren, deren Geschichte voller technischer Errungenschaften ist, einen neuen Look. Die Marke ist mit dieser zeitgen\u00f6ssischen Variante... Weiter &raquo;","og_url":"https:\/\/galli.ch\/uhren\/longines\/diving\/legend-diver-42-l3-774-4-90-2\/","og_site_name":"Galli Uhren Bijouterie","article_modified_time":"2026-04-20T16:11:39+00:00","og_image":[{"width":500,"height":700,"url":"https:\/\/galli.ch\/wp-content\/uploads\/L3-774-4-60-2SOL.png","type":"image\/png"}],"twitter_card":"summary_large_image","schema":{"@context":"https:\/\/schema.org","@graph":[{"@type":"WebPage","@id":"https:\/\/galli.ch\/uhren\/longines\/diving\/legend-diver-42-l3-774-4-90-2\/","url":"https:\/\/galli.ch\/uhren\/longines\/diving\/legend-diver-42-l3-774-4-90-2\/","name":"Longines Legend Diver 42 - Galli Uhren Bijouterie","isPartOf":{"@id":"http:\/\/galli.ch\/en\/#website"},"primaryImageOfPage":{"@id":"https:\/\/galli.ch\/uhren\/longines\/diving\/legend-diver-42-l3-774-4-90-2\/#primaryimage"},"image":{"@id":"https:\/\/galli.ch\/uhren\/longines\/diving\/legend-diver-42-l3-774-4-90-2\/#primaryimage"},"thumbnailUrl":"https:\/\/galli.ch\/wp-content\/uploads\/L3-774-4-60-2SOL.png","datePublished":"2021-06-09T12:27:30+00:00","dateModified":"2026-04-20T16:11:39+00:00","breadcrumb":{"@id":"https:\/\/galli.ch\/uhren\/longines\/diving\/legend-diver-42-l3-774-4-90-2\/#breadcrumb"},"inLanguage":"en-US","potentialAction":[{"@type":"ReadAction","target":["https:\/\/galli.ch\/uhren\/longines\/diving\/legend-diver-42-l3-774-4-90-2\/"]}]},{"@type":"ImageObject","inLanguage":"en-US","@id":"https:\/\/galli.ch\/uhren\/longines\/diving\/legend-diver-42-l3-774-4-90-2\/#primaryimage","url":"https:\/\/galli.ch\/wp-content\/uploads\/L3-774-4-60-2SOL.png","contentUrl":"https:\/\/galli.ch\/wp-content\/uploads\/L3-774-4-60-2SOL.png","width":500,"height":700,"caption":"longines-legend-diver-blue"},{"@type":"BreadcrumbList","@id":"https:\/\/galli.ch\/uhren\/longines\/diving\/legend-diver-42-l3-774-4-90-2\/#breadcrumb","itemListElement":[{"@type":"ListItem","position":1,"name":"Home","item":"https:\/\/galli.ch\/en\/"},{"@type":"ListItem","position":2,"name":"Uhren","item":"https:\/\/galli.ch\/en\/uhren\/"},{"@type":"ListItem","position":3,"name":"Legend Diver 42"}]},{"@type":"WebSite","@id":"http:\/\/galli.ch\/en\/#website","url":"http:\/\/galli.ch\/en\/","name":"Galli Uhren Bijouterie","description":"","potentialAction":[{"@type":"SearchAction","target":{"@type":"EntryPoint","urlTemplate":"http:\/\/galli.ch\/en\/?s={search_term_string}"},"query-input":{"@type":"PropertyValueSpecification","valueRequired":true,"valueName":"search_term_string"}}],"inLanguage":"en-US"}]}},"_links":{"self":[{"href":"https:\/\/galli.ch\/en\/wp-json\/wp\/v2\/product\/10305","targetHints":{"allow":["GET"]}}],"collection":[{"href":"https:\/\/galli.ch\/en\/wp-json\/wp\/v2\/product"}],"about":[{"href":"https:\/\/galli.ch\/en\/wp-json\/wp\/v2\/types\/product"}],"wp:featuredmedia":[{"embeddable":true,"href":"https:\/\/galli.ch\/en\/wp-json\/wp\/v2\/media\/9200"}],"wp:attachment":[{"href":"https:\/\/galli.ch\/en\/wp-json\/wp\/v2\/media?parent=10305"}],"wp:term":[{"taxonomy":"product_brand","embeddable":true,"href":"https:\/\/galli.ch\/en\/wp-json\/wp\/v2\/product_brand?post=10305"},{"taxonomy":"product_cat","embeddable":true,"href":"https:\/\/galli.ch\/en\/wp-json\/wp\/v2\/product_cat?post=10305"},{"taxonomy":"product_tag","embeddable":true,"href":"https:\/\/galli.ch\/en\/wp-json\/wp\/v2\/product_tag?post=10305"}],"curies":[{"name":"wp","href":"https:\/\/api.w.org\/{rel}","templated":true}]}}