{"id":10941,"date":"2021-08-16T12:07:56","date_gmt":"2021-08-16T10:07:56","guid":{"rendered":"http:\/\/galli.ch\/?post_type=uhren&#038;p=10941"},"modified":"2026-03-30T10:11:27","modified_gmt":"2026-03-30T08:11:27","slug":"classic-sector-dial-l2-828-4-53-6","status":"publish","type":"product","link":"https:\/\/galli.ch\/en\/uhren\/longines\/watchmaking-tradition\/classic-sector-dial-l2-828-4-53-6\/","title":{"rendered":"Longines Heritage Classic Sector Dial"},"content":{"rendered":"<p>Longines hat sich auf sein aussergew\u00f6hnliches Erbe gest\u00fctzt und sich von seinen St\u00fccken aus den 1930er Jahren inspirieren lassen, um eine neue Version der Longines Heritage Classic mit einem Sektorzifferblatt zu kreieren. Mit ihrer charakteristischen \u00c4sthetik der Epoche und den Vintage-Armb\u00e4ndern respektiert sie die Codes des Originalst\u00fccks, passt sich aber gleichzeitig perfekt dem zeitgen\u00f6ssischen Geschmack an und ist ein stolzer Beweis f\u00fcr das uhrmacherische Know-how von Longines.<\/p>\n","protected":false},"excerpt":{"rendered":"<p>Longines hat sich auf sein aussergew\u00f6hnliches Erbe gest\u00fctzt und sich von seinen St\u00fccken aus den 1930er Jahren inspirieren lassen, um eine neue Version der Longines Heritage Classic mit einem Sektorzifferblatt zu kreieren. Mit ihrer charakteristischen \u00c4sthetik der Epoche und den Vintage-Armb\u00e4ndern respektiert sie die Codes des Originalst\u00fccks, passt sich aber gleichzeitig perfekt dem zeitgen\u00f6ssischen Geschmack&#8230;  <a class=\"excerpt-read-more\" href=\"https:\/\/galli.ch\/en\/uhren\/longines\/watchmaking-tradition\/classic-sector-dial-l2-828-4-53-6\/\" title=\"Read Longines Heritage Classic Sector Dial\">Weiter &raquo;<\/a><\/p>\n","protected":false},"featured_media":10788,"template":"","meta":{"_acf_changed":false,"inline_featured_image":false},"product_brand":[],"product_cat":[188],"product_tag":[],"class_list":{"0":"post-10941","1":"product","2":"type-product","3":"status-publish","4":"has-post-thumbnail","6":"uhrenhersteller-longines","7":"uhrenhersteller-watchmaking-tradition","8":"product_cat-uhren","10":"first","11":"outofstock","12":"taxable","13":"shipping-taxable","14":"purchasable","15":"product-type-simple"},"acf":[],"yoast_head":"<!-- This site is optimized with the Yoast SEO plugin v25.5 - https:\/\/yoast.com\/wordpress\/plugins\/seo\/ -->\n<title>Longines Heritage Classic Sector Dial - Galli Uhren Bijouterie<\/title>\n<meta name=\"robots\" content=\"index, follow, max-snippet:-1, max-image-preview:large, max-video-preview:-1\" \/>\n<link rel=\"canonical\" href=\"https:\/\/galli.ch\/uhren\/longines\/avigation\/classic-sector-dial-l2-828-4-53-6\/\" \/>\n<meta property=\"og:locale\" content=\"en_US\" \/>\n<meta property=\"og:type\" content=\"article\" \/>\n<meta property=\"og:title\" content=\"Longines Heritage Classic Sector Dial - Galli Uhren Bijouterie\" \/>\n<meta property=\"og:description\" content=\"Longines hat sich auf sein aussergew\u00f6hnliches Erbe gest\u00fctzt und sich von seinen St\u00fccken aus den 1930er Jahren inspirieren lassen, um eine neue Version der Longines Heritage Classic mit einem Sektorzifferblatt zu kreieren. Mit ihrer charakteristischen \u00c4sthetik der Epoche und den Vintage-Armb\u00e4ndern respektiert sie die Codes des Originalst\u00fccks, passt sich aber gleichzeitig perfekt dem zeitgen\u00f6ssischen Geschmack... Weiter &raquo;\" \/>\n<meta property=\"og:url\" content=\"https:\/\/galli.ch\/uhren\/longines\/avigation\/classic-sector-dial-l2-828-4-53-6\/\" \/>\n<meta property=\"og:site_name\" content=\"Galli Uhren Bijouterie\" \/>\n<meta property=\"article:modified_time\" content=\"2026-03-30T08:11:27+00:00\" \/>\n<meta property=\"og:image\" content=\"https:\/\/galli.ch\/wp-content\/uploads\/longines-the-longines-heritage-classic-l2-828-4-53-6-2000x2000-1.png\" \/>\n\t<meta property=\"og:image:width\" content=\"1000\" \/>\n\t<meta property=\"og:image:height\" content=\"1400\" \/>\n\t<meta property=\"og:image:type\" content=\"image\/png\" \/>\n<meta name=\"twitter:card\" content=\"summary_large_image\" \/>\n<script type=\"application\/ld+json\" class=\"yoast-schema-graph\">{\"@context\":\"https:\/\/schema.org\",\"@graph\":[{\"@type\":\"WebPage\",\"@id\":\"https:\/\/galli.ch\/uhren\/longines\/avigation\/classic-sector-dial-l2-828-4-53-6\/\",\"url\":\"https:\/\/galli.ch\/uhren\/longines\/avigation\/classic-sector-dial-l2-828-4-53-6\/\",\"name\":\"Longines Heritage Classic Sector Dial - Galli Uhren Bijouterie\",\"isPartOf\":{\"@id\":\"http:\/\/galli.ch\/en\/#website\"},\"primaryImageOfPage\":{\"@id\":\"https:\/\/galli.ch\/uhren\/longines\/avigation\/classic-sector-dial-l2-828-4-53-6\/#primaryimage\"},\"image\":{\"@id\":\"https:\/\/galli.ch\/uhren\/longines\/avigation\/classic-sector-dial-l2-828-4-53-6\/#primaryimage\"},\"thumbnailUrl\":\"https:\/\/galli.ch\/wp-content\/uploads\/longines-the-longines-heritage-classic-l2-828-4-53-6-2000x2000-1.png\",\"datePublished\":\"2021-08-16T10:07:56+00:00\",\"dateModified\":\"2026-03-30T08:11:27+00:00\",\"breadcrumb\":{\"@id\":\"https:\/\/galli.ch\/uhren\/longines\/avigation\/classic-sector-dial-l2-828-4-53-6\/#breadcrumb\"},\"inLanguage\":\"en-US\",\"potentialAction\":[{\"@type\":\"ReadAction\",\"target\":[\"https:\/\/galli.ch\/uhren\/longines\/avigation\/classic-sector-dial-l2-828-4-53-6\/\"]}]},{\"@type\":\"ImageObject\",\"inLanguage\":\"en-US\",\"@id\":\"https:\/\/galli.ch\/uhren\/longines\/avigation\/classic-sector-dial-l2-828-4-53-6\/#primaryimage\",\"url\":\"https:\/\/galli.ch\/wp-content\/uploads\/longines-the-longines-heritage-classic-l2-828-4-53-6-2000x2000-1.png\",\"contentUrl\":\"https:\/\/galli.ch\/wp-content\/uploads\/longines-the-longines-heritage-classic-l2-828-4-53-6-2000x2000-1.png\",\"width\":1000,\"height\":1400,\"caption\":\"Longines Heritage Classic Sector Dial\"},{\"@type\":\"BreadcrumbList\",\"@id\":\"https:\/\/galli.ch\/uhren\/longines\/avigation\/classic-sector-dial-l2-828-4-53-6\/#breadcrumb\",\"itemListElement\":[{\"@type\":\"ListItem\",\"position\":1,\"name\":\"Home\",\"item\":\"https:\/\/galli.ch\/en\/\"},{\"@type\":\"ListItem\",\"position\":2,\"name\":\"Uhren\",\"item\":\"https:\/\/galli.ch\/en\/uhren\/\"},{\"@type\":\"ListItem\",\"position\":3,\"name\":\"Heritage Classic Sector Dial\"}]},{\"@type\":\"WebSite\",\"@id\":\"http:\/\/galli.ch\/en\/#website\",\"url\":\"http:\/\/galli.ch\/en\/\",\"name\":\"Galli Uhren Bijouterie\",\"description\":\"\",\"potentialAction\":[{\"@type\":\"SearchAction\",\"target\":{\"@type\":\"EntryPoint\",\"urlTemplate\":\"http:\/\/galli.ch\/en\/?s={search_term_string}\"},\"query-input\":{\"@type\":\"PropertyValueSpecification\",\"valueRequired\":true,\"valueName\":\"search_term_string\"}}],\"inLanguage\":\"en-US\"}]}<\/script>\n<!-- \/ Yoast SEO plugin. -->","yoast_head_json":{"title":"Longines Heritage Classic Sector Dial - Galli Uhren Bijouterie","robots":{"index":"index","follow":"follow","max-snippet":"max-snippet:-1","max-image-preview":"max-image-preview:large","max-video-preview":"max-video-preview:-1"},"canonical":"https:\/\/galli.ch\/uhren\/longines\/avigation\/classic-sector-dial-l2-828-4-53-6\/","og_locale":"en_US","og_type":"article","og_title":"Longines Heritage Classic Sector Dial - Galli Uhren Bijouterie","og_description":"Longines hat sich auf sein aussergew\u00f6hnliches Erbe gest\u00fctzt und sich von seinen St\u00fccken aus den 1930er Jahren inspirieren lassen, um eine neue Version der Longines Heritage Classic mit einem Sektorzifferblatt zu kreieren. Mit ihrer charakteristischen \u00c4sthetik der Epoche und den Vintage-Armb\u00e4ndern respektiert sie die Codes des Originalst\u00fccks, passt sich aber gleichzeitig perfekt dem zeitgen\u00f6ssischen Geschmack... Weiter &raquo;","og_url":"https:\/\/galli.ch\/uhren\/longines\/avigation\/classic-sector-dial-l2-828-4-53-6\/","og_site_name":"Galli Uhren Bijouterie","article_modified_time":"2026-03-30T08:11:27+00:00","og_image":[{"width":1000,"height":1400,"url":"https:\/\/galli.ch\/wp-content\/uploads\/longines-the-longines-heritage-classic-l2-828-4-53-6-2000x2000-1.png","type":"image\/png"}],"twitter_card":"summary_large_image","schema":{"@context":"https:\/\/schema.org","@graph":[{"@type":"WebPage","@id":"https:\/\/galli.ch\/uhren\/longines\/avigation\/classic-sector-dial-l2-828-4-53-6\/","url":"https:\/\/galli.ch\/uhren\/longines\/avigation\/classic-sector-dial-l2-828-4-53-6\/","name":"Longines Heritage Classic Sector Dial - Galli Uhren Bijouterie","isPartOf":{"@id":"http:\/\/galli.ch\/en\/#website"},"primaryImageOfPage":{"@id":"https:\/\/galli.ch\/uhren\/longines\/avigation\/classic-sector-dial-l2-828-4-53-6\/#primaryimage"},"image":{"@id":"https:\/\/galli.ch\/uhren\/longines\/avigation\/classic-sector-dial-l2-828-4-53-6\/#primaryimage"},"thumbnailUrl":"https:\/\/galli.ch\/wp-content\/uploads\/longines-the-longines-heritage-classic-l2-828-4-53-6-2000x2000-1.png","datePublished":"2021-08-16T10:07:56+00:00","dateModified":"2026-03-30T08:11:27+00:00","breadcrumb":{"@id":"https:\/\/galli.ch\/uhren\/longines\/avigation\/classic-sector-dial-l2-828-4-53-6\/#breadcrumb"},"inLanguage":"en-US","potentialAction":[{"@type":"ReadAction","target":["https:\/\/galli.ch\/uhren\/longines\/avigation\/classic-sector-dial-l2-828-4-53-6\/"]}]},{"@type":"ImageObject","inLanguage":"en-US","@id":"https:\/\/galli.ch\/uhren\/longines\/avigation\/classic-sector-dial-l2-828-4-53-6\/#primaryimage","url":"https:\/\/galli.ch\/wp-content\/uploads\/longines-the-longines-heritage-classic-l2-828-4-53-6-2000x2000-1.png","contentUrl":"https:\/\/galli.ch\/wp-content\/uploads\/longines-the-longines-heritage-classic-l2-828-4-53-6-2000x2000-1.png","width":1000,"height":1400,"caption":"Longines Heritage Classic Sector Dial"},{"@type":"BreadcrumbList","@id":"https:\/\/galli.ch\/uhren\/longines\/avigation\/classic-sector-dial-l2-828-4-53-6\/#breadcrumb","itemListElement":[{"@type":"ListItem","position":1,"name":"Home","item":"https:\/\/galli.ch\/en\/"},{"@type":"ListItem","position":2,"name":"Uhren","item":"https:\/\/galli.ch\/en\/uhren\/"},{"@type":"ListItem","position":3,"name":"Heritage Classic Sector Dial"}]},{"@type":"WebSite","@id":"http:\/\/galli.ch\/en\/#website","url":"http:\/\/galli.ch\/en\/","name":"Galli Uhren Bijouterie","description":"","potentialAction":[{"@type":"SearchAction","target":{"@type":"EntryPoint","urlTemplate":"http:\/\/galli.ch\/en\/?s={search_term_string}"},"query-input":{"@type":"PropertyValueSpecification","valueRequired":true,"valueName":"search_term_string"}}],"inLanguage":"en-US"}]}},"_links":{"self":[{"href":"https:\/\/galli.ch\/en\/wp-json\/wp\/v2\/product\/10941","targetHints":{"allow":["GET"]}}],"collection":[{"href":"https:\/\/galli.ch\/en\/wp-json\/wp\/v2\/product"}],"about":[{"href":"https:\/\/galli.ch\/en\/wp-json\/wp\/v2\/types\/product"}],"wp:featuredmedia":[{"embeddable":true,"href":"https:\/\/galli.ch\/en\/wp-json\/wp\/v2\/media\/10788"}],"wp:attachment":[{"href":"https:\/\/galli.ch\/en\/wp-json\/wp\/v2\/media?parent=10941"}],"wp:term":[{"taxonomy":"product_brand","embeddable":true,"href":"https:\/\/galli.ch\/en\/wp-json\/wp\/v2\/product_brand?post=10941"},{"taxonomy":"product_cat","embeddable":true,"href":"https:\/\/galli.ch\/en\/wp-json\/wp\/v2\/product_cat?post=10941"},{"taxonomy":"product_tag","embeddable":true,"href":"https:\/\/galli.ch\/en\/wp-json\/wp\/v2\/product_tag?post=10941"}],"curies":[{"name":"wp","href":"https:\/\/api.w.org\/{rel}","templated":true}]}}