{"id":10945,"date":"2021-08-16T12:33:11","date_gmt":"2021-08-16T10:33:11","guid":{"rendered":"http:\/\/galli.ch\/?post_type=uhren&#038;p=10945"},"modified":"2026-04-20T18:12:43","modified_gmt":"2026-04-20T16:12:43","slug":"b01-42-pb0134101c1s1","status":"publish","type":"product","link":"https:\/\/galli.ch\/en\/uhren\/breitling\/chronomat\/b01-42-pb0134101c1s1\/","title":{"rendered":"Breitling Chronomat B01 42"},"content":{"rendered":"<p>Breitling&#8217;s Allzweck-Uhr f\u00fcr jede Art von Aktivit\u00e4t. Die Chronomat nimmt einen bedeutenden Platz in der Geschichte von Breitling ein. Bei ihrer Einf\u00fchrung im Jahr 1984, als extraflache Quarzuhren an der Tagesordnung waren, wagte Breitling den Schritt zu einer mechanischen Uhr mit beeindruckenden Proportionen. Die Chronomat, die auf dem 1983 in Zusammenarbeit mit der ber\u00fchmten italienischen Fliegerstaffel entwickelten und lancierten Chronographen Frecce Tricolori basiert, feierte das hundertj\u00e4hrige Bestehen von Breitling mit Stil und gab dem mechanischen Chronographen den ihm geb\u00fchrenden Platz bei der Marke zur\u00fcck, die ihren Weltruf mit diesen unglaublichen Uhren begr\u00fcndet hatte.<\/p>\n<p>Der Chronomat ist in verschiedenen Materialien erh\u00e4ltlich und verf\u00fcgt \u00fcber ein 42-mm-Geh\u00e4use und die ikonische L\u00fcnette mit den vier Reiterlaschen. Diese spezielle Version verf\u00fcgt \u00fcber ein Edelstahlgeh\u00e4use mit einer Platinl\u00fcnette, die mit einem eisblauen Zifferblatt kombiniert ist. Dieser Chronomat ist nur mit einem Kautschukarmband erh\u00e4ltlich und wird vom hauseigenen Breitling-Manufakturkaliber 01 angetrieben, einem COSC-zertifizierten Chronometer.<\/p>\n","protected":false},"excerpt":{"rendered":"<p>Breitling&#8217;s Allzweck-Uhr f\u00fcr jede Art von Aktivit\u00e4t. Die Chronomat nimmt einen bedeutenden Platz in der Geschichte von Breitling ein. Bei ihrer Einf\u00fchrung im Jahr 1984, als extraflache Quarzuhren an der Tagesordnung waren, wagte Breitling den Schritt zu einer mechanischen Uhr mit beeindruckenden Proportionen. Die Chronomat, die auf dem 1983 in Zusammenarbeit mit der ber\u00fchmten italienischen&#8230;  <a class=\"excerpt-read-more\" href=\"https:\/\/galli.ch\/en\/uhren\/breitling\/chronomat\/b01-42-pb0134101c1s1\/\" title=\"Read Breitling Chronomat B01 42\">Weiter &raquo;<\/a><\/p>\n","protected":false},"featured_media":10794,"template":"","meta":{"_acf_changed":false,"inline_featured_image":false},"product_brand":[],"product_cat":[188],"product_tag":[],"class_list":{"0":"post-10945","1":"product","2":"type-product","3":"status-publish","4":"has-post-thumbnail","6":"uhrenhersteller-breitling","7":"uhrenhersteller-chronomat","8":"product_cat-uhren","10":"first","11":"instock","12":"taxable","13":"shipping-taxable","14":"purchasable","15":"product-type-simple"},"acf":[],"yoast_head":"<!-- This site is optimized with the Yoast SEO plugin v25.5 - https:\/\/yoast.com\/wordpress\/plugins\/seo\/ -->\n<title>Breitling Chronomat B01 42 - Galli Uhren Bijouterie<\/title>\n<meta name=\"robots\" content=\"index, follow, max-snippet:-1, max-image-preview:large, max-video-preview:-1\" \/>\n<link rel=\"canonical\" href=\"https:\/\/galli.ch\/uhren\/breitling\/chronomat\/b01-42-pb0134101c1s1\/\" \/>\n<meta property=\"og:locale\" content=\"en_US\" \/>\n<meta property=\"og:type\" content=\"article\" \/>\n<meta property=\"og:title\" content=\"Breitling Chronomat B01 42 - Galli Uhren Bijouterie\" \/>\n<meta property=\"og:description\" content=\"Breitling&#8217;s Allzweck-Uhr f\u00fcr jede Art von Aktivit\u00e4t. Die Chronomat nimmt einen bedeutenden Platz in der Geschichte von Breitling ein. Bei ihrer Einf\u00fchrung im Jahr 1984, als extraflache Quarzuhren an der Tagesordnung waren, wagte Breitling den Schritt zu einer mechanischen Uhr mit beeindruckenden Proportionen. Die Chronomat, die auf dem 1983 in Zusammenarbeit mit der ber\u00fchmten italienischen... Weiter &raquo;\" \/>\n<meta property=\"og:url\" content=\"https:\/\/galli.ch\/uhren\/breitling\/chronomat\/b01-42-pb0134101c1s1\/\" \/>\n<meta property=\"og:site_name\" content=\"Galli Uhren Bijouterie\" \/>\n<meta property=\"article:modified_time\" content=\"2026-04-20T16:12:43+00:00\" \/>\n<meta property=\"og:image\" content=\"https:\/\/galli.ch\/wp-content\/uploads\/pb0134101c1s1-chronomat-b01-42-soldier.png\" \/>\n\t<meta property=\"og:image:width\" content=\"1000\" \/>\n\t<meta property=\"og:image:height\" content=\"1400\" \/>\n\t<meta property=\"og:image:type\" content=\"image\/png\" \/>\n<meta name=\"twitter:card\" content=\"summary_large_image\" \/>\n<script type=\"application\/ld+json\" class=\"yoast-schema-graph\">{\"@context\":\"https:\/\/schema.org\",\"@graph\":[{\"@type\":\"WebPage\",\"@id\":\"https:\/\/galli.ch\/uhren\/breitling\/chronomat\/b01-42-pb0134101c1s1\/\",\"url\":\"https:\/\/galli.ch\/uhren\/breitling\/chronomat\/b01-42-pb0134101c1s1\/\",\"name\":\"Breitling Chronomat B01 42 - Galli Uhren Bijouterie\",\"isPartOf\":{\"@id\":\"http:\/\/galli.ch\/en\/#website\"},\"primaryImageOfPage\":{\"@id\":\"https:\/\/galli.ch\/uhren\/breitling\/chronomat\/b01-42-pb0134101c1s1\/#primaryimage\"},\"image\":{\"@id\":\"https:\/\/galli.ch\/uhren\/breitling\/chronomat\/b01-42-pb0134101c1s1\/#primaryimage\"},\"thumbnailUrl\":\"https:\/\/galli.ch\/wp-content\/uploads\/pb0134101c1s1-chronomat-b01-42-soldier.png\",\"datePublished\":\"2021-08-16T10:33:11+00:00\",\"dateModified\":\"2026-04-20T16:12:43+00:00\",\"breadcrumb\":{\"@id\":\"https:\/\/galli.ch\/uhren\/breitling\/chronomat\/b01-42-pb0134101c1s1\/#breadcrumb\"},\"inLanguage\":\"en-US\",\"potentialAction\":[{\"@type\":\"ReadAction\",\"target\":[\"https:\/\/galli.ch\/uhren\/breitling\/chronomat\/b01-42-pb0134101c1s1\/\"]}]},{\"@type\":\"ImageObject\",\"inLanguage\":\"en-US\",\"@id\":\"https:\/\/galli.ch\/uhren\/breitling\/chronomat\/b01-42-pb0134101c1s1\/#primaryimage\",\"url\":\"https:\/\/galli.ch\/wp-content\/uploads\/pb0134101c1s1-chronomat-b01-42-soldier.png\",\"contentUrl\":\"https:\/\/galli.ch\/wp-content\/uploads\/pb0134101c1s1-chronomat-b01-42-soldier.png\",\"width\":1000,\"height\":1400,\"caption\":\"breitling-chronomat-b01-ice-blue\"},{\"@type\":\"BreadcrumbList\",\"@id\":\"https:\/\/galli.ch\/uhren\/breitling\/chronomat\/b01-42-pb0134101c1s1\/#breadcrumb\",\"itemListElement\":[{\"@type\":\"ListItem\",\"position\":1,\"name\":\"Home\",\"item\":\"https:\/\/galli.ch\/en\/\"},{\"@type\":\"ListItem\",\"position\":2,\"name\":\"Uhren\",\"item\":\"https:\/\/galli.ch\/en\/uhren\/\"},{\"@type\":\"ListItem\",\"position\":3,\"name\":\"Chronomat B01 42\"}]},{\"@type\":\"WebSite\",\"@id\":\"http:\/\/galli.ch\/en\/#website\",\"url\":\"http:\/\/galli.ch\/en\/\",\"name\":\"Galli Uhren Bijouterie\",\"description\":\"\",\"potentialAction\":[{\"@type\":\"SearchAction\",\"target\":{\"@type\":\"EntryPoint\",\"urlTemplate\":\"http:\/\/galli.ch\/en\/?s={search_term_string}\"},\"query-input\":{\"@type\":\"PropertyValueSpecification\",\"valueRequired\":true,\"valueName\":\"search_term_string\"}}],\"inLanguage\":\"en-US\"}]}<\/script>\n<!-- \/ Yoast SEO plugin. -->","yoast_head_json":{"title":"Breitling Chronomat B01 42 - Galli Uhren Bijouterie","robots":{"index":"index","follow":"follow","max-snippet":"max-snippet:-1","max-image-preview":"max-image-preview:large","max-video-preview":"max-video-preview:-1"},"canonical":"https:\/\/galli.ch\/uhren\/breitling\/chronomat\/b01-42-pb0134101c1s1\/","og_locale":"en_US","og_type":"article","og_title":"Breitling Chronomat B01 42 - Galli Uhren Bijouterie","og_description":"Breitling&#8217;s Allzweck-Uhr f\u00fcr jede Art von Aktivit\u00e4t. Die Chronomat nimmt einen bedeutenden Platz in der Geschichte von Breitling ein. Bei ihrer Einf\u00fchrung im Jahr 1984, als extraflache Quarzuhren an der Tagesordnung waren, wagte Breitling den Schritt zu einer mechanischen Uhr mit beeindruckenden Proportionen. Die Chronomat, die auf dem 1983 in Zusammenarbeit mit der ber\u00fchmten italienischen... Weiter &raquo;","og_url":"https:\/\/galli.ch\/uhren\/breitling\/chronomat\/b01-42-pb0134101c1s1\/","og_site_name":"Galli Uhren Bijouterie","article_modified_time":"2026-04-20T16:12:43+00:00","og_image":[{"width":1000,"height":1400,"url":"https:\/\/galli.ch\/wp-content\/uploads\/pb0134101c1s1-chronomat-b01-42-soldier.png","type":"image\/png"}],"twitter_card":"summary_large_image","schema":{"@context":"https:\/\/schema.org","@graph":[{"@type":"WebPage","@id":"https:\/\/galli.ch\/uhren\/breitling\/chronomat\/b01-42-pb0134101c1s1\/","url":"https:\/\/galli.ch\/uhren\/breitling\/chronomat\/b01-42-pb0134101c1s1\/","name":"Breitling Chronomat B01 42 - Galli Uhren Bijouterie","isPartOf":{"@id":"http:\/\/galli.ch\/en\/#website"},"primaryImageOfPage":{"@id":"https:\/\/galli.ch\/uhren\/breitling\/chronomat\/b01-42-pb0134101c1s1\/#primaryimage"},"image":{"@id":"https:\/\/galli.ch\/uhren\/breitling\/chronomat\/b01-42-pb0134101c1s1\/#primaryimage"},"thumbnailUrl":"https:\/\/galli.ch\/wp-content\/uploads\/pb0134101c1s1-chronomat-b01-42-soldier.png","datePublished":"2021-08-16T10:33:11+00:00","dateModified":"2026-04-20T16:12:43+00:00","breadcrumb":{"@id":"https:\/\/galli.ch\/uhren\/breitling\/chronomat\/b01-42-pb0134101c1s1\/#breadcrumb"},"inLanguage":"en-US","potentialAction":[{"@type":"ReadAction","target":["https:\/\/galli.ch\/uhren\/breitling\/chronomat\/b01-42-pb0134101c1s1\/"]}]},{"@type":"ImageObject","inLanguage":"en-US","@id":"https:\/\/galli.ch\/uhren\/breitling\/chronomat\/b01-42-pb0134101c1s1\/#primaryimage","url":"https:\/\/galli.ch\/wp-content\/uploads\/pb0134101c1s1-chronomat-b01-42-soldier.png","contentUrl":"https:\/\/galli.ch\/wp-content\/uploads\/pb0134101c1s1-chronomat-b01-42-soldier.png","width":1000,"height":1400,"caption":"breitling-chronomat-b01-ice-blue"},{"@type":"BreadcrumbList","@id":"https:\/\/galli.ch\/uhren\/breitling\/chronomat\/b01-42-pb0134101c1s1\/#breadcrumb","itemListElement":[{"@type":"ListItem","position":1,"name":"Home","item":"https:\/\/galli.ch\/en\/"},{"@type":"ListItem","position":2,"name":"Uhren","item":"https:\/\/galli.ch\/en\/uhren\/"},{"@type":"ListItem","position":3,"name":"Chronomat B01 42"}]},{"@type":"WebSite","@id":"http:\/\/galli.ch\/en\/#website","url":"http:\/\/galli.ch\/en\/","name":"Galli Uhren Bijouterie","description":"","potentialAction":[{"@type":"SearchAction","target":{"@type":"EntryPoint","urlTemplate":"http:\/\/galli.ch\/en\/?s={search_term_string}"},"query-input":{"@type":"PropertyValueSpecification","valueRequired":true,"valueName":"search_term_string"}}],"inLanguage":"en-US"}]}},"_links":{"self":[{"href":"https:\/\/galli.ch\/en\/wp-json\/wp\/v2\/product\/10945","targetHints":{"allow":["GET"]}}],"collection":[{"href":"https:\/\/galli.ch\/en\/wp-json\/wp\/v2\/product"}],"about":[{"href":"https:\/\/galli.ch\/en\/wp-json\/wp\/v2\/types\/product"}],"wp:featuredmedia":[{"embeddable":true,"href":"https:\/\/galli.ch\/en\/wp-json\/wp\/v2\/media\/10794"}],"wp:attachment":[{"href":"https:\/\/galli.ch\/en\/wp-json\/wp\/v2\/media?parent=10945"}],"wp:term":[{"taxonomy":"product_brand","embeddable":true,"href":"https:\/\/galli.ch\/en\/wp-json\/wp\/v2\/product_brand?post=10945"},{"taxonomy":"product_cat","embeddable":true,"href":"https:\/\/galli.ch\/en\/wp-json\/wp\/v2\/product_cat?post=10945"},{"taxonomy":"product_tag","embeddable":true,"href":"https:\/\/galli.ch\/en\/wp-json\/wp\/v2\/product_tag?post=10945"}],"curies":[{"name":"wp","href":"https:\/\/api.w.org\/{rel}","templated":true}]}}