{"id":10946,"date":"2021-08-16T12:44:11","date_gmt":"2021-08-16T10:44:11","guid":{"rendered":"http:\/\/galli.ch\/?post_type=uhren&#038;p=10946"},"modified":"2025-11-24T13:31:14","modified_gmt":"2025-11-24T12:31:14","slug":"automatic-36-g10380591c1s1","status":"publish","type":"product","link":"https:\/\/galli.ch\/en\/uhren\/breitling\/chronomat\/automatic-36-g10380591c1s1\/","title":{"rendered":"Breitling Chronomat Automatic 36"},"content":{"rendered":"<p>Die modern-retro-inspirierte Chronomat Automatic 36 ist eine vielseitige, sportlich-schicke Uhr f\u00fcr jeden Anlass, die stilvoll und elegant zugleich ist. Sie ist in einer Reihe von Metallgeh\u00e4usen erh\u00e4ltlich, von k\u00fchlem Edelstahl \u00fcber Bicolor, das zu allem passt, bis hin zu luxuri\u00f6sem 18-kar\u00e4tigem Rotgold. Frauen, die es besonders funkelnd m\u00f6gen, k\u00f6nnen sich auch f\u00fcr diamantbesetzte L\u00fcnetten, Indizes und bunte Zifferbl\u00e4tter entscheiden.<\/p>\n<p>Diese spezielle Chronomat Automatic 36 verf\u00fcgt \u00fcber ein Edelstahlgeh\u00e4use mit einer edelsteinbesetzten L\u00fcnette aus 18 Karat Graugold, die mit einem eisblauen Zifferblatt kombiniert ist. Dieser Chronomat ist nur mit einem Kautschukarmband erh\u00e4ltlich und wird vom Breitling-Kaliber 10 angetrieben, einem COSC-zertifizierten Chronometer.<\/p>\n","protected":false},"excerpt":{"rendered":"<p>Die modern-retro-inspirierte Chronomat Automatic 36 ist eine vielseitige, sportlich-schicke Uhr f\u00fcr jeden Anlass, die stilvoll und elegant zugleich ist. Sie ist in einer Reihe von Metallgeh\u00e4usen erh\u00e4ltlich, von k\u00fchlem Edelstahl \u00fcber Bicolor, das zu allem passt, bis hin zu luxuri\u00f6sem 18-kar\u00e4tigem Rotgold. Frauen, die es besonders funkelnd m\u00f6gen, k\u00f6nnen sich auch f\u00fcr diamantbesetzte L\u00fcnetten, Indizes&#8230;  <a class=\"excerpt-read-more\" href=\"https:\/\/galli.ch\/en\/uhren\/breitling\/chronomat\/automatic-36-g10380591c1s1\/\" title=\"Read Breitling Chronomat Automatic 36\">Weiter &raquo;<\/a><\/p>\n","protected":false},"featured_media":10796,"template":"","meta":{"_acf_changed":false,"inline_featured_image":false},"product_brand":[],"product_cat":[188],"product_tag":[],"class_list":{"0":"post-10946","1":"product","2":"type-product","3":"status-publish","4":"has-post-thumbnail","6":"uhrenhersteller-breitling","7":"uhrenhersteller-chronomat","8":"product_cat-uhren","10":"first","11":"outofstock","12":"taxable","13":"shipping-taxable","14":"purchasable","15":"product-type-simple"},"acf":[],"yoast_head":"<!-- This site is optimized with the Yoast SEO plugin v25.5 - https:\/\/yoast.com\/wordpress\/plugins\/seo\/ -->\n<title>Breitling Chronomat Automatic 36 - Galli Uhren Bijouterie<\/title>\n<meta name=\"robots\" content=\"index, follow, max-snippet:-1, max-image-preview:large, max-video-preview:-1\" \/>\n<link rel=\"canonical\" href=\"https:\/\/galli.ch\/uhren\/breitling\/chronomat\/automatic-36-g10380591c1s1\/\" \/>\n<meta property=\"og:locale\" content=\"en_US\" \/>\n<meta property=\"og:type\" content=\"article\" \/>\n<meta property=\"og:title\" content=\"Breitling Chronomat Automatic 36 - Galli Uhren Bijouterie\" \/>\n<meta property=\"og:description\" content=\"Die modern-retro-inspirierte Chronomat Automatic 36 ist eine vielseitige, sportlich-schicke Uhr f\u00fcr jeden Anlass, die stilvoll und elegant zugleich ist. Sie ist in einer Reihe von Metallgeh\u00e4usen erh\u00e4ltlich, von k\u00fchlem Edelstahl \u00fcber Bicolor, das zu allem passt, bis hin zu luxuri\u00f6sem 18-kar\u00e4tigem Rotgold. Frauen, die es besonders funkelnd m\u00f6gen, k\u00f6nnen sich auch f\u00fcr diamantbesetzte L\u00fcnetten, Indizes... Weiter &raquo;\" \/>\n<meta property=\"og:url\" content=\"https:\/\/galli.ch\/uhren\/breitling\/chronomat\/automatic-36-g10380591c1s1\/\" \/>\n<meta property=\"og:site_name\" content=\"Galli Uhren Bijouterie\" \/>\n<meta property=\"article:modified_time\" content=\"2025-11-24T12:31:14+00:00\" \/>\n<meta property=\"og:image\" content=\"https:\/\/galli.ch\/wp-content\/uploads\/g10380591c1s1-chronomat-automatic-36-soldier.png\" \/>\n\t<meta property=\"og:image:width\" content=\"1000\" \/>\n\t<meta property=\"og:image:height\" content=\"1400\" \/>\n\t<meta property=\"og:image:type\" content=\"image\/png\" \/>\n<meta name=\"twitter:card\" content=\"summary_large_image\" \/>\n<script type=\"application\/ld+json\" class=\"yoast-schema-graph\">{\"@context\":\"https:\/\/schema.org\",\"@graph\":[{\"@type\":\"WebPage\",\"@id\":\"https:\/\/galli.ch\/uhren\/breitling\/chronomat\/automatic-36-g10380591c1s1\/\",\"url\":\"https:\/\/galli.ch\/uhren\/breitling\/chronomat\/automatic-36-g10380591c1s1\/\",\"name\":\"Breitling Chronomat Automatic 36 - Galli Uhren Bijouterie\",\"isPartOf\":{\"@id\":\"http:\/\/galli.ch\/en\/#website\"},\"primaryImageOfPage\":{\"@id\":\"https:\/\/galli.ch\/uhren\/breitling\/chronomat\/automatic-36-g10380591c1s1\/#primaryimage\"},\"image\":{\"@id\":\"https:\/\/galli.ch\/uhren\/breitling\/chronomat\/automatic-36-g10380591c1s1\/#primaryimage\"},\"thumbnailUrl\":\"https:\/\/galli.ch\/wp-content\/uploads\/g10380591c1s1-chronomat-automatic-36-soldier.png\",\"datePublished\":\"2021-08-16T10:44:11+00:00\",\"dateModified\":\"2025-11-24T12:31:14+00:00\",\"breadcrumb\":{\"@id\":\"https:\/\/galli.ch\/uhren\/breitling\/chronomat\/automatic-36-g10380591c1s1\/#breadcrumb\"},\"inLanguage\":\"en-US\",\"potentialAction\":[{\"@type\":\"ReadAction\",\"target\":[\"https:\/\/galli.ch\/uhren\/breitling\/chronomat\/automatic-36-g10380591c1s1\/\"]}]},{\"@type\":\"ImageObject\",\"inLanguage\":\"en-US\",\"@id\":\"https:\/\/galli.ch\/uhren\/breitling\/chronomat\/automatic-36-g10380591c1s1\/#primaryimage\",\"url\":\"https:\/\/galli.ch\/wp-content\/uploads\/g10380591c1s1-chronomat-automatic-36-soldier.png\",\"contentUrl\":\"https:\/\/galli.ch\/wp-content\/uploads\/g10380591c1s1-chronomat-automatic-36-soldier.png\",\"width\":1000,\"height\":1400,\"caption\":\"breitling-chronomat-automatic-36-ice-blue\"},{\"@type\":\"BreadcrumbList\",\"@id\":\"https:\/\/galli.ch\/uhren\/breitling\/chronomat\/automatic-36-g10380591c1s1\/#breadcrumb\",\"itemListElement\":[{\"@type\":\"ListItem\",\"position\":1,\"name\":\"Home\",\"item\":\"https:\/\/galli.ch\/en\/\"},{\"@type\":\"ListItem\",\"position\":2,\"name\":\"Uhren\",\"item\":\"https:\/\/galli.ch\/en\/uhren\/\"},{\"@type\":\"ListItem\",\"position\":3,\"name\":\"Breitling Chronomat Automatic 36\"}]},{\"@type\":\"WebSite\",\"@id\":\"http:\/\/galli.ch\/en\/#website\",\"url\":\"http:\/\/galli.ch\/en\/\",\"name\":\"Galli Uhren Bijouterie\",\"description\":\"\",\"potentialAction\":[{\"@type\":\"SearchAction\",\"target\":{\"@type\":\"EntryPoint\",\"urlTemplate\":\"http:\/\/galli.ch\/en\/?s={search_term_string}\"},\"query-input\":{\"@type\":\"PropertyValueSpecification\",\"valueRequired\":true,\"valueName\":\"search_term_string\"}}],\"inLanguage\":\"en-US\"}]}<\/script>\n<!-- \/ Yoast SEO plugin. -->","yoast_head_json":{"title":"Breitling Chronomat Automatic 36 - Galli Uhren Bijouterie","robots":{"index":"index","follow":"follow","max-snippet":"max-snippet:-1","max-image-preview":"max-image-preview:large","max-video-preview":"max-video-preview:-1"},"canonical":"https:\/\/galli.ch\/uhren\/breitling\/chronomat\/automatic-36-g10380591c1s1\/","og_locale":"en_US","og_type":"article","og_title":"Breitling Chronomat Automatic 36 - Galli Uhren Bijouterie","og_description":"Die modern-retro-inspirierte Chronomat Automatic 36 ist eine vielseitige, sportlich-schicke Uhr f\u00fcr jeden Anlass, die stilvoll und elegant zugleich ist. Sie ist in einer Reihe von Metallgeh\u00e4usen erh\u00e4ltlich, von k\u00fchlem Edelstahl \u00fcber Bicolor, das zu allem passt, bis hin zu luxuri\u00f6sem 18-kar\u00e4tigem Rotgold. Frauen, die es besonders funkelnd m\u00f6gen, k\u00f6nnen sich auch f\u00fcr diamantbesetzte L\u00fcnetten, Indizes... Weiter &raquo;","og_url":"https:\/\/galli.ch\/uhren\/breitling\/chronomat\/automatic-36-g10380591c1s1\/","og_site_name":"Galli Uhren Bijouterie","article_modified_time":"2025-11-24T12:31:14+00:00","og_image":[{"width":1000,"height":1400,"url":"https:\/\/galli.ch\/wp-content\/uploads\/g10380591c1s1-chronomat-automatic-36-soldier.png","type":"image\/png"}],"twitter_card":"summary_large_image","schema":{"@context":"https:\/\/schema.org","@graph":[{"@type":"WebPage","@id":"https:\/\/galli.ch\/uhren\/breitling\/chronomat\/automatic-36-g10380591c1s1\/","url":"https:\/\/galli.ch\/uhren\/breitling\/chronomat\/automatic-36-g10380591c1s1\/","name":"Breitling Chronomat Automatic 36 - Galli Uhren Bijouterie","isPartOf":{"@id":"http:\/\/galli.ch\/en\/#website"},"primaryImageOfPage":{"@id":"https:\/\/galli.ch\/uhren\/breitling\/chronomat\/automatic-36-g10380591c1s1\/#primaryimage"},"image":{"@id":"https:\/\/galli.ch\/uhren\/breitling\/chronomat\/automatic-36-g10380591c1s1\/#primaryimage"},"thumbnailUrl":"https:\/\/galli.ch\/wp-content\/uploads\/g10380591c1s1-chronomat-automatic-36-soldier.png","datePublished":"2021-08-16T10:44:11+00:00","dateModified":"2025-11-24T12:31:14+00:00","breadcrumb":{"@id":"https:\/\/galli.ch\/uhren\/breitling\/chronomat\/automatic-36-g10380591c1s1\/#breadcrumb"},"inLanguage":"en-US","potentialAction":[{"@type":"ReadAction","target":["https:\/\/galli.ch\/uhren\/breitling\/chronomat\/automatic-36-g10380591c1s1\/"]}]},{"@type":"ImageObject","inLanguage":"en-US","@id":"https:\/\/galli.ch\/uhren\/breitling\/chronomat\/automatic-36-g10380591c1s1\/#primaryimage","url":"https:\/\/galli.ch\/wp-content\/uploads\/g10380591c1s1-chronomat-automatic-36-soldier.png","contentUrl":"https:\/\/galli.ch\/wp-content\/uploads\/g10380591c1s1-chronomat-automatic-36-soldier.png","width":1000,"height":1400,"caption":"breitling-chronomat-automatic-36-ice-blue"},{"@type":"BreadcrumbList","@id":"https:\/\/galli.ch\/uhren\/breitling\/chronomat\/automatic-36-g10380591c1s1\/#breadcrumb","itemListElement":[{"@type":"ListItem","position":1,"name":"Home","item":"https:\/\/galli.ch\/en\/"},{"@type":"ListItem","position":2,"name":"Uhren","item":"https:\/\/galli.ch\/en\/uhren\/"},{"@type":"ListItem","position":3,"name":"Breitling Chronomat Automatic 36"}]},{"@type":"WebSite","@id":"http:\/\/galli.ch\/en\/#website","url":"http:\/\/galli.ch\/en\/","name":"Galli Uhren Bijouterie","description":"","potentialAction":[{"@type":"SearchAction","target":{"@type":"EntryPoint","urlTemplate":"http:\/\/galli.ch\/en\/?s={search_term_string}"},"query-input":{"@type":"PropertyValueSpecification","valueRequired":true,"valueName":"search_term_string"}}],"inLanguage":"en-US"}]}},"_links":{"self":[{"href":"https:\/\/galli.ch\/en\/wp-json\/wp\/v2\/product\/10946","targetHints":{"allow":["GET"]}}],"collection":[{"href":"https:\/\/galli.ch\/en\/wp-json\/wp\/v2\/product"}],"about":[{"href":"https:\/\/galli.ch\/en\/wp-json\/wp\/v2\/types\/product"}],"wp:featuredmedia":[{"embeddable":true,"href":"https:\/\/galli.ch\/en\/wp-json\/wp\/v2\/media\/10796"}],"wp:attachment":[{"href":"https:\/\/galli.ch\/en\/wp-json\/wp\/v2\/media?parent=10946"}],"wp:term":[{"taxonomy":"product_brand","embeddable":true,"href":"https:\/\/galli.ch\/en\/wp-json\/wp\/v2\/product_brand?post=10946"},{"taxonomy":"product_cat","embeddable":true,"href":"https:\/\/galli.ch\/en\/wp-json\/wp\/v2\/product_cat?post=10946"},{"taxonomy":"product_tag","embeddable":true,"href":"https:\/\/galli.ch\/en\/wp-json\/wp\/v2\/product_tag?post=10946"}],"curies":[{"name":"wp","href":"https:\/\/api.w.org\/{rel}","templated":true}]}}