{"id":10953,"date":"2021-08-16T13:04:25","date_gmt":"2021-08-16T11:04:25","guid":{"rendered":"http:\/\/galli.ch\/?post_type=uhren&#038;p=10953"},"modified":"2026-04-20T18:14:29","modified_gmt":"2026-04-20T16:14:29","slug":"chronograph-39-iw391406","status":"publish","type":"product","link":"https:\/\/galli.ch\/en\/uhren\/iwc\/portofino\/chronograph-39-iw391406\/","title":{"rendered":"IWC Portofino Chronograph 39"},"content":{"rendered":"<p>Mit den sportlich-eleganten Dr\u00fcckern und Anzeigen der Zeitmessung nimmt die Portofino Chronograph 39 gestalterische Anleihen aus dem Design der 1960er-Jahren auf. Der Edelstahlchronograph tr\u00e4gt ein gew\u00f6lbtes Saphirglas und applizierte r\u00f6mische Ziffern auf dem silbernen Zifferblatt. Angetrieben wird er vom bew\u00e4hrten Automatikaufzug Kaliber 79350 mit 44 Stunden Gangreserve. Die Uhr wird mit einem schwarzen Alligatorlederarmband angeboten.<\/p>\n","protected":false},"excerpt":{"rendered":"<p>Mit den sportlich-eleganten Dr\u00fcckern und Anzeigen der Zeitmessung nimmt die Portofino Chronograph 39 gestalterische Anleihen aus dem Design der 1960er-Jahren auf. Der Edelstahlchronograph tr\u00e4gt ein gew\u00f6lbtes Saphirglas und applizierte r\u00f6mische Ziffern auf dem silbernen Zifferblatt. Angetrieben wird er vom bew\u00e4hrten Automatikaufzug Kaliber 79350 mit 44 Stunden Gangreserve. Die Uhr wird mit einem schwarzen Alligatorlederarmband angeboten.<\/p>\n","protected":false},"featured_media":10853,"template":"","meta":{"_acf_changed":false,"inline_featured_image":false},"product_brand":[],"product_cat":[188],"product_tag":[],"class_list":{"0":"post-10953","1":"product","2":"type-product","3":"status-publish","4":"has-post-thumbnail","6":"uhrenhersteller-iwc","7":"uhrenhersteller-portofino","8":"product_cat-uhren","10":"first","11":"instock","12":"taxable","13":"shipping-taxable","14":"purchasable","15":"product-type-simple"},"acf":[],"yoast_head":"<!-- This site is optimized with the Yoast SEO plugin v25.5 - https:\/\/yoast.com\/wordpress\/plugins\/seo\/ -->\n<title>IWC Portofino Chronograph 39 - Galli Uhren Bijouterie<\/title>\n<meta name=\"robots\" content=\"index, follow, max-snippet:-1, max-image-preview:large, max-video-preview:-1\" \/>\n<link rel=\"canonical\" href=\"https:\/\/galli.ch\/uhren\/iwc\/portofino\/chronograph-39-iw391406\/\" \/>\n<meta property=\"og:locale\" content=\"en_US\" \/>\n<meta property=\"og:type\" content=\"article\" \/>\n<meta property=\"og:title\" content=\"IWC Portofino Chronograph 39 - Galli Uhren Bijouterie\" \/>\n<meta property=\"og:description\" content=\"Mit den sportlich-eleganten Dr\u00fcckern und Anzeigen der Zeitmessung nimmt die Portofino Chronograph 39 gestalterische Anleihen aus dem Design der 1960er-Jahren auf. Der Edelstahlchronograph tr\u00e4gt ein gew\u00f6lbtes Saphirglas und applizierte r\u00f6mische Ziffern auf dem silbernen Zifferblatt. Angetrieben wird er vom bew\u00e4hrten Automatikaufzug Kaliber 79350 mit 44 Stunden Gangreserve. Die Uhr wird mit einem schwarzen Alligatorlederarmband angeboten.\" \/>\n<meta property=\"og:url\" content=\"https:\/\/galli.ch\/uhren\/iwc\/portofino\/chronograph-39-iw391406\/\" \/>\n<meta property=\"og:site_name\" content=\"Galli Uhren Bijouterie\" \/>\n<meta property=\"article:modified_time\" content=\"2026-04-20T16:14:29+00:00\" \/>\n<meta property=\"og:image\" content=\"https:\/\/galli.ch\/wp-content\/uploads\/2143490-png-transform-global_image_940_2x.png\" \/>\n\t<meta property=\"og:image:width\" content=\"1000\" \/>\n\t<meta property=\"og:image:height\" content=\"1400\" \/>\n\t<meta property=\"og:image:type\" content=\"image\/png\" \/>\n<meta name=\"twitter:card\" content=\"summary_large_image\" \/>\n<script type=\"application\/ld+json\" class=\"yoast-schema-graph\">{\"@context\":\"https:\/\/schema.org\",\"@graph\":[{\"@type\":\"WebPage\",\"@id\":\"https:\/\/galli.ch\/uhren\/iwc\/portofino\/chronograph-39-iw391406\/\",\"url\":\"https:\/\/galli.ch\/uhren\/iwc\/portofino\/chronograph-39-iw391406\/\",\"name\":\"IWC Portofino Chronograph 39 - Galli Uhren Bijouterie\",\"isPartOf\":{\"@id\":\"http:\/\/galli.ch\/en\/#website\"},\"primaryImageOfPage\":{\"@id\":\"https:\/\/galli.ch\/uhren\/iwc\/portofino\/chronograph-39-iw391406\/#primaryimage\"},\"image\":{\"@id\":\"https:\/\/galli.ch\/uhren\/iwc\/portofino\/chronograph-39-iw391406\/#primaryimage\"},\"thumbnailUrl\":\"https:\/\/galli.ch\/wp-content\/uploads\/2143490-png-transform-global_image_940_2x.png\",\"datePublished\":\"2021-08-16T11:04:25+00:00\",\"dateModified\":\"2026-04-20T16:14:29+00:00\",\"breadcrumb\":{\"@id\":\"https:\/\/galli.ch\/uhren\/iwc\/portofino\/chronograph-39-iw391406\/#breadcrumb\"},\"inLanguage\":\"en-US\",\"potentialAction\":[{\"@type\":\"ReadAction\",\"target\":[\"https:\/\/galli.ch\/uhren\/iwc\/portofino\/chronograph-39-iw391406\/\"]}]},{\"@type\":\"ImageObject\",\"inLanguage\":\"en-US\",\"@id\":\"https:\/\/galli.ch\/uhren\/iwc\/portofino\/chronograph-39-iw391406\/#primaryimage\",\"url\":\"https:\/\/galli.ch\/wp-content\/uploads\/2143490-png-transform-global_image_940_2x.png\",\"contentUrl\":\"https:\/\/galli.ch\/wp-content\/uploads\/2143490-png-transform-global_image_940_2x.png\",\"width\":1000,\"height\":1400,\"caption\":\"IWC Portofino Chronograph 39 Silver\"},{\"@type\":\"BreadcrumbList\",\"@id\":\"https:\/\/galli.ch\/uhren\/iwc\/portofino\/chronograph-39-iw391406\/#breadcrumb\",\"itemListElement\":[{\"@type\":\"ListItem\",\"position\":1,\"name\":\"Home\",\"item\":\"https:\/\/galli.ch\/en\/\"},{\"@type\":\"ListItem\",\"position\":2,\"name\":\"Uhren\",\"item\":\"https:\/\/galli.ch\/en\/uhren\/\"},{\"@type\":\"ListItem\",\"position\":3,\"name\":\"Portofino Chronograph 39\"}]},{\"@type\":\"WebSite\",\"@id\":\"http:\/\/galli.ch\/en\/#website\",\"url\":\"http:\/\/galli.ch\/en\/\",\"name\":\"Galli Uhren Bijouterie\",\"description\":\"\",\"potentialAction\":[{\"@type\":\"SearchAction\",\"target\":{\"@type\":\"EntryPoint\",\"urlTemplate\":\"http:\/\/galli.ch\/en\/?s={search_term_string}\"},\"query-input\":{\"@type\":\"PropertyValueSpecification\",\"valueRequired\":true,\"valueName\":\"search_term_string\"}}],\"inLanguage\":\"en-US\"}]}<\/script>\n<!-- \/ Yoast SEO plugin. -->","yoast_head_json":{"title":"IWC Portofino Chronograph 39 - Galli Uhren Bijouterie","robots":{"index":"index","follow":"follow","max-snippet":"max-snippet:-1","max-image-preview":"max-image-preview:large","max-video-preview":"max-video-preview:-1"},"canonical":"https:\/\/galli.ch\/uhren\/iwc\/portofino\/chronograph-39-iw391406\/","og_locale":"en_US","og_type":"article","og_title":"IWC Portofino Chronograph 39 - Galli Uhren Bijouterie","og_description":"Mit den sportlich-eleganten Dr\u00fcckern und Anzeigen der Zeitmessung nimmt die Portofino Chronograph 39 gestalterische Anleihen aus dem Design der 1960er-Jahren auf. Der Edelstahlchronograph tr\u00e4gt ein gew\u00f6lbtes Saphirglas und applizierte r\u00f6mische Ziffern auf dem silbernen Zifferblatt. Angetrieben wird er vom bew\u00e4hrten Automatikaufzug Kaliber 79350 mit 44 Stunden Gangreserve. Die Uhr wird mit einem schwarzen Alligatorlederarmband angeboten.","og_url":"https:\/\/galli.ch\/uhren\/iwc\/portofino\/chronograph-39-iw391406\/","og_site_name":"Galli Uhren Bijouterie","article_modified_time":"2026-04-20T16:14:29+00:00","og_image":[{"width":1000,"height":1400,"url":"https:\/\/galli.ch\/wp-content\/uploads\/2143490-png-transform-global_image_940_2x.png","type":"image\/png"}],"twitter_card":"summary_large_image","schema":{"@context":"https:\/\/schema.org","@graph":[{"@type":"WebPage","@id":"https:\/\/galli.ch\/uhren\/iwc\/portofino\/chronograph-39-iw391406\/","url":"https:\/\/galli.ch\/uhren\/iwc\/portofino\/chronograph-39-iw391406\/","name":"IWC Portofino Chronograph 39 - Galli Uhren Bijouterie","isPartOf":{"@id":"http:\/\/galli.ch\/en\/#website"},"primaryImageOfPage":{"@id":"https:\/\/galli.ch\/uhren\/iwc\/portofino\/chronograph-39-iw391406\/#primaryimage"},"image":{"@id":"https:\/\/galli.ch\/uhren\/iwc\/portofino\/chronograph-39-iw391406\/#primaryimage"},"thumbnailUrl":"https:\/\/galli.ch\/wp-content\/uploads\/2143490-png-transform-global_image_940_2x.png","datePublished":"2021-08-16T11:04:25+00:00","dateModified":"2026-04-20T16:14:29+00:00","breadcrumb":{"@id":"https:\/\/galli.ch\/uhren\/iwc\/portofino\/chronograph-39-iw391406\/#breadcrumb"},"inLanguage":"en-US","potentialAction":[{"@type":"ReadAction","target":["https:\/\/galli.ch\/uhren\/iwc\/portofino\/chronograph-39-iw391406\/"]}]},{"@type":"ImageObject","inLanguage":"en-US","@id":"https:\/\/galli.ch\/uhren\/iwc\/portofino\/chronograph-39-iw391406\/#primaryimage","url":"https:\/\/galli.ch\/wp-content\/uploads\/2143490-png-transform-global_image_940_2x.png","contentUrl":"https:\/\/galli.ch\/wp-content\/uploads\/2143490-png-transform-global_image_940_2x.png","width":1000,"height":1400,"caption":"IWC Portofino Chronograph 39 Silver"},{"@type":"BreadcrumbList","@id":"https:\/\/galli.ch\/uhren\/iwc\/portofino\/chronograph-39-iw391406\/#breadcrumb","itemListElement":[{"@type":"ListItem","position":1,"name":"Home","item":"https:\/\/galli.ch\/en\/"},{"@type":"ListItem","position":2,"name":"Uhren","item":"https:\/\/galli.ch\/en\/uhren\/"},{"@type":"ListItem","position":3,"name":"Portofino Chronograph 39"}]},{"@type":"WebSite","@id":"http:\/\/galli.ch\/en\/#website","url":"http:\/\/galli.ch\/en\/","name":"Galli Uhren Bijouterie","description":"","potentialAction":[{"@type":"SearchAction","target":{"@type":"EntryPoint","urlTemplate":"http:\/\/galli.ch\/en\/?s={search_term_string}"},"query-input":{"@type":"PropertyValueSpecification","valueRequired":true,"valueName":"search_term_string"}}],"inLanguage":"en-US"}]}},"_links":{"self":[{"href":"https:\/\/galli.ch\/en\/wp-json\/wp\/v2\/product\/10953","targetHints":{"allow":["GET"]}}],"collection":[{"href":"https:\/\/galli.ch\/en\/wp-json\/wp\/v2\/product"}],"about":[{"href":"https:\/\/galli.ch\/en\/wp-json\/wp\/v2\/types\/product"}],"wp:featuredmedia":[{"embeddable":true,"href":"https:\/\/galli.ch\/en\/wp-json\/wp\/v2\/media\/10853"}],"wp:attachment":[{"href":"https:\/\/galli.ch\/en\/wp-json\/wp\/v2\/media?parent=10953"}],"wp:term":[{"taxonomy":"product_brand","embeddable":true,"href":"https:\/\/galli.ch\/en\/wp-json\/wp\/v2\/product_brand?post=10953"},{"taxonomy":"product_cat","embeddable":true,"href":"https:\/\/galli.ch\/en\/wp-json\/wp\/v2\/product_cat?post=10953"},{"taxonomy":"product_tag","embeddable":true,"href":"https:\/\/galli.ch\/en\/wp-json\/wp\/v2\/product_tag?post=10953"}],"curies":[{"name":"wp","href":"https:\/\/api.w.org\/{rel}","templated":true}]}}