{"id":11336,"date":"2021-09-27T17:34:36","date_gmt":"2021-09-27T15:34:36","guid":{"rendered":"http:\/\/galli.ch\/?post_type=uhren&#038;p=11336"},"modified":"2026-04-20T18:10:26","modified_gmt":"2026-04-20T16:10:26","slug":"automatic-chronograph-mahindra-racing-ai6038-ss001-133-4","status":"publish","type":"product","link":"https:\/\/galli.ch\/en\/uhren\/maurice-lacroix\/aikon\/automatic-chronograph-mahindra-racing-ai6038-ss001-133-4\/","title":{"rendered":"Maurice Lacroix AIKON Automatic Chronograph Mahindra Racing"},"content":{"rendered":"<p>Der AIKON Automatic Chronograph Special Edition Mahindra Racing mit einem 44 mm Edelstahlgeh\u00e4use verf\u00fcgt \u00fcber ein weisses Zifferblatt mit Sonnenschliff, das mit kontrastierenden grauen Z\u00e4hlern versehen ist sowie mit einem quadratischen Muster, polierten Ringen und azurierten Z\u00e4hlern. Das Zifferblatt ist mit drei Z\u00e4hlern ausgestattet: einem 12-Stunden-Chronographenz\u00e4hler bei 6 Uhr, einem 30-Minuten-Z\u00e4hler bei 12 Uhr \u2013 beide in Blau \u2013 und einer kleinen Sekunde in Rot bei 9 Uhr.<\/p>\n<p>Gem\u00e4ss den Anspr\u00fcchen der hohen Uhrmacherkunst sind verschiedene Bauteile des Automatikwerks mit einer Perlage versehen und die Br\u00fccken sowie der Rotor zieren vertikale Genfer Streifen. Der transparente Geh\u00e4useboden gibt den Blick auf das Automatikwerk ML112 frei.<\/p>\n","protected":false},"excerpt":{"rendered":"<p>Der AIKON Automatic Chronograph Special Edition Mahindra Racing mit einem 44 mm Edelstahlgeh\u00e4use verf\u00fcgt \u00fcber ein weisses Zifferblatt mit Sonnenschliff, das mit kontrastierenden grauen Z\u00e4hlern versehen ist sowie mit einem quadratischen Muster, polierten Ringen und azurierten Z\u00e4hlern. Das Zifferblatt ist mit drei Z\u00e4hlern ausgestattet: einem 12-Stunden-Chronographenz\u00e4hler bei 6 Uhr, einem 30-Minuten-Z\u00e4hler bei 12 Uhr \u2013&#8230;  <a class=\"excerpt-read-more\" href=\"https:\/\/galli.ch\/en\/uhren\/maurice-lacroix\/aikon\/automatic-chronograph-mahindra-racing-ai6038-ss001-133-4\/\" title=\"Read Maurice Lacroix AIKON Automatic Chronograph Mahindra Racing\">Weiter &raquo;<\/a><\/p>\n","protected":false},"featured_media":11168,"template":"","meta":{"_acf_changed":false,"inline_featured_image":false},"product_brand":[],"product_cat":[188],"product_tag":[],"class_list":{"0":"post-11336","1":"product","2":"type-product","3":"status-publish","4":"has-post-thumbnail","6":"uhrenhersteller-maurice-lacroix","7":"uhrenhersteller-aikon","8":"product_cat-uhren","10":"first","11":"instock","12":"taxable","13":"shipping-taxable","14":"purchasable","15":"product-type-simple"},"acf":[],"yoast_head":"<!-- This site is optimized with the Yoast SEO plugin v25.5 - https:\/\/yoast.com\/wordpress\/plugins\/seo\/ -->\n<title>Maurice Lacroix AIKON Automatic Chronograph Mahindra Racing - Galli Uhren Bijouterie<\/title>\n<meta name=\"robots\" content=\"index, follow, max-snippet:-1, max-image-preview:large, max-video-preview:-1\" \/>\n<link rel=\"canonical\" href=\"https:\/\/galli.ch\/uhren\/maurice-lacroix\/aikon\/automatic-chronograph-mahindra-racing-ai6038-ss001-133-4\/\" \/>\n<meta property=\"og:locale\" content=\"en_US\" \/>\n<meta property=\"og:type\" content=\"article\" \/>\n<meta property=\"og:title\" content=\"Maurice Lacroix AIKON Automatic Chronograph Mahindra Racing - Galli Uhren Bijouterie\" \/>\n<meta property=\"og:description\" content=\"Der AIKON Automatic Chronograph Special Edition Mahindra Racing mit einem 44 mm Edelstahlgeh\u00e4use verf\u00fcgt \u00fcber ein weisses Zifferblatt mit Sonnenschliff, das mit kontrastierenden grauen Z\u00e4hlern versehen ist sowie mit einem quadratischen Muster, polierten Ringen und azurierten Z\u00e4hlern. Das Zifferblatt ist mit drei Z\u00e4hlern ausgestattet: einem 12-Stunden-Chronographenz\u00e4hler bei 6 Uhr, einem 30-Minuten-Z\u00e4hler bei 12 Uhr \u2013... Weiter &raquo;\" \/>\n<meta property=\"og:url\" content=\"https:\/\/galli.ch\/uhren\/maurice-lacroix\/aikon\/automatic-chronograph-mahindra-racing-ai6038-ss001-133-4\/\" \/>\n<meta property=\"og:site_name\" content=\"Galli Uhren Bijouterie\" \/>\n<meta property=\"article:modified_time\" content=\"2026-04-20T16:10:26+00:00\" \/>\n<meta property=\"og:image\" content=\"https:\/\/galli.ch\/wp-content\/uploads\/ai6038_ss001_133_2.png\" \/>\n\t<meta property=\"og:image:width\" content=\"1000\" \/>\n\t<meta property=\"og:image:height\" content=\"1400\" \/>\n\t<meta property=\"og:image:type\" content=\"image\/png\" \/>\n<meta name=\"twitter:card\" content=\"summary_large_image\" \/>\n<script type=\"application\/ld+json\" class=\"yoast-schema-graph\">{\"@context\":\"https:\/\/schema.org\",\"@graph\":[{\"@type\":\"WebPage\",\"@id\":\"https:\/\/galli.ch\/uhren\/maurice-lacroix\/aikon\/automatic-chronograph-mahindra-racing-ai6038-ss001-133-4\/\",\"url\":\"https:\/\/galli.ch\/uhren\/maurice-lacroix\/aikon\/automatic-chronograph-mahindra-racing-ai6038-ss001-133-4\/\",\"name\":\"Maurice Lacroix AIKON Automatic Chronograph Mahindra Racing - Galli Uhren Bijouterie\",\"isPartOf\":{\"@id\":\"http:\/\/galli.ch\/en\/#website\"},\"primaryImageOfPage\":{\"@id\":\"https:\/\/galli.ch\/uhren\/maurice-lacroix\/aikon\/automatic-chronograph-mahindra-racing-ai6038-ss001-133-4\/#primaryimage\"},\"image\":{\"@id\":\"https:\/\/galli.ch\/uhren\/maurice-lacroix\/aikon\/automatic-chronograph-mahindra-racing-ai6038-ss001-133-4\/#primaryimage\"},\"thumbnailUrl\":\"https:\/\/galli.ch\/wp-content\/uploads\/ai6038_ss001_133_2.png\",\"datePublished\":\"2021-09-27T15:34:36+00:00\",\"dateModified\":\"2026-04-20T16:10:26+00:00\",\"breadcrumb\":{\"@id\":\"https:\/\/galli.ch\/uhren\/maurice-lacroix\/aikon\/automatic-chronograph-mahindra-racing-ai6038-ss001-133-4\/#breadcrumb\"},\"inLanguage\":\"en-US\",\"potentialAction\":[{\"@type\":\"ReadAction\",\"target\":[\"https:\/\/galli.ch\/uhren\/maurice-lacroix\/aikon\/automatic-chronograph-mahindra-racing-ai6038-ss001-133-4\/\"]}]},{\"@type\":\"ImageObject\",\"inLanguage\":\"en-US\",\"@id\":\"https:\/\/galli.ch\/uhren\/maurice-lacroix\/aikon\/automatic-chronograph-mahindra-racing-ai6038-ss001-133-4\/#primaryimage\",\"url\":\"https:\/\/galli.ch\/wp-content\/uploads\/ai6038_ss001_133_2.png\",\"contentUrl\":\"https:\/\/galli.ch\/wp-content\/uploads\/ai6038_ss001_133_2.png\",\"width\":1000,\"height\":1400,\"caption\":\"Aikon Chronograph Mahindra Racing\"},{\"@type\":\"BreadcrumbList\",\"@id\":\"https:\/\/galli.ch\/uhren\/maurice-lacroix\/aikon\/automatic-chronograph-mahindra-racing-ai6038-ss001-133-4\/#breadcrumb\",\"itemListElement\":[{\"@type\":\"ListItem\",\"position\":1,\"name\":\"Home\",\"item\":\"https:\/\/galli.ch\/en\/\"},{\"@type\":\"ListItem\",\"position\":2,\"name\":\"Uhren\",\"item\":\"https:\/\/galli.ch\/en\/uhren\/\"},{\"@type\":\"ListItem\",\"position\":3,\"name\":\"Maurice Lacroix AIKON Automatic Chronograph Mahindra Racing\"}]},{\"@type\":\"WebSite\",\"@id\":\"http:\/\/galli.ch\/en\/#website\",\"url\":\"http:\/\/galli.ch\/en\/\",\"name\":\"Galli Uhren Bijouterie\",\"description\":\"\",\"potentialAction\":[{\"@type\":\"SearchAction\",\"target\":{\"@type\":\"EntryPoint\",\"urlTemplate\":\"http:\/\/galli.ch\/en\/?s={search_term_string}\"},\"query-input\":{\"@type\":\"PropertyValueSpecification\",\"valueRequired\":true,\"valueName\":\"search_term_string\"}}],\"inLanguage\":\"en-US\"}]}<\/script>\n<!-- \/ Yoast SEO plugin. -->","yoast_head_json":{"title":"Maurice Lacroix AIKON Automatic Chronograph Mahindra Racing - Galli Uhren Bijouterie","robots":{"index":"index","follow":"follow","max-snippet":"max-snippet:-1","max-image-preview":"max-image-preview:large","max-video-preview":"max-video-preview:-1"},"canonical":"https:\/\/galli.ch\/uhren\/maurice-lacroix\/aikon\/automatic-chronograph-mahindra-racing-ai6038-ss001-133-4\/","og_locale":"en_US","og_type":"article","og_title":"Maurice Lacroix AIKON Automatic Chronograph Mahindra Racing - Galli Uhren Bijouterie","og_description":"Der AIKON Automatic Chronograph Special Edition Mahindra Racing mit einem 44 mm Edelstahlgeh\u00e4use verf\u00fcgt \u00fcber ein weisses Zifferblatt mit Sonnenschliff, das mit kontrastierenden grauen Z\u00e4hlern versehen ist sowie mit einem quadratischen Muster, polierten Ringen und azurierten Z\u00e4hlern. Das Zifferblatt ist mit drei Z\u00e4hlern ausgestattet: einem 12-Stunden-Chronographenz\u00e4hler bei 6 Uhr, einem 30-Minuten-Z\u00e4hler bei 12 Uhr \u2013... Weiter &raquo;","og_url":"https:\/\/galli.ch\/uhren\/maurice-lacroix\/aikon\/automatic-chronograph-mahindra-racing-ai6038-ss001-133-4\/","og_site_name":"Galli Uhren Bijouterie","article_modified_time":"2026-04-20T16:10:26+00:00","og_image":[{"width":1000,"height":1400,"url":"https:\/\/galli.ch\/wp-content\/uploads\/ai6038_ss001_133_2.png","type":"image\/png"}],"twitter_card":"summary_large_image","schema":{"@context":"https:\/\/schema.org","@graph":[{"@type":"WebPage","@id":"https:\/\/galli.ch\/uhren\/maurice-lacroix\/aikon\/automatic-chronograph-mahindra-racing-ai6038-ss001-133-4\/","url":"https:\/\/galli.ch\/uhren\/maurice-lacroix\/aikon\/automatic-chronograph-mahindra-racing-ai6038-ss001-133-4\/","name":"Maurice Lacroix AIKON Automatic Chronograph Mahindra Racing - Galli Uhren Bijouterie","isPartOf":{"@id":"http:\/\/galli.ch\/en\/#website"},"primaryImageOfPage":{"@id":"https:\/\/galli.ch\/uhren\/maurice-lacroix\/aikon\/automatic-chronograph-mahindra-racing-ai6038-ss001-133-4\/#primaryimage"},"image":{"@id":"https:\/\/galli.ch\/uhren\/maurice-lacroix\/aikon\/automatic-chronograph-mahindra-racing-ai6038-ss001-133-4\/#primaryimage"},"thumbnailUrl":"https:\/\/galli.ch\/wp-content\/uploads\/ai6038_ss001_133_2.png","datePublished":"2021-09-27T15:34:36+00:00","dateModified":"2026-04-20T16:10:26+00:00","breadcrumb":{"@id":"https:\/\/galli.ch\/uhren\/maurice-lacroix\/aikon\/automatic-chronograph-mahindra-racing-ai6038-ss001-133-4\/#breadcrumb"},"inLanguage":"en-US","potentialAction":[{"@type":"ReadAction","target":["https:\/\/galli.ch\/uhren\/maurice-lacroix\/aikon\/automatic-chronograph-mahindra-racing-ai6038-ss001-133-4\/"]}]},{"@type":"ImageObject","inLanguage":"en-US","@id":"https:\/\/galli.ch\/uhren\/maurice-lacroix\/aikon\/automatic-chronograph-mahindra-racing-ai6038-ss001-133-4\/#primaryimage","url":"https:\/\/galli.ch\/wp-content\/uploads\/ai6038_ss001_133_2.png","contentUrl":"https:\/\/galli.ch\/wp-content\/uploads\/ai6038_ss001_133_2.png","width":1000,"height":1400,"caption":"Aikon Chronograph Mahindra Racing"},{"@type":"BreadcrumbList","@id":"https:\/\/galli.ch\/uhren\/maurice-lacroix\/aikon\/automatic-chronograph-mahindra-racing-ai6038-ss001-133-4\/#breadcrumb","itemListElement":[{"@type":"ListItem","position":1,"name":"Home","item":"https:\/\/galli.ch\/en\/"},{"@type":"ListItem","position":2,"name":"Uhren","item":"https:\/\/galli.ch\/en\/uhren\/"},{"@type":"ListItem","position":3,"name":"Maurice Lacroix AIKON Automatic Chronograph Mahindra Racing"}]},{"@type":"WebSite","@id":"http:\/\/galli.ch\/en\/#website","url":"http:\/\/galli.ch\/en\/","name":"Galli Uhren Bijouterie","description":"","potentialAction":[{"@type":"SearchAction","target":{"@type":"EntryPoint","urlTemplate":"http:\/\/galli.ch\/en\/?s={search_term_string}"},"query-input":{"@type":"PropertyValueSpecification","valueRequired":true,"valueName":"search_term_string"}}],"inLanguage":"en-US"}]}},"_links":{"self":[{"href":"https:\/\/galli.ch\/en\/wp-json\/wp\/v2\/product\/11336","targetHints":{"allow":["GET"]}}],"collection":[{"href":"https:\/\/galli.ch\/en\/wp-json\/wp\/v2\/product"}],"about":[{"href":"https:\/\/galli.ch\/en\/wp-json\/wp\/v2\/types\/product"}],"wp:featuredmedia":[{"embeddable":true,"href":"https:\/\/galli.ch\/en\/wp-json\/wp\/v2\/media\/11168"}],"wp:attachment":[{"href":"https:\/\/galli.ch\/en\/wp-json\/wp\/v2\/media?parent=11336"}],"wp:term":[{"taxonomy":"product_brand","embeddable":true,"href":"https:\/\/galli.ch\/en\/wp-json\/wp\/v2\/product_brand?post=11336"},{"taxonomy":"product_cat","embeddable":true,"href":"https:\/\/galli.ch\/en\/wp-json\/wp\/v2\/product_cat?post=11336"},{"taxonomy":"product_tag","embeddable":true,"href":"https:\/\/galli.ch\/en\/wp-json\/wp\/v2\/product_tag?post=11336"}],"curies":[{"name":"wp","href":"https:\/\/api.w.org\/{rel}","templated":true}]}}