{"id":11337,"date":"2021-09-27T17:41:29","date_gmt":"2021-09-27T15:41:29","guid":{"rendered":"http:\/\/galli.ch\/?post_type=uhren&#038;p=11337"},"modified":"2025-03-13T13:44:37","modified_gmt":"2025-03-13T12:44:37","slug":"automatic-skeleton-mahindra-racing-ai6098-ss001-091-2","status":"publish","type":"product","link":"https:\/\/galli.ch\/en\/uhren\/maurice-lacroix\/aikon\/automatic-skeleton-mahindra-racing-ai6098-ss001-091-2\/","title":{"rendered":"Maurice Lacroix AIKON Automatic Skeleton Mahindra Racing"},"content":{"rendered":"<p>Das absolute Highlight, das am besten am Handgelenk des Teamchefs gl\u00e4nzt, ist der AIKON Chronograph Skeleton Automatic Special Edition Mahindra Racing. In der Welt des Rennsports geht es um Sekunden \u2013 und dieser Chronograph ist die perfekte Wahl am Streckenrand. Die beiden Z\u00e4hler bei 3 und 9 Uhr schenken dem Zifferblatt eine harmonische Symmetrie. Dank des durchbrochenen Zifferblatts kann der Tr\u00e4ger zahlreiche, sich bewegende Uhrwerkteile bestaunen.<\/p>\n<p>Diese Uhr ist wie geschaffen f\u00fcr Fans einer ausgekl\u00fcgelten Mechanik. Rote Akzente betonen die Minuteneinteilung auf der L\u00fcnette, den zentralen Chronographen-Sekundenzeiger, den 30-Minuten-Chronographenz\u00e4hler bei 3 Uhr sowie das sportliche schwarze Armband. Das Automatikwerk ML206 ist durch den transparenten Geh\u00e4useboden sichtbar, der zudem die Rennlackierung von Mahindra Racing zeigt, um die stilvolle Komposition zu vollenden.<\/p>\n","protected":false},"excerpt":{"rendered":"<p>Das absolute Highlight, das am besten am Handgelenk des Teamchefs gl\u00e4nzt, ist der AIKON Chronograph Skeleton Automatic Special Edition Mahindra Racing. In der Welt des Rennsports geht es um Sekunden \u2013 und dieser Chronograph ist die perfekte Wahl am Streckenrand. Die beiden Z\u00e4hler bei 3 und 9 Uhr schenken dem Zifferblatt eine harmonische Symmetrie. Dank&#8230;  <a class=\"excerpt-read-more\" href=\"https:\/\/galli.ch\/en\/uhren\/maurice-lacroix\/aikon\/automatic-skeleton-mahindra-racing-ai6098-ss001-091-2\/\" title=\"Read Maurice Lacroix AIKON Automatic Skeleton Mahindra Racing\">Weiter &raquo;<\/a><\/p>\n","protected":false},"featured_media":11160,"template":"","meta":{"_acf_changed":false,"inline_featured_image":false},"product_brand":[],"product_cat":[188],"product_tag":[],"class_list":{"0":"post-11337","1":"product","2":"type-product","3":"status-publish","4":"has-post-thumbnail","6":"uhrenhersteller-aikon","7":"uhrenhersteller-maurice-lacroix","8":"product_cat-uhren","10":"first","11":"outofstock","12":"taxable","13":"shipping-taxable","14":"purchasable","15":"product-type-simple"},"acf":[],"yoast_head":"<!-- This site is optimized with the Yoast SEO plugin v25.5 - https:\/\/yoast.com\/wordpress\/plugins\/seo\/ -->\n<title>Maurice Lacroix AIKON Automatic Skeleton Mahindra Racing - Galli Uhren Bijouterie<\/title>\n<meta name=\"robots\" content=\"index, follow, max-snippet:-1, max-image-preview:large, max-video-preview:-1\" \/>\n<link rel=\"canonical\" href=\"https:\/\/galli.ch\/uhren\/maurice-lacroix\/aikon\/automatic-skeleton-mahindra-racing-ai6098-ss001-091-2\/\" \/>\n<meta property=\"og:locale\" content=\"en_US\" \/>\n<meta property=\"og:type\" content=\"article\" \/>\n<meta property=\"og:title\" content=\"Maurice Lacroix AIKON Automatic Skeleton Mahindra Racing - Galli Uhren Bijouterie\" \/>\n<meta property=\"og:description\" content=\"Das absolute Highlight, das am besten am Handgelenk des Teamchefs gl\u00e4nzt, ist der AIKON Chronograph Skeleton Automatic Special Edition Mahindra Racing. In der Welt des Rennsports geht es um Sekunden \u2013 und dieser Chronograph ist die perfekte Wahl am Streckenrand. Die beiden Z\u00e4hler bei 3 und 9 Uhr schenken dem Zifferblatt eine harmonische Symmetrie. Dank... Weiter &raquo;\" \/>\n<meta property=\"og:url\" content=\"https:\/\/galli.ch\/uhren\/maurice-lacroix\/aikon\/automatic-skeleton-mahindra-racing-ai6098-ss001-091-2\/\" \/>\n<meta property=\"og:site_name\" content=\"Galli Uhren Bijouterie\" \/>\n<meta property=\"article:modified_time\" content=\"2025-03-13T12:44:37+00:00\" \/>\n<meta property=\"og:image\" content=\"https:\/\/galli.ch\/wp-content\/uploads\/ai6098_ss001_091_2.png\" \/>\n\t<meta property=\"og:image:width\" content=\"1000\" \/>\n\t<meta property=\"og:image:height\" content=\"1400\" \/>\n\t<meta property=\"og:image:type\" content=\"image\/png\" \/>\n<meta name=\"twitter:card\" content=\"summary_large_image\" \/>\n<script type=\"application\/ld+json\" class=\"yoast-schema-graph\">{\"@context\":\"https:\/\/schema.org\",\"@graph\":[{\"@type\":\"WebPage\",\"@id\":\"https:\/\/galli.ch\/uhren\/maurice-lacroix\/aikon\/automatic-skeleton-mahindra-racing-ai6098-ss001-091-2\/\",\"url\":\"https:\/\/galli.ch\/uhren\/maurice-lacroix\/aikon\/automatic-skeleton-mahindra-racing-ai6098-ss001-091-2\/\",\"name\":\"Maurice Lacroix AIKON Automatic Skeleton Mahindra Racing - Galli Uhren Bijouterie\",\"isPartOf\":{\"@id\":\"http:\/\/galli.ch\/en\/#website\"},\"primaryImageOfPage\":{\"@id\":\"https:\/\/galli.ch\/uhren\/maurice-lacroix\/aikon\/automatic-skeleton-mahindra-racing-ai6098-ss001-091-2\/#primaryimage\"},\"image\":{\"@id\":\"https:\/\/galli.ch\/uhren\/maurice-lacroix\/aikon\/automatic-skeleton-mahindra-racing-ai6098-ss001-091-2\/#primaryimage\"},\"thumbnailUrl\":\"https:\/\/galli.ch\/wp-content\/uploads\/ai6098_ss001_091_2.png\",\"datePublished\":\"2021-09-27T15:41:29+00:00\",\"dateModified\":\"2025-03-13T12:44:37+00:00\",\"breadcrumb\":{\"@id\":\"https:\/\/galli.ch\/uhren\/maurice-lacroix\/aikon\/automatic-skeleton-mahindra-racing-ai6098-ss001-091-2\/#breadcrumb\"},\"inLanguage\":\"en-US\",\"potentialAction\":[{\"@type\":\"ReadAction\",\"target\":[\"https:\/\/galli.ch\/uhren\/maurice-lacroix\/aikon\/automatic-skeleton-mahindra-racing-ai6098-ss001-091-2\/\"]}]},{\"@type\":\"ImageObject\",\"inLanguage\":\"en-US\",\"@id\":\"https:\/\/galli.ch\/uhren\/maurice-lacroix\/aikon\/automatic-skeleton-mahindra-racing-ai6098-ss001-091-2\/#primaryimage\",\"url\":\"https:\/\/galli.ch\/wp-content\/uploads\/ai6098_ss001_091_2.png\",\"contentUrl\":\"https:\/\/galli.ch\/wp-content\/uploads\/ai6098_ss001_091_2.png\",\"width\":1000,\"height\":1400,\"caption\":\"Aikon Mahindra Racing Skeleton Limited Edition\"},{\"@type\":\"BreadcrumbList\",\"@id\":\"https:\/\/galli.ch\/uhren\/maurice-lacroix\/aikon\/automatic-skeleton-mahindra-racing-ai6098-ss001-091-2\/#breadcrumb\",\"itemListElement\":[{\"@type\":\"ListItem\",\"position\":1,\"name\":\"Home\",\"item\":\"https:\/\/galli.ch\/en\/\"},{\"@type\":\"ListItem\",\"position\":2,\"name\":\"Uhren\",\"item\":\"https:\/\/galli.ch\/en\/uhren\/\"},{\"@type\":\"ListItem\",\"position\":3,\"name\":\"AIKON Automatic Skeleton Mahindra Racing\"}]},{\"@type\":\"WebSite\",\"@id\":\"http:\/\/galli.ch\/en\/#website\",\"url\":\"http:\/\/galli.ch\/en\/\",\"name\":\"Galli Uhren Bijouterie\",\"description\":\"\",\"potentialAction\":[{\"@type\":\"SearchAction\",\"target\":{\"@type\":\"EntryPoint\",\"urlTemplate\":\"http:\/\/galli.ch\/en\/?s={search_term_string}\"},\"query-input\":{\"@type\":\"PropertyValueSpecification\",\"valueRequired\":true,\"valueName\":\"search_term_string\"}}],\"inLanguage\":\"en-US\"}]}<\/script>\n<!-- \/ Yoast SEO plugin. -->","yoast_head_json":{"title":"Maurice Lacroix AIKON Automatic Skeleton Mahindra Racing - Galli Uhren Bijouterie","robots":{"index":"index","follow":"follow","max-snippet":"max-snippet:-1","max-image-preview":"max-image-preview:large","max-video-preview":"max-video-preview:-1"},"canonical":"https:\/\/galli.ch\/uhren\/maurice-lacroix\/aikon\/automatic-skeleton-mahindra-racing-ai6098-ss001-091-2\/","og_locale":"en_US","og_type":"article","og_title":"Maurice Lacroix AIKON Automatic Skeleton Mahindra Racing - Galli Uhren Bijouterie","og_description":"Das absolute Highlight, das am besten am Handgelenk des Teamchefs gl\u00e4nzt, ist der AIKON Chronograph Skeleton Automatic Special Edition Mahindra Racing. In der Welt des Rennsports geht es um Sekunden \u2013 und dieser Chronograph ist die perfekte Wahl am Streckenrand. Die beiden Z\u00e4hler bei 3 und 9 Uhr schenken dem Zifferblatt eine harmonische Symmetrie. Dank... Weiter &raquo;","og_url":"https:\/\/galli.ch\/uhren\/maurice-lacroix\/aikon\/automatic-skeleton-mahindra-racing-ai6098-ss001-091-2\/","og_site_name":"Galli Uhren Bijouterie","article_modified_time":"2025-03-13T12:44:37+00:00","og_image":[{"width":1000,"height":1400,"url":"https:\/\/galli.ch\/wp-content\/uploads\/ai6098_ss001_091_2.png","type":"image\/png"}],"twitter_card":"summary_large_image","schema":{"@context":"https:\/\/schema.org","@graph":[{"@type":"WebPage","@id":"https:\/\/galli.ch\/uhren\/maurice-lacroix\/aikon\/automatic-skeleton-mahindra-racing-ai6098-ss001-091-2\/","url":"https:\/\/galli.ch\/uhren\/maurice-lacroix\/aikon\/automatic-skeleton-mahindra-racing-ai6098-ss001-091-2\/","name":"Maurice Lacroix AIKON Automatic Skeleton Mahindra Racing - Galli Uhren Bijouterie","isPartOf":{"@id":"http:\/\/galli.ch\/en\/#website"},"primaryImageOfPage":{"@id":"https:\/\/galli.ch\/uhren\/maurice-lacroix\/aikon\/automatic-skeleton-mahindra-racing-ai6098-ss001-091-2\/#primaryimage"},"image":{"@id":"https:\/\/galli.ch\/uhren\/maurice-lacroix\/aikon\/automatic-skeleton-mahindra-racing-ai6098-ss001-091-2\/#primaryimage"},"thumbnailUrl":"https:\/\/galli.ch\/wp-content\/uploads\/ai6098_ss001_091_2.png","datePublished":"2021-09-27T15:41:29+00:00","dateModified":"2025-03-13T12:44:37+00:00","breadcrumb":{"@id":"https:\/\/galli.ch\/uhren\/maurice-lacroix\/aikon\/automatic-skeleton-mahindra-racing-ai6098-ss001-091-2\/#breadcrumb"},"inLanguage":"en-US","potentialAction":[{"@type":"ReadAction","target":["https:\/\/galli.ch\/uhren\/maurice-lacroix\/aikon\/automatic-skeleton-mahindra-racing-ai6098-ss001-091-2\/"]}]},{"@type":"ImageObject","inLanguage":"en-US","@id":"https:\/\/galli.ch\/uhren\/maurice-lacroix\/aikon\/automatic-skeleton-mahindra-racing-ai6098-ss001-091-2\/#primaryimage","url":"https:\/\/galli.ch\/wp-content\/uploads\/ai6098_ss001_091_2.png","contentUrl":"https:\/\/galli.ch\/wp-content\/uploads\/ai6098_ss001_091_2.png","width":1000,"height":1400,"caption":"Aikon Mahindra Racing Skeleton Limited Edition"},{"@type":"BreadcrumbList","@id":"https:\/\/galli.ch\/uhren\/maurice-lacroix\/aikon\/automatic-skeleton-mahindra-racing-ai6098-ss001-091-2\/#breadcrumb","itemListElement":[{"@type":"ListItem","position":1,"name":"Home","item":"https:\/\/galli.ch\/en\/"},{"@type":"ListItem","position":2,"name":"Uhren","item":"https:\/\/galli.ch\/en\/uhren\/"},{"@type":"ListItem","position":3,"name":"AIKON Automatic Skeleton Mahindra Racing"}]},{"@type":"WebSite","@id":"http:\/\/galli.ch\/en\/#website","url":"http:\/\/galli.ch\/en\/","name":"Galli Uhren Bijouterie","description":"","potentialAction":[{"@type":"SearchAction","target":{"@type":"EntryPoint","urlTemplate":"http:\/\/galli.ch\/en\/?s={search_term_string}"},"query-input":{"@type":"PropertyValueSpecification","valueRequired":true,"valueName":"search_term_string"}}],"inLanguage":"en-US"}]}},"_links":{"self":[{"href":"https:\/\/galli.ch\/en\/wp-json\/wp\/v2\/product\/11337","targetHints":{"allow":["GET"]}}],"collection":[{"href":"https:\/\/galli.ch\/en\/wp-json\/wp\/v2\/product"}],"about":[{"href":"https:\/\/galli.ch\/en\/wp-json\/wp\/v2\/types\/product"}],"wp:featuredmedia":[{"embeddable":true,"href":"https:\/\/galli.ch\/en\/wp-json\/wp\/v2\/media\/11160"}],"wp:attachment":[{"href":"https:\/\/galli.ch\/en\/wp-json\/wp\/v2\/media?parent=11337"}],"wp:term":[{"taxonomy":"product_brand","embeddable":true,"href":"https:\/\/galli.ch\/en\/wp-json\/wp\/v2\/product_brand?post=11337"},{"taxonomy":"product_cat","embeddable":true,"href":"https:\/\/galli.ch\/en\/wp-json\/wp\/v2\/product_cat?post=11337"},{"taxonomy":"product_tag","embeddable":true,"href":"https:\/\/galli.ch\/en\/wp-json\/wp\/v2\/product_tag?post=11337"}],"curies":[{"name":"wp","href":"https:\/\/api.w.org\/{rel}","templated":true}]}}