{"id":11766,"date":"2021-11-10T14:14:55","date_gmt":"2021-11-10T12:14:55","guid":{"rendered":"http:\/\/galli.ch\/?post_type=uhren&#038;p=11766"},"modified":"2026-04-21T18:12:29","modified_gmt":"2026-04-21T16:12:29","slug":"fxd-m25707b-26-0001","status":"publish","type":"product","link":"https:\/\/galli.ch\/en\/uhren\/tudor\/pelagos\/fxd-m25707b-26-0001\/","title":{"rendered":"Tudor Pelagos FXD"},"content":{"rendered":"<div class=\"sc-kdneuM dxGEoc\">\n<div class=\"sc-cdFzKX kswuTy\">\n<p>Die f\u00fcr die franz\u00f6sische Marine entwickelte Pelagos FXD ist bis 200 Meter wasserdicht und hat ein 42 Millimeter grosses Titangeh\u00e4use. F\u00fcr die robuste Taucheruhr haben TUDOR und Julien Faure ein neues und hochgradig technisches Armband entwickelt, das f\u00fcr die speziellen Arbeits\u00adbedingungen von Tauchern der franz\u00f6sischen Marine ausgelegt ist.<\/p>\n<p class=\"sc-hGPBjI sc-jWWnA bucTdb ZSlOP\">In den 1950er-Jahren, als TUDOR eine der ersten modernen Taucher\u00aduhren f\u00fcr den professionellen Einsatz erschuf, bis in die 1980er-Jahre war die Marke ein regelm\u00e4ssiger Lieferant der franz\u00f6sischen Marine. Mit dem Modell Pelagos FXD \u2013 das \u201eFXD\u201c steht f\u00fcr die besonders robusten, fest am Geh\u00e4use angebrachten Bandstege \u2013 l\u00e4sst TUDOR diese historische Zusammenarbeit wieder aufleben. Es ist f\u00fcr die Unter\u00adwasser\u00adnavigation konzipiert und f\u00fcr den professionellen Einsatz optimiert.<\/p>\n<p>Als kostenlose Zugabe erhalten Sie ein blaues Kautschukarmband mit Webmuster und Titanschliesse.<\/p>\n<\/div>\n<\/div>\n","protected":false},"excerpt":{"rendered":"<p>Die f\u00fcr die franz\u00f6sische Marine entwickelte Pelagos FXD ist bis 200 Meter wasserdicht und hat ein 42 Millimeter grosses Titangeh\u00e4use. F\u00fcr die robuste Taucheruhr haben TUDOR und Julien Faure ein neues und hochgradig technisches Armband entwickelt, das f\u00fcr die speziellen Arbeits\u00adbedingungen von Tauchern der franz\u00f6sischen Marine ausgelegt ist. In den 1950er-Jahren, als TUDOR eine der&#8230;  <a class=\"excerpt-read-more\" href=\"https:\/\/galli.ch\/en\/uhren\/tudor\/pelagos\/fxd-m25707b-26-0001\/\" title=\"Read Tudor Pelagos FXD\">Weiter &raquo;<\/a><\/p>\n","protected":false},"featured_media":11770,"template":"","meta":{"_acf_changed":false,"inline_featured_image":false},"product_brand":[],"product_cat":[188],"product_tag":[],"class_list":{"0":"post-11766","1":"product","2":"type-product","3":"status-publish","4":"has-post-thumbnail","6":"uhrenhersteller-tudor","7":"uhrenhersteller-pelagos","8":"product_cat-uhren","10":"first","11":"outofstock","12":"taxable","13":"shipping-taxable","14":"purchasable","15":"product-type-simple"},"acf":[],"yoast_head":"<!-- This site is optimized with the Yoast SEO plugin v25.5 - https:\/\/yoast.com\/wordpress\/plugins\/seo\/ -->\n<title>Tudor Pelagos FXD - Galli Uhren Bijouterie<\/title>\n<meta name=\"description\" content=\"Die f\u00fcr die franz\u00f6sische Marine entwickelte Pelagos FXD ist bis 200 Meter wasserdicht und hat ein 42 Millimeter grosses Titangeh\u00e4use.\" \/>\n<meta name=\"robots\" content=\"index, follow, max-snippet:-1, max-image-preview:large, max-video-preview:-1\" \/>\n<link rel=\"canonical\" href=\"https:\/\/galli.ch\/uhren\/tudor\/pelagos\/fxd-m25707b-26-0001\/\" \/>\n<meta property=\"og:locale\" content=\"en_US\" \/>\n<meta property=\"og:type\" content=\"article\" \/>\n<meta property=\"og:title\" content=\"Tudor Pelagos FXD - Galli Uhren Bijouterie\" \/>\n<meta property=\"og:description\" content=\"Die f\u00fcr die franz\u00f6sische Marine entwickelte Pelagos FXD ist bis 200 Meter wasserdicht und hat ein 42 Millimeter grosses Titangeh\u00e4use.\" \/>\n<meta property=\"og:url\" content=\"https:\/\/galli.ch\/uhren\/tudor\/pelagos\/fxd-m25707b-26-0001\/\" \/>\n<meta property=\"og:site_name\" content=\"Galli Uhren Bijouterie\" \/>\n<meta property=\"article:modified_time\" content=\"2026-04-21T16:12:29+00:00\" \/>\n<meta property=\"og:image\" content=\"https:\/\/galli.ch\/wp-content\/uploads\/tudor-m25707b-0001.png\" \/>\n\t<meta property=\"og:image:width\" content=\"1000\" \/>\n\t<meta property=\"og:image:height\" content=\"1400\" \/>\n\t<meta property=\"og:image:type\" content=\"image\/png\" \/>\n<meta name=\"twitter:card\" content=\"summary_large_image\" \/>\n<script type=\"application\/ld+json\" class=\"yoast-schema-graph\">{\"@context\":\"https:\/\/schema.org\",\"@graph\":[{\"@type\":\"WebPage\",\"@id\":\"https:\/\/galli.ch\/uhren\/tudor\/pelagos\/fxd-m25707b-26-0001\/\",\"url\":\"https:\/\/galli.ch\/uhren\/tudor\/pelagos\/fxd-m25707b-26-0001\/\",\"name\":\"Tudor Pelagos FXD - Galli Uhren Bijouterie\",\"isPartOf\":{\"@id\":\"http:\/\/galli.ch\/en\/#website\"},\"primaryImageOfPage\":{\"@id\":\"https:\/\/galli.ch\/uhren\/tudor\/pelagos\/fxd-m25707b-26-0001\/#primaryimage\"},\"image\":{\"@id\":\"https:\/\/galli.ch\/uhren\/tudor\/pelagos\/fxd-m25707b-26-0001\/#primaryimage\"},\"thumbnailUrl\":\"https:\/\/galli.ch\/wp-content\/uploads\/tudor-m25707b-0001.png\",\"datePublished\":\"2021-11-10T12:14:55+00:00\",\"dateModified\":\"2026-04-21T16:12:29+00:00\",\"description\":\"Die f\u00fcr die franz\u00f6sische Marine entwickelte Pelagos FXD ist bis 200 Meter wasserdicht und hat ein 42 Millimeter grosses Titangeh\u00e4use.\",\"breadcrumb\":{\"@id\":\"https:\/\/galli.ch\/uhren\/tudor\/pelagos\/fxd-m25707b-26-0001\/#breadcrumb\"},\"inLanguage\":\"en-US\",\"potentialAction\":[{\"@type\":\"ReadAction\",\"target\":[\"https:\/\/galli.ch\/uhren\/tudor\/pelagos\/fxd-m25707b-26-0001\/\"]}]},{\"@type\":\"ImageObject\",\"inLanguage\":\"en-US\",\"@id\":\"https:\/\/galli.ch\/uhren\/tudor\/pelagos\/fxd-m25707b-26-0001\/#primaryimage\",\"url\":\"https:\/\/galli.ch\/wp-content\/uploads\/tudor-m25707b-0001.png\",\"contentUrl\":\"https:\/\/galli.ch\/wp-content\/uploads\/tudor-m25707b-0001.png\",\"width\":1000,\"height\":1400,\"caption\":\"tudor-pelagos-fxd\"},{\"@type\":\"BreadcrumbList\",\"@id\":\"https:\/\/galli.ch\/uhren\/tudor\/pelagos\/fxd-m25707b-26-0001\/#breadcrumb\",\"itemListElement\":[{\"@type\":\"ListItem\",\"position\":1,\"name\":\"Home\",\"item\":\"https:\/\/galli.ch\/en\/\"},{\"@type\":\"ListItem\",\"position\":2,\"name\":\"Uhren\",\"item\":\"https:\/\/galli.ch\/en\/uhren\/\"},{\"@type\":\"ListItem\",\"position\":3,\"name\":\"Tudor Pelagos FXD\"}]},{\"@type\":\"WebSite\",\"@id\":\"http:\/\/galli.ch\/en\/#website\",\"url\":\"http:\/\/galli.ch\/en\/\",\"name\":\"Galli Uhren Bijouterie\",\"description\":\"\",\"potentialAction\":[{\"@type\":\"SearchAction\",\"target\":{\"@type\":\"EntryPoint\",\"urlTemplate\":\"http:\/\/galli.ch\/en\/?s={search_term_string}\"},\"query-input\":{\"@type\":\"PropertyValueSpecification\",\"valueRequired\":true,\"valueName\":\"search_term_string\"}}],\"inLanguage\":\"en-US\"}]}<\/script>\n<!-- \/ Yoast SEO plugin. -->","yoast_head_json":{"title":"Tudor Pelagos FXD - Galli Uhren Bijouterie","description":"Die f\u00fcr die franz\u00f6sische Marine entwickelte Pelagos FXD ist bis 200 Meter wasserdicht und hat ein 42 Millimeter grosses Titangeh\u00e4use.","robots":{"index":"index","follow":"follow","max-snippet":"max-snippet:-1","max-image-preview":"max-image-preview:large","max-video-preview":"max-video-preview:-1"},"canonical":"https:\/\/galli.ch\/uhren\/tudor\/pelagos\/fxd-m25707b-26-0001\/","og_locale":"en_US","og_type":"article","og_title":"Tudor Pelagos FXD - Galli Uhren Bijouterie","og_description":"Die f\u00fcr die franz\u00f6sische Marine entwickelte Pelagos FXD ist bis 200 Meter wasserdicht und hat ein 42 Millimeter grosses Titangeh\u00e4use.","og_url":"https:\/\/galli.ch\/uhren\/tudor\/pelagos\/fxd-m25707b-26-0001\/","og_site_name":"Galli Uhren Bijouterie","article_modified_time":"2026-04-21T16:12:29+00:00","og_image":[{"width":1000,"height":1400,"url":"https:\/\/galli.ch\/wp-content\/uploads\/tudor-m25707b-0001.png","type":"image\/png"}],"twitter_card":"summary_large_image","schema":{"@context":"https:\/\/schema.org","@graph":[{"@type":"WebPage","@id":"https:\/\/galli.ch\/uhren\/tudor\/pelagos\/fxd-m25707b-26-0001\/","url":"https:\/\/galli.ch\/uhren\/tudor\/pelagos\/fxd-m25707b-26-0001\/","name":"Tudor Pelagos FXD - Galli Uhren Bijouterie","isPartOf":{"@id":"http:\/\/galli.ch\/en\/#website"},"primaryImageOfPage":{"@id":"https:\/\/galli.ch\/uhren\/tudor\/pelagos\/fxd-m25707b-26-0001\/#primaryimage"},"image":{"@id":"https:\/\/galli.ch\/uhren\/tudor\/pelagos\/fxd-m25707b-26-0001\/#primaryimage"},"thumbnailUrl":"https:\/\/galli.ch\/wp-content\/uploads\/tudor-m25707b-0001.png","datePublished":"2021-11-10T12:14:55+00:00","dateModified":"2026-04-21T16:12:29+00:00","description":"Die f\u00fcr die franz\u00f6sische Marine entwickelte Pelagos FXD ist bis 200 Meter wasserdicht und hat ein 42 Millimeter grosses Titangeh\u00e4use.","breadcrumb":{"@id":"https:\/\/galli.ch\/uhren\/tudor\/pelagos\/fxd-m25707b-26-0001\/#breadcrumb"},"inLanguage":"en-US","potentialAction":[{"@type":"ReadAction","target":["https:\/\/galli.ch\/uhren\/tudor\/pelagos\/fxd-m25707b-26-0001\/"]}]},{"@type":"ImageObject","inLanguage":"en-US","@id":"https:\/\/galli.ch\/uhren\/tudor\/pelagos\/fxd-m25707b-26-0001\/#primaryimage","url":"https:\/\/galli.ch\/wp-content\/uploads\/tudor-m25707b-0001.png","contentUrl":"https:\/\/galli.ch\/wp-content\/uploads\/tudor-m25707b-0001.png","width":1000,"height":1400,"caption":"tudor-pelagos-fxd"},{"@type":"BreadcrumbList","@id":"https:\/\/galli.ch\/uhren\/tudor\/pelagos\/fxd-m25707b-26-0001\/#breadcrumb","itemListElement":[{"@type":"ListItem","position":1,"name":"Home","item":"https:\/\/galli.ch\/en\/"},{"@type":"ListItem","position":2,"name":"Uhren","item":"https:\/\/galli.ch\/en\/uhren\/"},{"@type":"ListItem","position":3,"name":"Tudor Pelagos FXD"}]},{"@type":"WebSite","@id":"http:\/\/galli.ch\/en\/#website","url":"http:\/\/galli.ch\/en\/","name":"Galli Uhren Bijouterie","description":"","potentialAction":[{"@type":"SearchAction","target":{"@type":"EntryPoint","urlTemplate":"http:\/\/galli.ch\/en\/?s={search_term_string}"},"query-input":{"@type":"PropertyValueSpecification","valueRequired":true,"valueName":"search_term_string"}}],"inLanguage":"en-US"}]}},"_links":{"self":[{"href":"https:\/\/galli.ch\/en\/wp-json\/wp\/v2\/product\/11766","targetHints":{"allow":["GET"]}}],"collection":[{"href":"https:\/\/galli.ch\/en\/wp-json\/wp\/v2\/product"}],"about":[{"href":"https:\/\/galli.ch\/en\/wp-json\/wp\/v2\/types\/product"}],"wp:featuredmedia":[{"embeddable":true,"href":"https:\/\/galli.ch\/en\/wp-json\/wp\/v2\/media\/11770"}],"wp:attachment":[{"href":"https:\/\/galli.ch\/en\/wp-json\/wp\/v2\/media?parent=11766"}],"wp:term":[{"taxonomy":"product_brand","embeddable":true,"href":"https:\/\/galli.ch\/en\/wp-json\/wp\/v2\/product_brand?post=11766"},{"taxonomy":"product_cat","embeddable":true,"href":"https:\/\/galli.ch\/en\/wp-json\/wp\/v2\/product_cat?post=11766"},{"taxonomy":"product_tag","embeddable":true,"href":"https:\/\/galli.ch\/en\/wp-json\/wp\/v2\/product_tag?post=11766"}],"curies":[{"name":"wp","href":"https:\/\/api.w.org\/{rel}","templated":true}]}}