{"id":11876,"date":"2021-11-20T15:21:45","date_gmt":"2021-11-20T13:21:45","guid":{"rendered":"http:\/\/galli.ch\/?post_type=uhren&#038;p=11876"},"modified":"2025-03-13T13:44:38","modified_gmt":"2025-03-13T12:44:38","slug":"super-avi-chronograph-gmt-46-curtiss-warhawk-ab04452a1l1x1","status":"publish","type":"product","link":"https:\/\/galli.ch\/en\/uhren\/breitling\/classic-avi\/super-avi-chronograph-gmt-46-curtiss-warhawk-ab04452a1l1x1\/","title":{"rendered":"Breitling Super AVI Chronograph GMT 46 Curtiss Warhawk"},"content":{"rendered":"<p>Die Super AVI Curtiss Warhawk besticht durch ein milit\u00e4rgr\u00fcnes Zifferblatt, weiss abgesetzte Chronographenz\u00e4hler und rote Akzente. Und sie spielt auf die ber\u00fchmte Haifischmaullackierung am Bug des namensgebenden Flugzeugs an, die ihm seine unverwechselbare Identit\u00e4t verlieh.<\/p>\n<p>Das unverkennbare Design der Super AVI zeichnet sich unter anderem durch grosse, gut lesbare arabische Ziffern auf dem Zifferblatt und der L\u00fcnette aus. Das robuste Geh\u00e4use hat einen Durchmesser von 46 mm, die \u00fcberdimensionierte Krone befindet sich an der 3-Uhr-Position. Die geriffelte L\u00fcnette sorgt f\u00fcr optimale Griffigkeit, w\u00e4hrend das Kalbslederarmband mit Ziernaht optisch an die Leder-Fliegerausr\u00fcstung der zitierten \u00c4ra erinnert.<\/p>\n<p>Angetrieben wird die Super AVI vom COSC-zertifizieren Breitling Manufakturkaliber B04, das eine Gangreserve von etwa 70 Stunden bietet.<\/p>\n","protected":false},"excerpt":{"rendered":"<p>Die Super AVI Curtiss Warhawk besticht durch ein milit\u00e4rgr\u00fcnes Zifferblatt, weiss abgesetzte Chronographenz\u00e4hler und rote Akzente. Und sie spielt auf die ber\u00fchmte Haifischmaullackierung am Bug des namensgebenden Flugzeugs an, die ihm seine unverwechselbare Identit\u00e4t verlieh. Das unverkennbare Design der Super AVI zeichnet sich unter anderem durch grosse, gut lesbare arabische Ziffern auf dem Zifferblatt und&#8230;  <a class=\"excerpt-read-more\" href=\"https:\/\/galli.ch\/en\/uhren\/breitling\/classic-avi\/super-avi-chronograph-gmt-46-curtiss-warhawk-ab04452a1l1x1\/\" title=\"Read Breitling Super AVI Chronograph GMT 46 Curtiss Warhawk\">Weiter &raquo;<\/a><\/p>\n","protected":false},"featured_media":11848,"template":"","meta":{"_acf_changed":false,"inline_featured_image":false},"product_brand":[],"product_cat":[188],"product_tag":[],"class_list":{"0":"post-11876","1":"product","2":"type-product","3":"status-publish","4":"has-post-thumbnail","6":"uhrenhersteller-breitling","7":"uhrenhersteller-classic-avi","8":"product_cat-uhren","10":"first","11":"outofstock","12":"taxable","13":"shipping-taxable","14":"purchasable","15":"product-type-simple"},"acf":[],"yoast_head":"<!-- This site is optimized with the Yoast SEO plugin v25.5 - https:\/\/yoast.com\/wordpress\/plugins\/seo\/ -->\n<title>Breitling Super AVI Chronograph GMT 46 Curtiss Warhawk - Galli Uhren Bijouterie<\/title>\n<meta name=\"robots\" content=\"index, follow, max-snippet:-1, max-image-preview:large, max-video-preview:-1\" \/>\n<link rel=\"canonical\" href=\"https:\/\/galli.ch\/uhren\/breitling\/classic-avi\/super-avi-chronograph-gmt-46-curtiss-warhawk-ab04452a1l1x1\/\" \/>\n<meta property=\"og:locale\" content=\"en_US\" \/>\n<meta property=\"og:type\" content=\"article\" \/>\n<meta property=\"og:title\" content=\"Breitling Super AVI Chronograph GMT 46 Curtiss Warhawk - Galli Uhren Bijouterie\" \/>\n<meta property=\"og:description\" content=\"Die Super AVI Curtiss Warhawk besticht durch ein milit\u00e4rgr\u00fcnes Zifferblatt, weiss abgesetzte Chronographenz\u00e4hler und rote Akzente. Und sie spielt auf die ber\u00fchmte Haifischmaullackierung am Bug des namensgebenden Flugzeugs an, die ihm seine unverwechselbare Identit\u00e4t verlieh. Das unverkennbare Design der Super AVI zeichnet sich unter anderem durch grosse, gut lesbare arabische Ziffern auf dem Zifferblatt und... Weiter &raquo;\" \/>\n<meta property=\"og:url\" content=\"https:\/\/galli.ch\/uhren\/breitling\/classic-avi\/super-avi-chronograph-gmt-46-curtiss-warhawk-ab04452a1l1x1\/\" \/>\n<meta property=\"og:site_name\" content=\"Galli Uhren Bijouterie\" \/>\n<meta property=\"article:modified_time\" content=\"2025-03-13T12:44:38+00:00\" \/>\n<meta property=\"og:image\" content=\"https:\/\/galli.ch\/wp-content\/uploads\/33_breitling-super-avi-curtiss-warhawk_ref.png\" \/>\n\t<meta property=\"og:image:width\" content=\"1000\" \/>\n\t<meta property=\"og:image:height\" content=\"1400\" \/>\n\t<meta property=\"og:image:type\" content=\"image\/png\" \/>\n<meta name=\"twitter:card\" content=\"summary_large_image\" \/>\n<script type=\"application\/ld+json\" class=\"yoast-schema-graph\">{\"@context\":\"https:\/\/schema.org\",\"@graph\":[{\"@type\":\"WebPage\",\"@id\":\"https:\/\/galli.ch\/uhren\/breitling\/classic-avi\/super-avi-chronograph-gmt-46-curtiss-warhawk-ab04452a1l1x1\/\",\"url\":\"https:\/\/galli.ch\/uhren\/breitling\/classic-avi\/super-avi-chronograph-gmt-46-curtiss-warhawk-ab04452a1l1x1\/\",\"name\":\"Breitling Super AVI Chronograph GMT 46 Curtiss Warhawk - Galli Uhren Bijouterie\",\"isPartOf\":{\"@id\":\"http:\/\/galli.ch\/en\/#website\"},\"primaryImageOfPage\":{\"@id\":\"https:\/\/galli.ch\/uhren\/breitling\/classic-avi\/super-avi-chronograph-gmt-46-curtiss-warhawk-ab04452a1l1x1\/#primaryimage\"},\"image\":{\"@id\":\"https:\/\/galli.ch\/uhren\/breitling\/classic-avi\/super-avi-chronograph-gmt-46-curtiss-warhawk-ab04452a1l1x1\/#primaryimage\"},\"thumbnailUrl\":\"https:\/\/galli.ch\/wp-content\/uploads\/33_breitling-super-avi-curtiss-warhawk_ref.png\",\"datePublished\":\"2021-11-20T13:21:45+00:00\",\"dateModified\":\"2025-03-13T12:44:38+00:00\",\"breadcrumb\":{\"@id\":\"https:\/\/galli.ch\/uhren\/breitling\/classic-avi\/super-avi-chronograph-gmt-46-curtiss-warhawk-ab04452a1l1x1\/#breadcrumb\"},\"inLanguage\":\"en-US\",\"potentialAction\":[{\"@type\":\"ReadAction\",\"target\":[\"https:\/\/galli.ch\/uhren\/breitling\/classic-avi\/super-avi-chronograph-gmt-46-curtiss-warhawk-ab04452a1l1x1\/\"]}]},{\"@type\":\"ImageObject\",\"inLanguage\":\"en-US\",\"@id\":\"https:\/\/galli.ch\/uhren\/breitling\/classic-avi\/super-avi-chronograph-gmt-46-curtiss-warhawk-ab04452a1l1x1\/#primaryimage\",\"url\":\"https:\/\/galli.ch\/wp-content\/uploads\/33_breitling-super-avi-curtiss-warhawk_ref.png\",\"contentUrl\":\"https:\/\/galli.ch\/wp-content\/uploads\/33_breitling-super-avi-curtiss-warhawk_ref.png\",\"width\":1000,\"height\":1400,\"caption\":\"breitling-super-avi-curtiss-warhawk\"},{\"@type\":\"BreadcrumbList\",\"@id\":\"https:\/\/galli.ch\/uhren\/breitling\/classic-avi\/super-avi-chronograph-gmt-46-curtiss-warhawk-ab04452a1l1x1\/#breadcrumb\",\"itemListElement\":[{\"@type\":\"ListItem\",\"position\":1,\"name\":\"Home\",\"item\":\"https:\/\/galli.ch\/en\/\"},{\"@type\":\"ListItem\",\"position\":2,\"name\":\"Uhren\",\"item\":\"https:\/\/galli.ch\/en\/uhren\/\"},{\"@type\":\"ListItem\",\"position\":3,\"name\":\"Super AVI Chronograph GMT 46 Curtiss Warhawk\"}]},{\"@type\":\"WebSite\",\"@id\":\"http:\/\/galli.ch\/en\/#website\",\"url\":\"http:\/\/galli.ch\/en\/\",\"name\":\"Galli Uhren Bijouterie\",\"description\":\"\",\"potentialAction\":[{\"@type\":\"SearchAction\",\"target\":{\"@type\":\"EntryPoint\",\"urlTemplate\":\"http:\/\/galli.ch\/en\/?s={search_term_string}\"},\"query-input\":{\"@type\":\"PropertyValueSpecification\",\"valueRequired\":true,\"valueName\":\"search_term_string\"}}],\"inLanguage\":\"en-US\"}]}<\/script>\n<!-- \/ Yoast SEO plugin. -->","yoast_head_json":{"title":"Breitling Super AVI Chronograph GMT 46 Curtiss Warhawk - Galli Uhren Bijouterie","robots":{"index":"index","follow":"follow","max-snippet":"max-snippet:-1","max-image-preview":"max-image-preview:large","max-video-preview":"max-video-preview:-1"},"canonical":"https:\/\/galli.ch\/uhren\/breitling\/classic-avi\/super-avi-chronograph-gmt-46-curtiss-warhawk-ab04452a1l1x1\/","og_locale":"en_US","og_type":"article","og_title":"Breitling Super AVI Chronograph GMT 46 Curtiss Warhawk - Galli Uhren Bijouterie","og_description":"Die Super AVI Curtiss Warhawk besticht durch ein milit\u00e4rgr\u00fcnes Zifferblatt, weiss abgesetzte Chronographenz\u00e4hler und rote Akzente. Und sie spielt auf die ber\u00fchmte Haifischmaullackierung am Bug des namensgebenden Flugzeugs an, die ihm seine unverwechselbare Identit\u00e4t verlieh. Das unverkennbare Design der Super AVI zeichnet sich unter anderem durch grosse, gut lesbare arabische Ziffern auf dem Zifferblatt und... Weiter &raquo;","og_url":"https:\/\/galli.ch\/uhren\/breitling\/classic-avi\/super-avi-chronograph-gmt-46-curtiss-warhawk-ab04452a1l1x1\/","og_site_name":"Galli Uhren Bijouterie","article_modified_time":"2025-03-13T12:44:38+00:00","og_image":[{"width":1000,"height":1400,"url":"https:\/\/galli.ch\/wp-content\/uploads\/33_breitling-super-avi-curtiss-warhawk_ref.png","type":"image\/png"}],"twitter_card":"summary_large_image","schema":{"@context":"https:\/\/schema.org","@graph":[{"@type":"WebPage","@id":"https:\/\/galli.ch\/uhren\/breitling\/classic-avi\/super-avi-chronograph-gmt-46-curtiss-warhawk-ab04452a1l1x1\/","url":"https:\/\/galli.ch\/uhren\/breitling\/classic-avi\/super-avi-chronograph-gmt-46-curtiss-warhawk-ab04452a1l1x1\/","name":"Breitling Super AVI Chronograph GMT 46 Curtiss Warhawk - Galli Uhren Bijouterie","isPartOf":{"@id":"http:\/\/galli.ch\/en\/#website"},"primaryImageOfPage":{"@id":"https:\/\/galli.ch\/uhren\/breitling\/classic-avi\/super-avi-chronograph-gmt-46-curtiss-warhawk-ab04452a1l1x1\/#primaryimage"},"image":{"@id":"https:\/\/galli.ch\/uhren\/breitling\/classic-avi\/super-avi-chronograph-gmt-46-curtiss-warhawk-ab04452a1l1x1\/#primaryimage"},"thumbnailUrl":"https:\/\/galli.ch\/wp-content\/uploads\/33_breitling-super-avi-curtiss-warhawk_ref.png","datePublished":"2021-11-20T13:21:45+00:00","dateModified":"2025-03-13T12:44:38+00:00","breadcrumb":{"@id":"https:\/\/galli.ch\/uhren\/breitling\/classic-avi\/super-avi-chronograph-gmt-46-curtiss-warhawk-ab04452a1l1x1\/#breadcrumb"},"inLanguage":"en-US","potentialAction":[{"@type":"ReadAction","target":["https:\/\/galli.ch\/uhren\/breitling\/classic-avi\/super-avi-chronograph-gmt-46-curtiss-warhawk-ab04452a1l1x1\/"]}]},{"@type":"ImageObject","inLanguage":"en-US","@id":"https:\/\/galli.ch\/uhren\/breitling\/classic-avi\/super-avi-chronograph-gmt-46-curtiss-warhawk-ab04452a1l1x1\/#primaryimage","url":"https:\/\/galli.ch\/wp-content\/uploads\/33_breitling-super-avi-curtiss-warhawk_ref.png","contentUrl":"https:\/\/galli.ch\/wp-content\/uploads\/33_breitling-super-avi-curtiss-warhawk_ref.png","width":1000,"height":1400,"caption":"breitling-super-avi-curtiss-warhawk"},{"@type":"BreadcrumbList","@id":"https:\/\/galli.ch\/uhren\/breitling\/classic-avi\/super-avi-chronograph-gmt-46-curtiss-warhawk-ab04452a1l1x1\/#breadcrumb","itemListElement":[{"@type":"ListItem","position":1,"name":"Home","item":"https:\/\/galli.ch\/en\/"},{"@type":"ListItem","position":2,"name":"Uhren","item":"https:\/\/galli.ch\/en\/uhren\/"},{"@type":"ListItem","position":3,"name":"Super AVI Chronograph GMT 46 Curtiss Warhawk"}]},{"@type":"WebSite","@id":"http:\/\/galli.ch\/en\/#website","url":"http:\/\/galli.ch\/en\/","name":"Galli Uhren Bijouterie","description":"","potentialAction":[{"@type":"SearchAction","target":{"@type":"EntryPoint","urlTemplate":"http:\/\/galli.ch\/en\/?s={search_term_string}"},"query-input":{"@type":"PropertyValueSpecification","valueRequired":true,"valueName":"search_term_string"}}],"inLanguage":"en-US"}]}},"_links":{"self":[{"href":"https:\/\/galli.ch\/en\/wp-json\/wp\/v2\/product\/11876","targetHints":{"allow":["GET"]}}],"collection":[{"href":"https:\/\/galli.ch\/en\/wp-json\/wp\/v2\/product"}],"about":[{"href":"https:\/\/galli.ch\/en\/wp-json\/wp\/v2\/types\/product"}],"wp:featuredmedia":[{"embeddable":true,"href":"https:\/\/galli.ch\/en\/wp-json\/wp\/v2\/media\/11848"}],"wp:attachment":[{"href":"https:\/\/galli.ch\/en\/wp-json\/wp\/v2\/media?parent=11876"}],"wp:term":[{"taxonomy":"product_brand","embeddable":true,"href":"https:\/\/galli.ch\/en\/wp-json\/wp\/v2\/product_brand?post=11876"},{"taxonomy":"product_cat","embeddable":true,"href":"https:\/\/galli.ch\/en\/wp-json\/wp\/v2\/product_cat?post=11876"},{"taxonomy":"product_tag","embeddable":true,"href":"https:\/\/galli.ch\/en\/wp-json\/wp\/v2\/product_tag?post=11876"}],"curies":[{"name":"wp","href":"https:\/\/api.w.org\/{rel}","templated":true}]}}