{"id":12038,"date":"2021-12-02T13:06:55","date_gmt":"2021-12-02T11:06:55","guid":{"rendered":"http:\/\/galli.ch\/?post_type=uhren&#038;p=12038"},"modified":"2026-03-30T10:11:16","modified_gmt":"2026-03-30T08:11:16","slug":"evidenza-l2-142-4-70-6","status":"publish","type":"product","link":"https:\/\/galli.ch\/en\/uhren\/longines\/elegant\/evidenza-l2-142-4-70-6\/","title":{"rendered":"Longines Evidenza"},"content":{"rendered":"<p>Wie k\u00f6nnte man die 1920er Jahre vergessen? Eine Zeit rasanter Ver\u00e4nderungen auf der ganzen Welt, angefangen bei massgeblichen Fortschritten auf vielen Gebieten bis hin zu einer unglaublichen Entfaltung der Freiheit von K\u00fcnstlern und Designern. Mode und Design verwarfen strenge, jahrhundertealte Regeln w\u00e4hrend pers\u00f6nliche Accessoires jeder Art immer bequemer, kompakter und modischer wurden.<\/p>\n<p>Die Damen- und Herrenuhren der Longines evidenza Kollektion sind von diesen umfassenden Ver\u00e4nderungen der Gewohnheiten und Moden inspiriert. Das typische Design der Longines evidenza geht auf ein Modell aus dem Jahr 1925 zur\u00fcck, w\u00e4hrend ihre Tonneau-Form sogar von einem Longines Modell aus dem Jahr 1911 stammt.<\/p>\n","protected":false},"excerpt":{"rendered":"<p>Wie k\u00f6nnte man die 1920er Jahre vergessen? Eine Zeit rasanter Ver\u00e4nderungen auf der ganzen Welt, angefangen bei massgeblichen Fortschritten auf vielen Gebieten bis hin zu einer unglaublichen Entfaltung der Freiheit von K\u00fcnstlern und Designern. Mode und Design verwarfen strenge, jahrhundertealte Regeln w\u00e4hrend pers\u00f6nliche Accessoires jeder Art immer bequemer, kompakter und modischer wurden. Die Damen- und&#8230;  <a class=\"excerpt-read-more\" href=\"https:\/\/galli.ch\/en\/uhren\/longines\/elegant\/evidenza-l2-142-4-70-6\/\" title=\"Read Longines Evidenza\">Weiter &raquo;<\/a><\/p>\n","protected":false},"featured_media":12020,"template":"","meta":{"_acf_changed":false,"inline_featured_image":false},"product_brand":[],"product_cat":[188],"product_tag":[],"class_list":{"0":"post-12038","1":"product","2":"type-product","3":"status-publish","4":"has-post-thumbnail","6":"uhrenhersteller-longines","7":"uhrenhersteller-elegant","8":"product_cat-uhren","10":"first","11":"instock","12":"taxable","13":"shipping-taxable","14":"purchasable","15":"product-type-simple"},"acf":[],"yoast_head":"<!-- This site is optimized with the Yoast SEO plugin v25.5 - https:\/\/yoast.com\/wordpress\/plugins\/seo\/ -->\n<title>Longines Evidenza - Galli Uhren Bijouterie<\/title>\n<meta name=\"robots\" content=\"index, follow, max-snippet:-1, max-image-preview:large, max-video-preview:-1\" \/>\n<link rel=\"canonical\" href=\"https:\/\/galli.ch\/uhren\/longines\/elegant\/evidenza-l2-142-4-70-6\/\" \/>\n<meta property=\"og:locale\" content=\"en_US\" \/>\n<meta property=\"og:type\" content=\"article\" \/>\n<meta property=\"og:title\" content=\"Longines Evidenza - Galli Uhren Bijouterie\" \/>\n<meta property=\"og:description\" content=\"Wie k\u00f6nnte man die 1920er Jahre vergessen? Eine Zeit rasanter Ver\u00e4nderungen auf der ganzen Welt, angefangen bei massgeblichen Fortschritten auf vielen Gebieten bis hin zu einer unglaublichen Entfaltung der Freiheit von K\u00fcnstlern und Designern. Mode und Design verwarfen strenge, jahrhundertealte Regeln w\u00e4hrend pers\u00f6nliche Accessoires jeder Art immer bequemer, kompakter und modischer wurden. Die Damen- und... Weiter &raquo;\" \/>\n<meta property=\"og:url\" content=\"https:\/\/galli.ch\/uhren\/longines\/elegant\/evidenza-l2-142-4-70-6\/\" \/>\n<meta property=\"og:site_name\" content=\"Galli Uhren Bijouterie\" \/>\n<meta property=\"article:modified_time\" content=\"2026-03-30T08:11:16+00:00\" \/>\n<meta property=\"og:image\" content=\"https:\/\/galli.ch\/wp-content\/uploads\/longines-evidenza-l2-142-4-70-6-2000x2000-1.png\" \/>\n\t<meta property=\"og:image:width\" content=\"1000\" \/>\n\t<meta property=\"og:image:height\" content=\"1400\" \/>\n\t<meta property=\"og:image:type\" content=\"image\/png\" \/>\n<meta name=\"twitter:card\" content=\"summary_large_image\" \/>\n<script type=\"application\/ld+json\" class=\"yoast-schema-graph\">{\"@context\":\"https:\/\/schema.org\",\"@graph\":[{\"@type\":\"WebPage\",\"@id\":\"https:\/\/galli.ch\/uhren\/longines\/elegant\/evidenza-l2-142-4-70-6\/\",\"url\":\"https:\/\/galli.ch\/uhren\/longines\/elegant\/evidenza-l2-142-4-70-6\/\",\"name\":\"Longines Evidenza - Galli Uhren Bijouterie\",\"isPartOf\":{\"@id\":\"http:\/\/galli.ch\/en\/#website\"},\"primaryImageOfPage\":{\"@id\":\"https:\/\/galli.ch\/uhren\/longines\/elegant\/evidenza-l2-142-4-70-6\/#primaryimage\"},\"image\":{\"@id\":\"https:\/\/galli.ch\/uhren\/longines\/elegant\/evidenza-l2-142-4-70-6\/#primaryimage\"},\"thumbnailUrl\":\"https:\/\/galli.ch\/wp-content\/uploads\/longines-evidenza-l2-142-4-70-6-2000x2000-1.png\",\"datePublished\":\"2021-12-02T11:06:55+00:00\",\"dateModified\":\"2026-03-30T08:11:16+00:00\",\"breadcrumb\":{\"@id\":\"https:\/\/galli.ch\/uhren\/longines\/elegant\/evidenza-l2-142-4-70-6\/#breadcrumb\"},\"inLanguage\":\"en-US\",\"potentialAction\":[{\"@type\":\"ReadAction\",\"target\":[\"https:\/\/galli.ch\/uhren\/longines\/elegant\/evidenza-l2-142-4-70-6\/\"]}]},{\"@type\":\"ImageObject\",\"inLanguage\":\"en-US\",\"@id\":\"https:\/\/galli.ch\/uhren\/longines\/elegant\/evidenza-l2-142-4-70-6\/#primaryimage\",\"url\":\"https:\/\/galli.ch\/wp-content\/uploads\/longines-evidenza-l2-142-4-70-6-2000x2000-1.png\",\"contentUrl\":\"https:\/\/galli.ch\/wp-content\/uploads\/longines-evidenza-l2-142-4-70-6-2000x2000-1.png\",\"width\":1000,\"height\":1400,\"caption\":\"longines-evidenza-galli-zurich\"},{\"@type\":\"BreadcrumbList\",\"@id\":\"https:\/\/galli.ch\/uhren\/longines\/elegant\/evidenza-l2-142-4-70-6\/#breadcrumb\",\"itemListElement\":[{\"@type\":\"ListItem\",\"position\":1,\"name\":\"Home\",\"item\":\"https:\/\/galli.ch\/en\/\"},{\"@type\":\"ListItem\",\"position\":2,\"name\":\"Uhren\",\"item\":\"https:\/\/galli.ch\/en\/uhren\/\"},{\"@type\":\"ListItem\",\"position\":3,\"name\":\"Evidenza\"}]},{\"@type\":\"WebSite\",\"@id\":\"http:\/\/galli.ch\/en\/#website\",\"url\":\"http:\/\/galli.ch\/en\/\",\"name\":\"Galli Uhren Bijouterie\",\"description\":\"\",\"potentialAction\":[{\"@type\":\"SearchAction\",\"target\":{\"@type\":\"EntryPoint\",\"urlTemplate\":\"http:\/\/galli.ch\/en\/?s={search_term_string}\"},\"query-input\":{\"@type\":\"PropertyValueSpecification\",\"valueRequired\":true,\"valueName\":\"search_term_string\"}}],\"inLanguage\":\"en-US\"}]}<\/script>\n<!-- \/ Yoast SEO plugin. -->","yoast_head_json":{"title":"Longines Evidenza - Galli Uhren Bijouterie","robots":{"index":"index","follow":"follow","max-snippet":"max-snippet:-1","max-image-preview":"max-image-preview:large","max-video-preview":"max-video-preview:-1"},"canonical":"https:\/\/galli.ch\/uhren\/longines\/elegant\/evidenza-l2-142-4-70-6\/","og_locale":"en_US","og_type":"article","og_title":"Longines Evidenza - Galli Uhren Bijouterie","og_description":"Wie k\u00f6nnte man die 1920er Jahre vergessen? Eine Zeit rasanter Ver\u00e4nderungen auf der ganzen Welt, angefangen bei massgeblichen Fortschritten auf vielen Gebieten bis hin zu einer unglaublichen Entfaltung der Freiheit von K\u00fcnstlern und Designern. Mode und Design verwarfen strenge, jahrhundertealte Regeln w\u00e4hrend pers\u00f6nliche Accessoires jeder Art immer bequemer, kompakter und modischer wurden. Die Damen- und... Weiter &raquo;","og_url":"https:\/\/galli.ch\/uhren\/longines\/elegant\/evidenza-l2-142-4-70-6\/","og_site_name":"Galli Uhren Bijouterie","article_modified_time":"2026-03-30T08:11:16+00:00","og_image":[{"width":1000,"height":1400,"url":"https:\/\/galli.ch\/wp-content\/uploads\/longines-evidenza-l2-142-4-70-6-2000x2000-1.png","type":"image\/png"}],"twitter_card":"summary_large_image","schema":{"@context":"https:\/\/schema.org","@graph":[{"@type":"WebPage","@id":"https:\/\/galli.ch\/uhren\/longines\/elegant\/evidenza-l2-142-4-70-6\/","url":"https:\/\/galli.ch\/uhren\/longines\/elegant\/evidenza-l2-142-4-70-6\/","name":"Longines Evidenza - Galli Uhren Bijouterie","isPartOf":{"@id":"http:\/\/galli.ch\/en\/#website"},"primaryImageOfPage":{"@id":"https:\/\/galli.ch\/uhren\/longines\/elegant\/evidenza-l2-142-4-70-6\/#primaryimage"},"image":{"@id":"https:\/\/galli.ch\/uhren\/longines\/elegant\/evidenza-l2-142-4-70-6\/#primaryimage"},"thumbnailUrl":"https:\/\/galli.ch\/wp-content\/uploads\/longines-evidenza-l2-142-4-70-6-2000x2000-1.png","datePublished":"2021-12-02T11:06:55+00:00","dateModified":"2026-03-30T08:11:16+00:00","breadcrumb":{"@id":"https:\/\/galli.ch\/uhren\/longines\/elegant\/evidenza-l2-142-4-70-6\/#breadcrumb"},"inLanguage":"en-US","potentialAction":[{"@type":"ReadAction","target":["https:\/\/galli.ch\/uhren\/longines\/elegant\/evidenza-l2-142-4-70-6\/"]}]},{"@type":"ImageObject","inLanguage":"en-US","@id":"https:\/\/galli.ch\/uhren\/longines\/elegant\/evidenza-l2-142-4-70-6\/#primaryimage","url":"https:\/\/galli.ch\/wp-content\/uploads\/longines-evidenza-l2-142-4-70-6-2000x2000-1.png","contentUrl":"https:\/\/galli.ch\/wp-content\/uploads\/longines-evidenza-l2-142-4-70-6-2000x2000-1.png","width":1000,"height":1400,"caption":"longines-evidenza-galli-zurich"},{"@type":"BreadcrumbList","@id":"https:\/\/galli.ch\/uhren\/longines\/elegant\/evidenza-l2-142-4-70-6\/#breadcrumb","itemListElement":[{"@type":"ListItem","position":1,"name":"Home","item":"https:\/\/galli.ch\/en\/"},{"@type":"ListItem","position":2,"name":"Uhren","item":"https:\/\/galli.ch\/en\/uhren\/"},{"@type":"ListItem","position":3,"name":"Evidenza"}]},{"@type":"WebSite","@id":"http:\/\/galli.ch\/en\/#website","url":"http:\/\/galli.ch\/en\/","name":"Galli Uhren Bijouterie","description":"","potentialAction":[{"@type":"SearchAction","target":{"@type":"EntryPoint","urlTemplate":"http:\/\/galli.ch\/en\/?s={search_term_string}"},"query-input":{"@type":"PropertyValueSpecification","valueRequired":true,"valueName":"search_term_string"}}],"inLanguage":"en-US"}]}},"_links":{"self":[{"href":"https:\/\/galli.ch\/en\/wp-json\/wp\/v2\/product\/12038","targetHints":{"allow":["GET"]}}],"collection":[{"href":"https:\/\/galli.ch\/en\/wp-json\/wp\/v2\/product"}],"about":[{"href":"https:\/\/galli.ch\/en\/wp-json\/wp\/v2\/types\/product"}],"wp:featuredmedia":[{"embeddable":true,"href":"https:\/\/galli.ch\/en\/wp-json\/wp\/v2\/media\/12020"}],"wp:attachment":[{"href":"https:\/\/galli.ch\/en\/wp-json\/wp\/v2\/media?parent=12038"}],"wp:term":[{"taxonomy":"product_brand","embeddable":true,"href":"https:\/\/galli.ch\/en\/wp-json\/wp\/v2\/product_brand?post=12038"},{"taxonomy":"product_cat","embeddable":true,"href":"https:\/\/galli.ch\/en\/wp-json\/wp\/v2\/product_cat?post=12038"},{"taxonomy":"product_tag","embeddable":true,"href":"https:\/\/galli.ch\/en\/wp-json\/wp\/v2\/product_tag?post=12038"}],"curies":[{"name":"wp","href":"https:\/\/api.w.org\/{rel}","templated":true}]}}