{"id":12110,"date":"2021-12-09T17:07:45","date_gmt":"2021-12-09T15:07:45","guid":{"rendered":"http:\/\/galli.ch\/?post_type=schmuck&#038;p=12110"},"modified":"2025-03-13T13:44:39","modified_gmt":"2025-03-13T12:44:39","slug":"fleur-ring-rotgold-1114-04982-5600","status":"publish","type":"product","link":"https:\/\/galli.ch\/en\/schmuck\/odenwald\/fleur-ring-rotgold-1114-04982-5600\/","title":{"rendered":"Odenwald Fleur Ring Rotgold"},"content":{"rendered":"<p>Seit 1882 fertigt Odenwald in ihrer traditionellen Manufaktur hochwertigen Goldschmuck aus der Goldstadt Pforzheim. Von Generation zu Generation wurden die Werte Handarbeit, Kreativit\u00e4t und Individualit\u00e4t weitergegeben. Diese Tradition und die Begeisterung f\u00fcr wertvollen, besonderen Schmuck lassen uns f\u00fcr Sie immer wieder neue Ideen schaffen.<\/p>\n<p>Die Kreation Fleur ist im 2021 geboren. Kunstvoll gefertigt und von spielerischer Leichtigkeit, korrespondiert die wie geflochten anmutende, ausdrucksstarke Ringschiene mit dem funkelnden Farbenspiel der 18 verschieden bunten Safiren.<\/p>\n","protected":false},"excerpt":{"rendered":"<p>Seit 1882 fertigt Odenwald in ihrer traditionellen Manufaktur hochwertigen Goldschmuck aus der Goldstadt Pforzheim. Von Generation zu Generation wurden die Werte Handarbeit, Kreativit\u00e4t und Individualit\u00e4t weitergegeben. Diese Tradition und die Begeisterung f\u00fcr wertvollen, besonderen Schmuck lassen uns f\u00fcr Sie immer wieder neue Ideen schaffen. Die Kreation Fleur ist im 2021 geboren. Kunstvoll gefertigt und von&#8230;  <a class=\"excerpt-read-more\" href=\"https:\/\/galli.ch\/en\/schmuck\/odenwald\/fleur-ring-rotgold-1114-04982-5600\/\" title=\"Read Odenwald Fleur Ring Rotgold\">Weiter &raquo;<\/a><\/p>\n","protected":false},"featured_media":12129,"template":"","meta":{"_acf_changed":false,"inline_featured_image":false},"product_brand":[],"product_cat":[189],"product_tag":[],"class_list":{"0":"post-12110","1":"product","2":"type-product","3":"status-publish","4":"has-post-thumbnail","6":"schmuckhersteller-odenwald","7":"product_cat-schmuck","9":"first","10":"instock","11":"taxable","12":"shipping-taxable","13":"purchasable","14":"product-type-simple"},"acf":[],"yoast_head":"<!-- This site is optimized with the Yoast SEO plugin v25.5 - https:\/\/yoast.com\/wordpress\/plugins\/seo\/ -->\n<title>Odenwald Fleur Ring Rotgold - Galli Uhren Bijouterie<\/title>\n<meta name=\"robots\" content=\"index, follow, max-snippet:-1, max-image-preview:large, max-video-preview:-1\" \/>\n<link rel=\"canonical\" href=\"https:\/\/galli.ch\/schmuck\/odenwald\/fleur-ring-rotgold-1114-04982-5600\/\" \/>\n<meta property=\"og:locale\" content=\"en_US\" \/>\n<meta property=\"og:type\" content=\"article\" \/>\n<meta property=\"og:title\" content=\"Odenwald Fleur Ring Rotgold - Galli Uhren Bijouterie\" \/>\n<meta property=\"og:description\" content=\"Seit 1882 fertigt Odenwald in ihrer traditionellen Manufaktur hochwertigen Goldschmuck aus der Goldstadt Pforzheim. Von Generation zu Generation wurden die Werte Handarbeit, Kreativit\u00e4t und Individualit\u00e4t weitergegeben. Diese Tradition und die Begeisterung f\u00fcr wertvollen, besonderen Schmuck lassen uns f\u00fcr Sie immer wieder neue Ideen schaffen. Die Kreation Fleur ist im 2021 geboren. Kunstvoll gefertigt und von... Weiter &raquo;\" \/>\n<meta property=\"og:url\" content=\"https:\/\/galli.ch\/schmuck\/odenwald\/fleur-ring-rotgold-1114-04982-5600\/\" \/>\n<meta property=\"og:site_name\" content=\"Galli Uhren Bijouterie\" \/>\n<meta property=\"article:modified_time\" content=\"2025-03-13T12:44:39+00:00\" \/>\n<meta property=\"og:image\" content=\"https:\/\/galli.ch\/wp-content\/uploads\/33834_Fleur_od_58045_200__CMYK_300dpi.png\" \/>\n\t<meta property=\"og:image:width\" content=\"1000\" \/>\n\t<meta property=\"og:image:height\" content=\"1400\" \/>\n\t<meta property=\"og:image:type\" content=\"image\/png\" \/>\n<meta name=\"twitter:card\" content=\"summary_large_image\" \/>\n<script type=\"application\/ld+json\" class=\"yoast-schema-graph\">{\"@context\":\"https:\/\/schema.org\",\"@graph\":[{\"@type\":\"WebPage\",\"@id\":\"https:\/\/galli.ch\/schmuck\/odenwald\/fleur-ring-rotgold-1114-04982-5600\/\",\"url\":\"https:\/\/galli.ch\/schmuck\/odenwald\/fleur-ring-rotgold-1114-04982-5600\/\",\"name\":\"Odenwald Fleur Ring Rotgold - Galli Uhren Bijouterie\",\"isPartOf\":{\"@id\":\"http:\/\/galli.ch\/en\/#website\"},\"primaryImageOfPage\":{\"@id\":\"https:\/\/galli.ch\/schmuck\/odenwald\/fleur-ring-rotgold-1114-04982-5600\/#primaryimage\"},\"image\":{\"@id\":\"https:\/\/galli.ch\/schmuck\/odenwald\/fleur-ring-rotgold-1114-04982-5600\/#primaryimage\"},\"thumbnailUrl\":\"https:\/\/galli.ch\/wp-content\/uploads\/33834_Fleur_od_58045_200__CMYK_300dpi.png\",\"datePublished\":\"2021-12-09T15:07:45+00:00\",\"dateModified\":\"2025-03-13T12:44:39+00:00\",\"breadcrumb\":{\"@id\":\"https:\/\/galli.ch\/schmuck\/odenwald\/fleur-ring-rotgold-1114-04982-5600\/#breadcrumb\"},\"inLanguage\":\"en-US\",\"potentialAction\":[{\"@type\":\"ReadAction\",\"target\":[\"https:\/\/galli.ch\/schmuck\/odenwald\/fleur-ring-rotgold-1114-04982-5600\/\"]}]},{\"@type\":\"ImageObject\",\"inLanguage\":\"en-US\",\"@id\":\"https:\/\/galli.ch\/schmuck\/odenwald\/fleur-ring-rotgold-1114-04982-5600\/#primaryimage\",\"url\":\"https:\/\/galli.ch\/wp-content\/uploads\/33834_Fleur_od_58045_200__CMYK_300dpi.png\",\"contentUrl\":\"https:\/\/galli.ch\/wp-content\/uploads\/33834_Fleur_od_58045_200__CMYK_300dpi.png\",\"width\":1000,\"height\":1400,\"caption\":\"odenwald-fluer-ring-rotgold\"},{\"@type\":\"BreadcrumbList\",\"@id\":\"https:\/\/galli.ch\/schmuck\/odenwald\/fleur-ring-rotgold-1114-04982-5600\/#breadcrumb\",\"itemListElement\":[{\"@type\":\"ListItem\",\"position\":1,\"name\":\"Home\",\"item\":\"https:\/\/galli.ch\/en\/\"},{\"@type\":\"ListItem\",\"position\":2,\"name\":\"Uhren\",\"item\":\"https:\/\/galli.ch\/en\/uhren\/\"},{\"@type\":\"ListItem\",\"position\":3,\"name\":\"Fleur Ring Rotgold\"}]},{\"@type\":\"WebSite\",\"@id\":\"http:\/\/galli.ch\/en\/#website\",\"url\":\"http:\/\/galli.ch\/en\/\",\"name\":\"Galli Uhren Bijouterie\",\"description\":\"\",\"potentialAction\":[{\"@type\":\"SearchAction\",\"target\":{\"@type\":\"EntryPoint\",\"urlTemplate\":\"http:\/\/galli.ch\/en\/?s={search_term_string}\"},\"query-input\":{\"@type\":\"PropertyValueSpecification\",\"valueRequired\":true,\"valueName\":\"search_term_string\"}}],\"inLanguage\":\"en-US\"}]}<\/script>\n<!-- \/ Yoast SEO plugin. -->","yoast_head_json":{"title":"Odenwald Fleur Ring Rotgold - Galli Uhren Bijouterie","robots":{"index":"index","follow":"follow","max-snippet":"max-snippet:-1","max-image-preview":"max-image-preview:large","max-video-preview":"max-video-preview:-1"},"canonical":"https:\/\/galli.ch\/schmuck\/odenwald\/fleur-ring-rotgold-1114-04982-5600\/","og_locale":"en_US","og_type":"article","og_title":"Odenwald Fleur Ring Rotgold - Galli Uhren Bijouterie","og_description":"Seit 1882 fertigt Odenwald in ihrer traditionellen Manufaktur hochwertigen Goldschmuck aus der Goldstadt Pforzheim. Von Generation zu Generation wurden die Werte Handarbeit, Kreativit\u00e4t und Individualit\u00e4t weitergegeben. Diese Tradition und die Begeisterung f\u00fcr wertvollen, besonderen Schmuck lassen uns f\u00fcr Sie immer wieder neue Ideen schaffen. Die Kreation Fleur ist im 2021 geboren. Kunstvoll gefertigt und von... Weiter &raquo;","og_url":"https:\/\/galli.ch\/schmuck\/odenwald\/fleur-ring-rotgold-1114-04982-5600\/","og_site_name":"Galli Uhren Bijouterie","article_modified_time":"2025-03-13T12:44:39+00:00","og_image":[{"width":1000,"height":1400,"url":"https:\/\/galli.ch\/wp-content\/uploads\/33834_Fleur_od_58045_200__CMYK_300dpi.png","type":"image\/png"}],"twitter_card":"summary_large_image","schema":{"@context":"https:\/\/schema.org","@graph":[{"@type":"WebPage","@id":"https:\/\/galli.ch\/schmuck\/odenwald\/fleur-ring-rotgold-1114-04982-5600\/","url":"https:\/\/galli.ch\/schmuck\/odenwald\/fleur-ring-rotgold-1114-04982-5600\/","name":"Odenwald Fleur Ring Rotgold - Galli Uhren Bijouterie","isPartOf":{"@id":"http:\/\/galli.ch\/en\/#website"},"primaryImageOfPage":{"@id":"https:\/\/galli.ch\/schmuck\/odenwald\/fleur-ring-rotgold-1114-04982-5600\/#primaryimage"},"image":{"@id":"https:\/\/galli.ch\/schmuck\/odenwald\/fleur-ring-rotgold-1114-04982-5600\/#primaryimage"},"thumbnailUrl":"https:\/\/galli.ch\/wp-content\/uploads\/33834_Fleur_od_58045_200__CMYK_300dpi.png","datePublished":"2021-12-09T15:07:45+00:00","dateModified":"2025-03-13T12:44:39+00:00","breadcrumb":{"@id":"https:\/\/galli.ch\/schmuck\/odenwald\/fleur-ring-rotgold-1114-04982-5600\/#breadcrumb"},"inLanguage":"en-US","potentialAction":[{"@type":"ReadAction","target":["https:\/\/galli.ch\/schmuck\/odenwald\/fleur-ring-rotgold-1114-04982-5600\/"]}]},{"@type":"ImageObject","inLanguage":"en-US","@id":"https:\/\/galli.ch\/schmuck\/odenwald\/fleur-ring-rotgold-1114-04982-5600\/#primaryimage","url":"https:\/\/galli.ch\/wp-content\/uploads\/33834_Fleur_od_58045_200__CMYK_300dpi.png","contentUrl":"https:\/\/galli.ch\/wp-content\/uploads\/33834_Fleur_od_58045_200__CMYK_300dpi.png","width":1000,"height":1400,"caption":"odenwald-fluer-ring-rotgold"},{"@type":"BreadcrumbList","@id":"https:\/\/galli.ch\/schmuck\/odenwald\/fleur-ring-rotgold-1114-04982-5600\/#breadcrumb","itemListElement":[{"@type":"ListItem","position":1,"name":"Home","item":"https:\/\/galli.ch\/en\/"},{"@type":"ListItem","position":2,"name":"Uhren","item":"https:\/\/galli.ch\/en\/uhren\/"},{"@type":"ListItem","position":3,"name":"Fleur Ring Rotgold"}]},{"@type":"WebSite","@id":"http:\/\/galli.ch\/en\/#website","url":"http:\/\/galli.ch\/en\/","name":"Galli Uhren Bijouterie","description":"","potentialAction":[{"@type":"SearchAction","target":{"@type":"EntryPoint","urlTemplate":"http:\/\/galli.ch\/en\/?s={search_term_string}"},"query-input":{"@type":"PropertyValueSpecification","valueRequired":true,"valueName":"search_term_string"}}],"inLanguage":"en-US"}]}},"_links":{"self":[{"href":"https:\/\/galli.ch\/en\/wp-json\/wp\/v2\/product\/12110","targetHints":{"allow":["GET"]}}],"collection":[{"href":"https:\/\/galli.ch\/en\/wp-json\/wp\/v2\/product"}],"about":[{"href":"https:\/\/galli.ch\/en\/wp-json\/wp\/v2\/types\/product"}],"wp:featuredmedia":[{"embeddable":true,"href":"https:\/\/galli.ch\/en\/wp-json\/wp\/v2\/media\/12129"}],"wp:attachment":[{"href":"https:\/\/galli.ch\/en\/wp-json\/wp\/v2\/media?parent=12110"}],"wp:term":[{"taxonomy":"product_brand","embeddable":true,"href":"https:\/\/galli.ch\/en\/wp-json\/wp\/v2\/product_brand?post=12110"},{"taxonomy":"product_cat","embeddable":true,"href":"https:\/\/galli.ch\/en\/wp-json\/wp\/v2\/product_cat?post=12110"},{"taxonomy":"product_tag","embeddable":true,"href":"https:\/\/galli.ch\/en\/wp-json\/wp\/v2\/product_tag?post=12110"}],"curies":[{"name":"wp","href":"https:\/\/api.w.org\/{rel}","templated":true}]}}