{"id":12863,"date":"2022-02-26T13:05:37","date_gmt":"2022-02-26T11:05:37","guid":{"rendered":"http:\/\/galli.ch\/?post_type=uhren&#038;p=12863"},"modified":"2026-03-30T10:18:19","modified_gmt":"2026-03-30T08:18:19","slug":"38-co-axial-chronograph-orbis-324-30-38-50-03-002","status":"publish","type":"product","link":"https:\/\/galli.ch\/en\/uhren\/omega\/speedmaster\/38-co-axial-chronograph-orbis-324-30-38-50-03-002\/","title":{"rendered":"Omega Speedmaster 38 Co-Axial Chronograph ORBIS"},"content":{"rendered":"<p>Diese Speedmaster 38 mm zeichnet sich durch eine ganze Reihe an Besonderheiten aus, die das Modell zu einer Hommage an die so wichtige Arbeit von Orbis International und ihrer fliegenden Augenklinik machen. Das Geh\u00e4use und die L\u00fcnette der Uhr sind aus Edelstahl gefertigt und die L\u00fcnette verf\u00fcgt \u00fcber eine Tachymeterskala auf einem blauen Aluminiumring.<\/p>\n<p>Das blaue Zifferblatt mit Sonnenschliff ist mit horizontal ausgerichteten, hellblauen ovalen Hilfszifferbl\u00e4ttern sowie einem vertikal ausgerichteten ovalen Datumsfenster bei 6 Uhr versehen. Die Indizes sind rhodiniert, wohingegen die Zeiger entweder ebenfalls rhodiniert oder in Blau gehalten sind. Der blaue zentrale Sekundenzeiger ist mit einem besonderen Orbis-Teddyb\u00e4r-Gegengewicht versehen.<\/p>\n","protected":false},"excerpt":{"rendered":"<p>Diese Speedmaster 38 mm zeichnet sich durch eine ganze Reihe an Besonderheiten aus, die das Modell zu einer Hommage an die so wichtige Arbeit von Orbis International und ihrer fliegenden Augenklinik machen. Das Geh\u00e4use und die L\u00fcnette der Uhr sind aus Edelstahl gefertigt und die L\u00fcnette verf\u00fcgt \u00fcber eine Tachymeterskala auf einem blauen Aluminiumring. Das&#8230;  <a class=\"excerpt-read-more\" href=\"https:\/\/galli.ch\/en\/uhren\/omega\/speedmaster\/38-co-axial-chronograph-orbis-324-30-38-50-03-002\/\" title=\"Read Omega Speedmaster 38 Co-Axial Chronograph ORBIS\">Weiter &raquo;<\/a><\/p>\n","protected":false},"featured_media":12682,"template":"","meta":{"_acf_changed":false,"inline_featured_image":false},"product_brand":[],"product_cat":[188],"product_tag":[],"class_list":{"0":"post-12863","1":"product","2":"type-product","3":"status-publish","4":"has-post-thumbnail","6":"uhrenhersteller-omega","7":"uhrenhersteller-speedmaster","8":"product_cat-uhren","10":"first","11":"outofstock","12":"taxable","13":"shipping-taxable","14":"purchasable","15":"product-type-simple"},"acf":[],"yoast_head":"<!-- This site is optimized with the Yoast SEO plugin v25.5 - https:\/\/yoast.com\/wordpress\/plugins\/seo\/ -->\n<title>Omega Speedmaster 38 Co-Axial Chronograph ORBIS - Galli Uhren Bijouterie<\/title>\n<meta name=\"robots\" content=\"index, follow, max-snippet:-1, max-image-preview:large, max-video-preview:-1\" \/>\n<link rel=\"canonical\" href=\"https:\/\/galli.ch\/uhren\/omega\/speedmaster\/38-co-axial-chronograph-orbis-324-30-38-50-03-002\/\" \/>\n<meta property=\"og:locale\" content=\"en_US\" \/>\n<meta property=\"og:type\" content=\"article\" \/>\n<meta property=\"og:title\" content=\"Omega Speedmaster 38 Co-Axial Chronograph ORBIS - Galli Uhren Bijouterie\" \/>\n<meta property=\"og:description\" content=\"Diese Speedmaster 38 mm zeichnet sich durch eine ganze Reihe an Besonderheiten aus, die das Modell zu einer Hommage an die so wichtige Arbeit von Orbis International und ihrer fliegenden Augenklinik machen. Das Geh\u00e4use und die L\u00fcnette der Uhr sind aus Edelstahl gefertigt und die L\u00fcnette verf\u00fcgt \u00fcber eine Tachymeterskala auf einem blauen Aluminiumring. Das... Weiter &raquo;\" \/>\n<meta property=\"og:url\" content=\"https:\/\/galli.ch\/uhren\/omega\/speedmaster\/38-co-axial-chronograph-orbis-324-30-38-50-03-002\/\" \/>\n<meta property=\"og:site_name\" content=\"Galli Uhren Bijouterie\" \/>\n<meta property=\"article:modified_time\" content=\"2026-03-30T08:18:19+00:00\" \/>\n<meta property=\"og:image\" content=\"https:\/\/galli.ch\/wp-content\/uploads\/omega-speedmaster-speedmaster-38-32430385003002-l.png\" \/>\n\t<meta property=\"og:image:width\" content=\"1000\" \/>\n\t<meta property=\"og:image:height\" content=\"1400\" \/>\n\t<meta property=\"og:image:type\" content=\"image\/png\" \/>\n<meta name=\"twitter:card\" content=\"summary_large_image\" \/>\n<script type=\"application\/ld+json\" class=\"yoast-schema-graph\">{\"@context\":\"https:\/\/schema.org\",\"@graph\":[{\"@type\":\"WebPage\",\"@id\":\"https:\/\/galli.ch\/uhren\/omega\/speedmaster\/38-co-axial-chronograph-orbis-324-30-38-50-03-002\/\",\"url\":\"https:\/\/galli.ch\/uhren\/omega\/speedmaster\/38-co-axial-chronograph-orbis-324-30-38-50-03-002\/\",\"name\":\"Omega Speedmaster 38 Co-Axial Chronograph ORBIS - Galli Uhren Bijouterie\",\"isPartOf\":{\"@id\":\"http:\/\/galli.ch\/en\/#website\"},\"primaryImageOfPage\":{\"@id\":\"https:\/\/galli.ch\/uhren\/omega\/speedmaster\/38-co-axial-chronograph-orbis-324-30-38-50-03-002\/#primaryimage\"},\"image\":{\"@id\":\"https:\/\/galli.ch\/uhren\/omega\/speedmaster\/38-co-axial-chronograph-orbis-324-30-38-50-03-002\/#primaryimage\"},\"thumbnailUrl\":\"https:\/\/galli.ch\/wp-content\/uploads\/omega-speedmaster-speedmaster-38-32430385003002-l.png\",\"datePublished\":\"2022-02-26T11:05:37+00:00\",\"dateModified\":\"2026-03-30T08:18:19+00:00\",\"breadcrumb\":{\"@id\":\"https:\/\/galli.ch\/uhren\/omega\/speedmaster\/38-co-axial-chronograph-orbis-324-30-38-50-03-002\/#breadcrumb\"},\"inLanguage\":\"en-US\",\"potentialAction\":[{\"@type\":\"ReadAction\",\"target\":[\"https:\/\/galli.ch\/uhren\/omega\/speedmaster\/38-co-axial-chronograph-orbis-324-30-38-50-03-002\/\"]}]},{\"@type\":\"ImageObject\",\"inLanguage\":\"en-US\",\"@id\":\"https:\/\/galli.ch\/uhren\/omega\/speedmaster\/38-co-axial-chronograph-orbis-324-30-38-50-03-002\/#primaryimage\",\"url\":\"https:\/\/galli.ch\/wp-content\/uploads\/omega-speedmaster-speedmaster-38-32430385003002-l.png\",\"contentUrl\":\"https:\/\/galli.ch\/wp-content\/uploads\/omega-speedmaster-speedmaster-38-32430385003002-l.png\",\"width\":1000,\"height\":1400,\"caption\":\"Speedmaster 38 Co-Axial Chronograph 38 mm\"},{\"@type\":\"BreadcrumbList\",\"@id\":\"https:\/\/galli.ch\/uhren\/omega\/speedmaster\/38-co-axial-chronograph-orbis-324-30-38-50-03-002\/#breadcrumb\",\"itemListElement\":[{\"@type\":\"ListItem\",\"position\":1,\"name\":\"Home\",\"item\":\"https:\/\/galli.ch\/en\/\"},{\"@type\":\"ListItem\",\"position\":2,\"name\":\"Uhren\",\"item\":\"https:\/\/galli.ch\/en\/uhren\/\"},{\"@type\":\"ListItem\",\"position\":3,\"name\":\"Omega Speedmaster 38 Co-Axial Chronograph ORBIS\"}]},{\"@type\":\"WebSite\",\"@id\":\"http:\/\/galli.ch\/en\/#website\",\"url\":\"http:\/\/galli.ch\/en\/\",\"name\":\"Galli Uhren Bijouterie\",\"description\":\"\",\"potentialAction\":[{\"@type\":\"SearchAction\",\"target\":{\"@type\":\"EntryPoint\",\"urlTemplate\":\"http:\/\/galli.ch\/en\/?s={search_term_string}\"},\"query-input\":{\"@type\":\"PropertyValueSpecification\",\"valueRequired\":true,\"valueName\":\"search_term_string\"}}],\"inLanguage\":\"en-US\"}]}<\/script>\n<!-- \/ Yoast SEO plugin. -->","yoast_head_json":{"title":"Omega Speedmaster 38 Co-Axial Chronograph ORBIS - Galli Uhren Bijouterie","robots":{"index":"index","follow":"follow","max-snippet":"max-snippet:-1","max-image-preview":"max-image-preview:large","max-video-preview":"max-video-preview:-1"},"canonical":"https:\/\/galli.ch\/uhren\/omega\/speedmaster\/38-co-axial-chronograph-orbis-324-30-38-50-03-002\/","og_locale":"en_US","og_type":"article","og_title":"Omega Speedmaster 38 Co-Axial Chronograph ORBIS - Galli Uhren Bijouterie","og_description":"Diese Speedmaster 38 mm zeichnet sich durch eine ganze Reihe an Besonderheiten aus, die das Modell zu einer Hommage an die so wichtige Arbeit von Orbis International und ihrer fliegenden Augenklinik machen. Das Geh\u00e4use und die L\u00fcnette der Uhr sind aus Edelstahl gefertigt und die L\u00fcnette verf\u00fcgt \u00fcber eine Tachymeterskala auf einem blauen Aluminiumring. Das... Weiter &raquo;","og_url":"https:\/\/galli.ch\/uhren\/omega\/speedmaster\/38-co-axial-chronograph-orbis-324-30-38-50-03-002\/","og_site_name":"Galli Uhren Bijouterie","article_modified_time":"2026-03-30T08:18:19+00:00","og_image":[{"width":1000,"height":1400,"url":"https:\/\/galli.ch\/wp-content\/uploads\/omega-speedmaster-speedmaster-38-32430385003002-l.png","type":"image\/png"}],"twitter_card":"summary_large_image","schema":{"@context":"https:\/\/schema.org","@graph":[{"@type":"WebPage","@id":"https:\/\/galli.ch\/uhren\/omega\/speedmaster\/38-co-axial-chronograph-orbis-324-30-38-50-03-002\/","url":"https:\/\/galli.ch\/uhren\/omega\/speedmaster\/38-co-axial-chronograph-orbis-324-30-38-50-03-002\/","name":"Omega Speedmaster 38 Co-Axial Chronograph ORBIS - Galli Uhren Bijouterie","isPartOf":{"@id":"http:\/\/galli.ch\/en\/#website"},"primaryImageOfPage":{"@id":"https:\/\/galli.ch\/uhren\/omega\/speedmaster\/38-co-axial-chronograph-orbis-324-30-38-50-03-002\/#primaryimage"},"image":{"@id":"https:\/\/galli.ch\/uhren\/omega\/speedmaster\/38-co-axial-chronograph-orbis-324-30-38-50-03-002\/#primaryimage"},"thumbnailUrl":"https:\/\/galli.ch\/wp-content\/uploads\/omega-speedmaster-speedmaster-38-32430385003002-l.png","datePublished":"2022-02-26T11:05:37+00:00","dateModified":"2026-03-30T08:18:19+00:00","breadcrumb":{"@id":"https:\/\/galli.ch\/uhren\/omega\/speedmaster\/38-co-axial-chronograph-orbis-324-30-38-50-03-002\/#breadcrumb"},"inLanguage":"en-US","potentialAction":[{"@type":"ReadAction","target":["https:\/\/galli.ch\/uhren\/omega\/speedmaster\/38-co-axial-chronograph-orbis-324-30-38-50-03-002\/"]}]},{"@type":"ImageObject","inLanguage":"en-US","@id":"https:\/\/galli.ch\/uhren\/omega\/speedmaster\/38-co-axial-chronograph-orbis-324-30-38-50-03-002\/#primaryimage","url":"https:\/\/galli.ch\/wp-content\/uploads\/omega-speedmaster-speedmaster-38-32430385003002-l.png","contentUrl":"https:\/\/galli.ch\/wp-content\/uploads\/omega-speedmaster-speedmaster-38-32430385003002-l.png","width":1000,"height":1400,"caption":"Speedmaster 38 Co-Axial Chronograph 38 mm"},{"@type":"BreadcrumbList","@id":"https:\/\/galli.ch\/uhren\/omega\/speedmaster\/38-co-axial-chronograph-orbis-324-30-38-50-03-002\/#breadcrumb","itemListElement":[{"@type":"ListItem","position":1,"name":"Home","item":"https:\/\/galli.ch\/en\/"},{"@type":"ListItem","position":2,"name":"Uhren","item":"https:\/\/galli.ch\/en\/uhren\/"},{"@type":"ListItem","position":3,"name":"Omega Speedmaster 38 Co-Axial Chronograph ORBIS"}]},{"@type":"WebSite","@id":"http:\/\/galli.ch\/en\/#website","url":"http:\/\/galli.ch\/en\/","name":"Galli Uhren Bijouterie","description":"","potentialAction":[{"@type":"SearchAction","target":{"@type":"EntryPoint","urlTemplate":"http:\/\/galli.ch\/en\/?s={search_term_string}"},"query-input":{"@type":"PropertyValueSpecification","valueRequired":true,"valueName":"search_term_string"}}],"inLanguage":"en-US"}]}},"_links":{"self":[{"href":"https:\/\/galli.ch\/en\/wp-json\/wp\/v2\/product\/12863","targetHints":{"allow":["GET"]}}],"collection":[{"href":"https:\/\/galli.ch\/en\/wp-json\/wp\/v2\/product"}],"about":[{"href":"https:\/\/galli.ch\/en\/wp-json\/wp\/v2\/types\/product"}],"wp:featuredmedia":[{"embeddable":true,"href":"https:\/\/galli.ch\/en\/wp-json\/wp\/v2\/media\/12682"}],"wp:attachment":[{"href":"https:\/\/galli.ch\/en\/wp-json\/wp\/v2\/media?parent=12863"}],"wp:term":[{"taxonomy":"product_brand","embeddable":true,"href":"https:\/\/galli.ch\/en\/wp-json\/wp\/v2\/product_brand?post=12863"},{"taxonomy":"product_cat","embeddable":true,"href":"https:\/\/galli.ch\/en\/wp-json\/wp\/v2\/product_cat?post=12863"},{"taxonomy":"product_tag","embeddable":true,"href":"https:\/\/galli.ch\/en\/wp-json\/wp\/v2\/product_tag?post=12863"}],"curies":[{"name":"wp","href":"https:\/\/api.w.org\/{rel}","templated":true}]}}