{"id":12864,"date":"2022-02-26T13:12:00","date_gmt":"2022-02-26T11:12:00","guid":{"rendered":"http:\/\/galli.ch\/?post_type=uhren&#038;p=12864"},"modified":"2025-10-24T10:08:26","modified_gmt":"2025-10-24T08:08:26","slug":"aqua-terra-master-chronometer-38-220-10-38-20-03-002","status":"publish","type":"product","link":"https:\/\/galli.ch\/en\/uhren\/omega\/seamaster\/aqua-terra-master-chronometer-38-220-10-38-20-03-002\/","title":{"rendered":"Omega Aqua Terra Master Chronometer 38"},"content":{"rendered":"<p>Die Seamaster Aqua Terra f\u00fcr Damen ist ein Ausdruck wahrer Eleganz. W\u00e4hrend sich ihr maritimer Charakter in ihrem Design bemerkbar macht, zeugen edelste Materialien und Uhrwerke von einer ganz besonderen Raffinesse.<\/p>\n<p>Bei diesem Modell sind das symmetrische 38-mm-Geh\u00e4use und das integrierte Armband aus Edelstahl gefertigt. Das wellenf\u00f6rmige blaue Zifferblatt verf\u00fcgt \u00fcber ein Datumsfenster bei 6 Uhr sowie Zeiger und Indizes, die Segelbootr\u00fcmpfen nachempfunden wurden, aus 18 Karat Sedna\u2122-Gold.<\/p>\n","protected":false},"excerpt":{"rendered":"<p>Die Seamaster Aqua Terra f\u00fcr Damen ist ein Ausdruck wahrer Eleganz. W\u00e4hrend sich ihr maritimer Charakter in ihrem Design bemerkbar macht, zeugen edelste Materialien und Uhrwerke von einer ganz besonderen Raffinesse. Bei diesem Modell sind das symmetrische 38-mm-Geh\u00e4use und das integrierte Armband aus Edelstahl gefertigt. Das wellenf\u00f6rmige blaue Zifferblatt verf\u00fcgt \u00fcber ein Datumsfenster bei 6&#8230;  <a class=\"excerpt-read-more\" href=\"https:\/\/galli.ch\/en\/uhren\/omega\/seamaster\/aqua-terra-master-chronometer-38-220-10-38-20-03-002\/\" title=\"Read Omega Aqua Terra Master Chronometer 38\">Weiter &raquo;<\/a><\/p>\n","protected":false},"featured_media":12696,"template":"","meta":{"_acf_changed":false,"inline_featured_image":false},"product_brand":[],"product_cat":[188],"product_tag":[],"class_list":{"0":"post-12864","1":"product","2":"type-product","3":"status-publish","4":"has-post-thumbnail","6":"uhrenhersteller-omega","7":"uhrenhersteller-seamaster","8":"product_cat-uhren","10":"first","11":"outofstock","12":"taxable","13":"shipping-taxable","14":"purchasable","15":"product-type-simple"},"acf":[],"yoast_head":"<!-- This site is optimized with the Yoast SEO plugin v25.5 - https:\/\/yoast.com\/wordpress\/plugins\/seo\/ -->\n<title>Omega Aqua Terra Master Chronometer 38 - Galli Uhren Bijouterie<\/title>\n<meta name=\"robots\" content=\"index, follow, max-snippet:-1, max-image-preview:large, max-video-preview:-1\" \/>\n<link rel=\"canonical\" href=\"https:\/\/galli.ch\/uhren\/omega\/seamaster\/aqua-terra-master-chronometer-38-220-10-38-20-03-002\/\" \/>\n<meta property=\"og:locale\" content=\"en_US\" \/>\n<meta property=\"og:type\" content=\"article\" \/>\n<meta property=\"og:title\" content=\"Omega Aqua Terra Master Chronometer 38 - Galli Uhren Bijouterie\" \/>\n<meta property=\"og:description\" content=\"Die Seamaster Aqua Terra f\u00fcr Damen ist ein Ausdruck wahrer Eleganz. W\u00e4hrend sich ihr maritimer Charakter in ihrem Design bemerkbar macht, zeugen edelste Materialien und Uhrwerke von einer ganz besonderen Raffinesse. Bei diesem Modell sind das symmetrische 38-mm-Geh\u00e4use und das integrierte Armband aus Edelstahl gefertigt. Das wellenf\u00f6rmige blaue Zifferblatt verf\u00fcgt \u00fcber ein Datumsfenster bei 6... Weiter &raquo;\" \/>\n<meta property=\"og:url\" content=\"https:\/\/galli.ch\/uhren\/omega\/seamaster\/aqua-terra-master-chronometer-38-220-10-38-20-03-002\/\" \/>\n<meta property=\"og:site_name\" content=\"Galli Uhren Bijouterie\" \/>\n<meta property=\"article:modified_time\" content=\"2025-10-24T08:08:26+00:00\" \/>\n<meta property=\"og:image\" content=\"https:\/\/galli.ch\/wp-content\/uploads\/omega-seamaster-aqua-terra-150m-22010382003002-1-product-zoom.png\" \/>\n\t<meta property=\"og:image:width\" content=\"1000\" \/>\n\t<meta property=\"og:image:height\" content=\"1400\" \/>\n\t<meta property=\"og:image:type\" content=\"image\/png\" \/>\n<meta name=\"twitter:card\" content=\"summary_large_image\" \/>\n<script type=\"application\/ld+json\" class=\"yoast-schema-graph\">{\"@context\":\"https:\/\/schema.org\",\"@graph\":[{\"@type\":\"WebPage\",\"@id\":\"https:\/\/galli.ch\/uhren\/omega\/seamaster\/aqua-terra-master-chronometer-38-220-10-38-20-03-002\/\",\"url\":\"https:\/\/galli.ch\/uhren\/omega\/seamaster\/aqua-terra-master-chronometer-38-220-10-38-20-03-002\/\",\"name\":\"Omega Aqua Terra Master Chronometer 38 - Galli Uhren Bijouterie\",\"isPartOf\":{\"@id\":\"http:\/\/galli.ch\/en\/#website\"},\"primaryImageOfPage\":{\"@id\":\"https:\/\/galli.ch\/uhren\/omega\/seamaster\/aqua-terra-master-chronometer-38-220-10-38-20-03-002\/#primaryimage\"},\"image\":{\"@id\":\"https:\/\/galli.ch\/uhren\/omega\/seamaster\/aqua-terra-master-chronometer-38-220-10-38-20-03-002\/#primaryimage\"},\"thumbnailUrl\":\"https:\/\/galli.ch\/wp-content\/uploads\/omega-seamaster-aqua-terra-150m-22010382003002-1-product-zoom.png\",\"datePublished\":\"2022-02-26T11:12:00+00:00\",\"dateModified\":\"2025-10-24T08:08:26+00:00\",\"breadcrumb\":{\"@id\":\"https:\/\/galli.ch\/uhren\/omega\/seamaster\/aqua-terra-master-chronometer-38-220-10-38-20-03-002\/#breadcrumb\"},\"inLanguage\":\"en-US\",\"potentialAction\":[{\"@type\":\"ReadAction\",\"target\":[\"https:\/\/galli.ch\/uhren\/omega\/seamaster\/aqua-terra-master-chronometer-38-220-10-38-20-03-002\/\"]}]},{\"@type\":\"ImageObject\",\"inLanguage\":\"en-US\",\"@id\":\"https:\/\/galli.ch\/uhren\/omega\/seamaster\/aqua-terra-master-chronometer-38-220-10-38-20-03-002\/#primaryimage\",\"url\":\"https:\/\/galli.ch\/wp-content\/uploads\/omega-seamaster-aqua-terra-150m-22010382003002-1-product-zoom.png\",\"contentUrl\":\"https:\/\/galli.ch\/wp-content\/uploads\/omega-seamaster-aqua-terra-150m-22010382003002-1-product-zoom.png\",\"width\":1000,\"height\":1400,\"caption\":\"AQUA TERRA 150 M CO\u2011AXIAL MASTER CHRONOMETER LADIES' 38 MM\"},{\"@type\":\"BreadcrumbList\",\"@id\":\"https:\/\/galli.ch\/uhren\/omega\/seamaster\/aqua-terra-master-chronometer-38-220-10-38-20-03-002\/#breadcrumb\",\"itemListElement\":[{\"@type\":\"ListItem\",\"position\":1,\"name\":\"Home\",\"item\":\"https:\/\/galli.ch\/en\/\"},{\"@type\":\"ListItem\",\"position\":2,\"name\":\"Uhren\",\"item\":\"https:\/\/galli.ch\/en\/uhren\/\"},{\"@type\":\"ListItem\",\"position\":3,\"name\":\"Omega Aqua Terra Master Chronometer 38\"}]},{\"@type\":\"WebSite\",\"@id\":\"http:\/\/galli.ch\/en\/#website\",\"url\":\"http:\/\/galli.ch\/en\/\",\"name\":\"Galli Uhren Bijouterie\",\"description\":\"\",\"potentialAction\":[{\"@type\":\"SearchAction\",\"target\":{\"@type\":\"EntryPoint\",\"urlTemplate\":\"http:\/\/galli.ch\/en\/?s={search_term_string}\"},\"query-input\":{\"@type\":\"PropertyValueSpecification\",\"valueRequired\":true,\"valueName\":\"search_term_string\"}}],\"inLanguage\":\"en-US\"}]}<\/script>\n<!-- \/ Yoast SEO plugin. -->","yoast_head_json":{"title":"Omega Aqua Terra Master Chronometer 38 - Galli Uhren Bijouterie","robots":{"index":"index","follow":"follow","max-snippet":"max-snippet:-1","max-image-preview":"max-image-preview:large","max-video-preview":"max-video-preview:-1"},"canonical":"https:\/\/galli.ch\/uhren\/omega\/seamaster\/aqua-terra-master-chronometer-38-220-10-38-20-03-002\/","og_locale":"en_US","og_type":"article","og_title":"Omega Aqua Terra Master Chronometer 38 - Galli Uhren Bijouterie","og_description":"Die Seamaster Aqua Terra f\u00fcr Damen ist ein Ausdruck wahrer Eleganz. W\u00e4hrend sich ihr maritimer Charakter in ihrem Design bemerkbar macht, zeugen edelste Materialien und Uhrwerke von einer ganz besonderen Raffinesse. Bei diesem Modell sind das symmetrische 38-mm-Geh\u00e4use und das integrierte Armband aus Edelstahl gefertigt. Das wellenf\u00f6rmige blaue Zifferblatt verf\u00fcgt \u00fcber ein Datumsfenster bei 6... Weiter &raquo;","og_url":"https:\/\/galli.ch\/uhren\/omega\/seamaster\/aqua-terra-master-chronometer-38-220-10-38-20-03-002\/","og_site_name":"Galli Uhren Bijouterie","article_modified_time":"2025-10-24T08:08:26+00:00","og_image":[{"width":1000,"height":1400,"url":"https:\/\/galli.ch\/wp-content\/uploads\/omega-seamaster-aqua-terra-150m-22010382003002-1-product-zoom.png","type":"image\/png"}],"twitter_card":"summary_large_image","schema":{"@context":"https:\/\/schema.org","@graph":[{"@type":"WebPage","@id":"https:\/\/galli.ch\/uhren\/omega\/seamaster\/aqua-terra-master-chronometer-38-220-10-38-20-03-002\/","url":"https:\/\/galli.ch\/uhren\/omega\/seamaster\/aqua-terra-master-chronometer-38-220-10-38-20-03-002\/","name":"Omega Aqua Terra Master Chronometer 38 - Galli Uhren Bijouterie","isPartOf":{"@id":"http:\/\/galli.ch\/en\/#website"},"primaryImageOfPage":{"@id":"https:\/\/galli.ch\/uhren\/omega\/seamaster\/aqua-terra-master-chronometer-38-220-10-38-20-03-002\/#primaryimage"},"image":{"@id":"https:\/\/galli.ch\/uhren\/omega\/seamaster\/aqua-terra-master-chronometer-38-220-10-38-20-03-002\/#primaryimage"},"thumbnailUrl":"https:\/\/galli.ch\/wp-content\/uploads\/omega-seamaster-aqua-terra-150m-22010382003002-1-product-zoom.png","datePublished":"2022-02-26T11:12:00+00:00","dateModified":"2025-10-24T08:08:26+00:00","breadcrumb":{"@id":"https:\/\/galli.ch\/uhren\/omega\/seamaster\/aqua-terra-master-chronometer-38-220-10-38-20-03-002\/#breadcrumb"},"inLanguage":"en-US","potentialAction":[{"@type":"ReadAction","target":["https:\/\/galli.ch\/uhren\/omega\/seamaster\/aqua-terra-master-chronometer-38-220-10-38-20-03-002\/"]}]},{"@type":"ImageObject","inLanguage":"en-US","@id":"https:\/\/galli.ch\/uhren\/omega\/seamaster\/aqua-terra-master-chronometer-38-220-10-38-20-03-002\/#primaryimage","url":"https:\/\/galli.ch\/wp-content\/uploads\/omega-seamaster-aqua-terra-150m-22010382003002-1-product-zoom.png","contentUrl":"https:\/\/galli.ch\/wp-content\/uploads\/omega-seamaster-aqua-terra-150m-22010382003002-1-product-zoom.png","width":1000,"height":1400,"caption":"AQUA TERRA 150 M CO\u2011AXIAL MASTER CHRONOMETER LADIES' 38 MM"},{"@type":"BreadcrumbList","@id":"https:\/\/galli.ch\/uhren\/omega\/seamaster\/aqua-terra-master-chronometer-38-220-10-38-20-03-002\/#breadcrumb","itemListElement":[{"@type":"ListItem","position":1,"name":"Home","item":"https:\/\/galli.ch\/en\/"},{"@type":"ListItem","position":2,"name":"Uhren","item":"https:\/\/galli.ch\/en\/uhren\/"},{"@type":"ListItem","position":3,"name":"Omega Aqua Terra Master Chronometer 38"}]},{"@type":"WebSite","@id":"http:\/\/galli.ch\/en\/#website","url":"http:\/\/galli.ch\/en\/","name":"Galli Uhren Bijouterie","description":"","potentialAction":[{"@type":"SearchAction","target":{"@type":"EntryPoint","urlTemplate":"http:\/\/galli.ch\/en\/?s={search_term_string}"},"query-input":{"@type":"PropertyValueSpecification","valueRequired":true,"valueName":"search_term_string"}}],"inLanguage":"en-US"}]}},"_links":{"self":[{"href":"https:\/\/galli.ch\/en\/wp-json\/wp\/v2\/product\/12864","targetHints":{"allow":["GET"]}}],"collection":[{"href":"https:\/\/galli.ch\/en\/wp-json\/wp\/v2\/product"}],"about":[{"href":"https:\/\/galli.ch\/en\/wp-json\/wp\/v2\/types\/product"}],"wp:featuredmedia":[{"embeddable":true,"href":"https:\/\/galli.ch\/en\/wp-json\/wp\/v2\/media\/12696"}],"wp:attachment":[{"href":"https:\/\/galli.ch\/en\/wp-json\/wp\/v2\/media?parent=12864"}],"wp:term":[{"taxonomy":"product_brand","embeddable":true,"href":"https:\/\/galli.ch\/en\/wp-json\/wp\/v2\/product_brand?post=12864"},{"taxonomy":"product_cat","embeddable":true,"href":"https:\/\/galli.ch\/en\/wp-json\/wp\/v2\/product_cat?post=12864"},{"taxonomy":"product_tag","embeddable":true,"href":"https:\/\/galli.ch\/en\/wp-json\/wp\/v2\/product_tag?post=12864"}],"curies":[{"name":"wp","href":"https:\/\/api.w.org\/{rel}","templated":true}]}}