{"id":13008,"date":"2022-03-10T10:29:41","date_gmt":"2022-03-10T08:29:41","guid":{"rendered":"http:\/\/galli.ch\/?post_type=uhren&#038;p=13008"},"modified":"2025-10-24T09:54:29","modified_gmt":"2025-10-24T07:54:29","slug":"planet-ocean-6000m-master-chronometer-215-30-46-21-04-001","status":"publish","type":"product","link":"https:\/\/galli.ch\/en\/uhren\/omega\/seamaster\/planet-ocean-6000m-master-chronometer-215-30-46-21-04-001\/","title":{"rendered":"Omega Planet Ocean 6000M Master Chronometer"},"content":{"rendered":"<p>Im Rahmen der Five Deeps Expedition hat die Ultra Deep mit ihrer Reise zum tiefsten Punkt der Erde im Jahr 2019 Geschichte geschrieben. Nach diesem Weltrekord-Tauchgang wurde die Uhr nun f\u00fcr eine einzigartige Kollektion \u00fcberarbeitet, die der \u00d6ffentlichkeit zum Verkauf angeboten wird.<\/p>\n<p>Dieses 45,5 mm grosse Modell aus robustem O-MEGASTEEL besitzt eine polierte blaue Keramikl\u00fcnette mit einer Tauchskala aus weissem Email. Durch das hervorstehende, gew\u00f6lbte Saphirglas ist ein weisses Zifferblatt mit vier arabischen Ziffern in Blau sowie Zeigern und Indizes aus 18 Karat Weissgold zu sehen, die mit weisser Super-LumiNova beschichtet sind.<\/p>\n","protected":false},"excerpt":{"rendered":"<p>Im Rahmen der Five Deeps Expedition hat die Ultra Deep mit ihrer Reise zum tiefsten Punkt der Erde im Jahr 2019 Geschichte geschrieben. Nach diesem Weltrekord-Tauchgang wurde die Uhr nun f\u00fcr eine einzigartige Kollektion \u00fcberarbeitet, die der \u00d6ffentlichkeit zum Verkauf angeboten wird. Dieses 45,5 mm grosse Modell aus robustem O-MEGASTEEL besitzt eine polierte blaue Keramikl\u00fcnette&#8230;  <a class=\"excerpt-read-more\" href=\"https:\/\/galli.ch\/en\/uhren\/omega\/seamaster\/planet-ocean-6000m-master-chronometer-215-30-46-21-04-001\/\" title=\"Read Omega Planet Ocean 6000M Master Chronometer\">Weiter &raquo;<\/a><\/p>\n","protected":false},"featured_media":12936,"template":"","meta":{"_acf_changed":false,"inline_featured_image":false},"product_brand":[],"product_cat":[188],"product_tag":[],"class_list":{"0":"post-13008","1":"product","2":"type-product","3":"status-publish","4":"has-post-thumbnail","6":"uhrenhersteller-omega","7":"uhrenhersteller-seamaster","8":"product_cat-uhren","10":"first","11":"outofstock","12":"taxable","13":"shipping-taxable","14":"purchasable","15":"product-type-simple"},"acf":[],"yoast_head":"<!-- This site is optimized with the Yoast SEO plugin v25.5 - https:\/\/yoast.com\/wordpress\/plugins\/seo\/ -->\n<title>Omega Planet Ocean 6000M Master Chronometer - Galli Uhren Bijouterie<\/title>\n<meta name=\"robots\" content=\"index, follow, max-snippet:-1, max-image-preview:large, max-video-preview:-1\" \/>\n<link rel=\"canonical\" href=\"https:\/\/galli.ch\/uhren\/omega\/seamaster\/planet-ocean-6000m-master-chronometer-215-30-46-21-04-001\/\" \/>\n<meta property=\"og:locale\" content=\"en_US\" \/>\n<meta property=\"og:type\" content=\"article\" \/>\n<meta property=\"og:title\" content=\"Omega Planet Ocean 6000M Master Chronometer - Galli Uhren Bijouterie\" \/>\n<meta property=\"og:description\" content=\"Im Rahmen der Five Deeps Expedition hat die Ultra Deep mit ihrer Reise zum tiefsten Punkt der Erde im Jahr 2019 Geschichte geschrieben. Nach diesem Weltrekord-Tauchgang wurde die Uhr nun f\u00fcr eine einzigartige Kollektion \u00fcberarbeitet, die der \u00d6ffentlichkeit zum Verkauf angeboten wird. Dieses 45,5 mm grosse Modell aus robustem O-MEGASTEEL besitzt eine polierte blaue Keramikl\u00fcnette... Weiter &raquo;\" \/>\n<meta property=\"og:url\" content=\"https:\/\/galli.ch\/uhren\/omega\/seamaster\/planet-ocean-6000m-master-chronometer-215-30-46-21-04-001\/\" \/>\n<meta property=\"og:site_name\" content=\"Galli Uhren Bijouterie\" \/>\n<meta property=\"article:modified_time\" content=\"2025-10-24T07:54:29+00:00\" \/>\n<meta property=\"og:image\" content=\"https:\/\/galli.ch\/wp-content\/uploads\/omega-seamaster-planet-ocean-6000m-co-axial-master-chronometer-45-5-mm-21530462104001-l.png\" \/>\n\t<meta property=\"og:image:width\" content=\"1000\" \/>\n\t<meta property=\"og:image:height\" content=\"1400\" \/>\n\t<meta property=\"og:image:type\" content=\"image\/png\" \/>\n<meta name=\"twitter:card\" content=\"summary_large_image\" \/>\n<script type=\"application\/ld+json\" class=\"yoast-schema-graph\">{\"@context\":\"https:\/\/schema.org\",\"@graph\":[{\"@type\":\"WebPage\",\"@id\":\"https:\/\/galli.ch\/uhren\/omega\/seamaster\/planet-ocean-6000m-master-chronometer-215-30-46-21-04-001\/\",\"url\":\"https:\/\/galli.ch\/uhren\/omega\/seamaster\/planet-ocean-6000m-master-chronometer-215-30-46-21-04-001\/\",\"name\":\"Omega Planet Ocean 6000M Master Chronometer - Galli Uhren Bijouterie\",\"isPartOf\":{\"@id\":\"http:\/\/galli.ch\/en\/#website\"},\"primaryImageOfPage\":{\"@id\":\"https:\/\/galli.ch\/uhren\/omega\/seamaster\/planet-ocean-6000m-master-chronometer-215-30-46-21-04-001\/#primaryimage\"},\"image\":{\"@id\":\"https:\/\/galli.ch\/uhren\/omega\/seamaster\/planet-ocean-6000m-master-chronometer-215-30-46-21-04-001\/#primaryimage\"},\"thumbnailUrl\":\"https:\/\/galli.ch\/wp-content\/uploads\/omega-seamaster-planet-ocean-6000m-co-axial-master-chronometer-45-5-mm-21530462104001-l.png\",\"datePublished\":\"2022-03-10T08:29:41+00:00\",\"dateModified\":\"2025-10-24T07:54:29+00:00\",\"breadcrumb\":{\"@id\":\"https:\/\/galli.ch\/uhren\/omega\/seamaster\/planet-ocean-6000m-master-chronometer-215-30-46-21-04-001\/#breadcrumb\"},\"inLanguage\":\"en-US\",\"potentialAction\":[{\"@type\":\"ReadAction\",\"target\":[\"https:\/\/galli.ch\/uhren\/omega\/seamaster\/planet-ocean-6000m-master-chronometer-215-30-46-21-04-001\/\"]}]},{\"@type\":\"ImageObject\",\"inLanguage\":\"en-US\",\"@id\":\"https:\/\/galli.ch\/uhren\/omega\/seamaster\/planet-ocean-6000m-master-chronometer-215-30-46-21-04-001\/#primaryimage\",\"url\":\"https:\/\/galli.ch\/wp-content\/uploads\/omega-seamaster-planet-ocean-6000m-co-axial-master-chronometer-45-5-mm-21530462104001-l.png\",\"contentUrl\":\"https:\/\/galli.ch\/wp-content\/uploads\/omega-seamaster-planet-ocean-6000m-co-axial-master-chronometer-45-5-mm-21530462104001-l.png\",\"width\":1000,\"height\":1400,\"caption\":\"omega-seamaster-planet-ocean-ultra-deep\"},{\"@type\":\"BreadcrumbList\",\"@id\":\"https:\/\/galli.ch\/uhren\/omega\/seamaster\/planet-ocean-6000m-master-chronometer-215-30-46-21-04-001\/#breadcrumb\",\"itemListElement\":[{\"@type\":\"ListItem\",\"position\":1,\"name\":\"Home\",\"item\":\"https:\/\/galli.ch\/en\/\"},{\"@type\":\"ListItem\",\"position\":2,\"name\":\"Uhren\",\"item\":\"https:\/\/galli.ch\/en\/uhren\/\"},{\"@type\":\"ListItem\",\"position\":3,\"name\":\"Omega Planet Ocean 6000M Master Chronometer\"}]},{\"@type\":\"WebSite\",\"@id\":\"http:\/\/galli.ch\/en\/#website\",\"url\":\"http:\/\/galli.ch\/en\/\",\"name\":\"Galli Uhren Bijouterie\",\"description\":\"\",\"potentialAction\":[{\"@type\":\"SearchAction\",\"target\":{\"@type\":\"EntryPoint\",\"urlTemplate\":\"http:\/\/galli.ch\/en\/?s={search_term_string}\"},\"query-input\":{\"@type\":\"PropertyValueSpecification\",\"valueRequired\":true,\"valueName\":\"search_term_string\"}}],\"inLanguage\":\"en-US\"}]}<\/script>\n<!-- \/ Yoast SEO plugin. -->","yoast_head_json":{"title":"Omega Planet Ocean 6000M Master Chronometer - Galli Uhren Bijouterie","robots":{"index":"index","follow":"follow","max-snippet":"max-snippet:-1","max-image-preview":"max-image-preview:large","max-video-preview":"max-video-preview:-1"},"canonical":"https:\/\/galli.ch\/uhren\/omega\/seamaster\/planet-ocean-6000m-master-chronometer-215-30-46-21-04-001\/","og_locale":"en_US","og_type":"article","og_title":"Omega Planet Ocean 6000M Master Chronometer - Galli Uhren Bijouterie","og_description":"Im Rahmen der Five Deeps Expedition hat die Ultra Deep mit ihrer Reise zum tiefsten Punkt der Erde im Jahr 2019 Geschichte geschrieben. Nach diesem Weltrekord-Tauchgang wurde die Uhr nun f\u00fcr eine einzigartige Kollektion \u00fcberarbeitet, die der \u00d6ffentlichkeit zum Verkauf angeboten wird. Dieses 45,5 mm grosse Modell aus robustem O-MEGASTEEL besitzt eine polierte blaue Keramikl\u00fcnette... Weiter &raquo;","og_url":"https:\/\/galli.ch\/uhren\/omega\/seamaster\/planet-ocean-6000m-master-chronometer-215-30-46-21-04-001\/","og_site_name":"Galli Uhren Bijouterie","article_modified_time":"2025-10-24T07:54:29+00:00","og_image":[{"width":1000,"height":1400,"url":"https:\/\/galli.ch\/wp-content\/uploads\/omega-seamaster-planet-ocean-6000m-co-axial-master-chronometer-45-5-mm-21530462104001-l.png","type":"image\/png"}],"twitter_card":"summary_large_image","schema":{"@context":"https:\/\/schema.org","@graph":[{"@type":"WebPage","@id":"https:\/\/galli.ch\/uhren\/omega\/seamaster\/planet-ocean-6000m-master-chronometer-215-30-46-21-04-001\/","url":"https:\/\/galli.ch\/uhren\/omega\/seamaster\/planet-ocean-6000m-master-chronometer-215-30-46-21-04-001\/","name":"Omega Planet Ocean 6000M Master Chronometer - Galli Uhren Bijouterie","isPartOf":{"@id":"http:\/\/galli.ch\/en\/#website"},"primaryImageOfPage":{"@id":"https:\/\/galli.ch\/uhren\/omega\/seamaster\/planet-ocean-6000m-master-chronometer-215-30-46-21-04-001\/#primaryimage"},"image":{"@id":"https:\/\/galli.ch\/uhren\/omega\/seamaster\/planet-ocean-6000m-master-chronometer-215-30-46-21-04-001\/#primaryimage"},"thumbnailUrl":"https:\/\/galli.ch\/wp-content\/uploads\/omega-seamaster-planet-ocean-6000m-co-axial-master-chronometer-45-5-mm-21530462104001-l.png","datePublished":"2022-03-10T08:29:41+00:00","dateModified":"2025-10-24T07:54:29+00:00","breadcrumb":{"@id":"https:\/\/galli.ch\/uhren\/omega\/seamaster\/planet-ocean-6000m-master-chronometer-215-30-46-21-04-001\/#breadcrumb"},"inLanguage":"en-US","potentialAction":[{"@type":"ReadAction","target":["https:\/\/galli.ch\/uhren\/omega\/seamaster\/planet-ocean-6000m-master-chronometer-215-30-46-21-04-001\/"]}]},{"@type":"ImageObject","inLanguage":"en-US","@id":"https:\/\/galli.ch\/uhren\/omega\/seamaster\/planet-ocean-6000m-master-chronometer-215-30-46-21-04-001\/#primaryimage","url":"https:\/\/galli.ch\/wp-content\/uploads\/omega-seamaster-planet-ocean-6000m-co-axial-master-chronometer-45-5-mm-21530462104001-l.png","contentUrl":"https:\/\/galli.ch\/wp-content\/uploads\/omega-seamaster-planet-ocean-6000m-co-axial-master-chronometer-45-5-mm-21530462104001-l.png","width":1000,"height":1400,"caption":"omega-seamaster-planet-ocean-ultra-deep"},{"@type":"BreadcrumbList","@id":"https:\/\/galli.ch\/uhren\/omega\/seamaster\/planet-ocean-6000m-master-chronometer-215-30-46-21-04-001\/#breadcrumb","itemListElement":[{"@type":"ListItem","position":1,"name":"Home","item":"https:\/\/galli.ch\/en\/"},{"@type":"ListItem","position":2,"name":"Uhren","item":"https:\/\/galli.ch\/en\/uhren\/"},{"@type":"ListItem","position":3,"name":"Omega Planet Ocean 6000M Master Chronometer"}]},{"@type":"WebSite","@id":"http:\/\/galli.ch\/en\/#website","url":"http:\/\/galli.ch\/en\/","name":"Galli Uhren Bijouterie","description":"","potentialAction":[{"@type":"SearchAction","target":{"@type":"EntryPoint","urlTemplate":"http:\/\/galli.ch\/en\/?s={search_term_string}"},"query-input":{"@type":"PropertyValueSpecification","valueRequired":true,"valueName":"search_term_string"}}],"inLanguage":"en-US"}]}},"_links":{"self":[{"href":"https:\/\/galli.ch\/en\/wp-json\/wp\/v2\/product\/13008","targetHints":{"allow":["GET"]}}],"collection":[{"href":"https:\/\/galli.ch\/en\/wp-json\/wp\/v2\/product"}],"about":[{"href":"https:\/\/galli.ch\/en\/wp-json\/wp\/v2\/types\/product"}],"wp:featuredmedia":[{"embeddable":true,"href":"https:\/\/galli.ch\/en\/wp-json\/wp\/v2\/media\/12936"}],"wp:attachment":[{"href":"https:\/\/galli.ch\/en\/wp-json\/wp\/v2\/media?parent=13008"}],"wp:term":[{"taxonomy":"product_brand","embeddable":true,"href":"https:\/\/galli.ch\/en\/wp-json\/wp\/v2\/product_brand?post=13008"},{"taxonomy":"product_cat","embeddable":true,"href":"https:\/\/galli.ch\/en\/wp-json\/wp\/v2\/product_cat?post=13008"},{"taxonomy":"product_tag","embeddable":true,"href":"https:\/\/galli.ch\/en\/wp-json\/wp\/v2\/product_tag?post=13008"}],"curies":[{"name":"wp","href":"https:\/\/api.w.org\/{rel}","templated":true}]}}