{"id":13024,"date":"2022-03-10T12:21:35","date_gmt":"2022-03-10T10:21:35","guid":{"rendered":"http:\/\/galli.ch\/?post_type=uhren&#038;p=13024"},"modified":"2025-03-13T13:44:41","modified_gmt":"2025-03-13T12:44:41","slug":"emergency-titanium-e76325221b1e1","status":"publish","type":"product","link":"https:\/\/galli.ch\/en\/uhren\/breitling\/professional\/emergency-titanium-e76325221b1e1\/","title":{"rendered":"Breitling Emergency Titanium"},"content":{"rendered":"<p>Die Emergency ist als erste Armbanduhr der Welt mit einer echten Zweifrequenz-Notfunkbake ausgestattet. Eine unerl\u00e4ssliche Sicherheitsausr\u00fcstung, die Abenteurern auf jeder Mission beim \u00dcberleben hilft. Breitling hat sich durch die Entwicklung der Emergency einen Namen als Innovationsf\u00fchrer gemacht.<\/p>\n<p>Dieses Modell ist ein Wunderwerk der Miniaturisierung und technischen Raffinesse und die weltweit erste Armbanduhr, die mit einer echten Zweifrequenz-Notfunkbake ausger\u00fcstet ist. Nach der Aktivierung sendet die Notfunkbake ein Alarmsignal, das den Rettungsmannschaften den Weg weist.<\/p>\n","protected":false},"excerpt":{"rendered":"<p>Die Emergency ist als erste Armbanduhr der Welt mit einer echten Zweifrequenz-Notfunkbake ausgestattet. Eine unerl\u00e4ssliche Sicherheitsausr\u00fcstung, die Abenteurern auf jeder Mission beim \u00dcberleben hilft. Breitling hat sich durch die Entwicklung der Emergency einen Namen als Innovationsf\u00fchrer gemacht. Dieses Modell ist ein Wunderwerk der Miniaturisierung und technischen Raffinesse und die weltweit erste Armbanduhr, die mit einer&#8230;  <a class=\"excerpt-read-more\" href=\"https:\/\/galli.ch\/en\/uhren\/breitling\/professional\/emergency-titanium-e76325221b1e1\/\" title=\"Read Breitling Emergency Titanium\">Weiter &raquo;<\/a><\/p>\n","protected":false},"featured_media":12930,"template":"","meta":{"_acf_changed":false,"inline_featured_image":false},"product_brand":[],"product_cat":[188],"product_tag":[],"class_list":{"0":"post-13024","1":"product","2":"type-product","3":"status-publish","4":"has-post-thumbnail","6":"uhrenhersteller-breitling","7":"uhrenhersteller-professional","8":"product_cat-uhren","10":"first","11":"outofstock","12":"taxable","13":"shipping-taxable","14":"purchasable","15":"product-type-simple"},"acf":[],"yoast_head":"<!-- This site is optimized with the Yoast SEO plugin v25.5 - https:\/\/yoast.com\/wordpress\/plugins\/seo\/ -->\n<title>Breitling Emergency Titanium - Galli Uhren Bijouterie<\/title>\n<meta name=\"robots\" content=\"index, follow, max-snippet:-1, max-image-preview:large, max-video-preview:-1\" \/>\n<link rel=\"canonical\" href=\"https:\/\/galli.ch\/uhren\/breitling\/professional\/emergency-titanium-e76325221b1e1\/\" \/>\n<meta property=\"og:locale\" content=\"en_US\" \/>\n<meta property=\"og:type\" content=\"article\" \/>\n<meta property=\"og:title\" content=\"Breitling Emergency Titanium - Galli Uhren Bijouterie\" \/>\n<meta property=\"og:description\" content=\"Die Emergency ist als erste Armbanduhr der Welt mit einer echten Zweifrequenz-Notfunkbake ausgestattet. Eine unerl\u00e4ssliche Sicherheitsausr\u00fcstung, die Abenteurern auf jeder Mission beim \u00dcberleben hilft. Breitling hat sich durch die Entwicklung der Emergency einen Namen als Innovationsf\u00fchrer gemacht. Dieses Modell ist ein Wunderwerk der Miniaturisierung und technischen Raffinesse und die weltweit erste Armbanduhr, die mit einer... Weiter &raquo;\" \/>\n<meta property=\"og:url\" content=\"https:\/\/galli.ch\/uhren\/breitling\/professional\/emergency-titanium-e76325221b1e1\/\" \/>\n<meta property=\"og:site_name\" content=\"Galli Uhren Bijouterie\" \/>\n<meta property=\"article:modified_time\" content=\"2025-03-13T12:44:41+00:00\" \/>\n<meta property=\"og:image\" content=\"https:\/\/galli.ch\/wp-content\/uploads\/177_1.png\" \/>\n\t<meta property=\"og:image:width\" content=\"1000\" \/>\n\t<meta property=\"og:image:height\" content=\"1400\" \/>\n\t<meta property=\"og:image:type\" content=\"image\/png\" \/>\n<meta name=\"twitter:card\" content=\"summary_large_image\" \/>\n<script type=\"application\/ld+json\" class=\"yoast-schema-graph\">{\"@context\":\"https:\/\/schema.org\",\"@graph\":[{\"@type\":\"WebPage\",\"@id\":\"https:\/\/galli.ch\/uhren\/breitling\/professional\/emergency-titanium-e76325221b1e1\/\",\"url\":\"https:\/\/galli.ch\/uhren\/breitling\/professional\/emergency-titanium-e76325221b1e1\/\",\"name\":\"Breitling Emergency Titanium - Galli Uhren Bijouterie\",\"isPartOf\":{\"@id\":\"http:\/\/galli.ch\/en\/#website\"},\"primaryImageOfPage\":{\"@id\":\"https:\/\/galli.ch\/uhren\/breitling\/professional\/emergency-titanium-e76325221b1e1\/#primaryimage\"},\"image\":{\"@id\":\"https:\/\/galli.ch\/uhren\/breitling\/professional\/emergency-titanium-e76325221b1e1\/#primaryimage\"},\"thumbnailUrl\":\"https:\/\/galli.ch\/wp-content\/uploads\/177_1.png\",\"datePublished\":\"2022-03-10T10:21:35+00:00\",\"dateModified\":\"2025-03-13T12:44:41+00:00\",\"breadcrumb\":{\"@id\":\"https:\/\/galli.ch\/uhren\/breitling\/professional\/emergency-titanium-e76325221b1e1\/#breadcrumb\"},\"inLanguage\":\"en-US\",\"potentialAction\":[{\"@type\":\"ReadAction\",\"target\":[\"https:\/\/galli.ch\/uhren\/breitling\/professional\/emergency-titanium-e76325221b1e1\/\"]}]},{\"@type\":\"ImageObject\",\"inLanguage\":\"en-US\",\"@id\":\"https:\/\/galli.ch\/uhren\/breitling\/professional\/emergency-titanium-e76325221b1e1\/#primaryimage\",\"url\":\"https:\/\/galli.ch\/wp-content\/uploads\/177_1.png\",\"contentUrl\":\"https:\/\/galli.ch\/wp-content\/uploads\/177_1.png\",\"width\":1000,\"height\":1400,\"caption\":\"breitling-professional-emergency\"},{\"@type\":\"BreadcrumbList\",\"@id\":\"https:\/\/galli.ch\/uhren\/breitling\/professional\/emergency-titanium-e76325221b1e1\/#breadcrumb\",\"itemListElement\":[{\"@type\":\"ListItem\",\"position\":1,\"name\":\"Home\",\"item\":\"https:\/\/galli.ch\/en\/\"},{\"@type\":\"ListItem\",\"position\":2,\"name\":\"Uhren\",\"item\":\"https:\/\/galli.ch\/en\/uhren\/\"},{\"@type\":\"ListItem\",\"position\":3,\"name\":\"Emergency Titanium\"}]},{\"@type\":\"WebSite\",\"@id\":\"http:\/\/galli.ch\/en\/#website\",\"url\":\"http:\/\/galli.ch\/en\/\",\"name\":\"Galli Uhren Bijouterie\",\"description\":\"\",\"potentialAction\":[{\"@type\":\"SearchAction\",\"target\":{\"@type\":\"EntryPoint\",\"urlTemplate\":\"http:\/\/galli.ch\/en\/?s={search_term_string}\"},\"query-input\":{\"@type\":\"PropertyValueSpecification\",\"valueRequired\":true,\"valueName\":\"search_term_string\"}}],\"inLanguage\":\"en-US\"}]}<\/script>\n<!-- \/ Yoast SEO plugin. -->","yoast_head_json":{"title":"Breitling Emergency Titanium - Galli Uhren Bijouterie","robots":{"index":"index","follow":"follow","max-snippet":"max-snippet:-1","max-image-preview":"max-image-preview:large","max-video-preview":"max-video-preview:-1"},"canonical":"https:\/\/galli.ch\/uhren\/breitling\/professional\/emergency-titanium-e76325221b1e1\/","og_locale":"en_US","og_type":"article","og_title":"Breitling Emergency Titanium - Galli Uhren Bijouterie","og_description":"Die Emergency ist als erste Armbanduhr der Welt mit einer echten Zweifrequenz-Notfunkbake ausgestattet. Eine unerl\u00e4ssliche Sicherheitsausr\u00fcstung, die Abenteurern auf jeder Mission beim \u00dcberleben hilft. Breitling hat sich durch die Entwicklung der Emergency einen Namen als Innovationsf\u00fchrer gemacht. Dieses Modell ist ein Wunderwerk der Miniaturisierung und technischen Raffinesse und die weltweit erste Armbanduhr, die mit einer... Weiter &raquo;","og_url":"https:\/\/galli.ch\/uhren\/breitling\/professional\/emergency-titanium-e76325221b1e1\/","og_site_name":"Galli Uhren Bijouterie","article_modified_time":"2025-03-13T12:44:41+00:00","og_image":[{"width":1000,"height":1400,"url":"https:\/\/galli.ch\/wp-content\/uploads\/177_1.png","type":"image\/png"}],"twitter_card":"summary_large_image","schema":{"@context":"https:\/\/schema.org","@graph":[{"@type":"WebPage","@id":"https:\/\/galli.ch\/uhren\/breitling\/professional\/emergency-titanium-e76325221b1e1\/","url":"https:\/\/galli.ch\/uhren\/breitling\/professional\/emergency-titanium-e76325221b1e1\/","name":"Breitling Emergency Titanium - Galli Uhren Bijouterie","isPartOf":{"@id":"http:\/\/galli.ch\/en\/#website"},"primaryImageOfPage":{"@id":"https:\/\/galli.ch\/uhren\/breitling\/professional\/emergency-titanium-e76325221b1e1\/#primaryimage"},"image":{"@id":"https:\/\/galli.ch\/uhren\/breitling\/professional\/emergency-titanium-e76325221b1e1\/#primaryimage"},"thumbnailUrl":"https:\/\/galli.ch\/wp-content\/uploads\/177_1.png","datePublished":"2022-03-10T10:21:35+00:00","dateModified":"2025-03-13T12:44:41+00:00","breadcrumb":{"@id":"https:\/\/galli.ch\/uhren\/breitling\/professional\/emergency-titanium-e76325221b1e1\/#breadcrumb"},"inLanguage":"en-US","potentialAction":[{"@type":"ReadAction","target":["https:\/\/galli.ch\/uhren\/breitling\/professional\/emergency-titanium-e76325221b1e1\/"]}]},{"@type":"ImageObject","inLanguage":"en-US","@id":"https:\/\/galli.ch\/uhren\/breitling\/professional\/emergency-titanium-e76325221b1e1\/#primaryimage","url":"https:\/\/galli.ch\/wp-content\/uploads\/177_1.png","contentUrl":"https:\/\/galli.ch\/wp-content\/uploads\/177_1.png","width":1000,"height":1400,"caption":"breitling-professional-emergency"},{"@type":"BreadcrumbList","@id":"https:\/\/galli.ch\/uhren\/breitling\/professional\/emergency-titanium-e76325221b1e1\/#breadcrumb","itemListElement":[{"@type":"ListItem","position":1,"name":"Home","item":"https:\/\/galli.ch\/en\/"},{"@type":"ListItem","position":2,"name":"Uhren","item":"https:\/\/galli.ch\/en\/uhren\/"},{"@type":"ListItem","position":3,"name":"Emergency Titanium"}]},{"@type":"WebSite","@id":"http:\/\/galli.ch\/en\/#website","url":"http:\/\/galli.ch\/en\/","name":"Galli Uhren Bijouterie","description":"","potentialAction":[{"@type":"SearchAction","target":{"@type":"EntryPoint","urlTemplate":"http:\/\/galli.ch\/en\/?s={search_term_string}"},"query-input":{"@type":"PropertyValueSpecification","valueRequired":true,"valueName":"search_term_string"}}],"inLanguage":"en-US"}]}},"_links":{"self":[{"href":"https:\/\/galli.ch\/en\/wp-json\/wp\/v2\/product\/13024","targetHints":{"allow":["GET"]}}],"collection":[{"href":"https:\/\/galli.ch\/en\/wp-json\/wp\/v2\/product"}],"about":[{"href":"https:\/\/galli.ch\/en\/wp-json\/wp\/v2\/types\/product"}],"wp:featuredmedia":[{"embeddable":true,"href":"https:\/\/galli.ch\/en\/wp-json\/wp\/v2\/media\/12930"}],"wp:attachment":[{"href":"https:\/\/galli.ch\/en\/wp-json\/wp\/v2\/media?parent=13024"}],"wp:term":[{"taxonomy":"product_brand","embeddable":true,"href":"https:\/\/galli.ch\/en\/wp-json\/wp\/v2\/product_brand?post=13024"},{"taxonomy":"product_cat","embeddable":true,"href":"https:\/\/galli.ch\/en\/wp-json\/wp\/v2\/product_cat?post=13024"},{"taxonomy":"product_tag","embeddable":true,"href":"https:\/\/galli.ch\/en\/wp-json\/wp\/v2\/product_tag?post=13024"}],"curies":[{"name":"wp","href":"https:\/\/api.w.org\/{rel}","templated":true}]}}