{"id":13257,"date":"2022-03-28T11:24:22","date_gmt":"2022-03-28T09:24:22","guid":{"rendered":"http:\/\/galli.ch\/?post_type=uhren&#038;p=13257"},"modified":"2026-04-23T18:11:32","modified_gmt":"2026-04-23T16:11:32","slug":"spirit-37-l3-410-4-63-2","status":"publish","type":"product","link":"https:\/\/galli.ch\/en\/uhren\/longines\/avigation\/spirit-37-l3-410-4-63-2\/","title":{"rendered":"Longines Spirit 37"},"content":{"rendered":"<p>Die Longines Spirit-Kollektion ist in der gleichen Weise gestaltet wie die Zeitmesser der ber\u00fchmten Pioniere, als sie mit ihren Longines-Zeitmessinstrumenten die Luft, das Land und die See eroberten. Die Chronometer zertifizierte Armbanduhr ist auf Stahl- oder Lederband verf\u00fcgbar.<\/p>\n<p>Eine gl\u00fchende Hommage an diese aussergew\u00f6hnlichen M\u00e4nner und Frauen, die durch einen Rekord, eine Heldentat oder ein Zeichen von Mut die Geschichte gepr\u00e4gt haben und neue Generationen ermutigen, die Grenzen zu \u00fcberschreiten. Legend\u00e4re Flieger und Entdecker wie Amelia Earhart, Paul-Emile Victor, Elinor Smith und Howard Hughes vertrauten auf ihren unglaublichen Reisen auf die Marke der gefl\u00fcgelten Sanduhr.<\/p>\n","protected":false},"excerpt":{"rendered":"<p>Die Longines Spirit-Kollektion ist in der gleichen Weise gestaltet wie die Zeitmesser der ber\u00fchmten Pioniere, als sie mit ihren Longines-Zeitmessinstrumenten die Luft, das Land und die See eroberten. Die Chronometer zertifizierte Armbanduhr ist auf Stahl- oder Lederband verf\u00fcgbar. Eine gl\u00fchende Hommage an diese aussergew\u00f6hnlichen M\u00e4nner und Frauen, die durch einen Rekord, eine Heldentat oder ein&#8230;  <a class=\"excerpt-read-more\" href=\"https:\/\/galli.ch\/en\/uhren\/longines\/avigation\/spirit-37-l3-410-4-63-2\/\" title=\"Read Longines Spirit 37\">Weiter &raquo;<\/a><\/p>\n","protected":false},"featured_media":13159,"template":"","meta":{"_acf_changed":false,"inline_featured_image":false},"product_brand":[],"product_cat":[188],"product_tag":[191],"class_list":{"0":"post-13257","1":"product","2":"type-product","3":"status-publish","4":"has-post-thumbnail","6":"uhrenhersteller-longines","7":"uhrenhersteller-avigation","8":"product_cat-uhren","9":"product_tag-update","11":"first","12":"instock","13":"taxable","14":"shipping-taxable","15":"purchasable","16":"product-type-simple"},"acf":[],"yoast_head":"<!-- This site is optimized with the Yoast SEO plugin v25.5 - https:\/\/yoast.com\/wordpress\/plugins\/seo\/ -->\n<title>Longines Spirit 37 - Galli Uhren Bijouterie<\/title>\n<meta name=\"robots\" content=\"index, follow, max-snippet:-1, max-image-preview:large, max-video-preview:-1\" \/>\n<link rel=\"canonical\" href=\"https:\/\/galli.ch\/uhren\/longines\/avigation\/spirit-37-l3-410-4-63-2\/\" \/>\n<meta property=\"og:locale\" content=\"en_US\" \/>\n<meta property=\"og:type\" content=\"article\" \/>\n<meta property=\"og:title\" content=\"Longines Spirit 37 - Galli Uhren Bijouterie\" \/>\n<meta property=\"og:description\" content=\"Die Longines Spirit-Kollektion ist in der gleichen Weise gestaltet wie die Zeitmesser der ber\u00fchmten Pioniere, als sie mit ihren Longines-Zeitmessinstrumenten die Luft, das Land und die See eroberten. Die Chronometer zertifizierte Armbanduhr ist auf Stahl- oder Lederband verf\u00fcgbar. Eine gl\u00fchende Hommage an diese aussergew\u00f6hnlichen M\u00e4nner und Frauen, die durch einen Rekord, eine Heldentat oder ein... Weiter &raquo;\" \/>\n<meta property=\"og:url\" content=\"https:\/\/galli.ch\/uhren\/longines\/avigation\/spirit-37-l3-410-4-63-2\/\" \/>\n<meta property=\"og:site_name\" content=\"Galli Uhren Bijouterie\" \/>\n<meta property=\"article:modified_time\" content=\"2026-04-23T16:11:32+00:00\" \/>\n<meta property=\"og:image\" content=\"https:\/\/galli.ch\/wp-content\/uploads\/longines-spirit-l3-410-4-63-2-2000x2000-1.png\" \/>\n\t<meta property=\"og:image:width\" content=\"1000\" \/>\n\t<meta property=\"og:image:height\" content=\"1400\" \/>\n\t<meta property=\"og:image:type\" content=\"image\/png\" \/>\n<meta name=\"twitter:card\" content=\"summary_large_image\" \/>\n<script type=\"application\/ld+json\" class=\"yoast-schema-graph\">{\"@context\":\"https:\/\/schema.org\",\"@graph\":[{\"@type\":\"WebPage\",\"@id\":\"https:\/\/galli.ch\/uhren\/longines\/avigation\/spirit-37-l3-410-4-63-2\/\",\"url\":\"https:\/\/galli.ch\/uhren\/longines\/avigation\/spirit-37-l3-410-4-63-2\/\",\"name\":\"Longines Spirit 37 - Galli Uhren Bijouterie\",\"isPartOf\":{\"@id\":\"http:\/\/galli.ch\/en\/#website\"},\"primaryImageOfPage\":{\"@id\":\"https:\/\/galli.ch\/uhren\/longines\/avigation\/spirit-37-l3-410-4-63-2\/#primaryimage\"},\"image\":{\"@id\":\"https:\/\/galli.ch\/uhren\/longines\/avigation\/spirit-37-l3-410-4-63-2\/#primaryimage\"},\"thumbnailUrl\":\"https:\/\/galli.ch\/wp-content\/uploads\/longines-spirit-l3-410-4-63-2-2000x2000-1.png\",\"datePublished\":\"2022-03-28T09:24:22+00:00\",\"dateModified\":\"2026-04-23T16:11:32+00:00\",\"breadcrumb\":{\"@id\":\"https:\/\/galli.ch\/uhren\/longines\/avigation\/spirit-37-l3-410-4-63-2\/#breadcrumb\"},\"inLanguage\":\"en-US\",\"potentialAction\":[{\"@type\":\"ReadAction\",\"target\":[\"https:\/\/galli.ch\/uhren\/longines\/avigation\/spirit-37-l3-410-4-63-2\/\"]}]},{\"@type\":\"ImageObject\",\"inLanguage\":\"en-US\",\"@id\":\"https:\/\/galli.ch\/uhren\/longines\/avigation\/spirit-37-l3-410-4-63-2\/#primaryimage\",\"url\":\"https:\/\/galli.ch\/wp-content\/uploads\/longines-spirit-l3-410-4-63-2-2000x2000-1.png\",\"contentUrl\":\"https:\/\/galli.ch\/wp-content\/uploads\/longines-spirit-l3-410-4-63-2-2000x2000-1.png\",\"width\":1000,\"height\":1400,\"caption\":\"longines-spirit-37-zurich\"},{\"@type\":\"BreadcrumbList\",\"@id\":\"https:\/\/galli.ch\/uhren\/longines\/avigation\/spirit-37-l3-410-4-63-2\/#breadcrumb\",\"itemListElement\":[{\"@type\":\"ListItem\",\"position\":1,\"name\":\"Home\",\"item\":\"https:\/\/galli.ch\/en\/\"},{\"@type\":\"ListItem\",\"position\":2,\"name\":\"Uhren\",\"item\":\"https:\/\/galli.ch\/en\/uhren\/\"},{\"@type\":\"ListItem\",\"position\":3,\"name\":\"Spirit 37\"}]},{\"@type\":\"WebSite\",\"@id\":\"http:\/\/galli.ch\/en\/#website\",\"url\":\"http:\/\/galli.ch\/en\/\",\"name\":\"Galli Uhren Bijouterie\",\"description\":\"\",\"potentialAction\":[{\"@type\":\"SearchAction\",\"target\":{\"@type\":\"EntryPoint\",\"urlTemplate\":\"http:\/\/galli.ch\/en\/?s={search_term_string}\"},\"query-input\":{\"@type\":\"PropertyValueSpecification\",\"valueRequired\":true,\"valueName\":\"search_term_string\"}}],\"inLanguage\":\"en-US\"}]}<\/script>\n<!-- \/ Yoast SEO plugin. -->","yoast_head_json":{"title":"Longines Spirit 37 - Galli Uhren Bijouterie","robots":{"index":"index","follow":"follow","max-snippet":"max-snippet:-1","max-image-preview":"max-image-preview:large","max-video-preview":"max-video-preview:-1"},"canonical":"https:\/\/galli.ch\/uhren\/longines\/avigation\/spirit-37-l3-410-4-63-2\/","og_locale":"en_US","og_type":"article","og_title":"Longines Spirit 37 - Galli Uhren Bijouterie","og_description":"Die Longines Spirit-Kollektion ist in der gleichen Weise gestaltet wie die Zeitmesser der ber\u00fchmten Pioniere, als sie mit ihren Longines-Zeitmessinstrumenten die Luft, das Land und die See eroberten. Die Chronometer zertifizierte Armbanduhr ist auf Stahl- oder Lederband verf\u00fcgbar. Eine gl\u00fchende Hommage an diese aussergew\u00f6hnlichen M\u00e4nner und Frauen, die durch einen Rekord, eine Heldentat oder ein... Weiter &raquo;","og_url":"https:\/\/galli.ch\/uhren\/longines\/avigation\/spirit-37-l3-410-4-63-2\/","og_site_name":"Galli Uhren Bijouterie","article_modified_time":"2026-04-23T16:11:32+00:00","og_image":[{"width":1000,"height":1400,"url":"https:\/\/galli.ch\/wp-content\/uploads\/longines-spirit-l3-410-4-63-2-2000x2000-1.png","type":"image\/png"}],"twitter_card":"summary_large_image","schema":{"@context":"https:\/\/schema.org","@graph":[{"@type":"WebPage","@id":"https:\/\/galli.ch\/uhren\/longines\/avigation\/spirit-37-l3-410-4-63-2\/","url":"https:\/\/galli.ch\/uhren\/longines\/avigation\/spirit-37-l3-410-4-63-2\/","name":"Longines Spirit 37 - Galli Uhren Bijouterie","isPartOf":{"@id":"http:\/\/galli.ch\/en\/#website"},"primaryImageOfPage":{"@id":"https:\/\/galli.ch\/uhren\/longines\/avigation\/spirit-37-l3-410-4-63-2\/#primaryimage"},"image":{"@id":"https:\/\/galli.ch\/uhren\/longines\/avigation\/spirit-37-l3-410-4-63-2\/#primaryimage"},"thumbnailUrl":"https:\/\/galli.ch\/wp-content\/uploads\/longines-spirit-l3-410-4-63-2-2000x2000-1.png","datePublished":"2022-03-28T09:24:22+00:00","dateModified":"2026-04-23T16:11:32+00:00","breadcrumb":{"@id":"https:\/\/galli.ch\/uhren\/longines\/avigation\/spirit-37-l3-410-4-63-2\/#breadcrumb"},"inLanguage":"en-US","potentialAction":[{"@type":"ReadAction","target":["https:\/\/galli.ch\/uhren\/longines\/avigation\/spirit-37-l3-410-4-63-2\/"]}]},{"@type":"ImageObject","inLanguage":"en-US","@id":"https:\/\/galli.ch\/uhren\/longines\/avigation\/spirit-37-l3-410-4-63-2\/#primaryimage","url":"https:\/\/galli.ch\/wp-content\/uploads\/longines-spirit-l3-410-4-63-2-2000x2000-1.png","contentUrl":"https:\/\/galli.ch\/wp-content\/uploads\/longines-spirit-l3-410-4-63-2-2000x2000-1.png","width":1000,"height":1400,"caption":"longines-spirit-37-zurich"},{"@type":"BreadcrumbList","@id":"https:\/\/galli.ch\/uhren\/longines\/avigation\/spirit-37-l3-410-4-63-2\/#breadcrumb","itemListElement":[{"@type":"ListItem","position":1,"name":"Home","item":"https:\/\/galli.ch\/en\/"},{"@type":"ListItem","position":2,"name":"Uhren","item":"https:\/\/galli.ch\/en\/uhren\/"},{"@type":"ListItem","position":3,"name":"Spirit 37"}]},{"@type":"WebSite","@id":"http:\/\/galli.ch\/en\/#website","url":"http:\/\/galli.ch\/en\/","name":"Galli Uhren Bijouterie","description":"","potentialAction":[{"@type":"SearchAction","target":{"@type":"EntryPoint","urlTemplate":"http:\/\/galli.ch\/en\/?s={search_term_string}"},"query-input":{"@type":"PropertyValueSpecification","valueRequired":true,"valueName":"search_term_string"}}],"inLanguage":"en-US"}]}},"_links":{"self":[{"href":"https:\/\/galli.ch\/en\/wp-json\/wp\/v2\/product\/13257","targetHints":{"allow":["GET"]}}],"collection":[{"href":"https:\/\/galli.ch\/en\/wp-json\/wp\/v2\/product"}],"about":[{"href":"https:\/\/galli.ch\/en\/wp-json\/wp\/v2\/types\/product"}],"wp:featuredmedia":[{"embeddable":true,"href":"https:\/\/galli.ch\/en\/wp-json\/wp\/v2\/media\/13159"}],"wp:attachment":[{"href":"https:\/\/galli.ch\/en\/wp-json\/wp\/v2\/media?parent=13257"}],"wp:term":[{"taxonomy":"product_brand","embeddable":true,"href":"https:\/\/galli.ch\/en\/wp-json\/wp\/v2\/product_brand?post=13257"},{"taxonomy":"product_cat","embeddable":true,"href":"https:\/\/galli.ch\/en\/wp-json\/wp\/v2\/product_cat?post=13257"},{"taxonomy":"product_tag","embeddable":true,"href":"https:\/\/galli.ch\/en\/wp-json\/wp\/v2\/product_tag?post=13257"}],"curies":[{"name":"wp","href":"https:\/\/api.w.org\/{rel}","templated":true}]}}