{"id":13373,"date":"2022-03-31T15:58:51","date_gmt":"2022-03-31T13:58:51","guid":{"rendered":"http:\/\/galli.ch\/?post_type=uhren&#038;p=13373"},"modified":"2026-03-30T12:10:13","modified_gmt":"2026-03-30T10:10:13","slug":"b01-chronograph-43-ab0138241l1p1","status":"publish","type":"product","link":"https:\/\/galli.ch\/en\/uhren\/breitling\/navitimer\/b01-chronograph-43-ab0138241l1p1\/","title":{"rendered":"Breitling Navitimer B01 Chronograph 43"},"content":{"rendered":"<p>Im Jahr 1952 entwickelte Willy Breitling einen Chronographen mit einem kreisf\u00f6rmigen Rechenschieber, mit dem Piloten alle notwendigen Flugberechnungen durchf\u00fchren konnten. Zwei Jahre sp\u00e4ter ernannte die amerikanische Aircraft Owners and Pilots Association (AOPA), der gr\u00f6sste Piloten-Club der Welt, sein Design zu ihrem offiziellen Zeitmesser. Das Fl\u00fcgellogo des Verbands prangte auf der 12-Uhr-Position, und damit war die &#8220;Navigation Timer&#8221; \u2013 oder schlicht Navitimer \u2013 geboren.<\/p>\n<p>Ein abgeflachter Rechenschieber und ein gew\u00f6lbtes Glas erzeugen den Eindruck eines kompakteren Profils. Polierte und geb\u00fcrstete Finishes verleihen den Metallelementen ein hochwertiges, gl\u00e4nzendes, aber dennoch dezentes Aussehen. Getragen von Astronauten im Weltraum und von den gr\u00f6ssten Stars der Welt, handelt es sich um den legend\u00e4rsten Zeitmesser von Breitling und um eine der unverwechselbarsten Uhren aller Zeiten.<\/p>\n","protected":false},"excerpt":{"rendered":"<p>Im Jahr 1952 entwickelte Willy Breitling einen Chronographen mit einem kreisf\u00f6rmigen Rechenschieber, mit dem Piloten alle notwendigen Flugberechnungen durchf\u00fchren konnten. Zwei Jahre sp\u00e4ter ernannte die amerikanische Aircraft Owners and Pilots Association (AOPA), der gr\u00f6sste Piloten-Club der Welt, sein Design zu ihrem offiziellen Zeitmesser. Das Fl\u00fcgellogo des Verbands prangte auf der 12-Uhr-Position, und damit war die&#8230;  <a class=\"excerpt-read-more\" href=\"https:\/\/galli.ch\/en\/uhren\/breitling\/navitimer\/b01-chronograph-43-ab0138241l1p1\/\" title=\"Read Breitling Navitimer B01 Chronograph 43\">Weiter &raquo;<\/a><\/p>\n","protected":false},"featured_media":13319,"template":"","meta":{"_acf_changed":false,"inline_featured_image":false},"product_brand":[],"product_cat":[188],"product_tag":[191],"class_list":{"0":"post-13373","1":"product","2":"type-product","3":"status-publish","4":"has-post-thumbnail","6":"uhrenhersteller-breitling","7":"uhrenhersteller-navitimer","8":"product_cat-uhren","9":"product_tag-update","11":"first","12":"outofstock","13":"taxable","14":"shipping-taxable","15":"purchasable","16":"product-type-simple"},"acf":[],"yoast_head":"<!-- This site is optimized with the Yoast SEO plugin v25.5 - https:\/\/yoast.com\/wordpress\/plugins\/seo\/ -->\n<title>Breitling Navitimer B01 Chronograph 43 - Galli Uhren Bijouterie<\/title>\n<meta name=\"robots\" content=\"index, follow, max-snippet:-1, max-image-preview:large, max-video-preview:-1\" \/>\n<link rel=\"canonical\" href=\"https:\/\/galli.ch\/uhren\/breitling\/navitimer\/b01-chronograph-43-ab0138241l1p1\/\" \/>\n<meta property=\"og:locale\" content=\"en_US\" \/>\n<meta property=\"og:type\" content=\"article\" \/>\n<meta property=\"og:title\" content=\"Breitling Navitimer B01 Chronograph 43 - Galli Uhren Bijouterie\" \/>\n<meta property=\"og:description\" content=\"Im Jahr 1952 entwickelte Willy Breitling einen Chronographen mit einem kreisf\u00f6rmigen Rechenschieber, mit dem Piloten alle notwendigen Flugberechnungen durchf\u00fchren konnten. Zwei Jahre sp\u00e4ter ernannte die amerikanische Aircraft Owners and Pilots Association (AOPA), der gr\u00f6sste Piloten-Club der Welt, sein Design zu ihrem offiziellen Zeitmesser. Das Fl\u00fcgellogo des Verbands prangte auf der 12-Uhr-Position, und damit war die... Weiter &raquo;\" \/>\n<meta property=\"og:url\" content=\"https:\/\/galli.ch\/uhren\/breitling\/navitimer\/b01-chronograph-43-ab0138241l1p1\/\" \/>\n<meta property=\"og:site_name\" content=\"Galli Uhren Bijouterie\" \/>\n<meta property=\"article:modified_time\" content=\"2026-03-30T10:10:13+00:00\" \/>\n<meta property=\"og:image\" content=\"https:\/\/galli.ch\/wp-content\/uploads\/ab0138241l1p1-navitimer-b01-chronograph-43-soldier.png\" \/>\n\t<meta property=\"og:image:width\" content=\"1000\" \/>\n\t<meta property=\"og:image:height\" content=\"1400\" \/>\n\t<meta property=\"og:image:type\" content=\"image\/png\" \/>\n<meta name=\"twitter:card\" content=\"summary_large_image\" \/>\n<script type=\"application\/ld+json\" class=\"yoast-schema-graph\">{\"@context\":\"https:\/\/schema.org\",\"@graph\":[{\"@type\":\"WebPage\",\"@id\":\"https:\/\/galli.ch\/uhren\/breitling\/navitimer\/b01-chronograph-43-ab0138241l1p1\/\",\"url\":\"https:\/\/galli.ch\/uhren\/breitling\/navitimer\/b01-chronograph-43-ab0138241l1p1\/\",\"name\":\"Breitling Navitimer B01 Chronograph 43 - Galli Uhren Bijouterie\",\"isPartOf\":{\"@id\":\"http:\/\/galli.ch\/en\/#website\"},\"primaryImageOfPage\":{\"@id\":\"https:\/\/galli.ch\/uhren\/breitling\/navitimer\/b01-chronograph-43-ab0138241l1p1\/#primaryimage\"},\"image\":{\"@id\":\"https:\/\/galli.ch\/uhren\/breitling\/navitimer\/b01-chronograph-43-ab0138241l1p1\/#primaryimage\"},\"thumbnailUrl\":\"https:\/\/galli.ch\/wp-content\/uploads\/ab0138241l1p1-navitimer-b01-chronograph-43-soldier.png\",\"datePublished\":\"2022-03-31T13:58:51+00:00\",\"dateModified\":\"2026-03-30T10:10:13+00:00\",\"breadcrumb\":{\"@id\":\"https:\/\/galli.ch\/uhren\/breitling\/navitimer\/b01-chronograph-43-ab0138241l1p1\/#breadcrumb\"},\"inLanguage\":\"en-US\",\"potentialAction\":[{\"@type\":\"ReadAction\",\"target\":[\"https:\/\/galli.ch\/uhren\/breitling\/navitimer\/b01-chronograph-43-ab0138241l1p1\/\"]}]},{\"@type\":\"ImageObject\",\"inLanguage\":\"en-US\",\"@id\":\"https:\/\/galli.ch\/uhren\/breitling\/navitimer\/b01-chronograph-43-ab0138241l1p1\/#primaryimage\",\"url\":\"https:\/\/galli.ch\/wp-content\/uploads\/ab0138241l1p1-navitimer-b01-chronograph-43-soldier.png\",\"contentUrl\":\"https:\/\/galli.ch\/wp-content\/uploads\/ab0138241l1p1-navitimer-b01-chronograph-43-soldier.png\",\"width\":1000,\"height\":1400,\"caption\":\"breitling-navitimer-b01-43-minzgr\u00fcn\"},{\"@type\":\"BreadcrumbList\",\"@id\":\"https:\/\/galli.ch\/uhren\/breitling\/navitimer\/b01-chronograph-43-ab0138241l1p1\/#breadcrumb\",\"itemListElement\":[{\"@type\":\"ListItem\",\"position\":1,\"name\":\"Home\",\"item\":\"https:\/\/galli.ch\/en\/\"},{\"@type\":\"ListItem\",\"position\":2,\"name\":\"Uhren\",\"item\":\"https:\/\/galli.ch\/en\/uhren\/\"},{\"@type\":\"ListItem\",\"position\":3,\"name\":\"Breitling Navitimer B01 Chronograph 43\"}]},{\"@type\":\"WebSite\",\"@id\":\"http:\/\/galli.ch\/en\/#website\",\"url\":\"http:\/\/galli.ch\/en\/\",\"name\":\"Galli Uhren Bijouterie\",\"description\":\"\",\"potentialAction\":[{\"@type\":\"SearchAction\",\"target\":{\"@type\":\"EntryPoint\",\"urlTemplate\":\"http:\/\/galli.ch\/en\/?s={search_term_string}\"},\"query-input\":{\"@type\":\"PropertyValueSpecification\",\"valueRequired\":true,\"valueName\":\"search_term_string\"}}],\"inLanguage\":\"en-US\"}]}<\/script>\n<!-- \/ Yoast SEO plugin. -->","yoast_head_json":{"title":"Breitling Navitimer B01 Chronograph 43 - Galli Uhren Bijouterie","robots":{"index":"index","follow":"follow","max-snippet":"max-snippet:-1","max-image-preview":"max-image-preview:large","max-video-preview":"max-video-preview:-1"},"canonical":"https:\/\/galli.ch\/uhren\/breitling\/navitimer\/b01-chronograph-43-ab0138241l1p1\/","og_locale":"en_US","og_type":"article","og_title":"Breitling Navitimer B01 Chronograph 43 - Galli Uhren Bijouterie","og_description":"Im Jahr 1952 entwickelte Willy Breitling einen Chronographen mit einem kreisf\u00f6rmigen Rechenschieber, mit dem Piloten alle notwendigen Flugberechnungen durchf\u00fchren konnten. Zwei Jahre sp\u00e4ter ernannte die amerikanische Aircraft Owners and Pilots Association (AOPA), der gr\u00f6sste Piloten-Club der Welt, sein Design zu ihrem offiziellen Zeitmesser. Das Fl\u00fcgellogo des Verbands prangte auf der 12-Uhr-Position, und damit war die... Weiter &raquo;","og_url":"https:\/\/galli.ch\/uhren\/breitling\/navitimer\/b01-chronograph-43-ab0138241l1p1\/","og_site_name":"Galli Uhren Bijouterie","article_modified_time":"2026-03-30T10:10:13+00:00","og_image":[{"width":1000,"height":1400,"url":"https:\/\/galli.ch\/wp-content\/uploads\/ab0138241l1p1-navitimer-b01-chronograph-43-soldier.png","type":"image\/png"}],"twitter_card":"summary_large_image","schema":{"@context":"https:\/\/schema.org","@graph":[{"@type":"WebPage","@id":"https:\/\/galli.ch\/uhren\/breitling\/navitimer\/b01-chronograph-43-ab0138241l1p1\/","url":"https:\/\/galli.ch\/uhren\/breitling\/navitimer\/b01-chronograph-43-ab0138241l1p1\/","name":"Breitling Navitimer B01 Chronograph 43 - Galli Uhren Bijouterie","isPartOf":{"@id":"http:\/\/galli.ch\/en\/#website"},"primaryImageOfPage":{"@id":"https:\/\/galli.ch\/uhren\/breitling\/navitimer\/b01-chronograph-43-ab0138241l1p1\/#primaryimage"},"image":{"@id":"https:\/\/galli.ch\/uhren\/breitling\/navitimer\/b01-chronograph-43-ab0138241l1p1\/#primaryimage"},"thumbnailUrl":"https:\/\/galli.ch\/wp-content\/uploads\/ab0138241l1p1-navitimer-b01-chronograph-43-soldier.png","datePublished":"2022-03-31T13:58:51+00:00","dateModified":"2026-03-30T10:10:13+00:00","breadcrumb":{"@id":"https:\/\/galli.ch\/uhren\/breitling\/navitimer\/b01-chronograph-43-ab0138241l1p1\/#breadcrumb"},"inLanguage":"en-US","potentialAction":[{"@type":"ReadAction","target":["https:\/\/galli.ch\/uhren\/breitling\/navitimer\/b01-chronograph-43-ab0138241l1p1\/"]}]},{"@type":"ImageObject","inLanguage":"en-US","@id":"https:\/\/galli.ch\/uhren\/breitling\/navitimer\/b01-chronograph-43-ab0138241l1p1\/#primaryimage","url":"https:\/\/galli.ch\/wp-content\/uploads\/ab0138241l1p1-navitimer-b01-chronograph-43-soldier.png","contentUrl":"https:\/\/galli.ch\/wp-content\/uploads\/ab0138241l1p1-navitimer-b01-chronograph-43-soldier.png","width":1000,"height":1400,"caption":"breitling-navitimer-b01-43-minzgr\u00fcn"},{"@type":"BreadcrumbList","@id":"https:\/\/galli.ch\/uhren\/breitling\/navitimer\/b01-chronograph-43-ab0138241l1p1\/#breadcrumb","itemListElement":[{"@type":"ListItem","position":1,"name":"Home","item":"https:\/\/galli.ch\/en\/"},{"@type":"ListItem","position":2,"name":"Uhren","item":"https:\/\/galli.ch\/en\/uhren\/"},{"@type":"ListItem","position":3,"name":"Breitling Navitimer B01 Chronograph 43"}]},{"@type":"WebSite","@id":"http:\/\/galli.ch\/en\/#website","url":"http:\/\/galli.ch\/en\/","name":"Galli Uhren Bijouterie","description":"","potentialAction":[{"@type":"SearchAction","target":{"@type":"EntryPoint","urlTemplate":"http:\/\/galli.ch\/en\/?s={search_term_string}"},"query-input":{"@type":"PropertyValueSpecification","valueRequired":true,"valueName":"search_term_string"}}],"inLanguage":"en-US"}]}},"_links":{"self":[{"href":"https:\/\/galli.ch\/en\/wp-json\/wp\/v2\/product\/13373","targetHints":{"allow":["GET"]}}],"collection":[{"href":"https:\/\/galli.ch\/en\/wp-json\/wp\/v2\/product"}],"about":[{"href":"https:\/\/galli.ch\/en\/wp-json\/wp\/v2\/types\/product"}],"wp:featuredmedia":[{"embeddable":true,"href":"https:\/\/galli.ch\/en\/wp-json\/wp\/v2\/media\/13319"}],"wp:attachment":[{"href":"https:\/\/galli.ch\/en\/wp-json\/wp\/v2\/media?parent=13373"}],"wp:term":[{"taxonomy":"product_brand","embeddable":true,"href":"https:\/\/galli.ch\/en\/wp-json\/wp\/v2\/product_brand?post=13373"},{"taxonomy":"product_cat","embeddable":true,"href":"https:\/\/galli.ch\/en\/wp-json\/wp\/v2\/product_cat?post=13373"},{"taxonomy":"product_tag","embeddable":true,"href":"https:\/\/galli.ch\/en\/wp-json\/wp\/v2\/product_tag?post=13373"}],"curies":[{"name":"wp","href":"https:\/\/api.w.org\/{rel}","templated":true}]}}