{"id":13399,"date":"2022-04-01T16:10:51","date_gmt":"2022-04-01T14:10:51","guid":{"rendered":"http:\/\/galli.ch\/?post_type=uhren&#038;p=13399"},"modified":"2026-03-30T10:13:53","modified_gmt":"2026-03-30T08:13:53","slug":"big-pilots-watch-43-top-gun-iw329801","status":"publish","type":"product","link":"https:\/\/galli.ch\/en\/uhren\/iwc\/pilots-watches\/big-pilots-watch-43-top-gun-iw329801\/","title":{"rendered":"IWC Big Pilot&#8217;s Watch 43 Top Gun"},"content":{"rendered":"<p class=\"text iwc-dh-text\">Die Pilot\u2019s Watch 43 TOP GUN verf\u00fcgt \u00fcber ein Geh\u00e4use aus schwarzer Keramik, ein schwarzes Zifferblatt sowie einen Geh\u00e4useboden und eine Krone aus Titan.<\/p>\n<p>Die Big Pilot\u2019s Watch ist seit 2012 ein fester Bestandteil der TOP GUN-Linie von IWC. Nun ist dieser Klassiker erstmals in einem ergonomischen 43-Millimeter-Geh\u00e4use erh\u00e4ltlich. Dieses Exemplar verf\u00fcgt \u00fcber ein extrem hartes und kratzfestes Geh\u00e4use aus schwarzer Zirkonoxid-Keramik, ein schwarzes Zifferblatt und schwarze Zeiger sowie eine Bedruckung und Leuchtmasse in Weiss. Im Inneren arbeitet das IWC-Manufakturkaliber 82100. Das hochwertige Automatikwerk verf\u00fcgt \u00fcber einen Pellaton-Aufzug, der mit Keramik-Komponenten verst\u00e4rkt wurde und eine Gangreserve von 60 Stunden aufbaut.<\/p>\n","protected":false},"excerpt":{"rendered":"<p>Die Pilot\u2019s Watch 43 TOP GUN verf\u00fcgt \u00fcber ein Geh\u00e4use aus schwarzer Keramik, ein schwarzes Zifferblatt sowie einen Geh\u00e4useboden und eine Krone aus Titan. Die Big Pilot\u2019s Watch ist seit 2012 ein fester Bestandteil der TOP GUN-Linie von IWC. Nun ist dieser Klassiker erstmals in einem ergonomischen 43-Millimeter-Geh\u00e4use erh\u00e4ltlich. Dieses Exemplar verf\u00fcgt \u00fcber ein extrem&#8230;  <a class=\"excerpt-read-more\" href=\"https:\/\/galli.ch\/en\/uhren\/iwc\/pilots-watches\/big-pilots-watch-43-top-gun-iw329801\/\" title=\"Read IWC Big Pilot&#8217;s Watch 43 Top Gun\">Weiter &raquo;<\/a><\/p>\n","protected":false},"featured_media":16693,"template":"","meta":{"_acf_changed":false,"inline_featured_image":false},"product_brand":[],"product_cat":[188],"product_tag":[191],"class_list":{"0":"post-13399","1":"product","2":"type-product","3":"status-publish","4":"has-post-thumbnail","6":"uhrenhersteller-iwc","7":"uhrenhersteller-pilots-watches","8":"product_cat-uhren","9":"product_tag-update","11":"first","12":"instock","13":"taxable","14":"shipping-taxable","15":"purchasable","16":"product-type-simple"},"acf":[],"yoast_head":"<!-- This site is optimized with the Yoast SEO plugin v25.5 - https:\/\/yoast.com\/wordpress\/plugins\/seo\/ -->\n<title>IWC Big Pilot&#039;s Watch 43 Top Gun - Galli Uhren Bijouterie<\/title>\n<meta name=\"robots\" content=\"index, follow, max-snippet:-1, max-image-preview:large, max-video-preview:-1\" \/>\n<link rel=\"canonical\" href=\"https:\/\/galli.ch\/uhren\/iwc\/pilots-watches\/big-pilots-watch-43-top-gun-iw329801\/\" \/>\n<meta property=\"og:locale\" content=\"en_US\" \/>\n<meta property=\"og:type\" content=\"article\" \/>\n<meta property=\"og:title\" content=\"IWC Big Pilot&#039;s Watch 43 Top Gun - Galli Uhren Bijouterie\" \/>\n<meta property=\"og:description\" content=\"Die Pilot\u2019s Watch 43 TOP GUN verf\u00fcgt \u00fcber ein Geh\u00e4use aus schwarzer Keramik, ein schwarzes Zifferblatt sowie einen Geh\u00e4useboden und eine Krone aus Titan. Die Big Pilot\u2019s Watch ist seit 2012 ein fester Bestandteil der TOP GUN-Linie von IWC. Nun ist dieser Klassiker erstmals in einem ergonomischen 43-Millimeter-Geh\u00e4use erh\u00e4ltlich. Dieses Exemplar verf\u00fcgt \u00fcber ein extrem... Weiter &raquo;\" \/>\n<meta property=\"og:url\" content=\"https:\/\/galli.ch\/uhren\/iwc\/pilots-watches\/big-pilots-watch-43-top-gun-iw329801\/\" \/>\n<meta property=\"og:site_name\" content=\"Galli Uhren Bijouterie\" \/>\n<meta property=\"article:modified_time\" content=\"2026-03-30T08:13:53+00:00\" \/>\n<meta property=\"og:image\" content=\"https:\/\/galli.ch\/wp-content\/uploads\/2405559-png-transform-global_image_940_2x.png\" \/>\n\t<meta property=\"og:image:width\" content=\"1000\" \/>\n\t<meta property=\"og:image:height\" content=\"1400\" \/>\n\t<meta property=\"og:image:type\" content=\"image\/png\" \/>\n<meta name=\"twitter:card\" content=\"summary_large_image\" \/>\n<script type=\"application\/ld+json\" class=\"yoast-schema-graph\">{\"@context\":\"https:\/\/schema.org\",\"@graph\":[{\"@type\":\"WebPage\",\"@id\":\"https:\/\/galli.ch\/uhren\/iwc\/pilots-watches\/big-pilots-watch-43-top-gun-iw329801\/\",\"url\":\"https:\/\/galli.ch\/uhren\/iwc\/pilots-watches\/big-pilots-watch-43-top-gun-iw329801\/\",\"name\":\"IWC Big Pilot's Watch 43 Top Gun - Galli Uhren Bijouterie\",\"isPartOf\":{\"@id\":\"http:\/\/galli.ch\/en\/#website\"},\"primaryImageOfPage\":{\"@id\":\"https:\/\/galli.ch\/uhren\/iwc\/pilots-watches\/big-pilots-watch-43-top-gun-iw329801\/#primaryimage\"},\"image\":{\"@id\":\"https:\/\/galli.ch\/uhren\/iwc\/pilots-watches\/big-pilots-watch-43-top-gun-iw329801\/#primaryimage\"},\"thumbnailUrl\":\"https:\/\/galli.ch\/wp-content\/uploads\/2405559-png-transform-global_image_940_2x.png\",\"datePublished\":\"2022-04-01T14:10:51+00:00\",\"dateModified\":\"2026-03-30T08:13:53+00:00\",\"breadcrumb\":{\"@id\":\"https:\/\/galli.ch\/uhren\/iwc\/pilots-watches\/big-pilots-watch-43-top-gun-iw329801\/#breadcrumb\"},\"inLanguage\":\"en-US\",\"potentialAction\":[{\"@type\":\"ReadAction\",\"target\":[\"https:\/\/galli.ch\/uhren\/iwc\/pilots-watches\/big-pilots-watch-43-top-gun-iw329801\/\"]}]},{\"@type\":\"ImageObject\",\"inLanguage\":\"en-US\",\"@id\":\"https:\/\/galli.ch\/uhren\/iwc\/pilots-watches\/big-pilots-watch-43-top-gun-iw329801\/#primaryimage\",\"url\":\"https:\/\/galli.ch\/wp-content\/uploads\/2405559-png-transform-global_image_940_2x.png\",\"contentUrl\":\"https:\/\/galli.ch\/wp-content\/uploads\/2405559-png-transform-global_image_940_2x.png\",\"width\":1000,\"height\":1400,\"caption\":\"iwc-big-pilot-top-gun-43-keramik\"},{\"@type\":\"BreadcrumbList\",\"@id\":\"https:\/\/galli.ch\/uhren\/iwc\/pilots-watches\/big-pilots-watch-43-top-gun-iw329801\/#breadcrumb\",\"itemListElement\":[{\"@type\":\"ListItem\",\"position\":1,\"name\":\"Home\",\"item\":\"https:\/\/galli.ch\/en\/\"},{\"@type\":\"ListItem\",\"position\":2,\"name\":\"Uhren\",\"item\":\"https:\/\/galli.ch\/en\/uhren\/\"},{\"@type\":\"ListItem\",\"position\":3,\"name\":\"IWC Big Pilot&#8217;s Watch 43 Top Gun\"}]},{\"@type\":\"WebSite\",\"@id\":\"http:\/\/galli.ch\/en\/#website\",\"url\":\"http:\/\/galli.ch\/en\/\",\"name\":\"Galli Uhren Bijouterie\",\"description\":\"\",\"potentialAction\":[{\"@type\":\"SearchAction\",\"target\":{\"@type\":\"EntryPoint\",\"urlTemplate\":\"http:\/\/galli.ch\/en\/?s={search_term_string}\"},\"query-input\":{\"@type\":\"PropertyValueSpecification\",\"valueRequired\":true,\"valueName\":\"search_term_string\"}}],\"inLanguage\":\"en-US\"}]}<\/script>\n<!-- \/ Yoast SEO plugin. -->","yoast_head_json":{"title":"IWC Big Pilot's Watch 43 Top Gun - Galli Uhren Bijouterie","robots":{"index":"index","follow":"follow","max-snippet":"max-snippet:-1","max-image-preview":"max-image-preview:large","max-video-preview":"max-video-preview:-1"},"canonical":"https:\/\/galli.ch\/uhren\/iwc\/pilots-watches\/big-pilots-watch-43-top-gun-iw329801\/","og_locale":"en_US","og_type":"article","og_title":"IWC Big Pilot's Watch 43 Top Gun - Galli Uhren Bijouterie","og_description":"Die Pilot\u2019s Watch 43 TOP GUN verf\u00fcgt \u00fcber ein Geh\u00e4use aus schwarzer Keramik, ein schwarzes Zifferblatt sowie einen Geh\u00e4useboden und eine Krone aus Titan. Die Big Pilot\u2019s Watch ist seit 2012 ein fester Bestandteil der TOP GUN-Linie von IWC. Nun ist dieser Klassiker erstmals in einem ergonomischen 43-Millimeter-Geh\u00e4use erh\u00e4ltlich. Dieses Exemplar verf\u00fcgt \u00fcber ein extrem... Weiter &raquo;","og_url":"https:\/\/galli.ch\/uhren\/iwc\/pilots-watches\/big-pilots-watch-43-top-gun-iw329801\/","og_site_name":"Galli Uhren Bijouterie","article_modified_time":"2026-03-30T08:13:53+00:00","og_image":[{"width":1000,"height":1400,"url":"https:\/\/galli.ch\/wp-content\/uploads\/2405559-png-transform-global_image_940_2x.png","type":"image\/png"}],"twitter_card":"summary_large_image","schema":{"@context":"https:\/\/schema.org","@graph":[{"@type":"WebPage","@id":"https:\/\/galli.ch\/uhren\/iwc\/pilots-watches\/big-pilots-watch-43-top-gun-iw329801\/","url":"https:\/\/galli.ch\/uhren\/iwc\/pilots-watches\/big-pilots-watch-43-top-gun-iw329801\/","name":"IWC Big Pilot's Watch 43 Top Gun - Galli Uhren Bijouterie","isPartOf":{"@id":"http:\/\/galli.ch\/en\/#website"},"primaryImageOfPage":{"@id":"https:\/\/galli.ch\/uhren\/iwc\/pilots-watches\/big-pilots-watch-43-top-gun-iw329801\/#primaryimage"},"image":{"@id":"https:\/\/galli.ch\/uhren\/iwc\/pilots-watches\/big-pilots-watch-43-top-gun-iw329801\/#primaryimage"},"thumbnailUrl":"https:\/\/galli.ch\/wp-content\/uploads\/2405559-png-transform-global_image_940_2x.png","datePublished":"2022-04-01T14:10:51+00:00","dateModified":"2026-03-30T08:13:53+00:00","breadcrumb":{"@id":"https:\/\/galli.ch\/uhren\/iwc\/pilots-watches\/big-pilots-watch-43-top-gun-iw329801\/#breadcrumb"},"inLanguage":"en-US","potentialAction":[{"@type":"ReadAction","target":["https:\/\/galli.ch\/uhren\/iwc\/pilots-watches\/big-pilots-watch-43-top-gun-iw329801\/"]}]},{"@type":"ImageObject","inLanguage":"en-US","@id":"https:\/\/galli.ch\/uhren\/iwc\/pilots-watches\/big-pilots-watch-43-top-gun-iw329801\/#primaryimage","url":"https:\/\/galli.ch\/wp-content\/uploads\/2405559-png-transform-global_image_940_2x.png","contentUrl":"https:\/\/galli.ch\/wp-content\/uploads\/2405559-png-transform-global_image_940_2x.png","width":1000,"height":1400,"caption":"iwc-big-pilot-top-gun-43-keramik"},{"@type":"BreadcrumbList","@id":"https:\/\/galli.ch\/uhren\/iwc\/pilots-watches\/big-pilots-watch-43-top-gun-iw329801\/#breadcrumb","itemListElement":[{"@type":"ListItem","position":1,"name":"Home","item":"https:\/\/galli.ch\/en\/"},{"@type":"ListItem","position":2,"name":"Uhren","item":"https:\/\/galli.ch\/en\/uhren\/"},{"@type":"ListItem","position":3,"name":"IWC Big Pilot&#8217;s Watch 43 Top Gun"}]},{"@type":"WebSite","@id":"http:\/\/galli.ch\/en\/#website","url":"http:\/\/galli.ch\/en\/","name":"Galli Uhren Bijouterie","description":"","potentialAction":[{"@type":"SearchAction","target":{"@type":"EntryPoint","urlTemplate":"http:\/\/galli.ch\/en\/?s={search_term_string}"},"query-input":{"@type":"PropertyValueSpecification","valueRequired":true,"valueName":"search_term_string"}}],"inLanguage":"en-US"}]}},"_links":{"self":[{"href":"https:\/\/galli.ch\/en\/wp-json\/wp\/v2\/product\/13399","targetHints":{"allow":["GET"]}}],"collection":[{"href":"https:\/\/galli.ch\/en\/wp-json\/wp\/v2\/product"}],"about":[{"href":"https:\/\/galli.ch\/en\/wp-json\/wp\/v2\/types\/product"}],"wp:featuredmedia":[{"embeddable":true,"href":"https:\/\/galli.ch\/en\/wp-json\/wp\/v2\/media\/16693"}],"wp:attachment":[{"href":"https:\/\/galli.ch\/en\/wp-json\/wp\/v2\/media?parent=13399"}],"wp:term":[{"taxonomy":"product_brand","embeddable":true,"href":"https:\/\/galli.ch\/en\/wp-json\/wp\/v2\/product_brand?post=13399"},{"taxonomy":"product_cat","embeddable":true,"href":"https:\/\/galli.ch\/en\/wp-json\/wp\/v2\/product_cat?post=13399"},{"taxonomy":"product_tag","embeddable":true,"href":"https:\/\/galli.ch\/en\/wp-json\/wp\/v2\/product_tag?post=13399"}],"curies":[{"name":"wp","href":"https:\/\/api.w.org\/{rel}","templated":true}]}}