{"id":13513,"date":"2022-04-10T13:57:26","date_gmt":"2022-04-10T11:57:26","guid":{"rendered":"http:\/\/galli.ch\/?post_type=uhren&#038;p=13513"},"modified":"2026-04-20T18:12:30","modified_gmt":"2026-04-20T16:12:30","slug":"date-28-m28323-0001","status":"publish","type":"product","link":"https:\/\/galli.ch\/en\/uhren\/tudor\/royal\/date-28-m28323-0001\/","title":{"rendered":"Tudor Royal Date 28"},"content":{"rendered":"<p>Mit integriertem Metallarmband, gekerbter oder diamant\u00adbesetzter L\u00fcnette und automatischem Uhrwerk ist die TUDOR Royal Linie der Inbegriff von vielseitiger und sportlicher Eleganz. Der Name \u201eRoyal\u201c wurde von TUDOR erstmals in den 1950er-Jahren verwendet, um die herausragende Qualit\u00e4t seiner Armbanduhren hervorzuheben.<\/p>\n<p class=\"sc-iqseJM kcLLyb\">Eine herausragende technische Leistung und eine raffinierte \u00c4sthetik sind Merkmale dieser Linie, einer Mischung aus klassischer Armbanduhr und Sportuhr. Die Royal ist in Edelstahl oder in Gold und Edelstahl sowie in vier Gr\u00f6ssen mit neun verschiedenen Zifferbl\u00e4ttern erh\u00e4ltlich.<\/p>\n","protected":false},"excerpt":{"rendered":"<p>Mit integriertem Metallarmband, gekerbter oder diamant\u00adbesetzter L\u00fcnette und automatischem Uhrwerk ist die TUDOR Royal Linie der Inbegriff von vielseitiger und sportlicher Eleganz. Der Name \u201eRoyal\u201c wurde von TUDOR erstmals in den 1950er-Jahren verwendet, um die herausragende Qualit\u00e4t seiner Armbanduhren hervorzuheben. Eine herausragende technische Leistung und eine raffinierte \u00c4sthetik sind Merkmale dieser Linie, einer Mischung aus&#8230;  <a class=\"excerpt-read-more\" href=\"https:\/\/galli.ch\/en\/uhren\/tudor\/royal\/date-28-m28323-0001\/\" title=\"Read Tudor Royal Date 28\">Weiter &raquo;<\/a><\/p>\n","protected":false},"featured_media":13403,"template":"","meta":{"_acf_changed":false,"inline_featured_image":false},"product_brand":[],"product_cat":[188],"product_tag":[191],"class_list":{"0":"post-13513","1":"product","2":"type-product","3":"status-publish","4":"has-post-thumbnail","6":"uhrenhersteller-tudor","7":"uhrenhersteller-royal","8":"product_cat-uhren","9":"product_tag-update","11":"first","12":"instock","13":"taxable","14":"shipping-taxable","15":"purchasable","16":"product-type-simple"},"acf":[],"yoast_head":"<!-- This site is optimized with the Yoast SEO plugin v25.5 - https:\/\/yoast.com\/wordpress\/plugins\/seo\/ -->\n<title>Tudor Royal Date 28 - Galli Uhren Bijouterie<\/title>\n<meta name=\"robots\" content=\"index, follow, max-snippet:-1, max-image-preview:large, max-video-preview:-1\" \/>\n<link rel=\"canonical\" href=\"https:\/\/galli.ch\/uhren\/tudor\/royal\/date-28-m28323-0001\/\" \/>\n<meta property=\"og:locale\" content=\"en_US\" \/>\n<meta property=\"og:type\" content=\"article\" \/>\n<meta property=\"og:title\" content=\"Tudor Royal Date 28 - Galli Uhren Bijouterie\" \/>\n<meta property=\"og:description\" content=\"Mit integriertem Metallarmband, gekerbter oder diamant\u00adbesetzter L\u00fcnette und automatischem Uhrwerk ist die TUDOR Royal Linie der Inbegriff von vielseitiger und sportlicher Eleganz. Der Name \u201eRoyal\u201c wurde von TUDOR erstmals in den 1950er-Jahren verwendet, um die herausragende Qualit\u00e4t seiner Armbanduhren hervorzuheben. Eine herausragende technische Leistung und eine raffinierte \u00c4sthetik sind Merkmale dieser Linie, einer Mischung aus... Weiter &raquo;\" \/>\n<meta property=\"og:url\" content=\"https:\/\/galli.ch\/uhren\/tudor\/royal\/date-28-m28323-0001\/\" \/>\n<meta property=\"og:site_name\" content=\"Galli Uhren Bijouterie\" \/>\n<meta property=\"article:modified_time\" content=\"2026-04-20T16:12:30+00:00\" \/>\n<meta property=\"og:image\" content=\"https:\/\/galli.ch\/wp-content\/uploads\/tudor-m28323-0001.png\" \/>\n\t<meta property=\"og:image:width\" content=\"1000\" \/>\n\t<meta property=\"og:image:height\" content=\"1400\" \/>\n\t<meta property=\"og:image:type\" content=\"image\/png\" \/>\n<meta name=\"twitter:card\" content=\"summary_large_image\" \/>\n<script type=\"application\/ld+json\" class=\"yoast-schema-graph\">{\"@context\":\"https:\/\/schema.org\",\"@graph\":[{\"@type\":\"WebPage\",\"@id\":\"https:\/\/galli.ch\/uhren\/tudor\/royal\/date-28-m28323-0001\/\",\"url\":\"https:\/\/galli.ch\/uhren\/tudor\/royal\/date-28-m28323-0001\/\",\"name\":\"Tudor Royal Date 28 - Galli Uhren Bijouterie\",\"isPartOf\":{\"@id\":\"http:\/\/galli.ch\/en\/#website\"},\"primaryImageOfPage\":{\"@id\":\"https:\/\/galli.ch\/uhren\/tudor\/royal\/date-28-m28323-0001\/#primaryimage\"},\"image\":{\"@id\":\"https:\/\/galli.ch\/uhren\/tudor\/royal\/date-28-m28323-0001\/#primaryimage\"},\"thumbnailUrl\":\"https:\/\/galli.ch\/wp-content\/uploads\/tudor-m28323-0001.png\",\"datePublished\":\"2022-04-10T11:57:26+00:00\",\"dateModified\":\"2026-04-20T16:12:30+00:00\",\"breadcrumb\":{\"@id\":\"https:\/\/galli.ch\/uhren\/tudor\/royal\/date-28-m28323-0001\/#breadcrumb\"},\"inLanguage\":\"en-US\",\"potentialAction\":[{\"@type\":\"ReadAction\",\"target\":[\"https:\/\/galli.ch\/uhren\/tudor\/royal\/date-28-m28323-0001\/\"]}]},{\"@type\":\"ImageObject\",\"inLanguage\":\"en-US\",\"@id\":\"https:\/\/galli.ch\/uhren\/tudor\/royal\/date-28-m28323-0001\/#primaryimage\",\"url\":\"https:\/\/galli.ch\/wp-content\/uploads\/tudor-m28323-0001.png\",\"contentUrl\":\"https:\/\/galli.ch\/wp-content\/uploads\/tudor-m28323-0001.png\",\"width\":1000,\"height\":1400,\"caption\":\"tudor-royal-date-28-diamonds\"},{\"@type\":\"BreadcrumbList\",\"@id\":\"https:\/\/galli.ch\/uhren\/tudor\/royal\/date-28-m28323-0001\/#breadcrumb\",\"itemListElement\":[{\"@type\":\"ListItem\",\"position\":1,\"name\":\"Home\",\"item\":\"https:\/\/galli.ch\/en\/\"},{\"@type\":\"ListItem\",\"position\":2,\"name\":\"Uhren\",\"item\":\"https:\/\/galli.ch\/en\/uhren\/\"},{\"@type\":\"ListItem\",\"position\":3,\"name\":\"Tudor Royal Date 28\"}]},{\"@type\":\"WebSite\",\"@id\":\"http:\/\/galli.ch\/en\/#website\",\"url\":\"http:\/\/galli.ch\/en\/\",\"name\":\"Galli Uhren Bijouterie\",\"description\":\"\",\"potentialAction\":[{\"@type\":\"SearchAction\",\"target\":{\"@type\":\"EntryPoint\",\"urlTemplate\":\"http:\/\/galli.ch\/en\/?s={search_term_string}\"},\"query-input\":{\"@type\":\"PropertyValueSpecification\",\"valueRequired\":true,\"valueName\":\"search_term_string\"}}],\"inLanguage\":\"en-US\"}]}<\/script>\n<!-- \/ Yoast SEO plugin. -->","yoast_head_json":{"title":"Tudor Royal Date 28 - Galli Uhren Bijouterie","robots":{"index":"index","follow":"follow","max-snippet":"max-snippet:-1","max-image-preview":"max-image-preview:large","max-video-preview":"max-video-preview:-1"},"canonical":"https:\/\/galli.ch\/uhren\/tudor\/royal\/date-28-m28323-0001\/","og_locale":"en_US","og_type":"article","og_title":"Tudor Royal Date 28 - Galli Uhren Bijouterie","og_description":"Mit integriertem Metallarmband, gekerbter oder diamant\u00adbesetzter L\u00fcnette und automatischem Uhrwerk ist die TUDOR Royal Linie der Inbegriff von vielseitiger und sportlicher Eleganz. Der Name \u201eRoyal\u201c wurde von TUDOR erstmals in den 1950er-Jahren verwendet, um die herausragende Qualit\u00e4t seiner Armbanduhren hervorzuheben. Eine herausragende technische Leistung und eine raffinierte \u00c4sthetik sind Merkmale dieser Linie, einer Mischung aus... Weiter &raquo;","og_url":"https:\/\/galli.ch\/uhren\/tudor\/royal\/date-28-m28323-0001\/","og_site_name":"Galli Uhren Bijouterie","article_modified_time":"2026-04-20T16:12:30+00:00","og_image":[{"width":1000,"height":1400,"url":"https:\/\/galli.ch\/wp-content\/uploads\/tudor-m28323-0001.png","type":"image\/png"}],"twitter_card":"summary_large_image","schema":{"@context":"https:\/\/schema.org","@graph":[{"@type":"WebPage","@id":"https:\/\/galli.ch\/uhren\/tudor\/royal\/date-28-m28323-0001\/","url":"https:\/\/galli.ch\/uhren\/tudor\/royal\/date-28-m28323-0001\/","name":"Tudor Royal Date 28 - Galli Uhren Bijouterie","isPartOf":{"@id":"http:\/\/galli.ch\/en\/#website"},"primaryImageOfPage":{"@id":"https:\/\/galli.ch\/uhren\/tudor\/royal\/date-28-m28323-0001\/#primaryimage"},"image":{"@id":"https:\/\/galli.ch\/uhren\/tudor\/royal\/date-28-m28323-0001\/#primaryimage"},"thumbnailUrl":"https:\/\/galli.ch\/wp-content\/uploads\/tudor-m28323-0001.png","datePublished":"2022-04-10T11:57:26+00:00","dateModified":"2026-04-20T16:12:30+00:00","breadcrumb":{"@id":"https:\/\/galli.ch\/uhren\/tudor\/royal\/date-28-m28323-0001\/#breadcrumb"},"inLanguage":"en-US","potentialAction":[{"@type":"ReadAction","target":["https:\/\/galli.ch\/uhren\/tudor\/royal\/date-28-m28323-0001\/"]}]},{"@type":"ImageObject","inLanguage":"en-US","@id":"https:\/\/galli.ch\/uhren\/tudor\/royal\/date-28-m28323-0001\/#primaryimage","url":"https:\/\/galli.ch\/wp-content\/uploads\/tudor-m28323-0001.png","contentUrl":"https:\/\/galli.ch\/wp-content\/uploads\/tudor-m28323-0001.png","width":1000,"height":1400,"caption":"tudor-royal-date-28-diamonds"},{"@type":"BreadcrumbList","@id":"https:\/\/galli.ch\/uhren\/tudor\/royal\/date-28-m28323-0001\/#breadcrumb","itemListElement":[{"@type":"ListItem","position":1,"name":"Home","item":"https:\/\/galli.ch\/en\/"},{"@type":"ListItem","position":2,"name":"Uhren","item":"https:\/\/galli.ch\/en\/uhren\/"},{"@type":"ListItem","position":3,"name":"Tudor Royal Date 28"}]},{"@type":"WebSite","@id":"http:\/\/galli.ch\/en\/#website","url":"http:\/\/galli.ch\/en\/","name":"Galli Uhren Bijouterie","description":"","potentialAction":[{"@type":"SearchAction","target":{"@type":"EntryPoint","urlTemplate":"http:\/\/galli.ch\/en\/?s={search_term_string}"},"query-input":{"@type":"PropertyValueSpecification","valueRequired":true,"valueName":"search_term_string"}}],"inLanguage":"en-US"}]}},"_links":{"self":[{"href":"https:\/\/galli.ch\/en\/wp-json\/wp\/v2\/product\/13513","targetHints":{"allow":["GET"]}}],"collection":[{"href":"https:\/\/galli.ch\/en\/wp-json\/wp\/v2\/product"}],"about":[{"href":"https:\/\/galli.ch\/en\/wp-json\/wp\/v2\/types\/product"}],"wp:featuredmedia":[{"embeddable":true,"href":"https:\/\/galli.ch\/en\/wp-json\/wp\/v2\/media\/13403"}],"wp:attachment":[{"href":"https:\/\/galli.ch\/en\/wp-json\/wp\/v2\/media?parent=13513"}],"wp:term":[{"taxonomy":"product_brand","embeddable":true,"href":"https:\/\/galli.ch\/en\/wp-json\/wp\/v2\/product_brand?post=13513"},{"taxonomy":"product_cat","embeddable":true,"href":"https:\/\/galli.ch\/en\/wp-json\/wp\/v2\/product_cat?post=13513"},{"taxonomy":"product_tag","embeddable":true,"href":"https:\/\/galli.ch\/en\/wp-json\/wp\/v2\/product_tag?post=13513"}],"curies":[{"name":"wp","href":"https:\/\/api.w.org\/{rel}","templated":true}]}}