{"id":1363,"date":"2018-07-25T19:19:23","date_gmt":"2018-07-25T19:19:23","guid":{"rendered":"http:\/\/galli.ch\/?post_type=uhren&#038;p=1363"},"modified":"2025-03-13T13:44:00","modified_gmt":"2025-03-13T12:44:00","slug":"automatic-moon-phase-36-diamonds-iw459307","status":"publish","type":"product","link":"https:\/\/galli.ch\/en\/uhren\/iwc\/da-vinci\/automatic-moon-phase-36-diamonds-iw459307\/","title":{"rendered":"IWC Da Vinci Automatic Moon Phase 36"},"content":{"rendered":"<p>Die Da Vinci Automatic Moon Phase 36 ist mit dem moderaten Geh\u00e4usedurchmesser von 36 Millimetern, der Mondphasenkomplikation, der halbrunden Krone und den edlen Materialien der perfekte Begleiter f\u00fcr alle, die subtilen Luxus m\u00f6gen. Die klassische Mondphase mit dunkelblauem Nachthimmel sowie Mond und Sternen in Gold bildet einen attraktiven Blickfang auf dieser Drei-Zeiger-Uhr. Der Horizont verl\u00e4ngert sich zum abgesetzten Innenkreis, der das argent\u00e9farbene Zifferblatt strukturiert und es noch plastischer erscheinen l\u00e4sst.<\/p>\n<p>Bewegliche Bandanst\u00f6sse garantieren, dass die H\u00f6rner nicht hervorstehen. Die Uhr schmiegt sich perfekt an das Handgelenk an und bietet somit einen hohen Tragekomfort. Mit der Gravur \u00abBlume des Lebens\u00bb als Bodengravur w\u00fcrdigt IWC Leonardo da Vincis unerm\u00fcdliche Suche nach den mathematischen Regeln f\u00fcr Sch\u00f6nheit und Proportion.<\/p>\n","protected":false},"excerpt":{"rendered":"<p>Die Da Vinci Automatic Moon Phase 36 ist mit dem moderaten Geh\u00e4usedurchmesser von 36 Millimetern, der Mondphasenkomplikation, der halbrunden Krone und den edlen Materialien der perfekte Begleiter f\u00fcr alle, die subtilen Luxus m\u00f6gen. Die klassische Mondphase mit dunkelblauem Nachthimmel sowie Mond und Sternen in Gold bildet einen attraktiven Blickfang auf dieser Drei-Zeiger-Uhr. Der Horizont verl\u00e4ngert&#8230;  <a class=\"excerpt-read-more\" href=\"https:\/\/galli.ch\/en\/uhren\/iwc\/da-vinci\/automatic-moon-phase-36-diamonds-iw459307\/\" title=\"Read IWC Da Vinci Automatic Moon Phase 36\">Weiter &raquo;<\/a><\/p>\n","protected":false},"featured_media":1349,"template":"","meta":{"_acf_changed":false,"inline_featured_image":false},"product_brand":[],"product_cat":[188],"product_tag":[],"class_list":{"0":"post-1363","1":"product","2":"type-product","3":"status-publish","4":"has-post-thumbnail","6":"uhrenhersteller-iwc","7":"uhrenhersteller-da-vinci","8":"product_cat-uhren","10":"first","11":"outofstock","12":"taxable","13":"shipping-taxable","14":"purchasable","15":"product-type-simple"},"acf":[],"yoast_head":"<!-- This site is optimized with the Yoast SEO plugin v25.5 - https:\/\/yoast.com\/wordpress\/plugins\/seo\/ -->\n<title>IWC Da Vinci Automatic Moon Phase 36 - Galli Uhren Bijouterie<\/title>\n<meta name=\"robots\" content=\"index, follow, max-snippet:-1, max-image-preview:large, max-video-preview:-1\" \/>\n<link rel=\"canonical\" href=\"https:\/\/galli.ch\/uhren\/iwc\/da-vinci\/automatic-moon-phase-36-diamonds-iw459307\/\" \/>\n<meta property=\"og:locale\" content=\"en_US\" \/>\n<meta property=\"og:type\" content=\"article\" \/>\n<meta property=\"og:title\" content=\"IWC Da Vinci Automatic Moon Phase 36 - Galli Uhren Bijouterie\" \/>\n<meta property=\"og:description\" content=\"Die Da Vinci Automatic Moon Phase 36 ist mit dem moderaten Geh\u00e4usedurchmesser von 36 Millimetern, der Mondphasenkomplikation, der halbrunden Krone und den edlen Materialien der perfekte Begleiter f\u00fcr alle, die subtilen Luxus m\u00f6gen. Die klassische Mondphase mit dunkelblauem Nachthimmel sowie Mond und Sternen in Gold bildet einen attraktiven Blickfang auf dieser Drei-Zeiger-Uhr. Der Horizont verl\u00e4ngert... Weiter &raquo;\" \/>\n<meta property=\"og:url\" content=\"https:\/\/galli.ch\/uhren\/iwc\/da-vinci\/automatic-moon-phase-36-diamonds-iw459307\/\" \/>\n<meta property=\"og:site_name\" content=\"Galli Uhren Bijouterie\" \/>\n<meta property=\"article:modified_time\" content=\"2025-03-13T12:44:00+00:00\" \/>\n<meta property=\"og:image\" content=\"https:\/\/galli.ch\/wp-content\/uploads\/IWC-Da-Vinci-iw459307.png\" \/>\n\t<meta property=\"og:image:width\" content=\"1000\" \/>\n\t<meta property=\"og:image:height\" content=\"1400\" \/>\n\t<meta property=\"og:image:type\" content=\"image\/png\" \/>\n<meta name=\"twitter:card\" content=\"summary_large_image\" \/>\n<script type=\"application\/ld+json\" class=\"yoast-schema-graph\">{\"@context\":\"https:\/\/schema.org\",\"@graph\":[{\"@type\":\"WebPage\",\"@id\":\"https:\/\/galli.ch\/uhren\/iwc\/da-vinci\/automatic-moon-phase-36-diamonds-iw459307\/\",\"url\":\"https:\/\/galli.ch\/uhren\/iwc\/da-vinci\/automatic-moon-phase-36-diamonds-iw459307\/\",\"name\":\"IWC Da Vinci Automatic Moon Phase 36 - Galli Uhren Bijouterie\",\"isPartOf\":{\"@id\":\"http:\/\/galli.ch\/en\/#website\"},\"primaryImageOfPage\":{\"@id\":\"https:\/\/galli.ch\/uhren\/iwc\/da-vinci\/automatic-moon-phase-36-diamonds-iw459307\/#primaryimage\"},\"image\":{\"@id\":\"https:\/\/galli.ch\/uhren\/iwc\/da-vinci\/automatic-moon-phase-36-diamonds-iw459307\/#primaryimage\"},\"thumbnailUrl\":\"https:\/\/galli.ch\/wp-content\/uploads\/IWC-Da-Vinci-iw459307.png\",\"datePublished\":\"2018-07-25T19:19:23+00:00\",\"dateModified\":\"2025-03-13T12:44:00+00:00\",\"breadcrumb\":{\"@id\":\"https:\/\/galli.ch\/uhren\/iwc\/da-vinci\/automatic-moon-phase-36-diamonds-iw459307\/#breadcrumb\"},\"inLanguage\":\"en-US\",\"potentialAction\":[{\"@type\":\"ReadAction\",\"target\":[\"https:\/\/galli.ch\/uhren\/iwc\/da-vinci\/automatic-moon-phase-36-diamonds-iw459307\/\"]}]},{\"@type\":\"ImageObject\",\"inLanguage\":\"en-US\",\"@id\":\"https:\/\/galli.ch\/uhren\/iwc\/da-vinci\/automatic-moon-phase-36-diamonds-iw459307\/#primaryimage\",\"url\":\"https:\/\/galli.ch\/wp-content\/uploads\/IWC-Da-Vinci-iw459307.png\",\"contentUrl\":\"https:\/\/galli.ch\/wp-content\/uploads\/IWC-Da-Vinci-iw459307.png\",\"width\":1000,\"height\":1400,\"caption\":\"IWC Da Vinci\"},{\"@type\":\"BreadcrumbList\",\"@id\":\"https:\/\/galli.ch\/uhren\/iwc\/da-vinci\/automatic-moon-phase-36-diamonds-iw459307\/#breadcrumb\",\"itemListElement\":[{\"@type\":\"ListItem\",\"position\":1,\"name\":\"Home\",\"item\":\"https:\/\/galli.ch\/en\/\"},{\"@type\":\"ListItem\",\"position\":2,\"name\":\"Uhren\",\"item\":\"https:\/\/galli.ch\/en\/uhren\/\"},{\"@type\":\"ListItem\",\"position\":3,\"name\":\"Da Vinci Automatic Moon Phase 36\"}]},{\"@type\":\"WebSite\",\"@id\":\"http:\/\/galli.ch\/en\/#website\",\"url\":\"http:\/\/galli.ch\/en\/\",\"name\":\"Galli Uhren Bijouterie\",\"description\":\"\",\"potentialAction\":[{\"@type\":\"SearchAction\",\"target\":{\"@type\":\"EntryPoint\",\"urlTemplate\":\"http:\/\/galli.ch\/en\/?s={search_term_string}\"},\"query-input\":{\"@type\":\"PropertyValueSpecification\",\"valueRequired\":true,\"valueName\":\"search_term_string\"}}],\"inLanguage\":\"en-US\"}]}<\/script>\n<!-- \/ Yoast SEO plugin. -->","yoast_head_json":{"title":"IWC Da Vinci Automatic Moon Phase 36 - Galli Uhren Bijouterie","robots":{"index":"index","follow":"follow","max-snippet":"max-snippet:-1","max-image-preview":"max-image-preview:large","max-video-preview":"max-video-preview:-1"},"canonical":"https:\/\/galli.ch\/uhren\/iwc\/da-vinci\/automatic-moon-phase-36-diamonds-iw459307\/","og_locale":"en_US","og_type":"article","og_title":"IWC Da Vinci Automatic Moon Phase 36 - Galli Uhren Bijouterie","og_description":"Die Da Vinci Automatic Moon Phase 36 ist mit dem moderaten Geh\u00e4usedurchmesser von 36 Millimetern, der Mondphasenkomplikation, der halbrunden Krone und den edlen Materialien der perfekte Begleiter f\u00fcr alle, die subtilen Luxus m\u00f6gen. Die klassische Mondphase mit dunkelblauem Nachthimmel sowie Mond und Sternen in Gold bildet einen attraktiven Blickfang auf dieser Drei-Zeiger-Uhr. Der Horizont verl\u00e4ngert... Weiter &raquo;","og_url":"https:\/\/galli.ch\/uhren\/iwc\/da-vinci\/automatic-moon-phase-36-diamonds-iw459307\/","og_site_name":"Galli Uhren Bijouterie","article_modified_time":"2025-03-13T12:44:00+00:00","og_image":[{"width":1000,"height":1400,"url":"https:\/\/galli.ch\/wp-content\/uploads\/IWC-Da-Vinci-iw459307.png","type":"image\/png"}],"twitter_card":"summary_large_image","schema":{"@context":"https:\/\/schema.org","@graph":[{"@type":"WebPage","@id":"https:\/\/galli.ch\/uhren\/iwc\/da-vinci\/automatic-moon-phase-36-diamonds-iw459307\/","url":"https:\/\/galli.ch\/uhren\/iwc\/da-vinci\/automatic-moon-phase-36-diamonds-iw459307\/","name":"IWC Da Vinci Automatic Moon Phase 36 - Galli Uhren Bijouterie","isPartOf":{"@id":"http:\/\/galli.ch\/en\/#website"},"primaryImageOfPage":{"@id":"https:\/\/galli.ch\/uhren\/iwc\/da-vinci\/automatic-moon-phase-36-diamonds-iw459307\/#primaryimage"},"image":{"@id":"https:\/\/galli.ch\/uhren\/iwc\/da-vinci\/automatic-moon-phase-36-diamonds-iw459307\/#primaryimage"},"thumbnailUrl":"https:\/\/galli.ch\/wp-content\/uploads\/IWC-Da-Vinci-iw459307.png","datePublished":"2018-07-25T19:19:23+00:00","dateModified":"2025-03-13T12:44:00+00:00","breadcrumb":{"@id":"https:\/\/galli.ch\/uhren\/iwc\/da-vinci\/automatic-moon-phase-36-diamonds-iw459307\/#breadcrumb"},"inLanguage":"en-US","potentialAction":[{"@type":"ReadAction","target":["https:\/\/galli.ch\/uhren\/iwc\/da-vinci\/automatic-moon-phase-36-diamonds-iw459307\/"]}]},{"@type":"ImageObject","inLanguage":"en-US","@id":"https:\/\/galli.ch\/uhren\/iwc\/da-vinci\/automatic-moon-phase-36-diamonds-iw459307\/#primaryimage","url":"https:\/\/galli.ch\/wp-content\/uploads\/IWC-Da-Vinci-iw459307.png","contentUrl":"https:\/\/galli.ch\/wp-content\/uploads\/IWC-Da-Vinci-iw459307.png","width":1000,"height":1400,"caption":"IWC Da Vinci"},{"@type":"BreadcrumbList","@id":"https:\/\/galli.ch\/uhren\/iwc\/da-vinci\/automatic-moon-phase-36-diamonds-iw459307\/#breadcrumb","itemListElement":[{"@type":"ListItem","position":1,"name":"Home","item":"https:\/\/galli.ch\/en\/"},{"@type":"ListItem","position":2,"name":"Uhren","item":"https:\/\/galli.ch\/en\/uhren\/"},{"@type":"ListItem","position":3,"name":"Da Vinci Automatic Moon Phase 36"}]},{"@type":"WebSite","@id":"http:\/\/galli.ch\/en\/#website","url":"http:\/\/galli.ch\/en\/","name":"Galli Uhren Bijouterie","description":"","potentialAction":[{"@type":"SearchAction","target":{"@type":"EntryPoint","urlTemplate":"http:\/\/galli.ch\/en\/?s={search_term_string}"},"query-input":{"@type":"PropertyValueSpecification","valueRequired":true,"valueName":"search_term_string"}}],"inLanguage":"en-US"}]}},"_links":{"self":[{"href":"https:\/\/galli.ch\/en\/wp-json\/wp\/v2\/product\/1363","targetHints":{"allow":["GET"]}}],"collection":[{"href":"https:\/\/galli.ch\/en\/wp-json\/wp\/v2\/product"}],"about":[{"href":"https:\/\/galli.ch\/en\/wp-json\/wp\/v2\/types\/product"}],"wp:featuredmedia":[{"embeddable":true,"href":"https:\/\/galli.ch\/en\/wp-json\/wp\/v2\/media\/1349"}],"wp:attachment":[{"href":"https:\/\/galli.ch\/en\/wp-json\/wp\/v2\/media?parent=1363"}],"wp:term":[{"taxonomy":"product_brand","embeddable":true,"href":"https:\/\/galli.ch\/en\/wp-json\/wp\/v2\/product_brand?post=1363"},{"taxonomy":"product_cat","embeddable":true,"href":"https:\/\/galli.ch\/en\/wp-json\/wp\/v2\/product_cat?post=1363"},{"taxonomy":"product_tag","embeddable":true,"href":"https:\/\/galli.ch\/en\/wp-json\/wp\/v2\/product_tag?post=1363"}],"curies":[{"name":"wp","href":"https:\/\/api.w.org\/{rel}","templated":true}]}}