{"id":13994,"date":"2022-06-03T17:07:34","date_gmt":"2022-06-03T15:07:34","guid":{"rendered":"http:\/\/galli.ch\/?post_type=uhren&#038;p=13994"},"modified":"2026-04-23T18:11:52","modified_gmt":"2026-04-23T16:11:52","slug":"spirit-pioneer-edition-42-l3-829-1-53-2","status":"publish","type":"product","link":"https:\/\/galli.ch\/en\/uhren\/longines\/avigation\/spirit-pioneer-edition-42-l3-829-1-53-2\/","title":{"rendered":"Longines Spirit Pioneer Edition 42"},"content":{"rendered":"<div class=\"lg-block__text\">\n<p>Longines f\u00fcgt der Longines Spirit Kollektion einen Chronographen aus Titan Grad 5 hinzu, der f\u00fcr die beliebtesten Verkaufsstellen der Marke gedacht ist. Das leichte Modell wird an einem schwarzen Synthetikarmband mit neongr\u00fcner Naht pr\u00e4sentiert, passend zu den Zeigern und arabischen Ziffern auf dem mattschwarzen Zifferblatt, die f\u00fcr optimale Ablesbarkeit mit Super-LumiNova\u00ae beschichtet sind.<\/p>\n<p>Das 42mm Titangeh\u00e4use verf\u00fcgt \u00fcber ein exklusives, COSC-zertifiziertes Automatikwerk (L688.4) mit Unruhspiralfeder aus Silizium. Der Geh\u00e4useboden ist mit den Worten \u201ePIONEER EDITION\u201c graviert.<\/p>\n<\/div>\n","protected":false},"excerpt":{"rendered":"<p>Longines f\u00fcgt der Longines Spirit Kollektion einen Chronographen aus Titan Grad 5 hinzu, der f\u00fcr die beliebtesten Verkaufsstellen der Marke gedacht ist. Das leichte Modell wird an einem schwarzen Synthetikarmband mit neongr\u00fcner Naht pr\u00e4sentiert, passend zu den Zeigern und arabischen Ziffern auf dem mattschwarzen Zifferblatt, die f\u00fcr optimale Ablesbarkeit mit Super-LumiNova\u00ae beschichtet sind. Das 42mm&#8230;  <a class=\"excerpt-read-more\" href=\"https:\/\/galli.ch\/en\/uhren\/longines\/avigation\/spirit-pioneer-edition-42-l3-829-1-53-2\/\" title=\"Read Longines Spirit Pioneer Edition 42\">Weiter &raquo;<\/a><\/p>\n","protected":false},"featured_media":13979,"template":"","meta":{"_acf_changed":false,"inline_featured_image":false},"product_brand":[],"product_cat":[188],"product_tag":[191],"class_list":{"0":"post-13994","1":"product","2":"type-product","3":"status-publish","4":"has-post-thumbnail","6":"uhrenhersteller-longines","7":"uhrenhersteller-avigation","8":"product_cat-uhren","9":"product_tag-update","11":"first","12":"outofstock","13":"taxable","14":"shipping-taxable","15":"purchasable","16":"product-type-simple"},"acf":[],"yoast_head":"<!-- This site is optimized with the Yoast SEO plugin v25.5 - https:\/\/yoast.com\/wordpress\/plugins\/seo\/ -->\n<title>Longines Spirit Pioneer Edition 42 - Galli Uhren Bijouterie<\/title>\n<meta name=\"robots\" content=\"index, follow, max-snippet:-1, max-image-preview:large, max-video-preview:-1\" \/>\n<link rel=\"canonical\" href=\"https:\/\/galli.ch\/uhren\/longines\/avigation\/spirit-pioneer-edition-42-l3-829-1-53-2\/\" \/>\n<meta property=\"og:locale\" content=\"en_US\" \/>\n<meta property=\"og:type\" content=\"article\" \/>\n<meta property=\"og:title\" content=\"Longines Spirit Pioneer Edition 42 - Galli Uhren Bijouterie\" \/>\n<meta property=\"og:description\" content=\"Longines f\u00fcgt der Longines Spirit Kollektion einen Chronographen aus Titan Grad 5 hinzu, der f\u00fcr die beliebtesten Verkaufsstellen der Marke gedacht ist. Das leichte Modell wird an einem schwarzen Synthetikarmband mit neongr\u00fcner Naht pr\u00e4sentiert, passend zu den Zeigern und arabischen Ziffern auf dem mattschwarzen Zifferblatt, die f\u00fcr optimale Ablesbarkeit mit Super-LumiNova\u00ae beschichtet sind. Das 42mm... Weiter &raquo;\" \/>\n<meta property=\"og:url\" content=\"https:\/\/galli.ch\/uhren\/longines\/avigation\/spirit-pioneer-edition-42-l3-829-1-53-2\/\" \/>\n<meta property=\"og:site_name\" content=\"Galli Uhren Bijouterie\" \/>\n<meta property=\"article:modified_time\" content=\"2026-04-23T16:11:52+00:00\" \/>\n<meta property=\"og:image\" content=\"https:\/\/galli.ch\/wp-content\/uploads\/longines-spirit-l3-829-1-53-2-2000x2000-1.png\" \/>\n\t<meta property=\"og:image:width\" content=\"1000\" \/>\n\t<meta property=\"og:image:height\" content=\"1400\" \/>\n\t<meta property=\"og:image:type\" content=\"image\/png\" \/>\n<meta name=\"twitter:card\" content=\"summary_large_image\" \/>\n<script type=\"application\/ld+json\" class=\"yoast-schema-graph\">{\"@context\":\"https:\/\/schema.org\",\"@graph\":[{\"@type\":\"WebPage\",\"@id\":\"https:\/\/galli.ch\/uhren\/longines\/avigation\/spirit-pioneer-edition-42-l3-829-1-53-2\/\",\"url\":\"https:\/\/galli.ch\/uhren\/longines\/avigation\/spirit-pioneer-edition-42-l3-829-1-53-2\/\",\"name\":\"Longines Spirit Pioneer Edition 42 - Galli Uhren Bijouterie\",\"isPartOf\":{\"@id\":\"http:\/\/galli.ch\/en\/#website\"},\"primaryImageOfPage\":{\"@id\":\"https:\/\/galli.ch\/uhren\/longines\/avigation\/spirit-pioneer-edition-42-l3-829-1-53-2\/#primaryimage\"},\"image\":{\"@id\":\"https:\/\/galli.ch\/uhren\/longines\/avigation\/spirit-pioneer-edition-42-l3-829-1-53-2\/#primaryimage\"},\"thumbnailUrl\":\"https:\/\/galli.ch\/wp-content\/uploads\/longines-spirit-l3-829-1-53-2-2000x2000-1.png\",\"datePublished\":\"2022-06-03T15:07:34+00:00\",\"dateModified\":\"2026-04-23T16:11:52+00:00\",\"breadcrumb\":{\"@id\":\"https:\/\/galli.ch\/uhren\/longines\/avigation\/spirit-pioneer-edition-42-l3-829-1-53-2\/#breadcrumb\"},\"inLanguage\":\"en-US\",\"potentialAction\":[{\"@type\":\"ReadAction\",\"target\":[\"https:\/\/galli.ch\/uhren\/longines\/avigation\/spirit-pioneer-edition-42-l3-829-1-53-2\/\"]}]},{\"@type\":\"ImageObject\",\"inLanguage\":\"en-US\",\"@id\":\"https:\/\/galli.ch\/uhren\/longines\/avigation\/spirit-pioneer-edition-42-l3-829-1-53-2\/#primaryimage\",\"url\":\"https:\/\/galli.ch\/wp-content\/uploads\/longines-spirit-l3-829-1-53-2-2000x2000-1.png\",\"contentUrl\":\"https:\/\/galli.ch\/wp-content\/uploads\/longines-spirit-l3-829-1-53-2-2000x2000-1.png\",\"width\":1000,\"height\":1400,\"caption\":\"longines-spirit-pioneer-edition\"},{\"@type\":\"BreadcrumbList\",\"@id\":\"https:\/\/galli.ch\/uhren\/longines\/avigation\/spirit-pioneer-edition-42-l3-829-1-53-2\/#breadcrumb\",\"itemListElement\":[{\"@type\":\"ListItem\",\"position\":1,\"name\":\"Home\",\"item\":\"https:\/\/galli.ch\/en\/\"},{\"@type\":\"ListItem\",\"position\":2,\"name\":\"Uhren\",\"item\":\"https:\/\/galli.ch\/en\/uhren\/\"},{\"@type\":\"ListItem\",\"position\":3,\"name\":\"Spirit Pioneer Edition 42\"}]},{\"@type\":\"WebSite\",\"@id\":\"http:\/\/galli.ch\/en\/#website\",\"url\":\"http:\/\/galli.ch\/en\/\",\"name\":\"Galli Uhren Bijouterie\",\"description\":\"\",\"potentialAction\":[{\"@type\":\"SearchAction\",\"target\":{\"@type\":\"EntryPoint\",\"urlTemplate\":\"http:\/\/galli.ch\/en\/?s={search_term_string}\"},\"query-input\":{\"@type\":\"PropertyValueSpecification\",\"valueRequired\":true,\"valueName\":\"search_term_string\"}}],\"inLanguage\":\"en-US\"}]}<\/script>\n<!-- \/ Yoast SEO plugin. -->","yoast_head_json":{"title":"Longines Spirit Pioneer Edition 42 - Galli Uhren Bijouterie","robots":{"index":"index","follow":"follow","max-snippet":"max-snippet:-1","max-image-preview":"max-image-preview:large","max-video-preview":"max-video-preview:-1"},"canonical":"https:\/\/galli.ch\/uhren\/longines\/avigation\/spirit-pioneer-edition-42-l3-829-1-53-2\/","og_locale":"en_US","og_type":"article","og_title":"Longines Spirit Pioneer Edition 42 - Galli Uhren Bijouterie","og_description":"Longines f\u00fcgt der Longines Spirit Kollektion einen Chronographen aus Titan Grad 5 hinzu, der f\u00fcr die beliebtesten Verkaufsstellen der Marke gedacht ist. Das leichte Modell wird an einem schwarzen Synthetikarmband mit neongr\u00fcner Naht pr\u00e4sentiert, passend zu den Zeigern und arabischen Ziffern auf dem mattschwarzen Zifferblatt, die f\u00fcr optimale Ablesbarkeit mit Super-LumiNova\u00ae beschichtet sind. Das 42mm... Weiter &raquo;","og_url":"https:\/\/galli.ch\/uhren\/longines\/avigation\/spirit-pioneer-edition-42-l3-829-1-53-2\/","og_site_name":"Galli Uhren Bijouterie","article_modified_time":"2026-04-23T16:11:52+00:00","og_image":[{"width":1000,"height":1400,"url":"https:\/\/galli.ch\/wp-content\/uploads\/longines-spirit-l3-829-1-53-2-2000x2000-1.png","type":"image\/png"}],"twitter_card":"summary_large_image","schema":{"@context":"https:\/\/schema.org","@graph":[{"@type":"WebPage","@id":"https:\/\/galli.ch\/uhren\/longines\/avigation\/spirit-pioneer-edition-42-l3-829-1-53-2\/","url":"https:\/\/galli.ch\/uhren\/longines\/avigation\/spirit-pioneer-edition-42-l3-829-1-53-2\/","name":"Longines Spirit Pioneer Edition 42 - Galli Uhren Bijouterie","isPartOf":{"@id":"http:\/\/galli.ch\/en\/#website"},"primaryImageOfPage":{"@id":"https:\/\/galli.ch\/uhren\/longines\/avigation\/spirit-pioneer-edition-42-l3-829-1-53-2\/#primaryimage"},"image":{"@id":"https:\/\/galli.ch\/uhren\/longines\/avigation\/spirit-pioneer-edition-42-l3-829-1-53-2\/#primaryimage"},"thumbnailUrl":"https:\/\/galli.ch\/wp-content\/uploads\/longines-spirit-l3-829-1-53-2-2000x2000-1.png","datePublished":"2022-06-03T15:07:34+00:00","dateModified":"2026-04-23T16:11:52+00:00","breadcrumb":{"@id":"https:\/\/galli.ch\/uhren\/longines\/avigation\/spirit-pioneer-edition-42-l3-829-1-53-2\/#breadcrumb"},"inLanguage":"en-US","potentialAction":[{"@type":"ReadAction","target":["https:\/\/galli.ch\/uhren\/longines\/avigation\/spirit-pioneer-edition-42-l3-829-1-53-2\/"]}]},{"@type":"ImageObject","inLanguage":"en-US","@id":"https:\/\/galli.ch\/uhren\/longines\/avigation\/spirit-pioneer-edition-42-l3-829-1-53-2\/#primaryimage","url":"https:\/\/galli.ch\/wp-content\/uploads\/longines-spirit-l3-829-1-53-2-2000x2000-1.png","contentUrl":"https:\/\/galli.ch\/wp-content\/uploads\/longines-spirit-l3-829-1-53-2-2000x2000-1.png","width":1000,"height":1400,"caption":"longines-spirit-pioneer-edition"},{"@type":"BreadcrumbList","@id":"https:\/\/galli.ch\/uhren\/longines\/avigation\/spirit-pioneer-edition-42-l3-829-1-53-2\/#breadcrumb","itemListElement":[{"@type":"ListItem","position":1,"name":"Home","item":"https:\/\/galli.ch\/en\/"},{"@type":"ListItem","position":2,"name":"Uhren","item":"https:\/\/galli.ch\/en\/uhren\/"},{"@type":"ListItem","position":3,"name":"Spirit Pioneer Edition 42"}]},{"@type":"WebSite","@id":"http:\/\/galli.ch\/en\/#website","url":"http:\/\/galli.ch\/en\/","name":"Galli Uhren Bijouterie","description":"","potentialAction":[{"@type":"SearchAction","target":{"@type":"EntryPoint","urlTemplate":"http:\/\/galli.ch\/en\/?s={search_term_string}"},"query-input":{"@type":"PropertyValueSpecification","valueRequired":true,"valueName":"search_term_string"}}],"inLanguage":"en-US"}]}},"_links":{"self":[{"href":"https:\/\/galli.ch\/en\/wp-json\/wp\/v2\/product\/13994","targetHints":{"allow":["GET"]}}],"collection":[{"href":"https:\/\/galli.ch\/en\/wp-json\/wp\/v2\/product"}],"about":[{"href":"https:\/\/galli.ch\/en\/wp-json\/wp\/v2\/types\/product"}],"wp:featuredmedia":[{"embeddable":true,"href":"https:\/\/galli.ch\/en\/wp-json\/wp\/v2\/media\/13979"}],"wp:attachment":[{"href":"https:\/\/galli.ch\/en\/wp-json\/wp\/v2\/media?parent=13994"}],"wp:term":[{"taxonomy":"product_brand","embeddable":true,"href":"https:\/\/galli.ch\/en\/wp-json\/wp\/v2\/product_brand?post=13994"},{"taxonomy":"product_cat","embeddable":true,"href":"https:\/\/galli.ch\/en\/wp-json\/wp\/v2\/product_cat?post=13994"},{"taxonomy":"product_tag","embeddable":true,"href":"https:\/\/galli.ch\/en\/wp-json\/wp\/v2\/product_tag?post=13994"}],"curies":[{"name":"wp","href":"https:\/\/api.w.org\/{rel}","templated":true}]}}