{"id":13995,"date":"2022-06-03T17:12:08","date_gmt":"2022-06-03T15:12:08","guid":{"rendered":"http:\/\/galli.ch\/?post_type=uhren&#038;p=13995"},"modified":"2026-04-20T18:11:27","modified_gmt":"2026-04-20T16:11:27","slug":"ultra-chron-l2-836-4-52-9","status":"publish","type":"product","link":"https:\/\/galli.ch\/en\/uhren\/longines\/diving\/ultra-chron-l2-836-4-52-9\/","title":{"rendered":"Longines Ultra-Chron"},"content":{"rendered":"<p>Das neue Modell, das von der Longines Ultra-Chron Diver aus dem Jahr 1968 inspiriert ist, und ihr neues Hochfrequenzkaliber stellen die erste Neuinterpretation des Alleinstellungsmerkmals von Longines dar \u2013 dessen Status als Pionier in der Welt der Sportzeitmessung.<\/p>\n<p>Sie ist ebenso attraktiv f\u00fcr Fans von Vintage-Uhren wie f\u00fcr Liebhaber von Spitzentechnologie. Die Genauigkeit der Longines Ultra-Chron wird durch die Zertifizierung als \u201eUltra Chronometer\u201c durch TIMELAB, ein unabh\u00e4ngiges Testlabor in Genf, best\u00e4tigt. Diese Bezeichnung geht \u00fcber die \u00fcbliche \u201eChronometer\u201c Zertifizierung hinaus. Das Modell ist mit einem Edelstahlarmband versehen und wird in einer speziellen Pr\u00e4sentationsschatulle geliefert, die ein schwarzes NATO-Armband aus recyceltem Material enth\u00e4lt.<\/p>\n","protected":false},"excerpt":{"rendered":"<p>Das neue Modell, das von der Longines Ultra-Chron Diver aus dem Jahr 1968 inspiriert ist, und ihr neues Hochfrequenzkaliber stellen die erste Neuinterpretation des Alleinstellungsmerkmals von Longines dar \u2013 dessen Status als Pionier in der Welt der Sportzeitmessung. Sie ist ebenso attraktiv f\u00fcr Fans von Vintage-Uhren wie f\u00fcr Liebhaber von Spitzentechnologie. Die Genauigkeit der Longines&#8230;  <a class=\"excerpt-read-more\" href=\"https:\/\/galli.ch\/en\/uhren\/longines\/diving\/ultra-chron-l2-836-4-52-9\/\" title=\"Read Longines Ultra-Chron\">Weiter &raquo;<\/a><\/p>\n","protected":false},"featured_media":13981,"template":"","meta":{"_acf_changed":false,"inline_featured_image":false},"product_brand":[],"product_cat":[188],"product_tag":[191],"class_list":{"0":"post-13995","1":"product","2":"type-product","3":"status-publish","4":"has-post-thumbnail","6":"uhrenhersteller-longines","7":"uhrenhersteller-diving","8":"product_cat-uhren","9":"product_tag-update","11":"first","12":"outofstock","13":"taxable","14":"shipping-taxable","15":"purchasable","16":"product-type-simple"},"acf":[],"yoast_head":"<!-- This site is optimized with the Yoast SEO plugin v25.5 - https:\/\/yoast.com\/wordpress\/plugins\/seo\/ -->\n<title>Longines Ultra-Chron - Galli Uhren Bijouterie<\/title>\n<meta name=\"robots\" content=\"index, follow, max-snippet:-1, max-image-preview:large, max-video-preview:-1\" \/>\n<link rel=\"canonical\" href=\"https:\/\/galli.ch\/uhren\/longines\/diving\/ultra-chron-l2-836-4-52-9\/\" \/>\n<meta property=\"og:locale\" content=\"en_US\" \/>\n<meta property=\"og:type\" content=\"article\" \/>\n<meta property=\"og:title\" content=\"Longines Ultra-Chron - Galli Uhren Bijouterie\" \/>\n<meta property=\"og:description\" content=\"Das neue Modell, das von der Longines Ultra-Chron Diver aus dem Jahr 1968 inspiriert ist, und ihr neues Hochfrequenzkaliber stellen die erste Neuinterpretation des Alleinstellungsmerkmals von Longines dar \u2013 dessen Status als Pionier in der Welt der Sportzeitmessung. Sie ist ebenso attraktiv f\u00fcr Fans von Vintage-Uhren wie f\u00fcr Liebhaber von Spitzentechnologie. Die Genauigkeit der Longines... Weiter &raquo;\" \/>\n<meta property=\"og:url\" content=\"https:\/\/galli.ch\/uhren\/longines\/diving\/ultra-chron-l2-836-4-52-9\/\" \/>\n<meta property=\"og:site_name\" content=\"Galli Uhren Bijouterie\" \/>\n<meta property=\"article:modified_time\" content=\"2026-04-20T16:11:27+00:00\" \/>\n<meta property=\"og:image\" content=\"https:\/\/galli.ch\/wp-content\/uploads\/longines-ultra-chron-l2-836-4-52-9-2000x2000-1.png\" \/>\n\t<meta property=\"og:image:width\" content=\"1000\" \/>\n\t<meta property=\"og:image:height\" content=\"1400\" \/>\n\t<meta property=\"og:image:type\" content=\"image\/png\" \/>\n<meta name=\"twitter:card\" content=\"summary_large_image\" \/>\n<script type=\"application\/ld+json\" class=\"yoast-schema-graph\">{\"@context\":\"https:\/\/schema.org\",\"@graph\":[{\"@type\":\"WebPage\",\"@id\":\"https:\/\/galli.ch\/uhren\/longines\/diving\/ultra-chron-l2-836-4-52-9\/\",\"url\":\"https:\/\/galli.ch\/uhren\/longines\/diving\/ultra-chron-l2-836-4-52-9\/\",\"name\":\"Longines Ultra-Chron - Galli Uhren Bijouterie\",\"isPartOf\":{\"@id\":\"http:\/\/galli.ch\/en\/#website\"},\"primaryImageOfPage\":{\"@id\":\"https:\/\/galli.ch\/uhren\/longines\/diving\/ultra-chron-l2-836-4-52-9\/#primaryimage\"},\"image\":{\"@id\":\"https:\/\/galli.ch\/uhren\/longines\/diving\/ultra-chron-l2-836-4-52-9\/#primaryimage\"},\"thumbnailUrl\":\"https:\/\/galli.ch\/wp-content\/uploads\/longines-ultra-chron-l2-836-4-52-9-2000x2000-1.png\",\"datePublished\":\"2022-06-03T15:12:08+00:00\",\"dateModified\":\"2026-04-20T16:11:27+00:00\",\"breadcrumb\":{\"@id\":\"https:\/\/galli.ch\/uhren\/longines\/diving\/ultra-chron-l2-836-4-52-9\/#breadcrumb\"},\"inLanguage\":\"en-US\",\"potentialAction\":[{\"@type\":\"ReadAction\",\"target\":[\"https:\/\/galli.ch\/uhren\/longines\/diving\/ultra-chron-l2-836-4-52-9\/\"]}]},{\"@type\":\"ImageObject\",\"inLanguage\":\"en-US\",\"@id\":\"https:\/\/galli.ch\/uhren\/longines\/diving\/ultra-chron-l2-836-4-52-9\/#primaryimage\",\"url\":\"https:\/\/galli.ch\/wp-content\/uploads\/longines-ultra-chron-l2-836-4-52-9-2000x2000-1.png\",\"contentUrl\":\"https:\/\/galli.ch\/wp-content\/uploads\/longines-ultra-chron-l2-836-4-52-9-2000x2000-1.png\",\"width\":1000,\"height\":1400,\"caption\":\"longines-ultra-chron-galli-zuerich\"},{\"@type\":\"BreadcrumbList\",\"@id\":\"https:\/\/galli.ch\/uhren\/longines\/diving\/ultra-chron-l2-836-4-52-9\/#breadcrumb\",\"itemListElement\":[{\"@type\":\"ListItem\",\"position\":1,\"name\":\"Home\",\"item\":\"https:\/\/galli.ch\/en\/\"},{\"@type\":\"ListItem\",\"position\":2,\"name\":\"Uhren\",\"item\":\"https:\/\/galli.ch\/en\/uhren\/\"},{\"@type\":\"ListItem\",\"position\":3,\"name\":\"Ultra-Chron\"}]},{\"@type\":\"WebSite\",\"@id\":\"http:\/\/galli.ch\/en\/#website\",\"url\":\"http:\/\/galli.ch\/en\/\",\"name\":\"Galli Uhren Bijouterie\",\"description\":\"\",\"potentialAction\":[{\"@type\":\"SearchAction\",\"target\":{\"@type\":\"EntryPoint\",\"urlTemplate\":\"http:\/\/galli.ch\/en\/?s={search_term_string}\"},\"query-input\":{\"@type\":\"PropertyValueSpecification\",\"valueRequired\":true,\"valueName\":\"search_term_string\"}}],\"inLanguage\":\"en-US\"}]}<\/script>\n<!-- \/ Yoast SEO plugin. -->","yoast_head_json":{"title":"Longines Ultra-Chron - Galli Uhren Bijouterie","robots":{"index":"index","follow":"follow","max-snippet":"max-snippet:-1","max-image-preview":"max-image-preview:large","max-video-preview":"max-video-preview:-1"},"canonical":"https:\/\/galli.ch\/uhren\/longines\/diving\/ultra-chron-l2-836-4-52-9\/","og_locale":"en_US","og_type":"article","og_title":"Longines Ultra-Chron - Galli Uhren Bijouterie","og_description":"Das neue Modell, das von der Longines Ultra-Chron Diver aus dem Jahr 1968 inspiriert ist, und ihr neues Hochfrequenzkaliber stellen die erste Neuinterpretation des Alleinstellungsmerkmals von Longines dar \u2013 dessen Status als Pionier in der Welt der Sportzeitmessung. Sie ist ebenso attraktiv f\u00fcr Fans von Vintage-Uhren wie f\u00fcr Liebhaber von Spitzentechnologie. Die Genauigkeit der Longines... Weiter &raquo;","og_url":"https:\/\/galli.ch\/uhren\/longines\/diving\/ultra-chron-l2-836-4-52-9\/","og_site_name":"Galli Uhren Bijouterie","article_modified_time":"2026-04-20T16:11:27+00:00","og_image":[{"width":1000,"height":1400,"url":"https:\/\/galli.ch\/wp-content\/uploads\/longines-ultra-chron-l2-836-4-52-9-2000x2000-1.png","type":"image\/png"}],"twitter_card":"summary_large_image","schema":{"@context":"https:\/\/schema.org","@graph":[{"@type":"WebPage","@id":"https:\/\/galli.ch\/uhren\/longines\/diving\/ultra-chron-l2-836-4-52-9\/","url":"https:\/\/galli.ch\/uhren\/longines\/diving\/ultra-chron-l2-836-4-52-9\/","name":"Longines Ultra-Chron - Galli Uhren Bijouterie","isPartOf":{"@id":"http:\/\/galli.ch\/en\/#website"},"primaryImageOfPage":{"@id":"https:\/\/galli.ch\/uhren\/longines\/diving\/ultra-chron-l2-836-4-52-9\/#primaryimage"},"image":{"@id":"https:\/\/galli.ch\/uhren\/longines\/diving\/ultra-chron-l2-836-4-52-9\/#primaryimage"},"thumbnailUrl":"https:\/\/galli.ch\/wp-content\/uploads\/longines-ultra-chron-l2-836-4-52-9-2000x2000-1.png","datePublished":"2022-06-03T15:12:08+00:00","dateModified":"2026-04-20T16:11:27+00:00","breadcrumb":{"@id":"https:\/\/galli.ch\/uhren\/longines\/diving\/ultra-chron-l2-836-4-52-9\/#breadcrumb"},"inLanguage":"en-US","potentialAction":[{"@type":"ReadAction","target":["https:\/\/galli.ch\/uhren\/longines\/diving\/ultra-chron-l2-836-4-52-9\/"]}]},{"@type":"ImageObject","inLanguage":"en-US","@id":"https:\/\/galli.ch\/uhren\/longines\/diving\/ultra-chron-l2-836-4-52-9\/#primaryimage","url":"https:\/\/galli.ch\/wp-content\/uploads\/longines-ultra-chron-l2-836-4-52-9-2000x2000-1.png","contentUrl":"https:\/\/galli.ch\/wp-content\/uploads\/longines-ultra-chron-l2-836-4-52-9-2000x2000-1.png","width":1000,"height":1400,"caption":"longines-ultra-chron-galli-zuerich"},{"@type":"BreadcrumbList","@id":"https:\/\/galli.ch\/uhren\/longines\/diving\/ultra-chron-l2-836-4-52-9\/#breadcrumb","itemListElement":[{"@type":"ListItem","position":1,"name":"Home","item":"https:\/\/galli.ch\/en\/"},{"@type":"ListItem","position":2,"name":"Uhren","item":"https:\/\/galli.ch\/en\/uhren\/"},{"@type":"ListItem","position":3,"name":"Ultra-Chron"}]},{"@type":"WebSite","@id":"http:\/\/galli.ch\/en\/#website","url":"http:\/\/galli.ch\/en\/","name":"Galli Uhren Bijouterie","description":"","potentialAction":[{"@type":"SearchAction","target":{"@type":"EntryPoint","urlTemplate":"http:\/\/galli.ch\/en\/?s={search_term_string}"},"query-input":{"@type":"PropertyValueSpecification","valueRequired":true,"valueName":"search_term_string"}}],"inLanguage":"en-US"}]}},"_links":{"self":[{"href":"https:\/\/galli.ch\/en\/wp-json\/wp\/v2\/product\/13995","targetHints":{"allow":["GET"]}}],"collection":[{"href":"https:\/\/galli.ch\/en\/wp-json\/wp\/v2\/product"}],"about":[{"href":"https:\/\/galli.ch\/en\/wp-json\/wp\/v2\/types\/product"}],"wp:featuredmedia":[{"embeddable":true,"href":"https:\/\/galli.ch\/en\/wp-json\/wp\/v2\/media\/13981"}],"wp:attachment":[{"href":"https:\/\/galli.ch\/en\/wp-json\/wp\/v2\/media?parent=13995"}],"wp:term":[{"taxonomy":"product_brand","embeddable":true,"href":"https:\/\/galli.ch\/en\/wp-json\/wp\/v2\/product_brand?post=13995"},{"taxonomy":"product_cat","embeddable":true,"href":"https:\/\/galli.ch\/en\/wp-json\/wp\/v2\/product_cat?post=13995"},{"taxonomy":"product_tag","embeddable":true,"href":"https:\/\/galli.ch\/en\/wp-json\/wp\/v2\/product_tag?post=13995"}],"curies":[{"name":"wp","href":"https:\/\/api.w.org\/{rel}","templated":true}]}}