{"id":142,"date":"2018-07-12T13:13:47","date_gmt":"2018-07-12T13:13:47","guid":{"rendered":"http:\/\/galli.ch\/?post_type=uhren&#038;p=142"},"modified":"2026-03-30T10:15:49","modified_gmt":"2026-03-30T08:15:49","slug":"m79830rb-0001","status":"publish","type":"product","link":"https:\/\/galli.ch\/en\/uhren\/tudor\/black-bay-gmt\/m79830rb-0001\/","title":{"rendered":"Tudor Black Bay GMT"},"content":{"rendered":"<p>TUDOR f\u00fchrte and der Baselworld 2018 bei der Black Bay mit einer neuen GMT-Funktion die Weltzeit ein. Neben einer markanten L\u00fcnette in Bordeaux und Blau ist dieses Modell ausserdem mit einem neuen Manufakturwerk ausgestattet.<\/p>\n<p>Die zus\u00e4tzlichen Zeitzonen werden durch einen roten Snowflake-Zeiger, das unverkennbare Gestaltungsmerkmal von TUDOR, angezeigt, der das Zifferblatt innerhalb von 24 Stunden einmal umrundet, sowie durch eine in beide Richtungen drehbare L\u00fcnette, die ebenfalls auf 24 Stunden kalibriert ist. Der bordeauxfarbene Abschnitt zeigt die zw\u00f6lf Stunden am Tag und der blaue Abschnitt die Stunden in der Nacht. Dank ihres Geh\u00e4uses in Edelstahl mit einem Durchmesser von 41 mm ist die Black Bay GMT bis zu einer Tiefe von 200 Metern wasserdicht und wurde entwickelt, um den Elementen zu trotzen.<\/p>\n","protected":false},"excerpt":{"rendered":"<p>TUDOR f\u00fchrte and der Baselworld 2018 bei der Black Bay mit einer neuen GMT-Funktion die Weltzeit ein. Neben einer markanten L\u00fcnette in Bordeaux und Blau ist dieses Modell ausserdem mit einem neuen Manufakturwerk ausgestattet. Die zus\u00e4tzlichen Zeitzonen werden durch einen roten Snowflake-Zeiger, das unverkennbare Gestaltungsmerkmal von TUDOR, angezeigt, der das Zifferblatt innerhalb von 24 Stunden&#8230;  <a class=\"excerpt-read-more\" href=\"https:\/\/galli.ch\/en\/uhren\/tudor\/black-bay-gmt\/m79830rb-0001\/\" title=\"Read Tudor Black Bay GMT\">Weiter &raquo;<\/a><\/p>\n","protected":false},"featured_media":730,"template":"","meta":{"_acf_changed":false,"inline_featured_image":false},"product_brand":[],"product_cat":[188],"product_tag":[],"class_list":{"0":"post-142","1":"product","2":"type-product","3":"status-publish","4":"has-post-thumbnail","6":"uhrenhersteller-tudor","7":"uhrenhersteller-black-bay-gmt","8":"product_cat-uhren","10":"first","11":"instock","12":"taxable","13":"shipping-taxable","14":"purchasable","15":"product-type-simple"},"acf":[],"yoast_head":"<!-- This site is optimized with the Yoast SEO plugin v25.5 - https:\/\/yoast.com\/wordpress\/plugins\/seo\/ -->\n<title>Tudor Black Bay GMT - Galli Uhren Bijouterie<\/title>\n<meta name=\"robots\" content=\"index, follow, max-snippet:-1, max-image-preview:large, max-video-preview:-1\" \/>\n<link rel=\"canonical\" href=\"https:\/\/galli.ch\/uhren\/tudor\/black-bay-gmt\/m79830rb-0001\/\" \/>\n<meta property=\"og:locale\" content=\"en_US\" \/>\n<meta property=\"og:type\" content=\"article\" \/>\n<meta property=\"og:title\" content=\"Tudor Black Bay GMT - Galli Uhren Bijouterie\" \/>\n<meta property=\"og:description\" content=\"TUDOR f\u00fchrte and der Baselworld 2018 bei der Black Bay mit einer neuen GMT-Funktion die Weltzeit ein. Neben einer markanten L\u00fcnette in Bordeaux und Blau ist dieses Modell ausserdem mit einem neuen Manufakturwerk ausgestattet. Die zus\u00e4tzlichen Zeitzonen werden durch einen roten Snowflake-Zeiger, das unverkennbare Gestaltungsmerkmal von TUDOR, angezeigt, der das Zifferblatt innerhalb von 24 Stunden... Weiter &raquo;\" \/>\n<meta property=\"og:url\" content=\"https:\/\/galli.ch\/uhren\/tudor\/black-bay-gmt\/m79830rb-0001\/\" \/>\n<meta property=\"og:site_name\" content=\"Galli Uhren Bijouterie\" \/>\n<meta property=\"article:modified_time\" content=\"2026-03-30T08:15:49+00:00\" \/>\n<meta property=\"og:image\" content=\"https:\/\/galli.ch\/wp-content\/uploads\/Tudor-Black-Bay-GMT-3a_M79830RB-0001_black_72060_FF.png\" \/>\n\t<meta property=\"og:image:width\" content=\"1000\" \/>\n\t<meta property=\"og:image:height\" content=\"1400\" \/>\n\t<meta property=\"og:image:type\" content=\"image\/png\" \/>\n<meta name=\"twitter:card\" content=\"summary_large_image\" \/>\n<script type=\"application\/ld+json\" class=\"yoast-schema-graph\">{\"@context\":\"https:\/\/schema.org\",\"@graph\":[{\"@type\":\"WebPage\",\"@id\":\"https:\/\/galli.ch\/uhren\/tudor\/black-bay-gmt\/m79830rb-0001\/\",\"url\":\"https:\/\/galli.ch\/uhren\/tudor\/black-bay-gmt\/m79830rb-0001\/\",\"name\":\"Tudor Black Bay GMT - Galli Uhren Bijouterie\",\"isPartOf\":{\"@id\":\"http:\/\/galli.ch\/en\/#website\"},\"primaryImageOfPage\":{\"@id\":\"https:\/\/galli.ch\/uhren\/tudor\/black-bay-gmt\/m79830rb-0001\/#primaryimage\"},\"image\":{\"@id\":\"https:\/\/galli.ch\/uhren\/tudor\/black-bay-gmt\/m79830rb-0001\/#primaryimage\"},\"thumbnailUrl\":\"https:\/\/galli.ch\/wp-content\/uploads\/Tudor-Black-Bay-GMT-3a_M79830RB-0001_black_72060_FF.png\",\"datePublished\":\"2018-07-12T13:13:47+00:00\",\"dateModified\":\"2026-03-30T08:15:49+00:00\",\"breadcrumb\":{\"@id\":\"https:\/\/galli.ch\/uhren\/tudor\/black-bay-gmt\/m79830rb-0001\/#breadcrumb\"},\"inLanguage\":\"en-US\",\"potentialAction\":[{\"@type\":\"ReadAction\",\"target\":[\"https:\/\/galli.ch\/uhren\/tudor\/black-bay-gmt\/m79830rb-0001\/\"]}]},{\"@type\":\"ImageObject\",\"inLanguage\":\"en-US\",\"@id\":\"https:\/\/galli.ch\/uhren\/tudor\/black-bay-gmt\/m79830rb-0001\/#primaryimage\",\"url\":\"https:\/\/galli.ch\/wp-content\/uploads\/Tudor-Black-Bay-GMT-3a_M79830RB-0001_black_72060_FF.png\",\"contentUrl\":\"https:\/\/galli.ch\/wp-content\/uploads\/Tudor-Black-Bay-GMT-3a_M79830RB-0001_black_72060_FF.png\",\"width\":1000,\"height\":1400,\"caption\":\"Tudor Black Bay Steel\"},{\"@type\":\"BreadcrumbList\",\"@id\":\"https:\/\/galli.ch\/uhren\/tudor\/black-bay-gmt\/m79830rb-0001\/#breadcrumb\",\"itemListElement\":[{\"@type\":\"ListItem\",\"position\":1,\"name\":\"Home\",\"item\":\"https:\/\/galli.ch\/en\/\"},{\"@type\":\"ListItem\",\"position\":2,\"name\":\"Uhren\",\"item\":\"https:\/\/galli.ch\/en\/uhren\/\"},{\"@type\":\"ListItem\",\"position\":3,\"name\":\"Tudor Black Bay GMT\"}]},{\"@type\":\"WebSite\",\"@id\":\"http:\/\/galli.ch\/en\/#website\",\"url\":\"http:\/\/galli.ch\/en\/\",\"name\":\"Galli Uhren Bijouterie\",\"description\":\"\",\"potentialAction\":[{\"@type\":\"SearchAction\",\"target\":{\"@type\":\"EntryPoint\",\"urlTemplate\":\"http:\/\/galli.ch\/en\/?s={search_term_string}\"},\"query-input\":{\"@type\":\"PropertyValueSpecification\",\"valueRequired\":true,\"valueName\":\"search_term_string\"}}],\"inLanguage\":\"en-US\"}]}<\/script>\n<!-- \/ Yoast SEO plugin. -->","yoast_head_json":{"title":"Tudor Black Bay GMT - Galli Uhren Bijouterie","robots":{"index":"index","follow":"follow","max-snippet":"max-snippet:-1","max-image-preview":"max-image-preview:large","max-video-preview":"max-video-preview:-1"},"canonical":"https:\/\/galli.ch\/uhren\/tudor\/black-bay-gmt\/m79830rb-0001\/","og_locale":"en_US","og_type":"article","og_title":"Tudor Black Bay GMT - Galli Uhren Bijouterie","og_description":"TUDOR f\u00fchrte and der Baselworld 2018 bei der Black Bay mit einer neuen GMT-Funktion die Weltzeit ein. Neben einer markanten L\u00fcnette in Bordeaux und Blau ist dieses Modell ausserdem mit einem neuen Manufakturwerk ausgestattet. Die zus\u00e4tzlichen Zeitzonen werden durch einen roten Snowflake-Zeiger, das unverkennbare Gestaltungsmerkmal von TUDOR, angezeigt, der das Zifferblatt innerhalb von 24 Stunden... Weiter &raquo;","og_url":"https:\/\/galli.ch\/uhren\/tudor\/black-bay-gmt\/m79830rb-0001\/","og_site_name":"Galli Uhren Bijouterie","article_modified_time":"2026-03-30T08:15:49+00:00","og_image":[{"width":1000,"height":1400,"url":"https:\/\/galli.ch\/wp-content\/uploads\/Tudor-Black-Bay-GMT-3a_M79830RB-0001_black_72060_FF.png","type":"image\/png"}],"twitter_card":"summary_large_image","schema":{"@context":"https:\/\/schema.org","@graph":[{"@type":"WebPage","@id":"https:\/\/galli.ch\/uhren\/tudor\/black-bay-gmt\/m79830rb-0001\/","url":"https:\/\/galli.ch\/uhren\/tudor\/black-bay-gmt\/m79830rb-0001\/","name":"Tudor Black Bay GMT - Galli Uhren Bijouterie","isPartOf":{"@id":"http:\/\/galli.ch\/en\/#website"},"primaryImageOfPage":{"@id":"https:\/\/galli.ch\/uhren\/tudor\/black-bay-gmt\/m79830rb-0001\/#primaryimage"},"image":{"@id":"https:\/\/galli.ch\/uhren\/tudor\/black-bay-gmt\/m79830rb-0001\/#primaryimage"},"thumbnailUrl":"https:\/\/galli.ch\/wp-content\/uploads\/Tudor-Black-Bay-GMT-3a_M79830RB-0001_black_72060_FF.png","datePublished":"2018-07-12T13:13:47+00:00","dateModified":"2026-03-30T08:15:49+00:00","breadcrumb":{"@id":"https:\/\/galli.ch\/uhren\/tudor\/black-bay-gmt\/m79830rb-0001\/#breadcrumb"},"inLanguage":"en-US","potentialAction":[{"@type":"ReadAction","target":["https:\/\/galli.ch\/uhren\/tudor\/black-bay-gmt\/m79830rb-0001\/"]}]},{"@type":"ImageObject","inLanguage":"en-US","@id":"https:\/\/galli.ch\/uhren\/tudor\/black-bay-gmt\/m79830rb-0001\/#primaryimage","url":"https:\/\/galli.ch\/wp-content\/uploads\/Tudor-Black-Bay-GMT-3a_M79830RB-0001_black_72060_FF.png","contentUrl":"https:\/\/galli.ch\/wp-content\/uploads\/Tudor-Black-Bay-GMT-3a_M79830RB-0001_black_72060_FF.png","width":1000,"height":1400,"caption":"Tudor Black Bay Steel"},{"@type":"BreadcrumbList","@id":"https:\/\/galli.ch\/uhren\/tudor\/black-bay-gmt\/m79830rb-0001\/#breadcrumb","itemListElement":[{"@type":"ListItem","position":1,"name":"Home","item":"https:\/\/galli.ch\/en\/"},{"@type":"ListItem","position":2,"name":"Uhren","item":"https:\/\/galli.ch\/en\/uhren\/"},{"@type":"ListItem","position":3,"name":"Tudor Black Bay GMT"}]},{"@type":"WebSite","@id":"http:\/\/galli.ch\/en\/#website","url":"http:\/\/galli.ch\/en\/","name":"Galli Uhren Bijouterie","description":"","potentialAction":[{"@type":"SearchAction","target":{"@type":"EntryPoint","urlTemplate":"http:\/\/galli.ch\/en\/?s={search_term_string}"},"query-input":{"@type":"PropertyValueSpecification","valueRequired":true,"valueName":"search_term_string"}}],"inLanguage":"en-US"}]}},"_links":{"self":[{"href":"https:\/\/galli.ch\/en\/wp-json\/wp\/v2\/product\/142","targetHints":{"allow":["GET"]}}],"collection":[{"href":"https:\/\/galli.ch\/en\/wp-json\/wp\/v2\/product"}],"about":[{"href":"https:\/\/galli.ch\/en\/wp-json\/wp\/v2\/types\/product"}],"wp:featuredmedia":[{"embeddable":true,"href":"https:\/\/galli.ch\/en\/wp-json\/wp\/v2\/media\/730"}],"wp:attachment":[{"href":"https:\/\/galli.ch\/en\/wp-json\/wp\/v2\/media?parent=142"}],"wp:term":[{"taxonomy":"product_brand","embeddable":true,"href":"https:\/\/galli.ch\/en\/wp-json\/wp\/v2\/product_brand?post=142"},{"taxonomy":"product_cat","embeddable":true,"href":"https:\/\/galli.ch\/en\/wp-json\/wp\/v2\/product_cat?post=142"},{"taxonomy":"product_tag","embeddable":true,"href":"https:\/\/galli.ch\/en\/wp-json\/wp\/v2\/product_tag?post=142"}],"curies":[{"name":"wp","href":"https:\/\/api.w.org\/{rel}","templated":true}]}}