{"id":14390,"date":"2022-07-06T17:31:51","date_gmt":"2022-07-06T15:31:51","guid":{"rendered":"http:\/\/galli.ch\/?post_type=uhren&#038;p=14390"},"modified":"2026-03-30T10:10:41","modified_gmt":"2026-03-30T08:10:41","slug":"automatic-36-a17377211c1s1","status":"publish","type":"product","link":"https:\/\/galli.ch\/en\/uhren\/breitling\/superocean\/automatic-36-a17377211c1s1\/","title":{"rendered":"Breitling Superocean Automatic 36"},"content":{"rendered":"<p>Die SuperOcean ist der Inbegriff der klassischen Taucheruhr. Sie wurde 1957 von Breitling f\u00fcr die Ausr\u00fcstung von Berufs- und Milit\u00e4rtauchern entwickelt, fand aber auch bei Freizeittauchern und Uhrenliebhabern sofort Anklang.<\/p>\n<p>Sie\u00a0 sieht nicht nur gut aus, sondern ist auch ein technisches Wunderwerk. Breite Zeiger und Indexe, die mit leuchtendem Super-LumiNova\u00ae beschichtet sind, erm\u00f6glichen eine hervorragende Ablesbarkeit unter Wasser. Mit einer Wasserdichtigkeit von 300 m (1000 ft) \u00fcbertrifft diese Uhr die Mindestanforderungen f\u00fcr Taucheruhren um das Dreifache. Die beiden Armbandvarianten (Kautschuk- und Metallarmband) sind mit einer Faltschliesse ausgestattet, die eine Mikroverstellung von bis zu 15 mm erm\u00f6glicht, um das Tragen \u00fcber Krawatten und Tauchanz\u00fcgen zu erleichtern. Die kratzfeste L\u00fcnette mit Keramikeinlage sorgt daf\u00fcr, dass sie sich nicht abnutzt oder ausbleicht.<\/p>\n","protected":false},"excerpt":{"rendered":"<p>Die SuperOcean ist der Inbegriff der klassischen Taucheruhr. Sie wurde 1957 von Breitling f\u00fcr die Ausr\u00fcstung von Berufs- und Milit\u00e4rtauchern entwickelt, fand aber auch bei Freizeittauchern und Uhrenliebhabern sofort Anklang. Sie\u00a0 sieht nicht nur gut aus, sondern ist auch ein technisches Wunderwerk. Breite Zeiger und Indexe, die mit leuchtendem Super-LumiNova\u00ae beschichtet sind, erm\u00f6glichen eine hervorragende&#8230;  <a class=\"excerpt-read-more\" href=\"https:\/\/galli.ch\/en\/uhren\/breitling\/superocean\/automatic-36-a17377211c1s1\/\" title=\"Read Breitling Superocean Automatic 36\">Weiter &raquo;<\/a><\/p>\n","protected":false},"featured_media":14300,"template":"","meta":{"_acf_changed":false,"inline_featured_image":false},"product_brand":[],"product_cat":[188],"product_tag":[191],"class_list":{"0":"post-14390","1":"product","2":"type-product","3":"status-publish","4":"has-post-thumbnail","6":"uhrenhersteller-breitling","7":"uhrenhersteller-superocean","8":"product_cat-uhren","9":"product_tag-update","11":"first","12":"outofstock","13":"taxable","14":"shipping-taxable","15":"purchasable","16":"product-type-simple"},"acf":[],"yoast_head":"<!-- This site is optimized with the Yoast SEO plugin v25.5 - https:\/\/yoast.com\/wordpress\/plugins\/seo\/ -->\n<title>Breitling Superocean Automatic 36 - Galli Uhren Bijouterie<\/title>\n<meta name=\"robots\" content=\"index, follow, max-snippet:-1, max-image-preview:large, max-video-preview:-1\" \/>\n<link rel=\"canonical\" href=\"https:\/\/galli.ch\/uhren\/breitling\/superocean\/automatic-36-a17377211c1s1\/\" \/>\n<meta property=\"og:locale\" content=\"en_US\" \/>\n<meta property=\"og:type\" content=\"article\" \/>\n<meta property=\"og:title\" content=\"Breitling Superocean Automatic 36 - Galli Uhren Bijouterie\" \/>\n<meta property=\"og:description\" content=\"Die SuperOcean ist der Inbegriff der klassischen Taucheruhr. Sie wurde 1957 von Breitling f\u00fcr die Ausr\u00fcstung von Berufs- und Milit\u00e4rtauchern entwickelt, fand aber auch bei Freizeittauchern und Uhrenliebhabern sofort Anklang. Sie\u00a0 sieht nicht nur gut aus, sondern ist auch ein technisches Wunderwerk. Breite Zeiger und Indexe, die mit leuchtendem Super-LumiNova\u00ae beschichtet sind, erm\u00f6glichen eine hervorragende... Weiter &raquo;\" \/>\n<meta property=\"og:url\" content=\"https:\/\/galli.ch\/uhren\/breitling\/superocean\/automatic-36-a17377211c1s1\/\" \/>\n<meta property=\"og:site_name\" content=\"Galli Uhren Bijouterie\" \/>\n<meta property=\"article:modified_time\" content=\"2026-03-30T08:10:41+00:00\" \/>\n<meta property=\"og:image\" content=\"https:\/\/galli.ch\/wp-content\/uploads\/a17377211c1s1-superocean-automatic-36-soldier.png\" \/>\n\t<meta property=\"og:image:width\" content=\"1000\" \/>\n\t<meta property=\"og:image:height\" content=\"1400\" \/>\n\t<meta property=\"og:image:type\" content=\"image\/png\" \/>\n<meta name=\"twitter:card\" content=\"summary_large_image\" \/>\n<script type=\"application\/ld+json\" class=\"yoast-schema-graph\">{\"@context\":\"https:\/\/schema.org\",\"@graph\":[{\"@type\":\"WebPage\",\"@id\":\"https:\/\/galli.ch\/uhren\/breitling\/superocean\/automatic-36-a17377211c1s1\/\",\"url\":\"https:\/\/galli.ch\/uhren\/breitling\/superocean\/automatic-36-a17377211c1s1\/\",\"name\":\"Breitling Superocean Automatic 36 - Galli Uhren Bijouterie\",\"isPartOf\":{\"@id\":\"http:\/\/galli.ch\/en\/#website\"},\"primaryImageOfPage\":{\"@id\":\"https:\/\/galli.ch\/uhren\/breitling\/superocean\/automatic-36-a17377211c1s1\/#primaryimage\"},\"image\":{\"@id\":\"https:\/\/galli.ch\/uhren\/breitling\/superocean\/automatic-36-a17377211c1s1\/#primaryimage\"},\"thumbnailUrl\":\"https:\/\/galli.ch\/wp-content\/uploads\/a17377211c1s1-superocean-automatic-36-soldier.png\",\"datePublished\":\"2022-07-06T15:31:51+00:00\",\"dateModified\":\"2026-03-30T08:10:41+00:00\",\"breadcrumb\":{\"@id\":\"https:\/\/galli.ch\/uhren\/breitling\/superocean\/automatic-36-a17377211c1s1\/#breadcrumb\"},\"inLanguage\":\"en-US\",\"potentialAction\":[{\"@type\":\"ReadAction\",\"target\":[\"https:\/\/galli.ch\/uhren\/breitling\/superocean\/automatic-36-a17377211c1s1\/\"]}]},{\"@type\":\"ImageObject\",\"inLanguage\":\"en-US\",\"@id\":\"https:\/\/galli.ch\/uhren\/breitling\/superocean\/automatic-36-a17377211c1s1\/#primaryimage\",\"url\":\"https:\/\/galli.ch\/wp-content\/uploads\/a17377211c1s1-superocean-automatic-36-soldier.png\",\"contentUrl\":\"https:\/\/galli.ch\/wp-content\/uploads\/a17377211c1s1-superocean-automatic-36-soldier.png\",\"width\":1000,\"height\":1400,\"caption\":\"breitling-superocean-automatic-36\"},{\"@type\":\"BreadcrumbList\",\"@id\":\"https:\/\/galli.ch\/uhren\/breitling\/superocean\/automatic-36-a17377211c1s1\/#breadcrumb\",\"itemListElement\":[{\"@type\":\"ListItem\",\"position\":1,\"name\":\"Home\",\"item\":\"https:\/\/galli.ch\/en\/\"},{\"@type\":\"ListItem\",\"position\":2,\"name\":\"Uhren\",\"item\":\"https:\/\/galli.ch\/en\/uhren\/\"},{\"@type\":\"ListItem\",\"position\":3,\"name\":\"Superocean Automatic 36\"}]},{\"@type\":\"WebSite\",\"@id\":\"http:\/\/galli.ch\/en\/#website\",\"url\":\"http:\/\/galli.ch\/en\/\",\"name\":\"Galli Uhren Bijouterie\",\"description\":\"\",\"potentialAction\":[{\"@type\":\"SearchAction\",\"target\":{\"@type\":\"EntryPoint\",\"urlTemplate\":\"http:\/\/galli.ch\/en\/?s={search_term_string}\"},\"query-input\":{\"@type\":\"PropertyValueSpecification\",\"valueRequired\":true,\"valueName\":\"search_term_string\"}}],\"inLanguage\":\"en-US\"}]}<\/script>\n<!-- \/ Yoast SEO plugin. -->","yoast_head_json":{"title":"Breitling Superocean Automatic 36 - Galli Uhren Bijouterie","robots":{"index":"index","follow":"follow","max-snippet":"max-snippet:-1","max-image-preview":"max-image-preview:large","max-video-preview":"max-video-preview:-1"},"canonical":"https:\/\/galli.ch\/uhren\/breitling\/superocean\/automatic-36-a17377211c1s1\/","og_locale":"en_US","og_type":"article","og_title":"Breitling Superocean Automatic 36 - Galli Uhren Bijouterie","og_description":"Die SuperOcean ist der Inbegriff der klassischen Taucheruhr. Sie wurde 1957 von Breitling f\u00fcr die Ausr\u00fcstung von Berufs- und Milit\u00e4rtauchern entwickelt, fand aber auch bei Freizeittauchern und Uhrenliebhabern sofort Anklang. Sie\u00a0 sieht nicht nur gut aus, sondern ist auch ein technisches Wunderwerk. Breite Zeiger und Indexe, die mit leuchtendem Super-LumiNova\u00ae beschichtet sind, erm\u00f6glichen eine hervorragende... Weiter &raquo;","og_url":"https:\/\/galli.ch\/uhren\/breitling\/superocean\/automatic-36-a17377211c1s1\/","og_site_name":"Galli Uhren Bijouterie","article_modified_time":"2026-03-30T08:10:41+00:00","og_image":[{"width":1000,"height":1400,"url":"https:\/\/galli.ch\/wp-content\/uploads\/a17377211c1s1-superocean-automatic-36-soldier.png","type":"image\/png"}],"twitter_card":"summary_large_image","schema":{"@context":"https:\/\/schema.org","@graph":[{"@type":"WebPage","@id":"https:\/\/galli.ch\/uhren\/breitling\/superocean\/automatic-36-a17377211c1s1\/","url":"https:\/\/galli.ch\/uhren\/breitling\/superocean\/automatic-36-a17377211c1s1\/","name":"Breitling Superocean Automatic 36 - Galli Uhren Bijouterie","isPartOf":{"@id":"http:\/\/galli.ch\/en\/#website"},"primaryImageOfPage":{"@id":"https:\/\/galli.ch\/uhren\/breitling\/superocean\/automatic-36-a17377211c1s1\/#primaryimage"},"image":{"@id":"https:\/\/galli.ch\/uhren\/breitling\/superocean\/automatic-36-a17377211c1s1\/#primaryimage"},"thumbnailUrl":"https:\/\/galli.ch\/wp-content\/uploads\/a17377211c1s1-superocean-automatic-36-soldier.png","datePublished":"2022-07-06T15:31:51+00:00","dateModified":"2026-03-30T08:10:41+00:00","breadcrumb":{"@id":"https:\/\/galli.ch\/uhren\/breitling\/superocean\/automatic-36-a17377211c1s1\/#breadcrumb"},"inLanguage":"en-US","potentialAction":[{"@type":"ReadAction","target":["https:\/\/galli.ch\/uhren\/breitling\/superocean\/automatic-36-a17377211c1s1\/"]}]},{"@type":"ImageObject","inLanguage":"en-US","@id":"https:\/\/galli.ch\/uhren\/breitling\/superocean\/automatic-36-a17377211c1s1\/#primaryimage","url":"https:\/\/galli.ch\/wp-content\/uploads\/a17377211c1s1-superocean-automatic-36-soldier.png","contentUrl":"https:\/\/galli.ch\/wp-content\/uploads\/a17377211c1s1-superocean-automatic-36-soldier.png","width":1000,"height":1400,"caption":"breitling-superocean-automatic-36"},{"@type":"BreadcrumbList","@id":"https:\/\/galli.ch\/uhren\/breitling\/superocean\/automatic-36-a17377211c1s1\/#breadcrumb","itemListElement":[{"@type":"ListItem","position":1,"name":"Home","item":"https:\/\/galli.ch\/en\/"},{"@type":"ListItem","position":2,"name":"Uhren","item":"https:\/\/galli.ch\/en\/uhren\/"},{"@type":"ListItem","position":3,"name":"Superocean Automatic 36"}]},{"@type":"WebSite","@id":"http:\/\/galli.ch\/en\/#website","url":"http:\/\/galli.ch\/en\/","name":"Galli Uhren Bijouterie","description":"","potentialAction":[{"@type":"SearchAction","target":{"@type":"EntryPoint","urlTemplate":"http:\/\/galli.ch\/en\/?s={search_term_string}"},"query-input":{"@type":"PropertyValueSpecification","valueRequired":true,"valueName":"search_term_string"}}],"inLanguage":"en-US"}]}},"_links":{"self":[{"href":"https:\/\/galli.ch\/en\/wp-json\/wp\/v2\/product\/14390","targetHints":{"allow":["GET"]}}],"collection":[{"href":"https:\/\/galli.ch\/en\/wp-json\/wp\/v2\/product"}],"about":[{"href":"https:\/\/galli.ch\/en\/wp-json\/wp\/v2\/types\/product"}],"wp:featuredmedia":[{"embeddable":true,"href":"https:\/\/galli.ch\/en\/wp-json\/wp\/v2\/media\/14300"}],"wp:attachment":[{"href":"https:\/\/galli.ch\/en\/wp-json\/wp\/v2\/media?parent=14390"}],"wp:term":[{"taxonomy":"product_brand","embeddable":true,"href":"https:\/\/galli.ch\/en\/wp-json\/wp\/v2\/product_brand?post=14390"},{"taxonomy":"product_cat","embeddable":true,"href":"https:\/\/galli.ch\/en\/wp-json\/wp\/v2\/product_cat?post=14390"},{"taxonomy":"product_tag","embeddable":true,"href":"https:\/\/galli.ch\/en\/wp-json\/wp\/v2\/product_tag?post=14390"}],"curies":[{"name":"wp","href":"https:\/\/api.w.org\/{rel}","templated":true}]}}