{"id":14448,"date":"2022-07-08T17:49:36","date_gmt":"2022-07-08T15:49:36","guid":{"rendered":"http:\/\/galli.ch\/?post_type=uhren&#038;p=14448"},"modified":"2026-03-30T10:15:52","modified_gmt":"2026-03-30T08:15:52","slug":"m79950-0001","status":"publish","type":"product","link":"https:\/\/galli.ch\/en\/uhren\/tudor\/ranger\/m79950-0001\/","title":{"rendered":"Tudor Ranger"},"content":{"rendered":"<p>Im Jahre 2022, anl\u00e4sslich des 70. Jahrestages der britischen Nordgr\u00f6nlandexpedition pr\u00e4sentiert Tudor das Modell Ranger. Eine Werkzeuguhr, die den Geist dieses waghalsigen Abenteuers zelebriert. Sie ist mit einem Manufakturkaliber ausgestattet und der Geh\u00e4usedurchmesser betr\u00e4gt 39 Millimeter. Die Konstruktion ist auf Robustheit, Langlebigkeit, Zuverl\u00e4ssigkeit und Pr\u00e4zision ausgelegt. Denn die Unruh mit variablem Tr\u00e4gheitsmoment wird von einer stabilen Traversierbr\u00fccke mit zwei Befestigungspunkten gehalten.<\/p>\n<p>Die neue Ranger setzt in der Kollektion Tudor die Tradition der Expeditionsuhr fort, welche mit den Oyster Prince Uhren der britischen Nordgr\u00f6nlandexpedition ihren Anfang nahm. Die Tradition eines robusten, praktischen und erschwinglichen Instruments.<\/p>\n","protected":false},"excerpt":{"rendered":"<p>Im Jahre 2022, anl\u00e4sslich des 70. Jahrestages der britischen Nordgr\u00f6nlandexpedition pr\u00e4sentiert Tudor das Modell Ranger. Eine Werkzeuguhr, die den Geist dieses waghalsigen Abenteuers zelebriert. Sie ist mit einem Manufakturkaliber ausgestattet und der Geh\u00e4usedurchmesser betr\u00e4gt 39 Millimeter. Die Konstruktion ist auf Robustheit, Langlebigkeit, Zuverl\u00e4ssigkeit und Pr\u00e4zision ausgelegt. Denn die Unruh mit variablem Tr\u00e4gheitsmoment wird von einer&#8230;  <a class=\"excerpt-read-more\" href=\"https:\/\/galli.ch\/en\/uhren\/tudor\/ranger\/m79950-0001\/\" title=\"Read Tudor Ranger\">Weiter &raquo;<\/a><\/p>\n","protected":false},"featured_media":14442,"template":"","meta":{"_acf_changed":false,"inline_featured_image":false},"product_brand":[],"product_cat":[188],"product_tag":[191],"class_list":{"0":"post-14448","1":"product","2":"type-product","3":"status-publish","4":"has-post-thumbnail","6":"uhrenhersteller-tudor","7":"uhrenhersteller-ranger","8":"product_cat-uhren","9":"product_tag-update","11":"first","12":"outofstock","13":"taxable","14":"shipping-taxable","15":"purchasable","16":"product-type-simple"},"acf":[],"yoast_head":"<!-- This site is optimized with the Yoast SEO plugin v25.5 - https:\/\/yoast.com\/wordpress\/plugins\/seo\/ -->\n<title>Tudor Ranger - Galli Uhren Bijouterie<\/title>\n<meta name=\"robots\" content=\"index, follow, max-snippet:-1, max-image-preview:large, max-video-preview:-1\" \/>\n<link rel=\"canonical\" href=\"https:\/\/galli.ch\/uhren\/tudor\/ranger\/m79950-0001\/\" \/>\n<meta property=\"og:locale\" content=\"en_US\" \/>\n<meta property=\"og:type\" content=\"article\" \/>\n<meta property=\"og:title\" content=\"Tudor Ranger - Galli Uhren Bijouterie\" \/>\n<meta property=\"og:description\" content=\"Im Jahre 2022, anl\u00e4sslich des 70. Jahrestages der britischen Nordgr\u00f6nlandexpedition pr\u00e4sentiert Tudor das Modell Ranger. Eine Werkzeuguhr, die den Geist dieses waghalsigen Abenteuers zelebriert. Sie ist mit einem Manufakturkaliber ausgestattet und der Geh\u00e4usedurchmesser betr\u00e4gt 39 Millimeter. Die Konstruktion ist auf Robustheit, Langlebigkeit, Zuverl\u00e4ssigkeit und Pr\u00e4zision ausgelegt. Denn die Unruh mit variablem Tr\u00e4gheitsmoment wird von einer... Weiter &raquo;\" \/>\n<meta property=\"og:url\" content=\"https:\/\/galli.ch\/uhren\/tudor\/ranger\/m79950-0001\/\" \/>\n<meta property=\"og:site_name\" content=\"Galli Uhren Bijouterie\" \/>\n<meta property=\"article:modified_time\" content=\"2026-03-30T08:15:52+00:00\" \/>\n<meta property=\"og:image\" content=\"https:\/\/galli.ch\/wp-content\/uploads\/tudor-m79950-0001.png\" \/>\n\t<meta property=\"og:image:width\" content=\"1000\" \/>\n\t<meta property=\"og:image:height\" content=\"1400\" \/>\n\t<meta property=\"og:image:type\" content=\"image\/png\" \/>\n<meta name=\"twitter:card\" content=\"summary_large_image\" \/>\n<script type=\"application\/ld+json\" class=\"yoast-schema-graph\">{\"@context\":\"https:\/\/schema.org\",\"@graph\":[{\"@type\":\"WebPage\",\"@id\":\"https:\/\/galli.ch\/uhren\/tudor\/ranger\/m79950-0001\/\",\"url\":\"https:\/\/galli.ch\/uhren\/tudor\/ranger\/m79950-0001\/\",\"name\":\"Tudor Ranger - Galli Uhren Bijouterie\",\"isPartOf\":{\"@id\":\"http:\/\/galli.ch\/en\/#website\"},\"primaryImageOfPage\":{\"@id\":\"https:\/\/galli.ch\/uhren\/tudor\/ranger\/m79950-0001\/#primaryimage\"},\"image\":{\"@id\":\"https:\/\/galli.ch\/uhren\/tudor\/ranger\/m79950-0001\/#primaryimage\"},\"thumbnailUrl\":\"https:\/\/galli.ch\/wp-content\/uploads\/tudor-m79950-0001.png\",\"datePublished\":\"2022-07-08T15:49:36+00:00\",\"dateModified\":\"2026-03-30T08:15:52+00:00\",\"breadcrumb\":{\"@id\":\"https:\/\/galli.ch\/uhren\/tudor\/ranger\/m79950-0001\/#breadcrumb\"},\"inLanguage\":\"en-US\",\"potentialAction\":[{\"@type\":\"ReadAction\",\"target\":[\"https:\/\/galli.ch\/uhren\/tudor\/ranger\/m79950-0001\/\"]}]},{\"@type\":\"ImageObject\",\"inLanguage\":\"en-US\",\"@id\":\"https:\/\/galli.ch\/uhren\/tudor\/ranger\/m79950-0001\/#primaryimage\",\"url\":\"https:\/\/galli.ch\/wp-content\/uploads\/tudor-m79950-0001.png\",\"contentUrl\":\"https:\/\/galli.ch\/wp-content\/uploads\/tudor-m79950-0001.png\",\"width\":1000,\"height\":1400,\"caption\":\"tudor-ranger-galli-zurich\"},{\"@type\":\"BreadcrumbList\",\"@id\":\"https:\/\/galli.ch\/uhren\/tudor\/ranger\/m79950-0001\/#breadcrumb\",\"itemListElement\":[{\"@type\":\"ListItem\",\"position\":1,\"name\":\"Home\",\"item\":\"https:\/\/galli.ch\/en\/\"},{\"@type\":\"ListItem\",\"position\":2,\"name\":\"Uhren\",\"item\":\"https:\/\/galli.ch\/en\/uhren\/\"},{\"@type\":\"ListItem\",\"position\":3,\"name\":\"Tudor Ranger\"}]},{\"@type\":\"WebSite\",\"@id\":\"http:\/\/galli.ch\/en\/#website\",\"url\":\"http:\/\/galli.ch\/en\/\",\"name\":\"Galli Uhren Bijouterie\",\"description\":\"\",\"potentialAction\":[{\"@type\":\"SearchAction\",\"target\":{\"@type\":\"EntryPoint\",\"urlTemplate\":\"http:\/\/galli.ch\/en\/?s={search_term_string}\"},\"query-input\":{\"@type\":\"PropertyValueSpecification\",\"valueRequired\":true,\"valueName\":\"search_term_string\"}}],\"inLanguage\":\"en-US\"}]}<\/script>\n<!-- \/ Yoast SEO plugin. -->","yoast_head_json":{"title":"Tudor Ranger - Galli Uhren Bijouterie","robots":{"index":"index","follow":"follow","max-snippet":"max-snippet:-1","max-image-preview":"max-image-preview:large","max-video-preview":"max-video-preview:-1"},"canonical":"https:\/\/galli.ch\/uhren\/tudor\/ranger\/m79950-0001\/","og_locale":"en_US","og_type":"article","og_title":"Tudor Ranger - Galli Uhren Bijouterie","og_description":"Im Jahre 2022, anl\u00e4sslich des 70. Jahrestages der britischen Nordgr\u00f6nlandexpedition pr\u00e4sentiert Tudor das Modell Ranger. Eine Werkzeuguhr, die den Geist dieses waghalsigen Abenteuers zelebriert. Sie ist mit einem Manufakturkaliber ausgestattet und der Geh\u00e4usedurchmesser betr\u00e4gt 39 Millimeter. Die Konstruktion ist auf Robustheit, Langlebigkeit, Zuverl\u00e4ssigkeit und Pr\u00e4zision ausgelegt. Denn die Unruh mit variablem Tr\u00e4gheitsmoment wird von einer... Weiter &raquo;","og_url":"https:\/\/galli.ch\/uhren\/tudor\/ranger\/m79950-0001\/","og_site_name":"Galli Uhren Bijouterie","article_modified_time":"2026-03-30T08:15:52+00:00","og_image":[{"width":1000,"height":1400,"url":"https:\/\/galli.ch\/wp-content\/uploads\/tudor-m79950-0001.png","type":"image\/png"}],"twitter_card":"summary_large_image","schema":{"@context":"https:\/\/schema.org","@graph":[{"@type":"WebPage","@id":"https:\/\/galli.ch\/uhren\/tudor\/ranger\/m79950-0001\/","url":"https:\/\/galli.ch\/uhren\/tudor\/ranger\/m79950-0001\/","name":"Tudor Ranger - Galli Uhren Bijouterie","isPartOf":{"@id":"http:\/\/galli.ch\/en\/#website"},"primaryImageOfPage":{"@id":"https:\/\/galli.ch\/uhren\/tudor\/ranger\/m79950-0001\/#primaryimage"},"image":{"@id":"https:\/\/galli.ch\/uhren\/tudor\/ranger\/m79950-0001\/#primaryimage"},"thumbnailUrl":"https:\/\/galli.ch\/wp-content\/uploads\/tudor-m79950-0001.png","datePublished":"2022-07-08T15:49:36+00:00","dateModified":"2026-03-30T08:15:52+00:00","breadcrumb":{"@id":"https:\/\/galli.ch\/uhren\/tudor\/ranger\/m79950-0001\/#breadcrumb"},"inLanguage":"en-US","potentialAction":[{"@type":"ReadAction","target":["https:\/\/galli.ch\/uhren\/tudor\/ranger\/m79950-0001\/"]}]},{"@type":"ImageObject","inLanguage":"en-US","@id":"https:\/\/galli.ch\/uhren\/tudor\/ranger\/m79950-0001\/#primaryimage","url":"https:\/\/galli.ch\/wp-content\/uploads\/tudor-m79950-0001.png","contentUrl":"https:\/\/galli.ch\/wp-content\/uploads\/tudor-m79950-0001.png","width":1000,"height":1400,"caption":"tudor-ranger-galli-zurich"},{"@type":"BreadcrumbList","@id":"https:\/\/galli.ch\/uhren\/tudor\/ranger\/m79950-0001\/#breadcrumb","itemListElement":[{"@type":"ListItem","position":1,"name":"Home","item":"https:\/\/galli.ch\/en\/"},{"@type":"ListItem","position":2,"name":"Uhren","item":"https:\/\/galli.ch\/en\/uhren\/"},{"@type":"ListItem","position":3,"name":"Tudor Ranger"}]},{"@type":"WebSite","@id":"http:\/\/galli.ch\/en\/#website","url":"http:\/\/galli.ch\/en\/","name":"Galli Uhren Bijouterie","description":"","potentialAction":[{"@type":"SearchAction","target":{"@type":"EntryPoint","urlTemplate":"http:\/\/galli.ch\/en\/?s={search_term_string}"},"query-input":{"@type":"PropertyValueSpecification","valueRequired":true,"valueName":"search_term_string"}}],"inLanguage":"en-US"}]}},"_links":{"self":[{"href":"https:\/\/galli.ch\/en\/wp-json\/wp\/v2\/product\/14448","targetHints":{"allow":["GET"]}}],"collection":[{"href":"https:\/\/galli.ch\/en\/wp-json\/wp\/v2\/product"}],"about":[{"href":"https:\/\/galli.ch\/en\/wp-json\/wp\/v2\/types\/product"}],"wp:featuredmedia":[{"embeddable":true,"href":"https:\/\/galli.ch\/en\/wp-json\/wp\/v2\/media\/14442"}],"wp:attachment":[{"href":"https:\/\/galli.ch\/en\/wp-json\/wp\/v2\/media?parent=14448"}],"wp:term":[{"taxonomy":"product_brand","embeddable":true,"href":"https:\/\/galli.ch\/en\/wp-json\/wp\/v2\/product_brand?post=14448"},{"taxonomy":"product_cat","embeddable":true,"href":"https:\/\/galli.ch\/en\/wp-json\/wp\/v2\/product_cat?post=14448"},{"taxonomy":"product_tag","embeddable":true,"href":"https:\/\/galli.ch\/en\/wp-json\/wp\/v2\/product_tag?post=14448"}],"curies":[{"name":"wp","href":"https:\/\/api.w.org\/{rel}","templated":true}]}}