{"id":1456,"date":"2018-07-25T19:34:09","date_gmt":"2018-07-25T19:34:09","guid":{"rendered":"http:\/\/galli.ch\/?post_type=uhren&#038;p=1456"},"modified":"2026-03-30T10:14:40","modified_gmt":"2026-03-30T08:14:40","slug":"big-pilot-iw501001","status":"publish","type":"product","link":"https:\/\/galli.ch\/en\/uhren\/iwc\/pilots-watches\/big-pilot-iw501001\/","title":{"rendered":"IWC Big Pilot\u0092s Watch"},"content":{"rendered":"<p>IWC kehrt ein St\u00fcck zu den Wurzeln der Grossen Fliegeruhr zur\u00fcck und spendiert der Big Pilot\u2019s Watch eine behutsame optische Auffrischung. Das IWC-Manufakturkaliber 52110 versammelt Meisterwerke der Uhrmacherkunst. Es verf\u00fcgt \u00fcber einen effizienten Pellaton-Automatikaufzug mit Teilen aus schwarzer und weisser Keramik. Er baut in zwei Federh\u00e4usen eine Gangreserve von 7 Tagen auf. Die Anzeige bei \u00ab3 Uhr\u00bb informiert \u00fcber die verbleibende Laufzeit bis zum Stillstand des Uhrwerks.<\/p>\n<p>Die Big Pilot\u2019s Watch besitzt eine Datumsanzeige bei \u00ab6 Uhr\u00bb und die f\u00fcr den fliegerischen Gebrauch unabdingbare Zentrumsekunde. Das 6 bar wasserdichte 46-Millimeter-Geh\u00e4use umfasst einen Weicheisen-Innenk\u00e4fig zum Schutz des Uhrwerks vor Magnetfeldern. Die Uhr ist ausserdem mit einer markanten Kegelkrone ausgestattet. Der legend\u00e4re Flieger Junkers Ju 52 ziert als Gravur den Uhrenboden der Big Pilot\u2019s Watch. Das Armband ist aus schwarzem Kalbsleder gefertigt, was der Uhr hervorragend zu Gesicht steht.<\/p>\n","protected":false},"excerpt":{"rendered":"<p>IWC kehrt ein St\u00fcck zu den Wurzeln der Grossen Fliegeruhr zur\u00fcck und spendiert der Big Pilot\u2019s Watch eine behutsame optische Auffrischung. Das IWC-Manufakturkaliber 52110 versammelt Meisterwerke der Uhrmacherkunst. Es verf\u00fcgt \u00fcber einen effizienten Pellaton-Automatikaufzug mit Teilen aus schwarzer und weisser Keramik. Er baut in zwei Federh\u00e4usen eine Gangreserve von 7 Tagen auf. Die Anzeige bei&#8230;  <a class=\"excerpt-read-more\" href=\"https:\/\/galli.ch\/en\/uhren\/iwc\/pilots-watches\/big-pilot-iw501001\/\" title=\"Read IWC Big Pilot\u0092s Watch\">Weiter &raquo;<\/a><\/p>\n","protected":false},"featured_media":1441,"template":"","meta":{"_acf_changed":false,"inline_featured_image":false},"product_brand":[],"product_cat":[188],"product_tag":[],"class_list":{"0":"post-1456","1":"product","2":"type-product","3":"status-publish","4":"has-post-thumbnail","6":"uhrenhersteller-iwc","7":"uhrenhersteller-pilots-watches","8":"product_cat-uhren","10":"first","11":"outofstock","12":"taxable","13":"shipping-taxable","14":"purchasable","15":"product-type-simple"},"acf":[],"yoast_head":"<!-- This site is optimized with the Yoast SEO plugin v25.5 - https:\/\/yoast.com\/wordpress\/plugins\/seo\/ -->\n<title>IWC Big Pilot\u0092s Watch - Galli Uhren Bijouterie<\/title>\n<meta name=\"robots\" content=\"index, follow, max-snippet:-1, max-image-preview:large, max-video-preview:-1\" \/>\n<link rel=\"canonical\" href=\"https:\/\/galli.ch\/uhren\/iwc\/pilots-watches\/big-pilot-iw501001\/\" \/>\n<meta property=\"og:locale\" content=\"en_US\" \/>\n<meta property=\"og:type\" content=\"article\" \/>\n<meta property=\"og:title\" content=\"IWC Big Pilot\u0092s Watch - Galli Uhren Bijouterie\" \/>\n<meta property=\"og:description\" content=\"IWC kehrt ein St\u00fcck zu den Wurzeln der Grossen Fliegeruhr zur\u00fcck und spendiert der Big Pilot\u2019s Watch eine behutsame optische Auffrischung. Das IWC-Manufakturkaliber 52110 versammelt Meisterwerke der Uhrmacherkunst. Es verf\u00fcgt \u00fcber einen effizienten Pellaton-Automatikaufzug mit Teilen aus schwarzer und weisser Keramik. Er baut in zwei Federh\u00e4usen eine Gangreserve von 7 Tagen auf. Die Anzeige bei... Weiter &raquo;\" \/>\n<meta property=\"og:url\" content=\"https:\/\/galli.ch\/uhren\/iwc\/pilots-watches\/big-pilot-iw501001\/\" \/>\n<meta property=\"og:site_name\" content=\"Galli Uhren Bijouterie\" \/>\n<meta property=\"article:modified_time\" content=\"2026-03-30T08:14:40+00:00\" \/>\n<meta property=\"og:image\" content=\"https:\/\/galli.ch\/wp-content\/uploads\/iwc-501001-front.png\" \/>\n\t<meta property=\"og:image:width\" content=\"1000\" \/>\n\t<meta property=\"og:image:height\" content=\"1400\" \/>\n\t<meta property=\"og:image:type\" content=\"image\/png\" \/>\n<meta name=\"twitter:card\" content=\"summary_large_image\" \/>\n<script type=\"application\/ld+json\" class=\"yoast-schema-graph\">{\"@context\":\"https:\/\/schema.org\",\"@graph\":[{\"@type\":\"WebPage\",\"@id\":\"https:\/\/galli.ch\/uhren\/iwc\/pilots-watches\/big-pilot-iw501001\/\",\"url\":\"https:\/\/galli.ch\/uhren\/iwc\/pilots-watches\/big-pilot-iw501001\/\",\"name\":\"IWC Big Pilot\u0092s Watch - Galli Uhren Bijouterie\",\"isPartOf\":{\"@id\":\"http:\/\/galli.ch\/en\/#website\"},\"primaryImageOfPage\":{\"@id\":\"https:\/\/galli.ch\/uhren\/iwc\/pilots-watches\/big-pilot-iw501001\/#primaryimage\"},\"image\":{\"@id\":\"https:\/\/galli.ch\/uhren\/iwc\/pilots-watches\/big-pilot-iw501001\/#primaryimage\"},\"thumbnailUrl\":\"https:\/\/galli.ch\/wp-content\/uploads\/iwc-501001-front.png\",\"datePublished\":\"2018-07-25T19:34:09+00:00\",\"dateModified\":\"2026-03-30T08:14:40+00:00\",\"breadcrumb\":{\"@id\":\"https:\/\/galli.ch\/uhren\/iwc\/pilots-watches\/big-pilot-iw501001\/#breadcrumb\"},\"inLanguage\":\"en-US\",\"potentialAction\":[{\"@type\":\"ReadAction\",\"target\":[\"https:\/\/galli.ch\/uhren\/iwc\/pilots-watches\/big-pilot-iw501001\/\"]}]},{\"@type\":\"ImageObject\",\"inLanguage\":\"en-US\",\"@id\":\"https:\/\/galli.ch\/uhren\/iwc\/pilots-watches\/big-pilot-iw501001\/#primaryimage\",\"url\":\"https:\/\/galli.ch\/wp-content\/uploads\/iwc-501001-front.png\",\"contentUrl\":\"https:\/\/galli.ch\/wp-content\/uploads\/iwc-501001-front.png\",\"width\":1000,\"height\":1400,\"caption\":\"IWC Pilot's Watch\"},{\"@type\":\"BreadcrumbList\",\"@id\":\"https:\/\/galli.ch\/uhren\/iwc\/pilots-watches\/big-pilot-iw501001\/#breadcrumb\",\"itemListElement\":[{\"@type\":\"ListItem\",\"position\":1,\"name\":\"Home\",\"item\":\"https:\/\/galli.ch\/en\/\"},{\"@type\":\"ListItem\",\"position\":2,\"name\":\"Uhren\",\"item\":\"https:\/\/galli.ch\/en\/uhren\/\"},{\"@type\":\"ListItem\",\"position\":3,\"name\":\"IWC Big Pilot\u0092s Watch\"}]},{\"@type\":\"WebSite\",\"@id\":\"http:\/\/galli.ch\/en\/#website\",\"url\":\"http:\/\/galli.ch\/en\/\",\"name\":\"Galli Uhren Bijouterie\",\"description\":\"\",\"potentialAction\":[{\"@type\":\"SearchAction\",\"target\":{\"@type\":\"EntryPoint\",\"urlTemplate\":\"http:\/\/galli.ch\/en\/?s={search_term_string}\"},\"query-input\":{\"@type\":\"PropertyValueSpecification\",\"valueRequired\":true,\"valueName\":\"search_term_string\"}}],\"inLanguage\":\"en-US\"}]}<\/script>\n<!-- \/ Yoast SEO plugin. -->","yoast_head_json":{"title":"IWC Big Pilot\u0092s Watch - Galli Uhren Bijouterie","robots":{"index":"index","follow":"follow","max-snippet":"max-snippet:-1","max-image-preview":"max-image-preview:large","max-video-preview":"max-video-preview:-1"},"canonical":"https:\/\/galli.ch\/uhren\/iwc\/pilots-watches\/big-pilot-iw501001\/","og_locale":"en_US","og_type":"article","og_title":"IWC Big Pilot\u0092s Watch - Galli Uhren Bijouterie","og_description":"IWC kehrt ein St\u00fcck zu den Wurzeln der Grossen Fliegeruhr zur\u00fcck und spendiert der Big Pilot\u2019s Watch eine behutsame optische Auffrischung. Das IWC-Manufakturkaliber 52110 versammelt Meisterwerke der Uhrmacherkunst. Es verf\u00fcgt \u00fcber einen effizienten Pellaton-Automatikaufzug mit Teilen aus schwarzer und weisser Keramik. Er baut in zwei Federh\u00e4usen eine Gangreserve von 7 Tagen auf. Die Anzeige bei... Weiter &raquo;","og_url":"https:\/\/galli.ch\/uhren\/iwc\/pilots-watches\/big-pilot-iw501001\/","og_site_name":"Galli Uhren Bijouterie","article_modified_time":"2026-03-30T08:14:40+00:00","og_image":[{"width":1000,"height":1400,"url":"https:\/\/galli.ch\/wp-content\/uploads\/iwc-501001-front.png","type":"image\/png"}],"twitter_card":"summary_large_image","schema":{"@context":"https:\/\/schema.org","@graph":[{"@type":"WebPage","@id":"https:\/\/galli.ch\/uhren\/iwc\/pilots-watches\/big-pilot-iw501001\/","url":"https:\/\/galli.ch\/uhren\/iwc\/pilots-watches\/big-pilot-iw501001\/","name":"IWC Big Pilot\u0092s Watch - Galli Uhren Bijouterie","isPartOf":{"@id":"http:\/\/galli.ch\/en\/#website"},"primaryImageOfPage":{"@id":"https:\/\/galli.ch\/uhren\/iwc\/pilots-watches\/big-pilot-iw501001\/#primaryimage"},"image":{"@id":"https:\/\/galli.ch\/uhren\/iwc\/pilots-watches\/big-pilot-iw501001\/#primaryimage"},"thumbnailUrl":"https:\/\/galli.ch\/wp-content\/uploads\/iwc-501001-front.png","datePublished":"2018-07-25T19:34:09+00:00","dateModified":"2026-03-30T08:14:40+00:00","breadcrumb":{"@id":"https:\/\/galli.ch\/uhren\/iwc\/pilots-watches\/big-pilot-iw501001\/#breadcrumb"},"inLanguage":"en-US","potentialAction":[{"@type":"ReadAction","target":["https:\/\/galli.ch\/uhren\/iwc\/pilots-watches\/big-pilot-iw501001\/"]}]},{"@type":"ImageObject","inLanguage":"en-US","@id":"https:\/\/galli.ch\/uhren\/iwc\/pilots-watches\/big-pilot-iw501001\/#primaryimage","url":"https:\/\/galli.ch\/wp-content\/uploads\/iwc-501001-front.png","contentUrl":"https:\/\/galli.ch\/wp-content\/uploads\/iwc-501001-front.png","width":1000,"height":1400,"caption":"IWC Pilot's Watch"},{"@type":"BreadcrumbList","@id":"https:\/\/galli.ch\/uhren\/iwc\/pilots-watches\/big-pilot-iw501001\/#breadcrumb","itemListElement":[{"@type":"ListItem","position":1,"name":"Home","item":"https:\/\/galli.ch\/en\/"},{"@type":"ListItem","position":2,"name":"Uhren","item":"https:\/\/galli.ch\/en\/uhren\/"},{"@type":"ListItem","position":3,"name":"IWC Big Pilot\u0092s Watch"}]},{"@type":"WebSite","@id":"http:\/\/galli.ch\/en\/#website","url":"http:\/\/galli.ch\/en\/","name":"Galli Uhren Bijouterie","description":"","potentialAction":[{"@type":"SearchAction","target":{"@type":"EntryPoint","urlTemplate":"http:\/\/galli.ch\/en\/?s={search_term_string}"},"query-input":{"@type":"PropertyValueSpecification","valueRequired":true,"valueName":"search_term_string"}}],"inLanguage":"en-US"}]}},"_links":{"self":[{"href":"https:\/\/galli.ch\/en\/wp-json\/wp\/v2\/product\/1456","targetHints":{"allow":["GET"]}}],"collection":[{"href":"https:\/\/galli.ch\/en\/wp-json\/wp\/v2\/product"}],"about":[{"href":"https:\/\/galli.ch\/en\/wp-json\/wp\/v2\/types\/product"}],"wp:featuredmedia":[{"embeddable":true,"href":"https:\/\/galli.ch\/en\/wp-json\/wp\/v2\/media\/1441"}],"wp:attachment":[{"href":"https:\/\/galli.ch\/en\/wp-json\/wp\/v2\/media?parent=1456"}],"wp:term":[{"taxonomy":"product_brand","embeddable":true,"href":"https:\/\/galli.ch\/en\/wp-json\/wp\/v2\/product_brand?post=1456"},{"taxonomy":"product_cat","embeddable":true,"href":"https:\/\/galli.ch\/en\/wp-json\/wp\/v2\/product_cat?post=1456"},{"taxonomy":"product_tag","embeddable":true,"href":"https:\/\/galli.ch\/en\/wp-json\/wp\/v2\/product_tag?post=1456"}],"curies":[{"name":"wp","href":"https:\/\/api.w.org\/{rel}","templated":true}]}}