{"id":1457,"date":"2018-07-25T19:34:18","date_gmt":"2018-07-25T19:34:18","guid":{"rendered":"http:\/\/galli.ch\/?post_type=uhren&#038;p=1457"},"modified":"2026-03-30T10:14:40","modified_gmt":"2026-03-30T08:14:40","slug":"big-pilot-le-petit-prince-iw501002","status":"publish","type":"product","link":"https:\/\/galli.ch\/en\/uhren\/iwc\/pilots-watches\/big-pilot-le-petit-prince-iw501002\/","title":{"rendered":"IWC Big Pilot\u0092s Watch Edition &#8220;Le Petit Prince&#8221;"},"content":{"rendered":"<p>Die 46 Millimeter grosse Big Pilot\u2019s Watch Edition \u00abLe Petit Prince\u00bb verf\u00fcgt \u00fcber das charakteristische blaue Zifferblatt, das zum Erkennungszeichen der Sondereditionen zu Ehren des bekanntesten literarischen Werks von Antoine de Saint-Exup\u00e9ry geworden ist. Die Uhr wird vom IWC-Manufakturwerk Kaliber 52110 angetrieben. Es verf\u00fcgt \u00fcber einen effizienten Pellaton-Automatikaufzug mit Teilen aus schwarzer und weisser Keramik. Er baut in zwei Federh\u00e4usen eine Gangreserve von 7 Tagen auf.<\/p>\n<p>Die Anzeige bei \u00ab3 Uhr\u00bb gibt Auskunft \u00fcber die verbleibende Laufzeit. Die Grosse Fliegeruhr besitzt eine Datumsanzeige bei \u00ab6 Uhr\u00bb und die f\u00fcr den fliegerischen Gebrauch unabdingbare Zentrumsekunde. Die Uhr wird durch ein Weicheisen-Innengeh\u00e4use optimal gegen die \u00e4ussere Einwirkung von Magnetfeldern abgeschirmt. Die Fliegeruhr tr\u00e4gt auf der R\u00fcckseite eine Gravur, die den kleinen Prinzen mit Mantel und Degen zeigt.<\/p>\n","protected":false},"excerpt":{"rendered":"<p>Die 46 Millimeter grosse Big Pilot\u2019s Watch Edition \u00abLe Petit Prince\u00bb verf\u00fcgt \u00fcber das charakteristische blaue Zifferblatt, das zum Erkennungszeichen der Sondereditionen zu Ehren des bekanntesten literarischen Werks von Antoine de Saint-Exup\u00e9ry geworden ist. Die Uhr wird vom IWC-Manufakturwerk Kaliber 52110 angetrieben. Es verf\u00fcgt \u00fcber einen effizienten Pellaton-Automatikaufzug mit Teilen aus schwarzer und weisser Keramik&#8230;.  <a class=\"excerpt-read-more\" href=\"https:\/\/galli.ch\/en\/uhren\/iwc\/pilots-watches\/big-pilot-le-petit-prince-iw501002\/\" title=\"Read IWC Big Pilot\u0092s Watch Edition &#8220;Le Petit Prince&#8221;\">Weiter &raquo;<\/a><\/p>\n","protected":false},"featured_media":1443,"template":"","meta":{"_acf_changed":false,"inline_featured_image":false},"product_brand":[],"product_cat":[188],"product_tag":[],"class_list":{"0":"post-1457","1":"product","2":"type-product","3":"status-publish","4":"has-post-thumbnail","6":"uhrenhersteller-iwc","7":"uhrenhersteller-pilots-watches","8":"product_cat-uhren","10":"first","11":"instock","12":"taxable","13":"shipping-taxable","14":"purchasable","15":"product-type-simple"},"acf":[],"yoast_head":"<!-- This site is optimized with the Yoast SEO plugin v25.5 - https:\/\/yoast.com\/wordpress\/plugins\/seo\/ -->\n<title>IWC Big Pilot\u0092s Watch Edition &quot;Le Petit Prince&quot; - Galli Uhren Bijouterie<\/title>\n<meta name=\"robots\" content=\"index, follow, max-snippet:-1, max-image-preview:large, max-video-preview:-1\" \/>\n<link rel=\"canonical\" href=\"https:\/\/galli.ch\/uhren\/iwc\/pilots-watches\/big-pilot-le-petit-prince-iw501002\/\" \/>\n<meta property=\"og:locale\" content=\"en_US\" \/>\n<meta property=\"og:type\" content=\"article\" \/>\n<meta property=\"og:title\" content=\"IWC Big Pilot\u0092s Watch Edition &quot;Le Petit Prince&quot; - Galli Uhren Bijouterie\" \/>\n<meta property=\"og:description\" content=\"Die 46 Millimeter grosse Big Pilot\u2019s Watch Edition \u00abLe Petit Prince\u00bb verf\u00fcgt \u00fcber das charakteristische blaue Zifferblatt, das zum Erkennungszeichen der Sondereditionen zu Ehren des bekanntesten literarischen Werks von Antoine de Saint-Exup\u00e9ry geworden ist. Die Uhr wird vom IWC-Manufakturwerk Kaliber 52110 angetrieben. Es verf\u00fcgt \u00fcber einen effizienten Pellaton-Automatikaufzug mit Teilen aus schwarzer und weisser Keramik.... Weiter &raquo;\" \/>\n<meta property=\"og:url\" content=\"https:\/\/galli.ch\/uhren\/iwc\/pilots-watches\/big-pilot-le-petit-prince-iw501002\/\" \/>\n<meta property=\"og:site_name\" content=\"Galli Uhren Bijouterie\" \/>\n<meta property=\"article:modified_time\" content=\"2026-03-30T08:14:40+00:00\" \/>\n<meta property=\"og:image\" content=\"https:\/\/galli.ch\/wp-content\/uploads\/iwc-501002-front.png\" \/>\n\t<meta property=\"og:image:width\" content=\"1000\" \/>\n\t<meta property=\"og:image:height\" content=\"1400\" \/>\n\t<meta property=\"og:image:type\" content=\"image\/png\" \/>\n<meta name=\"twitter:card\" content=\"summary_large_image\" \/>\n<script type=\"application\/ld+json\" class=\"yoast-schema-graph\">{\"@context\":\"https:\/\/schema.org\",\"@graph\":[{\"@type\":\"WebPage\",\"@id\":\"https:\/\/galli.ch\/uhren\/iwc\/pilots-watches\/big-pilot-le-petit-prince-iw501002\/\",\"url\":\"https:\/\/galli.ch\/uhren\/iwc\/pilots-watches\/big-pilot-le-petit-prince-iw501002\/\",\"name\":\"IWC Big Pilot\u0092s Watch Edition \\\"Le Petit Prince\\\" - Galli Uhren Bijouterie\",\"isPartOf\":{\"@id\":\"http:\/\/galli.ch\/en\/#website\"},\"primaryImageOfPage\":{\"@id\":\"https:\/\/galli.ch\/uhren\/iwc\/pilots-watches\/big-pilot-le-petit-prince-iw501002\/#primaryimage\"},\"image\":{\"@id\":\"https:\/\/galli.ch\/uhren\/iwc\/pilots-watches\/big-pilot-le-petit-prince-iw501002\/#primaryimage\"},\"thumbnailUrl\":\"https:\/\/galli.ch\/wp-content\/uploads\/iwc-501002-front.png\",\"datePublished\":\"2018-07-25T19:34:18+00:00\",\"dateModified\":\"2026-03-30T08:14:40+00:00\",\"breadcrumb\":{\"@id\":\"https:\/\/galli.ch\/uhren\/iwc\/pilots-watches\/big-pilot-le-petit-prince-iw501002\/#breadcrumb\"},\"inLanguage\":\"en-US\",\"potentialAction\":[{\"@type\":\"ReadAction\",\"target\":[\"https:\/\/galli.ch\/uhren\/iwc\/pilots-watches\/big-pilot-le-petit-prince-iw501002\/\"]}]},{\"@type\":\"ImageObject\",\"inLanguage\":\"en-US\",\"@id\":\"https:\/\/galli.ch\/uhren\/iwc\/pilots-watches\/big-pilot-le-petit-prince-iw501002\/#primaryimage\",\"url\":\"https:\/\/galli.ch\/wp-content\/uploads\/iwc-501002-front.png\",\"contentUrl\":\"https:\/\/galli.ch\/wp-content\/uploads\/iwc-501002-front.png\",\"width\":1000,\"height\":1400,\"caption\":\"IWC Pilot's Watch\"},{\"@type\":\"BreadcrumbList\",\"@id\":\"https:\/\/galli.ch\/uhren\/iwc\/pilots-watches\/big-pilot-le-petit-prince-iw501002\/#breadcrumb\",\"itemListElement\":[{\"@type\":\"ListItem\",\"position\":1,\"name\":\"Home\",\"item\":\"https:\/\/galli.ch\/en\/\"},{\"@type\":\"ListItem\",\"position\":2,\"name\":\"Uhren\",\"item\":\"https:\/\/galli.ch\/en\/uhren\/\"},{\"@type\":\"ListItem\",\"position\":3,\"name\":\"IWC Big Pilot\u0092s Watch Edition &#8220;Le Petit Prince&#8221;\"}]},{\"@type\":\"WebSite\",\"@id\":\"http:\/\/galli.ch\/en\/#website\",\"url\":\"http:\/\/galli.ch\/en\/\",\"name\":\"Galli Uhren Bijouterie\",\"description\":\"\",\"potentialAction\":[{\"@type\":\"SearchAction\",\"target\":{\"@type\":\"EntryPoint\",\"urlTemplate\":\"http:\/\/galli.ch\/en\/?s={search_term_string}\"},\"query-input\":{\"@type\":\"PropertyValueSpecification\",\"valueRequired\":true,\"valueName\":\"search_term_string\"}}],\"inLanguage\":\"en-US\"}]}<\/script>\n<!-- \/ Yoast SEO plugin. -->","yoast_head_json":{"title":"IWC Big Pilot\u0092s Watch Edition \"Le Petit Prince\" - Galli Uhren Bijouterie","robots":{"index":"index","follow":"follow","max-snippet":"max-snippet:-1","max-image-preview":"max-image-preview:large","max-video-preview":"max-video-preview:-1"},"canonical":"https:\/\/galli.ch\/uhren\/iwc\/pilots-watches\/big-pilot-le-petit-prince-iw501002\/","og_locale":"en_US","og_type":"article","og_title":"IWC Big Pilot\u0092s Watch Edition \"Le Petit Prince\" - Galli Uhren Bijouterie","og_description":"Die 46 Millimeter grosse Big Pilot\u2019s Watch Edition \u00abLe Petit Prince\u00bb verf\u00fcgt \u00fcber das charakteristische blaue Zifferblatt, das zum Erkennungszeichen der Sondereditionen zu Ehren des bekanntesten literarischen Werks von Antoine de Saint-Exup\u00e9ry geworden ist. Die Uhr wird vom IWC-Manufakturwerk Kaliber 52110 angetrieben. Es verf\u00fcgt \u00fcber einen effizienten Pellaton-Automatikaufzug mit Teilen aus schwarzer und weisser Keramik.... Weiter &raquo;","og_url":"https:\/\/galli.ch\/uhren\/iwc\/pilots-watches\/big-pilot-le-petit-prince-iw501002\/","og_site_name":"Galli Uhren Bijouterie","article_modified_time":"2026-03-30T08:14:40+00:00","og_image":[{"width":1000,"height":1400,"url":"https:\/\/galli.ch\/wp-content\/uploads\/iwc-501002-front.png","type":"image\/png"}],"twitter_card":"summary_large_image","schema":{"@context":"https:\/\/schema.org","@graph":[{"@type":"WebPage","@id":"https:\/\/galli.ch\/uhren\/iwc\/pilots-watches\/big-pilot-le-petit-prince-iw501002\/","url":"https:\/\/galli.ch\/uhren\/iwc\/pilots-watches\/big-pilot-le-petit-prince-iw501002\/","name":"IWC Big Pilot\u0092s Watch Edition \"Le Petit Prince\" - Galli Uhren Bijouterie","isPartOf":{"@id":"http:\/\/galli.ch\/en\/#website"},"primaryImageOfPage":{"@id":"https:\/\/galli.ch\/uhren\/iwc\/pilots-watches\/big-pilot-le-petit-prince-iw501002\/#primaryimage"},"image":{"@id":"https:\/\/galli.ch\/uhren\/iwc\/pilots-watches\/big-pilot-le-petit-prince-iw501002\/#primaryimage"},"thumbnailUrl":"https:\/\/galli.ch\/wp-content\/uploads\/iwc-501002-front.png","datePublished":"2018-07-25T19:34:18+00:00","dateModified":"2026-03-30T08:14:40+00:00","breadcrumb":{"@id":"https:\/\/galli.ch\/uhren\/iwc\/pilots-watches\/big-pilot-le-petit-prince-iw501002\/#breadcrumb"},"inLanguage":"en-US","potentialAction":[{"@type":"ReadAction","target":["https:\/\/galli.ch\/uhren\/iwc\/pilots-watches\/big-pilot-le-petit-prince-iw501002\/"]}]},{"@type":"ImageObject","inLanguage":"en-US","@id":"https:\/\/galli.ch\/uhren\/iwc\/pilots-watches\/big-pilot-le-petit-prince-iw501002\/#primaryimage","url":"https:\/\/galli.ch\/wp-content\/uploads\/iwc-501002-front.png","contentUrl":"https:\/\/galli.ch\/wp-content\/uploads\/iwc-501002-front.png","width":1000,"height":1400,"caption":"IWC Pilot's Watch"},{"@type":"BreadcrumbList","@id":"https:\/\/galli.ch\/uhren\/iwc\/pilots-watches\/big-pilot-le-petit-prince-iw501002\/#breadcrumb","itemListElement":[{"@type":"ListItem","position":1,"name":"Home","item":"https:\/\/galli.ch\/en\/"},{"@type":"ListItem","position":2,"name":"Uhren","item":"https:\/\/galli.ch\/en\/uhren\/"},{"@type":"ListItem","position":3,"name":"IWC Big Pilot\u0092s Watch Edition &#8220;Le Petit Prince&#8221;"}]},{"@type":"WebSite","@id":"http:\/\/galli.ch\/en\/#website","url":"http:\/\/galli.ch\/en\/","name":"Galli Uhren Bijouterie","description":"","potentialAction":[{"@type":"SearchAction","target":{"@type":"EntryPoint","urlTemplate":"http:\/\/galli.ch\/en\/?s={search_term_string}"},"query-input":{"@type":"PropertyValueSpecification","valueRequired":true,"valueName":"search_term_string"}}],"inLanguage":"en-US"}]}},"_links":{"self":[{"href":"https:\/\/galli.ch\/en\/wp-json\/wp\/v2\/product\/1457","targetHints":{"allow":["GET"]}}],"collection":[{"href":"https:\/\/galli.ch\/en\/wp-json\/wp\/v2\/product"}],"about":[{"href":"https:\/\/galli.ch\/en\/wp-json\/wp\/v2\/types\/product"}],"wp:featuredmedia":[{"embeddable":true,"href":"https:\/\/galli.ch\/en\/wp-json\/wp\/v2\/media\/1443"}],"wp:attachment":[{"href":"https:\/\/galli.ch\/en\/wp-json\/wp\/v2\/media?parent=1457"}],"wp:term":[{"taxonomy":"product_brand","embeddable":true,"href":"https:\/\/galli.ch\/en\/wp-json\/wp\/v2\/product_brand?post=1457"},{"taxonomy":"product_cat","embeddable":true,"href":"https:\/\/galli.ch\/en\/wp-json\/wp\/v2\/product_cat?post=1457"},{"taxonomy":"product_tag","embeddable":true,"href":"https:\/\/galli.ch\/en\/wp-json\/wp\/v2\/product_tag?post=1457"}],"curies":[{"name":"wp","href":"https:\/\/api.w.org\/{rel}","templated":true}]}}