{"id":14984,"date":"2022-08-11T16:51:06","date_gmt":"2022-08-11T14:51:06","guid":{"rendered":"https:\/\/galli.ch\/?post_type=product&#038;p=14984"},"modified":"2026-03-30T10:14:23","modified_gmt":"2026-03-30T08:14:23","slug":"chronograph-41-bronze-iw388109","status":"publish","type":"product","link":"https:\/\/galli.ch\/en\/uhren\/iwc\/pilots-watches\/chronograph-41-bronze-iw388109\/","title":{"rendered":"IWC Pilot&#8217;s Watch Chronograph 41 Bronze"},"content":{"rendered":"<p>Diese Variante der Pilot\u2019s Watch Chronograph 41 verf\u00fcgt \u00fcber ein Geh\u00e4use, Krone und Dr\u00fccker aus Bronze. Die von IWC verwendete Bronze enth\u00e4lt neben Kupfer auch Aluminium und Eisen. Diese spezielle Zusammensetzung macht die Legierung rund 50 Prozent h\u00e4rter als herk\u00f6mmliche Bronze. Eine wichtige zus\u00e4tzliche Eigenschaft ist die hervorragende Biokompatibilit\u00e4t des Materials. Zudem entwickelt Bronze mit der Zeit eine einzigartige Patina, die jedem Zeitmesser einen eigenen Charakter und ein eigenes Aussehen verleiht.<\/p>\n<p>Angetrieben wird der Chronograph vom IWC-Manufakturkaliber 69385. Das Chronographenwerk erm\u00f6glicht Stoppzeitmessungen von bis zu 12 Stunden und wurde mit dem Fokus auf Robustheit, Zuverl\u00e4ssigkeit und Pr\u00e4zision entwickelt. Die Chronographenfunktion wird \u00fcber ein S\u00e4ulenrad gesteuert. Ein bidirektionaler Klinkenaufzug baut im Federhaus eine Gangreserve von bis zu 46 Stunden auf.<\/p>\n","protected":false},"excerpt":{"rendered":"<p>Diese Variante der Pilot\u2019s Watch Chronograph 41 verf\u00fcgt \u00fcber ein Geh\u00e4use, Krone und Dr\u00fccker aus Bronze. Die von IWC verwendete Bronze enth\u00e4lt neben Kupfer auch Aluminium und Eisen. Diese spezielle Zusammensetzung macht die Legierung rund 50 Prozent h\u00e4rter als herk\u00f6mmliche Bronze. Eine wichtige zus\u00e4tzliche Eigenschaft ist die hervorragende Biokompatibilit\u00e4t des Materials. Zudem entwickelt Bronze mit&#8230;  <a class=\"excerpt-read-more\" href=\"https:\/\/galli.ch\/en\/uhren\/iwc\/pilots-watches\/chronograph-41-bronze-iw388109\/\" title=\"Read IWC Pilot&#8217;s Watch Chronograph 41 Bronze\">Weiter &raquo;<\/a><\/p>\n","protected":false},"featured_media":14103,"template":"","meta":{"_acf_changed":false,"inline_featured_image":false},"product_brand":[],"product_cat":[188],"product_tag":[191],"class_list":{"0":"post-14984","1":"product","2":"type-product","3":"status-publish","4":"has-post-thumbnail","6":"uhrenhersteller-iwc","7":"uhrenhersteller-pilots-watches","8":"product_cat-uhren","9":"product_tag-update","11":"first","12":"instock","13":"taxable","14":"shipping-taxable","15":"purchasable","16":"product-type-simple"},"acf":[],"yoast_head":"<!-- This site is optimized with the Yoast SEO plugin v25.5 - https:\/\/yoast.com\/wordpress\/plugins\/seo\/ -->\n<title>IWC Pilot&#039;s Watch Chronograph 41 Bronze - Galli Uhren Bijouterie<\/title>\n<meta name=\"robots\" content=\"index, follow, max-snippet:-1, max-image-preview:large, max-video-preview:-1\" \/>\n<link rel=\"canonical\" href=\"https:\/\/galli.ch\/uhren\/iwc\/pilots-watches\/chronograph-41-bronze-iw388109\/\" \/>\n<meta property=\"og:locale\" content=\"en_US\" \/>\n<meta property=\"og:type\" content=\"article\" \/>\n<meta property=\"og:title\" content=\"IWC Pilot&#039;s Watch Chronograph 41 Bronze - Galli Uhren Bijouterie\" \/>\n<meta property=\"og:description\" content=\"Diese Variante der Pilot\u2019s Watch Chronograph 41 verf\u00fcgt \u00fcber ein Geh\u00e4use, Krone und Dr\u00fccker aus Bronze. Die von IWC verwendete Bronze enth\u00e4lt neben Kupfer auch Aluminium und Eisen. Diese spezielle Zusammensetzung macht die Legierung rund 50 Prozent h\u00e4rter als herk\u00f6mmliche Bronze. Eine wichtige zus\u00e4tzliche Eigenschaft ist die hervorragende Biokompatibilit\u00e4t des Materials. Zudem entwickelt Bronze mit... Weiter &raquo;\" \/>\n<meta property=\"og:url\" content=\"https:\/\/galli.ch\/uhren\/iwc\/pilots-watches\/chronograph-41-bronze-iw388109\/\" \/>\n<meta property=\"og:site_name\" content=\"Galli Uhren Bijouterie\" \/>\n<meta property=\"article:modified_time\" content=\"2026-03-30T08:14:23+00:00\" \/>\n<meta property=\"og:image\" content=\"https:\/\/galli.ch\/wp-content\/uploads\/2344843-png-transform-global_image_940_2x.png\" \/>\n\t<meta property=\"og:image:width\" content=\"1000\" \/>\n\t<meta property=\"og:image:height\" content=\"1400\" \/>\n\t<meta property=\"og:image:type\" content=\"image\/png\" \/>\n<meta name=\"twitter:card\" content=\"summary_large_image\" \/>\n<script type=\"application\/ld+json\" class=\"yoast-schema-graph\">{\"@context\":\"https:\/\/schema.org\",\"@graph\":[{\"@type\":\"WebPage\",\"@id\":\"https:\/\/galli.ch\/uhren\/iwc\/pilots-watches\/chronograph-41-bronze-iw388109\/\",\"url\":\"https:\/\/galli.ch\/uhren\/iwc\/pilots-watches\/chronograph-41-bronze-iw388109\/\",\"name\":\"IWC Pilot's Watch Chronograph 41 Bronze - Galli Uhren Bijouterie\",\"isPartOf\":{\"@id\":\"http:\/\/galli.ch\/en\/#website\"},\"primaryImageOfPage\":{\"@id\":\"https:\/\/galli.ch\/uhren\/iwc\/pilots-watches\/chronograph-41-bronze-iw388109\/#primaryimage\"},\"image\":{\"@id\":\"https:\/\/galli.ch\/uhren\/iwc\/pilots-watches\/chronograph-41-bronze-iw388109\/#primaryimage\"},\"thumbnailUrl\":\"https:\/\/galli.ch\/wp-content\/uploads\/2344843-png-transform-global_image_940_2x.png\",\"datePublished\":\"2022-08-11T14:51:06+00:00\",\"dateModified\":\"2026-03-30T08:14:23+00:00\",\"breadcrumb\":{\"@id\":\"https:\/\/galli.ch\/uhren\/iwc\/pilots-watches\/chronograph-41-bronze-iw388109\/#breadcrumb\"},\"inLanguage\":\"en-US\",\"potentialAction\":[{\"@type\":\"ReadAction\",\"target\":[\"https:\/\/galli.ch\/uhren\/iwc\/pilots-watches\/chronograph-41-bronze-iw388109\/\"]}]},{\"@type\":\"ImageObject\",\"inLanguage\":\"en-US\",\"@id\":\"https:\/\/galli.ch\/uhren\/iwc\/pilots-watches\/chronograph-41-bronze-iw388109\/#primaryimage\",\"url\":\"https:\/\/galli.ch\/wp-content\/uploads\/2344843-png-transform-global_image_940_2x.png\",\"contentUrl\":\"https:\/\/galli.ch\/wp-content\/uploads\/2344843-png-transform-global_image_940_2x.png\",\"width\":1000,\"height\":1400,\"caption\":\"iwc-pilots-watch-chronograph-bronze\"},{\"@type\":\"BreadcrumbList\",\"@id\":\"https:\/\/galli.ch\/uhren\/iwc\/pilots-watches\/chronograph-41-bronze-iw388109\/#breadcrumb\",\"itemListElement\":[{\"@type\":\"ListItem\",\"position\":1,\"name\":\"Home\",\"item\":\"https:\/\/galli.ch\/en\/\"},{\"@type\":\"ListItem\",\"position\":2,\"name\":\"Uhren\",\"item\":\"https:\/\/galli.ch\/en\/uhren\/\"},{\"@type\":\"ListItem\",\"position\":3,\"name\":\"IWC Pilot&#8217;s Watch Chronograph 41 Bronze\"}]},{\"@type\":\"WebSite\",\"@id\":\"http:\/\/galli.ch\/en\/#website\",\"url\":\"http:\/\/galli.ch\/en\/\",\"name\":\"Galli Uhren Bijouterie\",\"description\":\"\",\"potentialAction\":[{\"@type\":\"SearchAction\",\"target\":{\"@type\":\"EntryPoint\",\"urlTemplate\":\"http:\/\/galli.ch\/en\/?s={search_term_string}\"},\"query-input\":{\"@type\":\"PropertyValueSpecification\",\"valueRequired\":true,\"valueName\":\"search_term_string\"}}],\"inLanguage\":\"en-US\"}]}<\/script>\n<!-- \/ Yoast SEO plugin. -->","yoast_head_json":{"title":"IWC Pilot's Watch Chronograph 41 Bronze - Galli Uhren Bijouterie","robots":{"index":"index","follow":"follow","max-snippet":"max-snippet:-1","max-image-preview":"max-image-preview:large","max-video-preview":"max-video-preview:-1"},"canonical":"https:\/\/galli.ch\/uhren\/iwc\/pilots-watches\/chronograph-41-bronze-iw388109\/","og_locale":"en_US","og_type":"article","og_title":"IWC Pilot's Watch Chronograph 41 Bronze - Galli Uhren Bijouterie","og_description":"Diese Variante der Pilot\u2019s Watch Chronograph 41 verf\u00fcgt \u00fcber ein Geh\u00e4use, Krone und Dr\u00fccker aus Bronze. Die von IWC verwendete Bronze enth\u00e4lt neben Kupfer auch Aluminium und Eisen. Diese spezielle Zusammensetzung macht die Legierung rund 50 Prozent h\u00e4rter als herk\u00f6mmliche Bronze. Eine wichtige zus\u00e4tzliche Eigenschaft ist die hervorragende Biokompatibilit\u00e4t des Materials. Zudem entwickelt Bronze mit... Weiter &raquo;","og_url":"https:\/\/galli.ch\/uhren\/iwc\/pilots-watches\/chronograph-41-bronze-iw388109\/","og_site_name":"Galli Uhren Bijouterie","article_modified_time":"2026-03-30T08:14:23+00:00","og_image":[{"width":1000,"height":1400,"url":"https:\/\/galli.ch\/wp-content\/uploads\/2344843-png-transform-global_image_940_2x.png","type":"image\/png"}],"twitter_card":"summary_large_image","schema":{"@context":"https:\/\/schema.org","@graph":[{"@type":"WebPage","@id":"https:\/\/galli.ch\/uhren\/iwc\/pilots-watches\/chronograph-41-bronze-iw388109\/","url":"https:\/\/galli.ch\/uhren\/iwc\/pilots-watches\/chronograph-41-bronze-iw388109\/","name":"IWC Pilot's Watch Chronograph 41 Bronze - Galli Uhren Bijouterie","isPartOf":{"@id":"http:\/\/galli.ch\/en\/#website"},"primaryImageOfPage":{"@id":"https:\/\/galli.ch\/uhren\/iwc\/pilots-watches\/chronograph-41-bronze-iw388109\/#primaryimage"},"image":{"@id":"https:\/\/galli.ch\/uhren\/iwc\/pilots-watches\/chronograph-41-bronze-iw388109\/#primaryimage"},"thumbnailUrl":"https:\/\/galli.ch\/wp-content\/uploads\/2344843-png-transform-global_image_940_2x.png","datePublished":"2022-08-11T14:51:06+00:00","dateModified":"2026-03-30T08:14:23+00:00","breadcrumb":{"@id":"https:\/\/galli.ch\/uhren\/iwc\/pilots-watches\/chronograph-41-bronze-iw388109\/#breadcrumb"},"inLanguage":"en-US","potentialAction":[{"@type":"ReadAction","target":["https:\/\/galli.ch\/uhren\/iwc\/pilots-watches\/chronograph-41-bronze-iw388109\/"]}]},{"@type":"ImageObject","inLanguage":"en-US","@id":"https:\/\/galli.ch\/uhren\/iwc\/pilots-watches\/chronograph-41-bronze-iw388109\/#primaryimage","url":"https:\/\/galli.ch\/wp-content\/uploads\/2344843-png-transform-global_image_940_2x.png","contentUrl":"https:\/\/galli.ch\/wp-content\/uploads\/2344843-png-transform-global_image_940_2x.png","width":1000,"height":1400,"caption":"iwc-pilots-watch-chronograph-bronze"},{"@type":"BreadcrumbList","@id":"https:\/\/galli.ch\/uhren\/iwc\/pilots-watches\/chronograph-41-bronze-iw388109\/#breadcrumb","itemListElement":[{"@type":"ListItem","position":1,"name":"Home","item":"https:\/\/galli.ch\/en\/"},{"@type":"ListItem","position":2,"name":"Uhren","item":"https:\/\/galli.ch\/en\/uhren\/"},{"@type":"ListItem","position":3,"name":"IWC Pilot&#8217;s Watch Chronograph 41 Bronze"}]},{"@type":"WebSite","@id":"http:\/\/galli.ch\/en\/#website","url":"http:\/\/galli.ch\/en\/","name":"Galli Uhren Bijouterie","description":"","potentialAction":[{"@type":"SearchAction","target":{"@type":"EntryPoint","urlTemplate":"http:\/\/galli.ch\/en\/?s={search_term_string}"},"query-input":{"@type":"PropertyValueSpecification","valueRequired":true,"valueName":"search_term_string"}}],"inLanguage":"en-US"}]}},"_links":{"self":[{"href":"https:\/\/galli.ch\/en\/wp-json\/wp\/v2\/product\/14984","targetHints":{"allow":["GET"]}}],"collection":[{"href":"https:\/\/galli.ch\/en\/wp-json\/wp\/v2\/product"}],"about":[{"href":"https:\/\/galli.ch\/en\/wp-json\/wp\/v2\/types\/product"}],"wp:featuredmedia":[{"embeddable":true,"href":"https:\/\/galli.ch\/en\/wp-json\/wp\/v2\/media\/14103"}],"wp:attachment":[{"href":"https:\/\/galli.ch\/en\/wp-json\/wp\/v2\/media?parent=14984"}],"wp:term":[{"taxonomy":"product_brand","embeddable":true,"href":"https:\/\/galli.ch\/en\/wp-json\/wp\/v2\/product_brand?post=14984"},{"taxonomy":"product_cat","embeddable":true,"href":"https:\/\/galli.ch\/en\/wp-json\/wp\/v2\/product_cat?post=14984"},{"taxonomy":"product_tag","embeddable":true,"href":"https:\/\/galli.ch\/en\/wp-json\/wp\/v2\/product_tag?post=14984"}],"curies":[{"name":"wp","href":"https:\/\/api.w.org\/{rel}","templated":true}]}}