{"id":1502,"date":"2018-07-25T19:43:04","date_gmt":"2018-07-25T19:43:04","guid":{"rendered":"http:\/\/galli.ch\/?post_type=uhren&#038;p=1502"},"modified":"2026-04-20T18:13:57","modified_gmt":"2026-04-20T16:13:57","slug":"automatic-redgold-iw356504","status":"publish","type":"product","link":"https:\/\/galli.ch\/en\/uhren\/iwc\/portofino\/automatic-redgold-iw356504\/","title":{"rendered":"IWC Portofino Automatic Rotgold"},"content":{"rendered":"<p>Das Rotgoldmodell der Portofino Automatic mit argent\u00e9farbenem Zifferblatt und dunkelbraunem Alligatorlederarmband ist besonders ausdrucksstark. Das solide mechanische Automatikwerk gibt zuverl\u00e4ssig den Takt an. Die gleichm\u00e4ssig runden Geh\u00e4useflanken lassen das 40-Millimeter-Rotgold-Geh\u00e4use der Uhr besonders schlank wirken. Das Geh\u00e4use ist auf der R\u00fcckseite mit einer Gravur des Hafens von Portofino verziert.<\/p>\n<p>Seit 1984 bringen die Uhren der Portofino-Familie von IWC die Leichtigkeit der mediterranen Lebensart zusammen mit einen Hauch von Luxus und zeitloser Eleganz ans Handgelenk. Einfache Dreizeigeruhren sind seit der Lancierung der ersten Kollektion ein wichtiger Bestandteil der Linie. Die Portofino Automatic, wie wir sie heute kennen, wurde im Jahr 2003 eingef\u00fchrt. Dank einer perfekten Symbiose von Einfachheit und Eleganz hat sie sich zu einem der beliebtesten Zeitmesser aus Schaffhausen entwickelt.<\/p>\n","protected":false},"excerpt":{"rendered":"<p>Das Rotgoldmodell der Portofino Automatic mit argent\u00e9farbenem Zifferblatt und dunkelbraunem Alligatorlederarmband ist besonders ausdrucksstark. Das solide mechanische Automatikwerk gibt zuverl\u00e4ssig den Takt an. Die gleichm\u00e4ssig runden Geh\u00e4useflanken lassen das 40-Millimeter-Rotgold-Geh\u00e4use der Uhr besonders schlank wirken. Das Geh\u00e4use ist auf der R\u00fcckseite mit einer Gravur des Hafens von Portofino verziert. Seit 1984 bringen die Uhren der&#8230;  <a class=\"excerpt-read-more\" href=\"https:\/\/galli.ch\/en\/uhren\/iwc\/portofino\/automatic-redgold-iw356504\/\" title=\"Read IWC Portofino Automatic Rotgold\">Weiter &raquo;<\/a><\/p>\n","protected":false},"featured_media":1461,"template":"","meta":{"_acf_changed":false,"inline_featured_image":false},"product_brand":[],"product_cat":[188],"product_tag":[],"class_list":{"0":"post-1502","1":"product","2":"type-product","3":"status-publish","4":"has-post-thumbnail","6":"uhrenhersteller-iwc","7":"uhrenhersteller-portofino","8":"product_cat-uhren","10":"first","11":"outofstock","12":"taxable","13":"shipping-taxable","14":"purchasable","15":"product-type-simple"},"acf":[],"yoast_head":"<!-- This site is optimized with the Yoast SEO plugin v25.5 - https:\/\/yoast.com\/wordpress\/plugins\/seo\/ -->\n<title>IWC Portofino Automatic Rotgold - Galli Uhren Bijouterie<\/title>\n<meta name=\"robots\" content=\"index, follow, max-snippet:-1, max-image-preview:large, max-video-preview:-1\" \/>\n<link rel=\"canonical\" href=\"https:\/\/galli.ch\/uhren\/iwc\/portofino\/automatic-redgold-iw356504\/\" \/>\n<meta property=\"og:locale\" content=\"en_US\" \/>\n<meta property=\"og:type\" content=\"article\" \/>\n<meta property=\"og:title\" content=\"IWC Portofino Automatic Rotgold - Galli Uhren Bijouterie\" \/>\n<meta property=\"og:description\" content=\"Das Rotgoldmodell der Portofino Automatic mit argent\u00e9farbenem Zifferblatt und dunkelbraunem Alligatorlederarmband ist besonders ausdrucksstark. Das solide mechanische Automatikwerk gibt zuverl\u00e4ssig den Takt an. Die gleichm\u00e4ssig runden Geh\u00e4useflanken lassen das 40-Millimeter-Rotgold-Geh\u00e4use der Uhr besonders schlank wirken. Das Geh\u00e4use ist auf der R\u00fcckseite mit einer Gravur des Hafens von Portofino verziert. Seit 1984 bringen die Uhren der... Weiter &raquo;\" \/>\n<meta property=\"og:url\" content=\"https:\/\/galli.ch\/uhren\/iwc\/portofino\/automatic-redgold-iw356504\/\" \/>\n<meta property=\"og:site_name\" content=\"Galli Uhren Bijouterie\" \/>\n<meta property=\"article:modified_time\" content=\"2026-04-20T16:13:57+00:00\" \/>\n<meta property=\"og:image\" content=\"https:\/\/galli.ch\/wp-content\/uploads\/IW356504-Portofino-Automatic_1109338.png\" \/>\n\t<meta property=\"og:image:width\" content=\"1000\" \/>\n\t<meta property=\"og:image:height\" content=\"1400\" \/>\n\t<meta property=\"og:image:type\" content=\"image\/png\" \/>\n<meta name=\"twitter:card\" content=\"summary_large_image\" \/>\n<script type=\"application\/ld+json\" class=\"yoast-schema-graph\">{\"@context\":\"https:\/\/schema.org\",\"@graph\":[{\"@type\":\"WebPage\",\"@id\":\"https:\/\/galli.ch\/uhren\/iwc\/portofino\/automatic-redgold-iw356504\/\",\"url\":\"https:\/\/galli.ch\/uhren\/iwc\/portofino\/automatic-redgold-iw356504\/\",\"name\":\"IWC Portofino Automatic Rotgold - Galli Uhren Bijouterie\",\"isPartOf\":{\"@id\":\"http:\/\/galli.ch\/en\/#website\"},\"primaryImageOfPage\":{\"@id\":\"https:\/\/galli.ch\/uhren\/iwc\/portofino\/automatic-redgold-iw356504\/#primaryimage\"},\"image\":{\"@id\":\"https:\/\/galli.ch\/uhren\/iwc\/portofino\/automatic-redgold-iw356504\/#primaryimage\"},\"thumbnailUrl\":\"https:\/\/galli.ch\/wp-content\/uploads\/IW356504-Portofino-Automatic_1109338.png\",\"datePublished\":\"2018-07-25T19:43:04+00:00\",\"dateModified\":\"2026-04-20T16:13:57+00:00\",\"breadcrumb\":{\"@id\":\"https:\/\/galli.ch\/uhren\/iwc\/portofino\/automatic-redgold-iw356504\/#breadcrumb\"},\"inLanguage\":\"en-US\",\"potentialAction\":[{\"@type\":\"ReadAction\",\"target\":[\"https:\/\/galli.ch\/uhren\/iwc\/portofino\/automatic-redgold-iw356504\/\"]}]},{\"@type\":\"ImageObject\",\"inLanguage\":\"en-US\",\"@id\":\"https:\/\/galli.ch\/uhren\/iwc\/portofino\/automatic-redgold-iw356504\/#primaryimage\",\"url\":\"https:\/\/galli.ch\/wp-content\/uploads\/IW356504-Portofino-Automatic_1109338.png\",\"contentUrl\":\"https:\/\/galli.ch\/wp-content\/uploads\/IW356504-Portofino-Automatic_1109338.png\",\"width\":1000,\"height\":1400,\"caption\":\"IWC Portugieser Automatic\"},{\"@type\":\"BreadcrumbList\",\"@id\":\"https:\/\/galli.ch\/uhren\/iwc\/portofino\/automatic-redgold-iw356504\/#breadcrumb\",\"itemListElement\":[{\"@type\":\"ListItem\",\"position\":1,\"name\":\"Home\",\"item\":\"https:\/\/galli.ch\/en\/\"},{\"@type\":\"ListItem\",\"position\":2,\"name\":\"Uhren\",\"item\":\"https:\/\/galli.ch\/en\/uhren\/\"},{\"@type\":\"ListItem\",\"position\":3,\"name\":\"Portofino Automatic Rotgold\"}]},{\"@type\":\"WebSite\",\"@id\":\"http:\/\/galli.ch\/en\/#website\",\"url\":\"http:\/\/galli.ch\/en\/\",\"name\":\"Galli Uhren Bijouterie\",\"description\":\"\",\"potentialAction\":[{\"@type\":\"SearchAction\",\"target\":{\"@type\":\"EntryPoint\",\"urlTemplate\":\"http:\/\/galli.ch\/en\/?s={search_term_string}\"},\"query-input\":{\"@type\":\"PropertyValueSpecification\",\"valueRequired\":true,\"valueName\":\"search_term_string\"}}],\"inLanguage\":\"en-US\"}]}<\/script>\n<!-- \/ Yoast SEO plugin. -->","yoast_head_json":{"title":"IWC Portofino Automatic Rotgold - Galli Uhren Bijouterie","robots":{"index":"index","follow":"follow","max-snippet":"max-snippet:-1","max-image-preview":"max-image-preview:large","max-video-preview":"max-video-preview:-1"},"canonical":"https:\/\/galli.ch\/uhren\/iwc\/portofino\/automatic-redgold-iw356504\/","og_locale":"en_US","og_type":"article","og_title":"IWC Portofino Automatic Rotgold - Galli Uhren Bijouterie","og_description":"Das Rotgoldmodell der Portofino Automatic mit argent\u00e9farbenem Zifferblatt und dunkelbraunem Alligatorlederarmband ist besonders ausdrucksstark. Das solide mechanische Automatikwerk gibt zuverl\u00e4ssig den Takt an. Die gleichm\u00e4ssig runden Geh\u00e4useflanken lassen das 40-Millimeter-Rotgold-Geh\u00e4use der Uhr besonders schlank wirken. Das Geh\u00e4use ist auf der R\u00fcckseite mit einer Gravur des Hafens von Portofino verziert. Seit 1984 bringen die Uhren der... Weiter &raquo;","og_url":"https:\/\/galli.ch\/uhren\/iwc\/portofino\/automatic-redgold-iw356504\/","og_site_name":"Galli Uhren Bijouterie","article_modified_time":"2026-04-20T16:13:57+00:00","og_image":[{"width":1000,"height":1400,"url":"https:\/\/galli.ch\/wp-content\/uploads\/IW356504-Portofino-Automatic_1109338.png","type":"image\/png"}],"twitter_card":"summary_large_image","schema":{"@context":"https:\/\/schema.org","@graph":[{"@type":"WebPage","@id":"https:\/\/galli.ch\/uhren\/iwc\/portofino\/automatic-redgold-iw356504\/","url":"https:\/\/galli.ch\/uhren\/iwc\/portofino\/automatic-redgold-iw356504\/","name":"IWC Portofino Automatic Rotgold - Galli Uhren Bijouterie","isPartOf":{"@id":"http:\/\/galli.ch\/en\/#website"},"primaryImageOfPage":{"@id":"https:\/\/galli.ch\/uhren\/iwc\/portofino\/automatic-redgold-iw356504\/#primaryimage"},"image":{"@id":"https:\/\/galli.ch\/uhren\/iwc\/portofino\/automatic-redgold-iw356504\/#primaryimage"},"thumbnailUrl":"https:\/\/galli.ch\/wp-content\/uploads\/IW356504-Portofino-Automatic_1109338.png","datePublished":"2018-07-25T19:43:04+00:00","dateModified":"2026-04-20T16:13:57+00:00","breadcrumb":{"@id":"https:\/\/galli.ch\/uhren\/iwc\/portofino\/automatic-redgold-iw356504\/#breadcrumb"},"inLanguage":"en-US","potentialAction":[{"@type":"ReadAction","target":["https:\/\/galli.ch\/uhren\/iwc\/portofino\/automatic-redgold-iw356504\/"]}]},{"@type":"ImageObject","inLanguage":"en-US","@id":"https:\/\/galli.ch\/uhren\/iwc\/portofino\/automatic-redgold-iw356504\/#primaryimage","url":"https:\/\/galli.ch\/wp-content\/uploads\/IW356504-Portofino-Automatic_1109338.png","contentUrl":"https:\/\/galli.ch\/wp-content\/uploads\/IW356504-Portofino-Automatic_1109338.png","width":1000,"height":1400,"caption":"IWC Portugieser Automatic"},{"@type":"BreadcrumbList","@id":"https:\/\/galli.ch\/uhren\/iwc\/portofino\/automatic-redgold-iw356504\/#breadcrumb","itemListElement":[{"@type":"ListItem","position":1,"name":"Home","item":"https:\/\/galli.ch\/en\/"},{"@type":"ListItem","position":2,"name":"Uhren","item":"https:\/\/galli.ch\/en\/uhren\/"},{"@type":"ListItem","position":3,"name":"Portofino Automatic Rotgold"}]},{"@type":"WebSite","@id":"http:\/\/galli.ch\/en\/#website","url":"http:\/\/galli.ch\/en\/","name":"Galli Uhren Bijouterie","description":"","potentialAction":[{"@type":"SearchAction","target":{"@type":"EntryPoint","urlTemplate":"http:\/\/galli.ch\/en\/?s={search_term_string}"},"query-input":{"@type":"PropertyValueSpecification","valueRequired":true,"valueName":"search_term_string"}}],"inLanguage":"en-US"}]}},"_links":{"self":[{"href":"https:\/\/galli.ch\/en\/wp-json\/wp\/v2\/product\/1502","targetHints":{"allow":["GET"]}}],"collection":[{"href":"https:\/\/galli.ch\/en\/wp-json\/wp\/v2\/product"}],"about":[{"href":"https:\/\/galli.ch\/en\/wp-json\/wp\/v2\/types\/product"}],"wp:featuredmedia":[{"embeddable":true,"href":"https:\/\/galli.ch\/en\/wp-json\/wp\/v2\/media\/1461"}],"wp:attachment":[{"href":"https:\/\/galli.ch\/en\/wp-json\/wp\/v2\/media?parent=1502"}],"wp:term":[{"taxonomy":"product_brand","embeddable":true,"href":"https:\/\/galli.ch\/en\/wp-json\/wp\/v2\/product_brand?post=1502"},{"taxonomy":"product_cat","embeddable":true,"href":"https:\/\/galli.ch\/en\/wp-json\/wp\/v2\/product_cat?post=1502"},{"taxonomy":"product_tag","embeddable":true,"href":"https:\/\/galli.ch\/en\/wp-json\/wp\/v2\/product_tag?post=1502"}],"curies":[{"name":"wp","href":"https:\/\/api.w.org\/{rel}","templated":true}]}}