{"id":1503,"date":"2018-07-25T19:40:51","date_gmt":"2018-07-25T19:40:51","guid":{"rendered":"http:\/\/galli.ch\/?post_type=uhren&#038;p=1503"},"modified":"2026-03-30T10:14:02","modified_gmt":"2026-03-30T08:14:02","slug":"automatic-iw356506","status":"publish","type":"product","link":"https:\/\/galli.ch\/en\/uhren\/iwc\/portofino\/automatic-iw356506\/","title":{"rendered":"IWC Portofino Automatic"},"content":{"rendered":"<p>Die Portofino Automatic mit schwarzem Zifferblatt und Milanaise-Armband in Edelstahl wird wahlweise mit einem Alligatorlederarmband angeboten. Das solide mechanische Automatikwerk gibt zuverl\u00e4ssig den Takt an. Die gleichm\u00e4ssig runden Geh\u00e4useflanken lassen das 40-Millimeter-Edelstahl-Geh\u00e4use der Uhr besonders schlank wirken.<\/p>\n","protected":false},"excerpt":{"rendered":"<p>Die Portofino Automatic mit schwarzem Zifferblatt und Milanaise-Armband in Edelstahl wird wahlweise mit einem Alligatorlederarmband angeboten. Das solide mechanische Automatikwerk gibt zuverl\u00e4ssig den Takt an. Die gleichm\u00e4ssig runden Geh\u00e4useflanken lassen das 40-Millimeter-Edelstahl-Geh\u00e4use der Uhr besonders schlank wirken.<\/p>\n","protected":false},"featured_media":1463,"template":"","meta":{"_acf_changed":false,"inline_featured_image":false},"product_brand":[],"product_cat":[188],"product_tag":[],"class_list":{"0":"post-1503","1":"product","2":"type-product","3":"status-publish","4":"has-post-thumbnail","6":"uhrenhersteller-iwc","7":"uhrenhersteller-portofino","8":"product_cat-uhren","10":"first","11":"outofstock","12":"taxable","13":"shipping-taxable","14":"purchasable","15":"product-type-simple"},"acf":[],"yoast_head":"<!-- This site is optimized with the Yoast SEO plugin v25.5 - https:\/\/yoast.com\/wordpress\/plugins\/seo\/ -->\n<title>IWC Portofino Automatic - Galli Uhren Bijouterie<\/title>\n<meta name=\"robots\" content=\"index, follow, max-snippet:-1, max-image-preview:large, max-video-preview:-1\" \/>\n<link rel=\"canonical\" href=\"https:\/\/galli.ch\/uhren\/iwc\/portofino\/automatic-iw356506\/\" \/>\n<meta property=\"og:locale\" content=\"en_US\" \/>\n<meta property=\"og:type\" content=\"article\" \/>\n<meta property=\"og:title\" content=\"IWC Portofino Automatic - Galli Uhren Bijouterie\" \/>\n<meta property=\"og:description\" content=\"Die Portofino Automatic mit schwarzem Zifferblatt und Milanaise-Armband in Edelstahl wird wahlweise mit einem Alligatorlederarmband angeboten. Das solide mechanische Automatikwerk gibt zuverl\u00e4ssig den Takt an. Die gleichm\u00e4ssig runden Geh\u00e4useflanken lassen das 40-Millimeter-Edelstahl-Geh\u00e4use der Uhr besonders schlank wirken.\" \/>\n<meta property=\"og:url\" content=\"https:\/\/galli.ch\/uhren\/iwc\/portofino\/automatic-iw356506\/\" \/>\n<meta property=\"og:site_name\" content=\"Galli Uhren Bijouterie\" \/>\n<meta property=\"article:modified_time\" content=\"2026-03-30T08:14:02+00:00\" \/>\n<meta property=\"og:image\" content=\"https:\/\/galli.ch\/wp-content\/uploads\/IW356506-Portofino-Automatic_1109348.png\" \/>\n\t<meta property=\"og:image:width\" content=\"1000\" \/>\n\t<meta property=\"og:image:height\" content=\"1400\" \/>\n\t<meta property=\"og:image:type\" content=\"image\/png\" \/>\n<meta name=\"twitter:card\" content=\"summary_large_image\" \/>\n<script type=\"application\/ld+json\" class=\"yoast-schema-graph\">{\"@context\":\"https:\/\/schema.org\",\"@graph\":[{\"@type\":\"WebPage\",\"@id\":\"https:\/\/galli.ch\/uhren\/iwc\/portofino\/automatic-iw356506\/\",\"url\":\"https:\/\/galli.ch\/uhren\/iwc\/portofino\/automatic-iw356506\/\",\"name\":\"IWC Portofino Automatic - Galli Uhren Bijouterie\",\"isPartOf\":{\"@id\":\"http:\/\/galli.ch\/en\/#website\"},\"primaryImageOfPage\":{\"@id\":\"https:\/\/galli.ch\/uhren\/iwc\/portofino\/automatic-iw356506\/#primaryimage\"},\"image\":{\"@id\":\"https:\/\/galli.ch\/uhren\/iwc\/portofino\/automatic-iw356506\/#primaryimage\"},\"thumbnailUrl\":\"https:\/\/galli.ch\/wp-content\/uploads\/IW356506-Portofino-Automatic_1109348.png\",\"datePublished\":\"2018-07-25T19:40:51+00:00\",\"dateModified\":\"2026-03-30T08:14:02+00:00\",\"breadcrumb\":{\"@id\":\"https:\/\/galli.ch\/uhren\/iwc\/portofino\/automatic-iw356506\/#breadcrumb\"},\"inLanguage\":\"en-US\",\"potentialAction\":[{\"@type\":\"ReadAction\",\"target\":[\"https:\/\/galli.ch\/uhren\/iwc\/portofino\/automatic-iw356506\/\"]}]},{\"@type\":\"ImageObject\",\"inLanguage\":\"en-US\",\"@id\":\"https:\/\/galli.ch\/uhren\/iwc\/portofino\/automatic-iw356506\/#primaryimage\",\"url\":\"https:\/\/galli.ch\/wp-content\/uploads\/IW356506-Portofino-Automatic_1109348.png\",\"contentUrl\":\"https:\/\/galli.ch\/wp-content\/uploads\/IW356506-Portofino-Automatic_1109348.png\",\"width\":1000,\"height\":1400,\"caption\":\"IWC Portugieser Automatic\"},{\"@type\":\"BreadcrumbList\",\"@id\":\"https:\/\/galli.ch\/uhren\/iwc\/portofino\/automatic-iw356506\/#breadcrumb\",\"itemListElement\":[{\"@type\":\"ListItem\",\"position\":1,\"name\":\"Home\",\"item\":\"https:\/\/galli.ch\/en\/\"},{\"@type\":\"ListItem\",\"position\":2,\"name\":\"Uhren\",\"item\":\"https:\/\/galli.ch\/en\/uhren\/\"},{\"@type\":\"ListItem\",\"position\":3,\"name\":\"Portofino Automatic\"}]},{\"@type\":\"WebSite\",\"@id\":\"http:\/\/galli.ch\/en\/#website\",\"url\":\"http:\/\/galli.ch\/en\/\",\"name\":\"Galli Uhren Bijouterie\",\"description\":\"\",\"potentialAction\":[{\"@type\":\"SearchAction\",\"target\":{\"@type\":\"EntryPoint\",\"urlTemplate\":\"http:\/\/galli.ch\/en\/?s={search_term_string}\"},\"query-input\":{\"@type\":\"PropertyValueSpecification\",\"valueRequired\":true,\"valueName\":\"search_term_string\"}}],\"inLanguage\":\"en-US\"}]}<\/script>\n<!-- \/ Yoast SEO plugin. -->","yoast_head_json":{"title":"IWC Portofino Automatic - Galli Uhren Bijouterie","robots":{"index":"index","follow":"follow","max-snippet":"max-snippet:-1","max-image-preview":"max-image-preview:large","max-video-preview":"max-video-preview:-1"},"canonical":"https:\/\/galli.ch\/uhren\/iwc\/portofino\/automatic-iw356506\/","og_locale":"en_US","og_type":"article","og_title":"IWC Portofino Automatic - Galli Uhren Bijouterie","og_description":"Die Portofino Automatic mit schwarzem Zifferblatt und Milanaise-Armband in Edelstahl wird wahlweise mit einem Alligatorlederarmband angeboten. Das solide mechanische Automatikwerk gibt zuverl\u00e4ssig den Takt an. Die gleichm\u00e4ssig runden Geh\u00e4useflanken lassen das 40-Millimeter-Edelstahl-Geh\u00e4use der Uhr besonders schlank wirken.","og_url":"https:\/\/galli.ch\/uhren\/iwc\/portofino\/automatic-iw356506\/","og_site_name":"Galli Uhren Bijouterie","article_modified_time":"2026-03-30T08:14:02+00:00","og_image":[{"width":1000,"height":1400,"url":"https:\/\/galli.ch\/wp-content\/uploads\/IW356506-Portofino-Automatic_1109348.png","type":"image\/png"}],"twitter_card":"summary_large_image","schema":{"@context":"https:\/\/schema.org","@graph":[{"@type":"WebPage","@id":"https:\/\/galli.ch\/uhren\/iwc\/portofino\/automatic-iw356506\/","url":"https:\/\/galli.ch\/uhren\/iwc\/portofino\/automatic-iw356506\/","name":"IWC Portofino Automatic - Galli Uhren Bijouterie","isPartOf":{"@id":"http:\/\/galli.ch\/en\/#website"},"primaryImageOfPage":{"@id":"https:\/\/galli.ch\/uhren\/iwc\/portofino\/automatic-iw356506\/#primaryimage"},"image":{"@id":"https:\/\/galli.ch\/uhren\/iwc\/portofino\/automatic-iw356506\/#primaryimage"},"thumbnailUrl":"https:\/\/galli.ch\/wp-content\/uploads\/IW356506-Portofino-Automatic_1109348.png","datePublished":"2018-07-25T19:40:51+00:00","dateModified":"2026-03-30T08:14:02+00:00","breadcrumb":{"@id":"https:\/\/galli.ch\/uhren\/iwc\/portofino\/automatic-iw356506\/#breadcrumb"},"inLanguage":"en-US","potentialAction":[{"@type":"ReadAction","target":["https:\/\/galli.ch\/uhren\/iwc\/portofino\/automatic-iw356506\/"]}]},{"@type":"ImageObject","inLanguage":"en-US","@id":"https:\/\/galli.ch\/uhren\/iwc\/portofino\/automatic-iw356506\/#primaryimage","url":"https:\/\/galli.ch\/wp-content\/uploads\/IW356506-Portofino-Automatic_1109348.png","contentUrl":"https:\/\/galli.ch\/wp-content\/uploads\/IW356506-Portofino-Automatic_1109348.png","width":1000,"height":1400,"caption":"IWC Portugieser Automatic"},{"@type":"BreadcrumbList","@id":"https:\/\/galli.ch\/uhren\/iwc\/portofino\/automatic-iw356506\/#breadcrumb","itemListElement":[{"@type":"ListItem","position":1,"name":"Home","item":"https:\/\/galli.ch\/en\/"},{"@type":"ListItem","position":2,"name":"Uhren","item":"https:\/\/galli.ch\/en\/uhren\/"},{"@type":"ListItem","position":3,"name":"Portofino Automatic"}]},{"@type":"WebSite","@id":"http:\/\/galli.ch\/en\/#website","url":"http:\/\/galli.ch\/en\/","name":"Galli Uhren Bijouterie","description":"","potentialAction":[{"@type":"SearchAction","target":{"@type":"EntryPoint","urlTemplate":"http:\/\/galli.ch\/en\/?s={search_term_string}"},"query-input":{"@type":"PropertyValueSpecification","valueRequired":true,"valueName":"search_term_string"}}],"inLanguage":"en-US"}]}},"_links":{"self":[{"href":"https:\/\/galli.ch\/en\/wp-json\/wp\/v2\/product\/1503","targetHints":{"allow":["GET"]}}],"collection":[{"href":"https:\/\/galli.ch\/en\/wp-json\/wp\/v2\/product"}],"about":[{"href":"https:\/\/galli.ch\/en\/wp-json\/wp\/v2\/types\/product"}],"wp:featuredmedia":[{"embeddable":true,"href":"https:\/\/galli.ch\/en\/wp-json\/wp\/v2\/media\/1463"}],"wp:attachment":[{"href":"https:\/\/galli.ch\/en\/wp-json\/wp\/v2\/media?parent=1503"}],"wp:term":[{"taxonomy":"product_brand","embeddable":true,"href":"https:\/\/galli.ch\/en\/wp-json\/wp\/v2\/product_brand?post=1503"},{"taxonomy":"product_cat","embeddable":true,"href":"https:\/\/galli.ch\/en\/wp-json\/wp\/v2\/product_cat?post=1503"},{"taxonomy":"product_tag","embeddable":true,"href":"https:\/\/galli.ch\/en\/wp-json\/wp\/v2\/product_tag?post=1503"}],"curies":[{"name":"wp","href":"https:\/\/api.w.org\/{rel}","templated":true}]}}