{"id":15264,"date":"2022-09-08T15:05:27","date_gmt":"2022-09-08T13:05:27","guid":{"rendered":"https:\/\/galli.ch\/?post_type=product&#038;p=15264"},"modified":"2026-04-23T18:14:36","modified_gmt":"2026-04-23T16:14:36","slug":"automatic-iw500715","status":"publish","type":"product","link":"https:\/\/galli.ch\/en\/uhren\/iwc\/portugieser\/automatic-iw500715\/","title":{"rendered":"IWC Portugieser Automatic"},"content":{"rendered":"<p>Die Portugieser Automatic avancierte zu einem der erfolgreichsten Portugieser-Modelle aus Schaffhausen. Das ausgewogene Zifferblattdesign bewahrt die klassische Anmutung des legend\u00e4ren Portugieser-Originals aus den Dreissigerjahren des 20. Jahrhunderts. Die Aufzugsklinken, das Automatikrad sowie die Schwungmasselagerung des legend\u00e4ren Pellaton-Aufzuges bestehen aus besonders verschleissfester Keramik, zwei Federh\u00e4user sorgen f\u00fcr beeindruckende 7-Tage-Gangreserve.<\/p>\n<p>Die ergonomisch optimierten Bandanst\u00f6sse sorgen f\u00fcr gute Trageeigenschaften auch bei schmalen Handgelenken. Diese Version der Portugieser Automatic besticht durch ihr frisches und zeitgen\u00f6ssisches Design mit einem weissen Zifferblatt und kontrastierenden blauen Hilfszifferbl\u00e4ttern.<\/p>\n","protected":false},"excerpt":{"rendered":"<p>Die Portugieser Automatic avancierte zu einem der erfolgreichsten Portugieser-Modelle aus Schaffhausen. Das ausgewogene Zifferblattdesign bewahrt die klassische Anmutung des legend\u00e4ren Portugieser-Originals aus den Dreissigerjahren des 20. Jahrhunderts. Die Aufzugsklinken, das Automatikrad sowie die Schwungmasselagerung des legend\u00e4ren Pellaton-Aufzuges bestehen aus besonders verschleissfester Keramik, zwei Federh\u00e4user sorgen f\u00fcr beeindruckende 7-Tage-Gangreserve. Die ergonomisch optimierten Bandanst\u00f6sse sorgen f\u00fcr gute&#8230;  <a class=\"excerpt-read-more\" href=\"https:\/\/galli.ch\/en\/uhren\/iwc\/portugieser\/automatic-iw500715\/\" title=\"Read IWC Portugieser Automatic\">Weiter &raquo;<\/a><\/p>\n","protected":false},"featured_media":14998,"template":"","meta":{"_acf_changed":false,"inline_featured_image":false},"product_brand":[],"product_cat":[188],"product_tag":[],"class_list":{"0":"post-15264","1":"product","2":"type-product","3":"status-publish","4":"has-post-thumbnail","6":"uhrenhersteller-iwc","7":"uhrenhersteller-portugieser","8":"product_cat-uhren","10":"first","11":"outofstock","12":"taxable","13":"shipping-taxable","14":"purchasable","15":"product-type-simple"},"acf":[],"yoast_head":"<!-- This site is optimized with the Yoast SEO plugin v25.5 - https:\/\/yoast.com\/wordpress\/plugins\/seo\/ -->\n<title>IWC Portugieser Automatic - Galli Uhren Bijouterie<\/title>\n<meta name=\"robots\" content=\"index, follow, max-snippet:-1, max-image-preview:large, max-video-preview:-1\" \/>\n<link rel=\"canonical\" href=\"https:\/\/galli.ch\/uhren\/iwc\/portugieser\/automatic-iw500715\/\" \/>\n<meta property=\"og:locale\" content=\"en_US\" \/>\n<meta property=\"og:type\" content=\"article\" \/>\n<meta property=\"og:title\" content=\"IWC Portugieser Automatic - Galli Uhren Bijouterie\" \/>\n<meta property=\"og:description\" content=\"Die Portugieser Automatic avancierte zu einem der erfolgreichsten Portugieser-Modelle aus Schaffhausen. Das ausgewogene Zifferblattdesign bewahrt die klassische Anmutung des legend\u00e4ren Portugieser-Originals aus den Dreissigerjahren des 20. Jahrhunderts. Die Aufzugsklinken, das Automatikrad sowie die Schwungmasselagerung des legend\u00e4ren Pellaton-Aufzuges bestehen aus besonders verschleissfester Keramik, zwei Federh\u00e4user sorgen f\u00fcr beeindruckende 7-Tage-Gangreserve. Die ergonomisch optimierten Bandanst\u00f6sse sorgen f\u00fcr gute... Weiter &raquo;\" \/>\n<meta property=\"og:url\" content=\"https:\/\/galli.ch\/uhren\/iwc\/portugieser\/automatic-iw500715\/\" \/>\n<meta property=\"og:site_name\" content=\"Galli Uhren Bijouterie\" \/>\n<meta property=\"article:modified_time\" content=\"2026-04-23T16:14:36+00:00\" \/>\n<meta property=\"og:image\" content=\"https:\/\/galli.ch\/wp-content\/uploads\/2368497-png-transform-global_image_940_2x.png\" \/>\n\t<meta property=\"og:image:width\" content=\"1000\" \/>\n\t<meta property=\"og:image:height\" content=\"1400\" \/>\n\t<meta property=\"og:image:type\" content=\"image\/png\" \/>\n<meta name=\"twitter:card\" content=\"summary_large_image\" \/>\n<script type=\"application\/ld+json\" class=\"yoast-schema-graph\">{\"@context\":\"https:\/\/schema.org\",\"@graph\":[{\"@type\":\"WebPage\",\"@id\":\"https:\/\/galli.ch\/uhren\/iwc\/portugieser\/automatic-iw500715\/\",\"url\":\"https:\/\/galli.ch\/uhren\/iwc\/portugieser\/automatic-iw500715\/\",\"name\":\"IWC Portugieser Automatic - Galli Uhren Bijouterie\",\"isPartOf\":{\"@id\":\"http:\/\/galli.ch\/en\/#website\"},\"primaryImageOfPage\":{\"@id\":\"https:\/\/galli.ch\/uhren\/iwc\/portugieser\/automatic-iw500715\/#primaryimage\"},\"image\":{\"@id\":\"https:\/\/galli.ch\/uhren\/iwc\/portugieser\/automatic-iw500715\/#primaryimage\"},\"thumbnailUrl\":\"https:\/\/galli.ch\/wp-content\/uploads\/2368497-png-transform-global_image_940_2x.png\",\"datePublished\":\"2022-09-08T13:05:27+00:00\",\"dateModified\":\"2026-04-23T16:14:36+00:00\",\"breadcrumb\":{\"@id\":\"https:\/\/galli.ch\/uhren\/iwc\/portugieser\/automatic-iw500715\/#breadcrumb\"},\"inLanguage\":\"en-US\",\"potentialAction\":[{\"@type\":\"ReadAction\",\"target\":[\"https:\/\/galli.ch\/uhren\/iwc\/portugieser\/automatic-iw500715\/\"]}]},{\"@type\":\"ImageObject\",\"inLanguage\":\"en-US\",\"@id\":\"https:\/\/galli.ch\/uhren\/iwc\/portugieser\/automatic-iw500715\/#primaryimage\",\"url\":\"https:\/\/galli.ch\/wp-content\/uploads\/2368497-png-transform-global_image_940_2x.png\",\"contentUrl\":\"https:\/\/galli.ch\/wp-content\/uploads\/2368497-png-transform-global_image_940_2x.png\",\"width\":1000,\"height\":1400,\"caption\":\"iwc-portugieser-automatic-IW5007-15\"},{\"@type\":\"BreadcrumbList\",\"@id\":\"https:\/\/galli.ch\/uhren\/iwc\/portugieser\/automatic-iw500715\/#breadcrumb\",\"itemListElement\":[{\"@type\":\"ListItem\",\"position\":1,\"name\":\"Home\",\"item\":\"https:\/\/galli.ch\/en\/\"},{\"@type\":\"ListItem\",\"position\":2,\"name\":\"Uhren\",\"item\":\"https:\/\/galli.ch\/en\/uhren\/\"},{\"@type\":\"ListItem\",\"position\":3,\"name\":\"Portugieser Automatic\"}]},{\"@type\":\"WebSite\",\"@id\":\"http:\/\/galli.ch\/en\/#website\",\"url\":\"http:\/\/galli.ch\/en\/\",\"name\":\"Galli Uhren Bijouterie\",\"description\":\"\",\"potentialAction\":[{\"@type\":\"SearchAction\",\"target\":{\"@type\":\"EntryPoint\",\"urlTemplate\":\"http:\/\/galli.ch\/en\/?s={search_term_string}\"},\"query-input\":{\"@type\":\"PropertyValueSpecification\",\"valueRequired\":true,\"valueName\":\"search_term_string\"}}],\"inLanguage\":\"en-US\"}]}<\/script>\n<!-- \/ Yoast SEO plugin. -->","yoast_head_json":{"title":"IWC Portugieser Automatic - Galli Uhren Bijouterie","robots":{"index":"index","follow":"follow","max-snippet":"max-snippet:-1","max-image-preview":"max-image-preview:large","max-video-preview":"max-video-preview:-1"},"canonical":"https:\/\/galli.ch\/uhren\/iwc\/portugieser\/automatic-iw500715\/","og_locale":"en_US","og_type":"article","og_title":"IWC Portugieser Automatic - Galli Uhren Bijouterie","og_description":"Die Portugieser Automatic avancierte zu einem der erfolgreichsten Portugieser-Modelle aus Schaffhausen. Das ausgewogene Zifferblattdesign bewahrt die klassische Anmutung des legend\u00e4ren Portugieser-Originals aus den Dreissigerjahren des 20. Jahrhunderts. Die Aufzugsklinken, das Automatikrad sowie die Schwungmasselagerung des legend\u00e4ren Pellaton-Aufzuges bestehen aus besonders verschleissfester Keramik, zwei Federh\u00e4user sorgen f\u00fcr beeindruckende 7-Tage-Gangreserve. Die ergonomisch optimierten Bandanst\u00f6sse sorgen f\u00fcr gute... Weiter &raquo;","og_url":"https:\/\/galli.ch\/uhren\/iwc\/portugieser\/automatic-iw500715\/","og_site_name":"Galli Uhren Bijouterie","article_modified_time":"2026-04-23T16:14:36+00:00","og_image":[{"width":1000,"height":1400,"url":"https:\/\/galli.ch\/wp-content\/uploads\/2368497-png-transform-global_image_940_2x.png","type":"image\/png"}],"twitter_card":"summary_large_image","schema":{"@context":"https:\/\/schema.org","@graph":[{"@type":"WebPage","@id":"https:\/\/galli.ch\/uhren\/iwc\/portugieser\/automatic-iw500715\/","url":"https:\/\/galli.ch\/uhren\/iwc\/portugieser\/automatic-iw500715\/","name":"IWC Portugieser Automatic - Galli Uhren Bijouterie","isPartOf":{"@id":"http:\/\/galli.ch\/en\/#website"},"primaryImageOfPage":{"@id":"https:\/\/galli.ch\/uhren\/iwc\/portugieser\/automatic-iw500715\/#primaryimage"},"image":{"@id":"https:\/\/galli.ch\/uhren\/iwc\/portugieser\/automatic-iw500715\/#primaryimage"},"thumbnailUrl":"https:\/\/galli.ch\/wp-content\/uploads\/2368497-png-transform-global_image_940_2x.png","datePublished":"2022-09-08T13:05:27+00:00","dateModified":"2026-04-23T16:14:36+00:00","breadcrumb":{"@id":"https:\/\/galli.ch\/uhren\/iwc\/portugieser\/automatic-iw500715\/#breadcrumb"},"inLanguage":"en-US","potentialAction":[{"@type":"ReadAction","target":["https:\/\/galli.ch\/uhren\/iwc\/portugieser\/automatic-iw500715\/"]}]},{"@type":"ImageObject","inLanguage":"en-US","@id":"https:\/\/galli.ch\/uhren\/iwc\/portugieser\/automatic-iw500715\/#primaryimage","url":"https:\/\/galli.ch\/wp-content\/uploads\/2368497-png-transform-global_image_940_2x.png","contentUrl":"https:\/\/galli.ch\/wp-content\/uploads\/2368497-png-transform-global_image_940_2x.png","width":1000,"height":1400,"caption":"iwc-portugieser-automatic-IW5007-15"},{"@type":"BreadcrumbList","@id":"https:\/\/galli.ch\/uhren\/iwc\/portugieser\/automatic-iw500715\/#breadcrumb","itemListElement":[{"@type":"ListItem","position":1,"name":"Home","item":"https:\/\/galli.ch\/en\/"},{"@type":"ListItem","position":2,"name":"Uhren","item":"https:\/\/galli.ch\/en\/uhren\/"},{"@type":"ListItem","position":3,"name":"Portugieser Automatic"}]},{"@type":"WebSite","@id":"http:\/\/galli.ch\/en\/#website","url":"http:\/\/galli.ch\/en\/","name":"Galli Uhren Bijouterie","description":"","potentialAction":[{"@type":"SearchAction","target":{"@type":"EntryPoint","urlTemplate":"http:\/\/galli.ch\/en\/?s={search_term_string}"},"query-input":{"@type":"PropertyValueSpecification","valueRequired":true,"valueName":"search_term_string"}}],"inLanguage":"en-US"}]}},"_links":{"self":[{"href":"https:\/\/galli.ch\/en\/wp-json\/wp\/v2\/product\/15264","targetHints":{"allow":["GET"]}}],"collection":[{"href":"https:\/\/galli.ch\/en\/wp-json\/wp\/v2\/product"}],"about":[{"href":"https:\/\/galli.ch\/en\/wp-json\/wp\/v2\/types\/product"}],"wp:featuredmedia":[{"embeddable":true,"href":"https:\/\/galli.ch\/en\/wp-json\/wp\/v2\/media\/14998"}],"wp:attachment":[{"href":"https:\/\/galli.ch\/en\/wp-json\/wp\/v2\/media?parent=15264"}],"wp:term":[{"taxonomy":"product_brand","embeddable":true,"href":"https:\/\/galli.ch\/en\/wp-json\/wp\/v2\/product_brand?post=15264"},{"taxonomy":"product_cat","embeddable":true,"href":"https:\/\/galli.ch\/en\/wp-json\/wp\/v2\/product_cat?post=15264"},{"taxonomy":"product_tag","embeddable":true,"href":"https:\/\/galli.ch\/en\/wp-json\/wp\/v2\/product_tag?post=15264"}],"curies":[{"name":"wp","href":"https:\/\/api.w.org\/{rel}","templated":true}]}}