{"id":15268,"date":"2022-09-08T15:27:00","date_gmt":"2022-09-08T13:27:00","guid":{"rendered":"https:\/\/galli.ch\/?post_type=product&#038;p=15268"},"modified":"2026-04-20T18:13:59","modified_gmt":"2026-04-20T16:13:59","slug":"automatic-iw356527","status":"publish","type":"product","link":"https:\/\/galli.ch\/en\/uhren\/iwc\/portofino\/automatic-iw356527\/","title":{"rendered":"IWC Portofino Automatic"},"content":{"rendered":"<div class=\"iwc-dh-wrapper\">\n<div class=\"iwc-dh-inner\">\n<p class=\"text iwc-dh-text\">Blaue Zeiger und Appliken, ein argent\u00e9farbenes Zifferblatt sowie ein blaues Armband aus Alligatorleder verleihen dieser Portofino Automatic in Edelstahl einen speziellen Charme.<\/p>\n<p>Mit ihrem reduzierten Design, das gleichzeitig eine klassische Eleganz ausstrahlt, begeistert die Portofino von IWC Schaffhausen seit 1984 sowohl Frauen als auch M\u00e4nner. Einfache Dreizeigeruhren mit einer schlichten und aussergew\u00f6hnlich klaren Formensprache bilden seit den Anf\u00e4ngen einen elementaren Bestandteil dieser Kollektion.<\/p>\n<\/div>\n<\/div>\n","protected":false},"excerpt":{"rendered":"<p>Blaue Zeiger und Appliken, ein argent\u00e9farbenes Zifferblatt sowie ein blaues Armband aus Alligatorleder verleihen dieser Portofino Automatic in Edelstahl einen speziellen Charme. Mit ihrem reduzierten Design, das gleichzeitig eine klassische Eleganz ausstrahlt, begeistert die Portofino von IWC Schaffhausen seit 1984 sowohl Frauen als auch M\u00e4nner. Einfache Dreizeigeruhren mit einer schlichten und aussergew\u00f6hnlich klaren Formensprache bilden&#8230;  <a class=\"excerpt-read-more\" href=\"https:\/\/galli.ch\/en\/uhren\/iwc\/portofino\/automatic-iw356527\/\" title=\"Read IWC Portofino Automatic\">Weiter &raquo;<\/a><\/p>\n","protected":false},"featured_media":15002,"template":"","meta":{"_acf_changed":false,"inline_featured_image":false},"product_brand":[],"product_cat":[188],"product_tag":[],"class_list":{"0":"post-15268","1":"product","2":"type-product","3":"status-publish","4":"has-post-thumbnail","6":"uhrenhersteller-iwc","7":"uhrenhersteller-portofino","8":"product_cat-uhren","10":"first","11":"outofstock","12":"taxable","13":"shipping-taxable","14":"purchasable","15":"product-type-simple"},"acf":[],"yoast_head":"<!-- This site is optimized with the Yoast SEO plugin v25.5 - https:\/\/yoast.com\/wordpress\/plugins\/seo\/ -->\n<title>IWC Portofino Automatic - Galli Uhren Bijouterie<\/title>\n<meta name=\"robots\" content=\"index, follow, max-snippet:-1, max-image-preview:large, max-video-preview:-1\" \/>\n<link rel=\"canonical\" href=\"https:\/\/galli.ch\/uhren\/iwc\/portofino\/automatic-iw356527\/\" \/>\n<meta property=\"og:locale\" content=\"en_US\" \/>\n<meta property=\"og:type\" content=\"article\" \/>\n<meta property=\"og:title\" content=\"IWC Portofino Automatic - Galli Uhren Bijouterie\" \/>\n<meta property=\"og:description\" content=\"Blaue Zeiger und Appliken, ein argent\u00e9farbenes Zifferblatt sowie ein blaues Armband aus Alligatorleder verleihen dieser Portofino Automatic in Edelstahl einen speziellen Charme. Mit ihrem reduzierten Design, das gleichzeitig eine klassische Eleganz ausstrahlt, begeistert die Portofino von IWC Schaffhausen seit 1984 sowohl Frauen als auch M\u00e4nner. Einfache Dreizeigeruhren mit einer schlichten und aussergew\u00f6hnlich klaren Formensprache bilden... Weiter &raquo;\" \/>\n<meta property=\"og:url\" content=\"https:\/\/galli.ch\/uhren\/iwc\/portofino\/automatic-iw356527\/\" \/>\n<meta property=\"og:site_name\" content=\"Galli Uhren Bijouterie\" \/>\n<meta property=\"article:modified_time\" content=\"2026-04-20T16:13:59+00:00\" \/>\n<meta property=\"og:image\" content=\"https:\/\/galli.ch\/wp-content\/uploads\/2243155-png-transform-global_image_940_2x.png\" \/>\n\t<meta property=\"og:image:width\" content=\"1000\" \/>\n\t<meta property=\"og:image:height\" content=\"1400\" \/>\n\t<meta property=\"og:image:type\" content=\"image\/png\" \/>\n<meta name=\"twitter:card\" content=\"summary_large_image\" \/>\n<script type=\"application\/ld+json\" class=\"yoast-schema-graph\">{\"@context\":\"https:\/\/schema.org\",\"@graph\":[{\"@type\":\"WebPage\",\"@id\":\"https:\/\/galli.ch\/uhren\/iwc\/portofino\/automatic-iw356527\/\",\"url\":\"https:\/\/galli.ch\/uhren\/iwc\/portofino\/automatic-iw356527\/\",\"name\":\"IWC Portofino Automatic - Galli Uhren Bijouterie\",\"isPartOf\":{\"@id\":\"http:\/\/galli.ch\/en\/#website\"},\"primaryImageOfPage\":{\"@id\":\"https:\/\/galli.ch\/uhren\/iwc\/portofino\/automatic-iw356527\/#primaryimage\"},\"image\":{\"@id\":\"https:\/\/galli.ch\/uhren\/iwc\/portofino\/automatic-iw356527\/#primaryimage\"},\"thumbnailUrl\":\"https:\/\/galli.ch\/wp-content\/uploads\/2243155-png-transform-global_image_940_2x.png\",\"datePublished\":\"2022-09-08T13:27:00+00:00\",\"dateModified\":\"2026-04-20T16:13:59+00:00\",\"breadcrumb\":{\"@id\":\"https:\/\/galli.ch\/uhren\/iwc\/portofino\/automatic-iw356527\/#breadcrumb\"},\"inLanguage\":\"en-US\",\"potentialAction\":[{\"@type\":\"ReadAction\",\"target\":[\"https:\/\/galli.ch\/uhren\/iwc\/portofino\/automatic-iw356527\/\"]}]},{\"@type\":\"ImageObject\",\"inLanguage\":\"en-US\",\"@id\":\"https:\/\/galli.ch\/uhren\/iwc\/portofino\/automatic-iw356527\/#primaryimage\",\"url\":\"https:\/\/galli.ch\/wp-content\/uploads\/2243155-png-transform-global_image_940_2x.png\",\"contentUrl\":\"https:\/\/galli.ch\/wp-content\/uploads\/2243155-png-transform-global_image_940_2x.png\",\"width\":1000,\"height\":1400,\"caption\":\"iwc-portofino-automatic-IW3565-27\"},{\"@type\":\"BreadcrumbList\",\"@id\":\"https:\/\/galli.ch\/uhren\/iwc\/portofino\/automatic-iw356527\/#breadcrumb\",\"itemListElement\":[{\"@type\":\"ListItem\",\"position\":1,\"name\":\"Home\",\"item\":\"https:\/\/galli.ch\/en\/\"},{\"@type\":\"ListItem\",\"position\":2,\"name\":\"Uhren\",\"item\":\"https:\/\/galli.ch\/en\/uhren\/\"},{\"@type\":\"ListItem\",\"position\":3,\"name\":\"Portofino Automatic\"}]},{\"@type\":\"WebSite\",\"@id\":\"http:\/\/galli.ch\/en\/#website\",\"url\":\"http:\/\/galli.ch\/en\/\",\"name\":\"Galli Uhren Bijouterie\",\"description\":\"\",\"potentialAction\":[{\"@type\":\"SearchAction\",\"target\":{\"@type\":\"EntryPoint\",\"urlTemplate\":\"http:\/\/galli.ch\/en\/?s={search_term_string}\"},\"query-input\":{\"@type\":\"PropertyValueSpecification\",\"valueRequired\":true,\"valueName\":\"search_term_string\"}}],\"inLanguage\":\"en-US\"}]}<\/script>\n<!-- \/ Yoast SEO plugin. -->","yoast_head_json":{"title":"IWC Portofino Automatic - Galli Uhren Bijouterie","robots":{"index":"index","follow":"follow","max-snippet":"max-snippet:-1","max-image-preview":"max-image-preview:large","max-video-preview":"max-video-preview:-1"},"canonical":"https:\/\/galli.ch\/uhren\/iwc\/portofino\/automatic-iw356527\/","og_locale":"en_US","og_type":"article","og_title":"IWC Portofino Automatic - Galli Uhren Bijouterie","og_description":"Blaue Zeiger und Appliken, ein argent\u00e9farbenes Zifferblatt sowie ein blaues Armband aus Alligatorleder verleihen dieser Portofino Automatic in Edelstahl einen speziellen Charme. Mit ihrem reduzierten Design, das gleichzeitig eine klassische Eleganz ausstrahlt, begeistert die Portofino von IWC Schaffhausen seit 1984 sowohl Frauen als auch M\u00e4nner. Einfache Dreizeigeruhren mit einer schlichten und aussergew\u00f6hnlich klaren Formensprache bilden... Weiter &raquo;","og_url":"https:\/\/galli.ch\/uhren\/iwc\/portofino\/automatic-iw356527\/","og_site_name":"Galli Uhren Bijouterie","article_modified_time":"2026-04-20T16:13:59+00:00","og_image":[{"width":1000,"height":1400,"url":"https:\/\/galli.ch\/wp-content\/uploads\/2243155-png-transform-global_image_940_2x.png","type":"image\/png"}],"twitter_card":"summary_large_image","schema":{"@context":"https:\/\/schema.org","@graph":[{"@type":"WebPage","@id":"https:\/\/galli.ch\/uhren\/iwc\/portofino\/automatic-iw356527\/","url":"https:\/\/galli.ch\/uhren\/iwc\/portofino\/automatic-iw356527\/","name":"IWC Portofino Automatic - Galli Uhren Bijouterie","isPartOf":{"@id":"http:\/\/galli.ch\/en\/#website"},"primaryImageOfPage":{"@id":"https:\/\/galli.ch\/uhren\/iwc\/portofino\/automatic-iw356527\/#primaryimage"},"image":{"@id":"https:\/\/galli.ch\/uhren\/iwc\/portofino\/automatic-iw356527\/#primaryimage"},"thumbnailUrl":"https:\/\/galli.ch\/wp-content\/uploads\/2243155-png-transform-global_image_940_2x.png","datePublished":"2022-09-08T13:27:00+00:00","dateModified":"2026-04-20T16:13:59+00:00","breadcrumb":{"@id":"https:\/\/galli.ch\/uhren\/iwc\/portofino\/automatic-iw356527\/#breadcrumb"},"inLanguage":"en-US","potentialAction":[{"@type":"ReadAction","target":["https:\/\/galli.ch\/uhren\/iwc\/portofino\/automatic-iw356527\/"]}]},{"@type":"ImageObject","inLanguage":"en-US","@id":"https:\/\/galli.ch\/uhren\/iwc\/portofino\/automatic-iw356527\/#primaryimage","url":"https:\/\/galli.ch\/wp-content\/uploads\/2243155-png-transform-global_image_940_2x.png","contentUrl":"https:\/\/galli.ch\/wp-content\/uploads\/2243155-png-transform-global_image_940_2x.png","width":1000,"height":1400,"caption":"iwc-portofino-automatic-IW3565-27"},{"@type":"BreadcrumbList","@id":"https:\/\/galli.ch\/uhren\/iwc\/portofino\/automatic-iw356527\/#breadcrumb","itemListElement":[{"@type":"ListItem","position":1,"name":"Home","item":"https:\/\/galli.ch\/en\/"},{"@type":"ListItem","position":2,"name":"Uhren","item":"https:\/\/galli.ch\/en\/uhren\/"},{"@type":"ListItem","position":3,"name":"Portofino Automatic"}]},{"@type":"WebSite","@id":"http:\/\/galli.ch\/en\/#website","url":"http:\/\/galli.ch\/en\/","name":"Galli Uhren Bijouterie","description":"","potentialAction":[{"@type":"SearchAction","target":{"@type":"EntryPoint","urlTemplate":"http:\/\/galli.ch\/en\/?s={search_term_string}"},"query-input":{"@type":"PropertyValueSpecification","valueRequired":true,"valueName":"search_term_string"}}],"inLanguage":"en-US"}]}},"_links":{"self":[{"href":"https:\/\/galli.ch\/en\/wp-json\/wp\/v2\/product\/15268","targetHints":{"allow":["GET"]}}],"collection":[{"href":"https:\/\/galli.ch\/en\/wp-json\/wp\/v2\/product"}],"about":[{"href":"https:\/\/galli.ch\/en\/wp-json\/wp\/v2\/types\/product"}],"wp:featuredmedia":[{"embeddable":true,"href":"https:\/\/galli.ch\/en\/wp-json\/wp\/v2\/media\/15002"}],"wp:attachment":[{"href":"https:\/\/galli.ch\/en\/wp-json\/wp\/v2\/media?parent=15268"}],"wp:term":[{"taxonomy":"product_brand","embeddable":true,"href":"https:\/\/galli.ch\/en\/wp-json\/wp\/v2\/product_brand?post=15268"},{"taxonomy":"product_cat","embeddable":true,"href":"https:\/\/galli.ch\/en\/wp-json\/wp\/v2\/product_cat?post=15268"},{"taxonomy":"product_tag","embeddable":true,"href":"https:\/\/galli.ch\/en\/wp-json\/wp\/v2\/product_tag?post=15268"}],"curies":[{"name":"wp","href":"https:\/\/api.w.org\/{rel}","templated":true}]}}