{"id":15329,"date":"2022-09-10T17:51:19","date_gmt":"2022-09-10T15:51:19","guid":{"rendered":"https:\/\/galli.ch\/?post_type=product&#038;p=15329"},"modified":"2026-04-20T18:14:29","modified_gmt":"2026-04-20T16:14:29","slug":"chronograph-39-iw391407","status":"publish","type":"product","link":"https:\/\/galli.ch\/en\/uhren\/iwc\/portofino\/chronograph-39-iw391407\/","title":{"rendered":"IWC Portofino Chronograph 39"},"content":{"rendered":"<div class=\"iwc-dh-wrapper\">\n<div class=\"iwc-dh-inner\">\n<p class=\"text iwc-dh-text\">Der Portofino Chronograph 39 vereint das charakteristische Portofino-Design mit einer Prise Sportlichkeit in einem kompakten Durchmesser von 39 Millimetern.<\/p>\n<p>Das Geheimnis ihres anhaltenden Erfolgs ist das reduzierte, klassisch elegante Design. Erkennbar ist es am minimalistischen runden Geh\u00e4use mit geraden H\u00f6rnern, den applizierten Indizes und r\u00f6mischen Ziffern sowie den schlanken Feuille-Zeigern.<\/p>\n<\/div>\n<\/div>\n","protected":false},"excerpt":{"rendered":"<p>Der Portofino Chronograph 39 vereint das charakteristische Portofino-Design mit einer Prise Sportlichkeit in einem kompakten Durchmesser von 39 Millimetern. Das Geheimnis ihres anhaltenden Erfolgs ist das reduzierte, klassisch elegante Design. Erkennbar ist es am minimalistischen runden Geh\u00e4use mit geraden H\u00f6rnern, den applizierten Indizes und r\u00f6mischen Ziffern sowie den schlanken Feuille-Zeigern.<\/p>\n","protected":false},"featured_media":15280,"template":"","meta":{"_acf_changed":false,"inline_featured_image":false},"product_brand":[],"product_cat":[188],"product_tag":[],"class_list":{"0":"post-15329","1":"product","2":"type-product","3":"status-publish","4":"has-post-thumbnail","6":"uhrenhersteller-iwc","7":"uhrenhersteller-portofino","8":"product_cat-uhren","10":"first","11":"outofstock","12":"taxable","13":"shipping-taxable","14":"purchasable","15":"product-type-simple"},"acf":[],"yoast_head":"<!-- This site is optimized with the Yoast SEO plugin v25.5 - https:\/\/yoast.com\/wordpress\/plugins\/seo\/ -->\n<title>IWC Portofino Chronograph 39 - Galli Uhren Bijouterie<\/title>\n<meta name=\"robots\" content=\"index, follow, max-snippet:-1, max-image-preview:large, max-video-preview:-1\" \/>\n<link rel=\"canonical\" href=\"https:\/\/galli.ch\/uhren\/iwc\/portofino\/chronograph-39-iw391407\/\" \/>\n<meta property=\"og:locale\" content=\"en_US\" \/>\n<meta property=\"og:type\" content=\"article\" \/>\n<meta property=\"og:title\" content=\"IWC Portofino Chronograph 39 - Galli Uhren Bijouterie\" \/>\n<meta property=\"og:description\" content=\"Der Portofino Chronograph 39 vereint das charakteristische Portofino-Design mit einer Prise Sportlichkeit in einem kompakten Durchmesser von 39 Millimetern. Das Geheimnis ihres anhaltenden Erfolgs ist das reduzierte, klassisch elegante Design. Erkennbar ist es am minimalistischen runden Geh\u00e4use mit geraden H\u00f6rnern, den applizierten Indizes und r\u00f6mischen Ziffern sowie den schlanken Feuille-Zeigern.\" \/>\n<meta property=\"og:url\" content=\"https:\/\/galli.ch\/uhren\/iwc\/portofino\/chronograph-39-iw391407\/\" \/>\n<meta property=\"og:site_name\" content=\"Galli Uhren Bijouterie\" \/>\n<meta property=\"article:modified_time\" content=\"2026-04-20T16:14:29+00:00\" \/>\n<meta property=\"og:image\" content=\"https:\/\/galli.ch\/wp-content\/uploads\/2246258-png-transform-global_image_940_2x.png\" \/>\n\t<meta property=\"og:image:width\" content=\"1000\" \/>\n\t<meta property=\"og:image:height\" content=\"1400\" \/>\n\t<meta property=\"og:image:type\" content=\"image\/png\" \/>\n<meta name=\"twitter:card\" content=\"summary_large_image\" \/>\n<script type=\"application\/ld+json\" class=\"yoast-schema-graph\">{\"@context\":\"https:\/\/schema.org\",\"@graph\":[{\"@type\":\"WebPage\",\"@id\":\"https:\/\/galli.ch\/uhren\/iwc\/portofino\/chronograph-39-iw391407\/\",\"url\":\"https:\/\/galli.ch\/uhren\/iwc\/portofino\/chronograph-39-iw391407\/\",\"name\":\"IWC Portofino Chronograph 39 - Galli Uhren Bijouterie\",\"isPartOf\":{\"@id\":\"http:\/\/galli.ch\/en\/#website\"},\"primaryImageOfPage\":{\"@id\":\"https:\/\/galli.ch\/uhren\/iwc\/portofino\/chronograph-39-iw391407\/#primaryimage\"},\"image\":{\"@id\":\"https:\/\/galli.ch\/uhren\/iwc\/portofino\/chronograph-39-iw391407\/#primaryimage\"},\"thumbnailUrl\":\"https:\/\/galli.ch\/wp-content\/uploads\/2246258-png-transform-global_image_940_2x.png\",\"datePublished\":\"2022-09-10T15:51:19+00:00\",\"dateModified\":\"2026-04-20T16:14:29+00:00\",\"breadcrumb\":{\"@id\":\"https:\/\/galli.ch\/uhren\/iwc\/portofino\/chronograph-39-iw391407\/#breadcrumb\"},\"inLanguage\":\"en-US\",\"potentialAction\":[{\"@type\":\"ReadAction\",\"target\":[\"https:\/\/galli.ch\/uhren\/iwc\/portofino\/chronograph-39-iw391407\/\"]}]},{\"@type\":\"ImageObject\",\"inLanguage\":\"en-US\",\"@id\":\"https:\/\/galli.ch\/uhren\/iwc\/portofino\/chronograph-39-iw391407\/#primaryimage\",\"url\":\"https:\/\/galli.ch\/wp-content\/uploads\/2246258-png-transform-global_image_940_2x.png\",\"contentUrl\":\"https:\/\/galli.ch\/wp-content\/uploads\/2246258-png-transform-global_image_940_2x.png\",\"width\":1000,\"height\":1400,\"caption\":\"iwc-portofino-chronogarph-39-iw3914-07\"},{\"@type\":\"BreadcrumbList\",\"@id\":\"https:\/\/galli.ch\/uhren\/iwc\/portofino\/chronograph-39-iw391407\/#breadcrumb\",\"itemListElement\":[{\"@type\":\"ListItem\",\"position\":1,\"name\":\"Home\",\"item\":\"https:\/\/galli.ch\/en\/\"},{\"@type\":\"ListItem\",\"position\":2,\"name\":\"Uhren\",\"item\":\"https:\/\/galli.ch\/en\/uhren\/\"},{\"@type\":\"ListItem\",\"position\":3,\"name\":\"IWC Portofino Chronograph 39\"}]},{\"@type\":\"WebSite\",\"@id\":\"http:\/\/galli.ch\/en\/#website\",\"url\":\"http:\/\/galli.ch\/en\/\",\"name\":\"Galli Uhren Bijouterie\",\"description\":\"\",\"potentialAction\":[{\"@type\":\"SearchAction\",\"target\":{\"@type\":\"EntryPoint\",\"urlTemplate\":\"http:\/\/galli.ch\/en\/?s={search_term_string}\"},\"query-input\":{\"@type\":\"PropertyValueSpecification\",\"valueRequired\":true,\"valueName\":\"search_term_string\"}}],\"inLanguage\":\"en-US\"}]}<\/script>\n<!-- \/ Yoast SEO plugin. -->","yoast_head_json":{"title":"IWC Portofino Chronograph 39 - Galli Uhren Bijouterie","robots":{"index":"index","follow":"follow","max-snippet":"max-snippet:-1","max-image-preview":"max-image-preview:large","max-video-preview":"max-video-preview:-1"},"canonical":"https:\/\/galli.ch\/uhren\/iwc\/portofino\/chronograph-39-iw391407\/","og_locale":"en_US","og_type":"article","og_title":"IWC Portofino Chronograph 39 - Galli Uhren Bijouterie","og_description":"Der Portofino Chronograph 39 vereint das charakteristische Portofino-Design mit einer Prise Sportlichkeit in einem kompakten Durchmesser von 39 Millimetern. Das Geheimnis ihres anhaltenden Erfolgs ist das reduzierte, klassisch elegante Design. Erkennbar ist es am minimalistischen runden Geh\u00e4use mit geraden H\u00f6rnern, den applizierten Indizes und r\u00f6mischen Ziffern sowie den schlanken Feuille-Zeigern.","og_url":"https:\/\/galli.ch\/uhren\/iwc\/portofino\/chronograph-39-iw391407\/","og_site_name":"Galli Uhren Bijouterie","article_modified_time":"2026-04-20T16:14:29+00:00","og_image":[{"width":1000,"height":1400,"url":"https:\/\/galli.ch\/wp-content\/uploads\/2246258-png-transform-global_image_940_2x.png","type":"image\/png"}],"twitter_card":"summary_large_image","schema":{"@context":"https:\/\/schema.org","@graph":[{"@type":"WebPage","@id":"https:\/\/galli.ch\/uhren\/iwc\/portofino\/chronograph-39-iw391407\/","url":"https:\/\/galli.ch\/uhren\/iwc\/portofino\/chronograph-39-iw391407\/","name":"IWC Portofino Chronograph 39 - Galli Uhren Bijouterie","isPartOf":{"@id":"http:\/\/galli.ch\/en\/#website"},"primaryImageOfPage":{"@id":"https:\/\/galli.ch\/uhren\/iwc\/portofino\/chronograph-39-iw391407\/#primaryimage"},"image":{"@id":"https:\/\/galli.ch\/uhren\/iwc\/portofino\/chronograph-39-iw391407\/#primaryimage"},"thumbnailUrl":"https:\/\/galli.ch\/wp-content\/uploads\/2246258-png-transform-global_image_940_2x.png","datePublished":"2022-09-10T15:51:19+00:00","dateModified":"2026-04-20T16:14:29+00:00","breadcrumb":{"@id":"https:\/\/galli.ch\/uhren\/iwc\/portofino\/chronograph-39-iw391407\/#breadcrumb"},"inLanguage":"en-US","potentialAction":[{"@type":"ReadAction","target":["https:\/\/galli.ch\/uhren\/iwc\/portofino\/chronograph-39-iw391407\/"]}]},{"@type":"ImageObject","inLanguage":"en-US","@id":"https:\/\/galli.ch\/uhren\/iwc\/portofino\/chronograph-39-iw391407\/#primaryimage","url":"https:\/\/galli.ch\/wp-content\/uploads\/2246258-png-transform-global_image_940_2x.png","contentUrl":"https:\/\/galli.ch\/wp-content\/uploads\/2246258-png-transform-global_image_940_2x.png","width":1000,"height":1400,"caption":"iwc-portofino-chronogarph-39-iw3914-07"},{"@type":"BreadcrumbList","@id":"https:\/\/galli.ch\/uhren\/iwc\/portofino\/chronograph-39-iw391407\/#breadcrumb","itemListElement":[{"@type":"ListItem","position":1,"name":"Home","item":"https:\/\/galli.ch\/en\/"},{"@type":"ListItem","position":2,"name":"Uhren","item":"https:\/\/galli.ch\/en\/uhren\/"},{"@type":"ListItem","position":3,"name":"IWC Portofino Chronograph 39"}]},{"@type":"WebSite","@id":"http:\/\/galli.ch\/en\/#website","url":"http:\/\/galli.ch\/en\/","name":"Galli Uhren Bijouterie","description":"","potentialAction":[{"@type":"SearchAction","target":{"@type":"EntryPoint","urlTemplate":"http:\/\/galli.ch\/en\/?s={search_term_string}"},"query-input":{"@type":"PropertyValueSpecification","valueRequired":true,"valueName":"search_term_string"}}],"inLanguage":"en-US"}]}},"_links":{"self":[{"href":"https:\/\/galli.ch\/en\/wp-json\/wp\/v2\/product\/15329","targetHints":{"allow":["GET"]}}],"collection":[{"href":"https:\/\/galli.ch\/en\/wp-json\/wp\/v2\/product"}],"about":[{"href":"https:\/\/galli.ch\/en\/wp-json\/wp\/v2\/types\/product"}],"wp:featuredmedia":[{"embeddable":true,"href":"https:\/\/galli.ch\/en\/wp-json\/wp\/v2\/media\/15280"}],"wp:attachment":[{"href":"https:\/\/galli.ch\/en\/wp-json\/wp\/v2\/media?parent=15329"}],"wp:term":[{"taxonomy":"product_brand","embeddable":true,"href":"https:\/\/galli.ch\/en\/wp-json\/wp\/v2\/product_brand?post=15329"},{"taxonomy":"product_cat","embeddable":true,"href":"https:\/\/galli.ch\/en\/wp-json\/wp\/v2\/product_cat?post=15329"},{"taxonomy":"product_tag","embeddable":true,"href":"https:\/\/galli.ch\/en\/wp-json\/wp\/v2\/product_tag?post=15329"}],"curies":[{"name":"wp","href":"https:\/\/api.w.org\/{rel}","templated":true}]}}