{"id":15338,"date":"2022-09-10T18:32:19","date_gmt":"2022-09-10T16:32:19","guid":{"rendered":"https:\/\/galli.ch\/?post_type=product&#038;p=15338"},"modified":"2025-03-13T13:44:50","modified_gmt":"2025-03-13T12:44:50","slug":"automatic-day-night-34-iw659801","status":"publish","type":"product","link":"https:\/\/galli.ch\/en\/uhren\/iwc\/portofino\/automatic-day-night-34-iw659801\/","title":{"rendered":"IWC Portofino Automatic Day &#038; Night 34"},"content":{"rendered":"<div class=\"iwc-dh-wrapper\">\n<div class=\"iwc-dh-inner\">\n<p class=\"text iwc-dh-text\">Die Portofino Automatic Day &amp; Night 34 verf\u00fcgt \u00fcber eine Tag- und Nacht-Komplikation. Eine kleine Scheibe bei 6 Uhr zeigt an, ob es gerade Tag oder Nacht ist. Zur Mittagszeit oder um Mitternacht erscheint entweder die Sonne oder der Mond im oberen Bereich.<\/p>\n<p class=\"text iwc-dh-text\">Diese exklusive Damenuhr verf\u00fcgt \u00fcber ein Geh\u00e4use aus Edelstahl, ein blaues Zifferblatt sowie rhodinierte Zeiger und Appliken. Das Geh\u00e4use und das Zifferblatt sind mit 66 Diamanten in einem Gesamtgewicht von fast 1 Karat besetzt.<\/p>\n<\/div>\n<\/div>\n","protected":false},"excerpt":{"rendered":"<p>Die Portofino Automatic Day &amp; Night 34 verf\u00fcgt \u00fcber eine Tag- und Nacht-Komplikation. Eine kleine Scheibe bei 6 Uhr zeigt an, ob es gerade Tag oder Nacht ist. Zur Mittagszeit oder um Mitternacht erscheint entweder die Sonne oder der Mond im oberen Bereich. Diese exklusive Damenuhr verf\u00fcgt \u00fcber ein Geh\u00e4use aus Edelstahl, ein blaues Zifferblatt&#8230;  <a class=\"excerpt-read-more\" href=\"https:\/\/galli.ch\/en\/uhren\/iwc\/portofino\/automatic-day-night-34-iw659801\/\" title=\"Read IWC Portofino Automatic Day &#038; Night 34\">Weiter &raquo;<\/a><\/p>\n","protected":false},"featured_media":15290,"template":"","meta":{"_acf_changed":false,"inline_featured_image":false},"product_brand":[],"product_cat":[188],"product_tag":[],"class_list":{"0":"post-15338","1":"product","2":"type-product","3":"status-publish","4":"has-post-thumbnail","6":"uhrenhersteller-iwc","7":"uhrenhersteller-portofino","8":"product_cat-uhren","10":"first","11":"outofstock","12":"taxable","13":"shipping-taxable","14":"purchasable","15":"product-type-simple"},"acf":[],"yoast_head":"<!-- This site is optimized with the Yoast SEO plugin v25.5 - https:\/\/yoast.com\/wordpress\/plugins\/seo\/ -->\n<title>IWC Portofino Automatic Day &amp; Night 34 - Galli Uhren Bijouterie<\/title>\n<meta name=\"robots\" content=\"index, follow, max-snippet:-1, max-image-preview:large, max-video-preview:-1\" \/>\n<link rel=\"canonical\" href=\"https:\/\/galli.ch\/uhren\/iwc\/portofino\/automatic-day-night-34-iw659801\/\" \/>\n<meta property=\"og:locale\" content=\"en_US\" \/>\n<meta property=\"og:type\" content=\"article\" \/>\n<meta property=\"og:title\" content=\"IWC Portofino Automatic Day &amp; Night 34 - Galli Uhren Bijouterie\" \/>\n<meta property=\"og:description\" content=\"Die Portofino Automatic Day &amp; Night 34 verf\u00fcgt \u00fcber eine Tag- und Nacht-Komplikation. Eine kleine Scheibe bei 6 Uhr zeigt an, ob es gerade Tag oder Nacht ist. Zur Mittagszeit oder um Mitternacht erscheint entweder die Sonne oder der Mond im oberen Bereich. Diese exklusive Damenuhr verf\u00fcgt \u00fcber ein Geh\u00e4use aus Edelstahl, ein blaues Zifferblatt... Weiter &raquo;\" \/>\n<meta property=\"og:url\" content=\"https:\/\/galli.ch\/uhren\/iwc\/portofino\/automatic-day-night-34-iw659801\/\" \/>\n<meta property=\"og:site_name\" content=\"Galli Uhren Bijouterie\" \/>\n<meta property=\"article:modified_time\" content=\"2025-03-13T12:44:50+00:00\" \/>\n<meta property=\"og:image\" content=\"https:\/\/galli.ch\/wp-content\/uploads\/2388322-png-transform-global_image_940_2x.png\" \/>\n\t<meta property=\"og:image:width\" content=\"1000\" \/>\n\t<meta property=\"og:image:height\" content=\"1400\" \/>\n\t<meta property=\"og:image:type\" content=\"image\/png\" \/>\n<meta name=\"twitter:card\" content=\"summary_large_image\" \/>\n<script type=\"application\/ld+json\" class=\"yoast-schema-graph\">{\"@context\":\"https:\/\/schema.org\",\"@graph\":[{\"@type\":\"WebPage\",\"@id\":\"https:\/\/galli.ch\/uhren\/iwc\/portofino\/automatic-day-night-34-iw659801\/\",\"url\":\"https:\/\/galli.ch\/uhren\/iwc\/portofino\/automatic-day-night-34-iw659801\/\",\"name\":\"IWC Portofino Automatic Day & Night 34 - Galli Uhren Bijouterie\",\"isPartOf\":{\"@id\":\"http:\/\/galli.ch\/en\/#website\"},\"primaryImageOfPage\":{\"@id\":\"https:\/\/galli.ch\/uhren\/iwc\/portofino\/automatic-day-night-34-iw659801\/#primaryimage\"},\"image\":{\"@id\":\"https:\/\/galli.ch\/uhren\/iwc\/portofino\/automatic-day-night-34-iw659801\/#primaryimage\"},\"thumbnailUrl\":\"https:\/\/galli.ch\/wp-content\/uploads\/2388322-png-transform-global_image_940_2x.png\",\"datePublished\":\"2022-09-10T16:32:19+00:00\",\"dateModified\":\"2025-03-13T12:44:50+00:00\",\"breadcrumb\":{\"@id\":\"https:\/\/galli.ch\/uhren\/iwc\/portofino\/automatic-day-night-34-iw659801\/#breadcrumb\"},\"inLanguage\":\"en-US\",\"potentialAction\":[{\"@type\":\"ReadAction\",\"target\":[\"https:\/\/galli.ch\/uhren\/iwc\/portofino\/automatic-day-night-34-iw659801\/\"]}]},{\"@type\":\"ImageObject\",\"inLanguage\":\"en-US\",\"@id\":\"https:\/\/galli.ch\/uhren\/iwc\/portofino\/automatic-day-night-34-iw659801\/#primaryimage\",\"url\":\"https:\/\/galli.ch\/wp-content\/uploads\/2388322-png-transform-global_image_940_2x.png\",\"contentUrl\":\"https:\/\/galli.ch\/wp-content\/uploads\/2388322-png-transform-global_image_940_2x.png\",\"width\":1000,\"height\":1400,\"caption\":\"iwc-portofino-automatic-day-night-34\"},{\"@type\":\"BreadcrumbList\",\"@id\":\"https:\/\/galli.ch\/uhren\/iwc\/portofino\/automatic-day-night-34-iw659801\/#breadcrumb\",\"itemListElement\":[{\"@type\":\"ListItem\",\"position\":1,\"name\":\"Home\",\"item\":\"https:\/\/galli.ch\/en\/\"},{\"@type\":\"ListItem\",\"position\":2,\"name\":\"Uhren\",\"item\":\"https:\/\/galli.ch\/en\/uhren\/\"},{\"@type\":\"ListItem\",\"position\":3,\"name\":\"Portofino Automatic Day &#038; Night 34\"}]},{\"@type\":\"WebSite\",\"@id\":\"http:\/\/galli.ch\/en\/#website\",\"url\":\"http:\/\/galli.ch\/en\/\",\"name\":\"Galli Uhren Bijouterie\",\"description\":\"\",\"potentialAction\":[{\"@type\":\"SearchAction\",\"target\":{\"@type\":\"EntryPoint\",\"urlTemplate\":\"http:\/\/galli.ch\/en\/?s={search_term_string}\"},\"query-input\":{\"@type\":\"PropertyValueSpecification\",\"valueRequired\":true,\"valueName\":\"search_term_string\"}}],\"inLanguage\":\"en-US\"}]}<\/script>\n<!-- \/ Yoast SEO plugin. -->","yoast_head_json":{"title":"IWC Portofino Automatic Day & Night 34 - Galli Uhren Bijouterie","robots":{"index":"index","follow":"follow","max-snippet":"max-snippet:-1","max-image-preview":"max-image-preview:large","max-video-preview":"max-video-preview:-1"},"canonical":"https:\/\/galli.ch\/uhren\/iwc\/portofino\/automatic-day-night-34-iw659801\/","og_locale":"en_US","og_type":"article","og_title":"IWC Portofino Automatic Day & Night 34 - Galli Uhren Bijouterie","og_description":"Die Portofino Automatic Day &amp; Night 34 verf\u00fcgt \u00fcber eine Tag- und Nacht-Komplikation. Eine kleine Scheibe bei 6 Uhr zeigt an, ob es gerade Tag oder Nacht ist. Zur Mittagszeit oder um Mitternacht erscheint entweder die Sonne oder der Mond im oberen Bereich. Diese exklusive Damenuhr verf\u00fcgt \u00fcber ein Geh\u00e4use aus Edelstahl, ein blaues Zifferblatt... Weiter &raquo;","og_url":"https:\/\/galli.ch\/uhren\/iwc\/portofino\/automatic-day-night-34-iw659801\/","og_site_name":"Galli Uhren Bijouterie","article_modified_time":"2025-03-13T12:44:50+00:00","og_image":[{"width":1000,"height":1400,"url":"https:\/\/galli.ch\/wp-content\/uploads\/2388322-png-transform-global_image_940_2x.png","type":"image\/png"}],"twitter_card":"summary_large_image","schema":{"@context":"https:\/\/schema.org","@graph":[{"@type":"WebPage","@id":"https:\/\/galli.ch\/uhren\/iwc\/portofino\/automatic-day-night-34-iw659801\/","url":"https:\/\/galli.ch\/uhren\/iwc\/portofino\/automatic-day-night-34-iw659801\/","name":"IWC Portofino Automatic Day & Night 34 - Galli Uhren Bijouterie","isPartOf":{"@id":"http:\/\/galli.ch\/en\/#website"},"primaryImageOfPage":{"@id":"https:\/\/galli.ch\/uhren\/iwc\/portofino\/automatic-day-night-34-iw659801\/#primaryimage"},"image":{"@id":"https:\/\/galli.ch\/uhren\/iwc\/portofino\/automatic-day-night-34-iw659801\/#primaryimage"},"thumbnailUrl":"https:\/\/galli.ch\/wp-content\/uploads\/2388322-png-transform-global_image_940_2x.png","datePublished":"2022-09-10T16:32:19+00:00","dateModified":"2025-03-13T12:44:50+00:00","breadcrumb":{"@id":"https:\/\/galli.ch\/uhren\/iwc\/portofino\/automatic-day-night-34-iw659801\/#breadcrumb"},"inLanguage":"en-US","potentialAction":[{"@type":"ReadAction","target":["https:\/\/galli.ch\/uhren\/iwc\/portofino\/automatic-day-night-34-iw659801\/"]}]},{"@type":"ImageObject","inLanguage":"en-US","@id":"https:\/\/galli.ch\/uhren\/iwc\/portofino\/automatic-day-night-34-iw659801\/#primaryimage","url":"https:\/\/galli.ch\/wp-content\/uploads\/2388322-png-transform-global_image_940_2x.png","contentUrl":"https:\/\/galli.ch\/wp-content\/uploads\/2388322-png-transform-global_image_940_2x.png","width":1000,"height":1400,"caption":"iwc-portofino-automatic-day-night-34"},{"@type":"BreadcrumbList","@id":"https:\/\/galli.ch\/uhren\/iwc\/portofino\/automatic-day-night-34-iw659801\/#breadcrumb","itemListElement":[{"@type":"ListItem","position":1,"name":"Home","item":"https:\/\/galli.ch\/en\/"},{"@type":"ListItem","position":2,"name":"Uhren","item":"https:\/\/galli.ch\/en\/uhren\/"},{"@type":"ListItem","position":3,"name":"Portofino Automatic Day &#038; Night 34"}]},{"@type":"WebSite","@id":"http:\/\/galli.ch\/en\/#website","url":"http:\/\/galli.ch\/en\/","name":"Galli Uhren Bijouterie","description":"","potentialAction":[{"@type":"SearchAction","target":{"@type":"EntryPoint","urlTemplate":"http:\/\/galli.ch\/en\/?s={search_term_string}"},"query-input":{"@type":"PropertyValueSpecification","valueRequired":true,"valueName":"search_term_string"}}],"inLanguage":"en-US"}]}},"_links":{"self":[{"href":"https:\/\/galli.ch\/en\/wp-json\/wp\/v2\/product\/15338","targetHints":{"allow":["GET"]}}],"collection":[{"href":"https:\/\/galli.ch\/en\/wp-json\/wp\/v2\/product"}],"about":[{"href":"https:\/\/galli.ch\/en\/wp-json\/wp\/v2\/types\/product"}],"wp:featuredmedia":[{"embeddable":true,"href":"https:\/\/galli.ch\/en\/wp-json\/wp\/v2\/media\/15290"}],"wp:attachment":[{"href":"https:\/\/galli.ch\/en\/wp-json\/wp\/v2\/media?parent=15338"}],"wp:term":[{"taxonomy":"product_brand","embeddable":true,"href":"https:\/\/galli.ch\/en\/wp-json\/wp\/v2\/product_brand?post=15338"},{"taxonomy":"product_cat","embeddable":true,"href":"https:\/\/galli.ch\/en\/wp-json\/wp\/v2\/product_cat?post=15338"},{"taxonomy":"product_tag","embeddable":true,"href":"https:\/\/galli.ch\/en\/wp-json\/wp\/v2\/product_tag?post=15338"}],"curies":[{"name":"wp","href":"https:\/\/api.w.org\/{rel}","templated":true}]}}