{"id":15343,"date":"2022-09-10T19:24:13","date_gmt":"2022-09-10T17:24:13","guid":{"rendered":"https:\/\/galli.ch\/?post_type=product&#038;p=15343"},"modified":"2026-04-20T18:14:33","modified_gmt":"2026-04-20T16:14:33","slug":"automatic-37-iw458606","status":"publish","type":"product","link":"https:\/\/galli.ch\/en\/uhren\/iwc\/portofino\/automatic-37-iw458606\/","title":{"rendered":"IWC Portofino Automatic 37"},"content":{"rendered":"<p class=\"text iwc-dh-text\">Die Portofino Automatic 37 ist mit dem IWC-Manufakturkaliber 32111 ausgestattet und verf\u00fcgt \u00fcber einen Sichtboden aus Saphirglas.<\/p>\n<div class=\"iwc-read-ah iwc-btn-animation-ah\" tabindex=\"0\" data-target=\"iwc-target-panel-dh\">Diese Version verf\u00fcgt \u00fcber ein Geh\u00e4use aus 18-Karat Rotgold, ein argent\u00e9farbenes Zifferblatt sowie vergoldete Zeiger und Appliken. Auf dem Zifferblatt markieren 12 Diamanten die Stunden.<\/div>\n","protected":false},"excerpt":{"rendered":"<p>Die Portofino Automatic 37 ist mit dem IWC-Manufakturkaliber 32111 ausgestattet und verf\u00fcgt \u00fcber einen Sichtboden aus Saphirglas. Diese Version verf\u00fcgt \u00fcber ein Geh\u00e4use aus 18-Karat Rotgold, ein argent\u00e9farbenes Zifferblatt sowie vergoldete Zeiger und Appliken. Auf dem Zifferblatt markieren 12 Diamanten die Stunden.<\/p>\n","protected":false},"featured_media":15300,"template":"","meta":{"_acf_changed":false,"inline_featured_image":false},"product_brand":[],"product_cat":[188],"product_tag":[],"class_list":{"0":"post-15343","1":"product","2":"type-product","3":"status-publish","4":"has-post-thumbnail","6":"uhrenhersteller-iwc","7":"uhrenhersteller-portofino","8":"product_cat-uhren","10":"first","11":"outofstock","12":"taxable","13":"shipping-taxable","14":"purchasable","15":"product-type-simple"},"acf":[],"yoast_head":"<!-- This site is optimized with the Yoast SEO plugin v25.5 - https:\/\/yoast.com\/wordpress\/plugins\/seo\/ -->\n<title>IWC Portofino Automatic 37 - Galli Uhren Bijouterie<\/title>\n<meta name=\"robots\" content=\"index, follow, max-snippet:-1, max-image-preview:large, max-video-preview:-1\" \/>\n<link rel=\"canonical\" href=\"https:\/\/galli.ch\/uhren\/iwc\/portofino\/automatic-37-iw458606\/\" \/>\n<meta property=\"og:locale\" content=\"en_US\" \/>\n<meta property=\"og:type\" content=\"article\" \/>\n<meta property=\"og:title\" content=\"IWC Portofino Automatic 37 - Galli Uhren Bijouterie\" \/>\n<meta property=\"og:description\" content=\"Die Portofino Automatic 37 ist mit dem IWC-Manufakturkaliber 32111 ausgestattet und verf\u00fcgt \u00fcber einen Sichtboden aus Saphirglas. Diese Version verf\u00fcgt \u00fcber ein Geh\u00e4use aus 18-Karat Rotgold, ein argent\u00e9farbenes Zifferblatt sowie vergoldete Zeiger und Appliken. Auf dem Zifferblatt markieren 12 Diamanten die Stunden.\" \/>\n<meta property=\"og:url\" content=\"https:\/\/galli.ch\/uhren\/iwc\/portofino\/automatic-37-iw458606\/\" \/>\n<meta property=\"og:site_name\" content=\"Galli Uhren Bijouterie\" \/>\n<meta property=\"article:modified_time\" content=\"2026-04-20T16:14:33+00:00\" \/>\n<meta property=\"og:image\" content=\"https:\/\/galli.ch\/wp-content\/uploads\/2388835-png-transform-global_image_940_2x.png\" \/>\n\t<meta property=\"og:image:width\" content=\"1000\" \/>\n\t<meta property=\"og:image:height\" content=\"1400\" \/>\n\t<meta property=\"og:image:type\" content=\"image\/png\" \/>\n<meta name=\"twitter:card\" content=\"summary_large_image\" \/>\n<script type=\"application\/ld+json\" class=\"yoast-schema-graph\">{\"@context\":\"https:\/\/schema.org\",\"@graph\":[{\"@type\":\"WebPage\",\"@id\":\"https:\/\/galli.ch\/uhren\/iwc\/portofino\/automatic-37-iw458606\/\",\"url\":\"https:\/\/galli.ch\/uhren\/iwc\/portofino\/automatic-37-iw458606\/\",\"name\":\"IWC Portofino Automatic 37 - Galli Uhren Bijouterie\",\"isPartOf\":{\"@id\":\"http:\/\/galli.ch\/en\/#website\"},\"primaryImageOfPage\":{\"@id\":\"https:\/\/galli.ch\/uhren\/iwc\/portofino\/automatic-37-iw458606\/#primaryimage\"},\"image\":{\"@id\":\"https:\/\/galli.ch\/uhren\/iwc\/portofino\/automatic-37-iw458606\/#primaryimage\"},\"thumbnailUrl\":\"https:\/\/galli.ch\/wp-content\/uploads\/2388835-png-transform-global_image_940_2x.png\",\"datePublished\":\"2022-09-10T17:24:13+00:00\",\"dateModified\":\"2026-04-20T16:14:33+00:00\",\"breadcrumb\":{\"@id\":\"https:\/\/galli.ch\/uhren\/iwc\/portofino\/automatic-37-iw458606\/#breadcrumb\"},\"inLanguage\":\"en-US\",\"potentialAction\":[{\"@type\":\"ReadAction\",\"target\":[\"https:\/\/galli.ch\/uhren\/iwc\/portofino\/automatic-37-iw458606\/\"]}]},{\"@type\":\"ImageObject\",\"inLanguage\":\"en-US\",\"@id\":\"https:\/\/galli.ch\/uhren\/iwc\/portofino\/automatic-37-iw458606\/#primaryimage\",\"url\":\"https:\/\/galli.ch\/wp-content\/uploads\/2388835-png-transform-global_image_940_2x.png\",\"contentUrl\":\"https:\/\/galli.ch\/wp-content\/uploads\/2388835-png-transform-global_image_940_2x.png\",\"width\":1000,\"height\":1400,\"caption\":\"iwc-portofino-automatic-37-IW4586-06\"},{\"@type\":\"BreadcrumbList\",\"@id\":\"https:\/\/galli.ch\/uhren\/iwc\/portofino\/automatic-37-iw458606\/#breadcrumb\",\"itemListElement\":[{\"@type\":\"ListItem\",\"position\":1,\"name\":\"Home\",\"item\":\"https:\/\/galli.ch\/en\/\"},{\"@type\":\"ListItem\",\"position\":2,\"name\":\"Uhren\",\"item\":\"https:\/\/galli.ch\/en\/uhren\/\"},{\"@type\":\"ListItem\",\"position\":3,\"name\":\"IWC Portofino Automatic 37\"}]},{\"@type\":\"WebSite\",\"@id\":\"http:\/\/galli.ch\/en\/#website\",\"url\":\"http:\/\/galli.ch\/en\/\",\"name\":\"Galli Uhren Bijouterie\",\"description\":\"\",\"potentialAction\":[{\"@type\":\"SearchAction\",\"target\":{\"@type\":\"EntryPoint\",\"urlTemplate\":\"http:\/\/galli.ch\/en\/?s={search_term_string}\"},\"query-input\":{\"@type\":\"PropertyValueSpecification\",\"valueRequired\":true,\"valueName\":\"search_term_string\"}}],\"inLanguage\":\"en-US\"}]}<\/script>\n<!-- \/ Yoast SEO plugin. -->","yoast_head_json":{"title":"IWC Portofino Automatic 37 - Galli Uhren Bijouterie","robots":{"index":"index","follow":"follow","max-snippet":"max-snippet:-1","max-image-preview":"max-image-preview:large","max-video-preview":"max-video-preview:-1"},"canonical":"https:\/\/galli.ch\/uhren\/iwc\/portofino\/automatic-37-iw458606\/","og_locale":"en_US","og_type":"article","og_title":"IWC Portofino Automatic 37 - Galli Uhren Bijouterie","og_description":"Die Portofino Automatic 37 ist mit dem IWC-Manufakturkaliber 32111 ausgestattet und verf\u00fcgt \u00fcber einen Sichtboden aus Saphirglas. Diese Version verf\u00fcgt \u00fcber ein Geh\u00e4use aus 18-Karat Rotgold, ein argent\u00e9farbenes Zifferblatt sowie vergoldete Zeiger und Appliken. Auf dem Zifferblatt markieren 12 Diamanten die Stunden.","og_url":"https:\/\/galli.ch\/uhren\/iwc\/portofino\/automatic-37-iw458606\/","og_site_name":"Galli Uhren Bijouterie","article_modified_time":"2026-04-20T16:14:33+00:00","og_image":[{"width":1000,"height":1400,"url":"https:\/\/galli.ch\/wp-content\/uploads\/2388835-png-transform-global_image_940_2x.png","type":"image\/png"}],"twitter_card":"summary_large_image","schema":{"@context":"https:\/\/schema.org","@graph":[{"@type":"WebPage","@id":"https:\/\/galli.ch\/uhren\/iwc\/portofino\/automatic-37-iw458606\/","url":"https:\/\/galli.ch\/uhren\/iwc\/portofino\/automatic-37-iw458606\/","name":"IWC Portofino Automatic 37 - Galli Uhren Bijouterie","isPartOf":{"@id":"http:\/\/galli.ch\/en\/#website"},"primaryImageOfPage":{"@id":"https:\/\/galli.ch\/uhren\/iwc\/portofino\/automatic-37-iw458606\/#primaryimage"},"image":{"@id":"https:\/\/galli.ch\/uhren\/iwc\/portofino\/automatic-37-iw458606\/#primaryimage"},"thumbnailUrl":"https:\/\/galli.ch\/wp-content\/uploads\/2388835-png-transform-global_image_940_2x.png","datePublished":"2022-09-10T17:24:13+00:00","dateModified":"2026-04-20T16:14:33+00:00","breadcrumb":{"@id":"https:\/\/galli.ch\/uhren\/iwc\/portofino\/automatic-37-iw458606\/#breadcrumb"},"inLanguage":"en-US","potentialAction":[{"@type":"ReadAction","target":["https:\/\/galli.ch\/uhren\/iwc\/portofino\/automatic-37-iw458606\/"]}]},{"@type":"ImageObject","inLanguage":"en-US","@id":"https:\/\/galli.ch\/uhren\/iwc\/portofino\/automatic-37-iw458606\/#primaryimage","url":"https:\/\/galli.ch\/wp-content\/uploads\/2388835-png-transform-global_image_940_2x.png","contentUrl":"https:\/\/galli.ch\/wp-content\/uploads\/2388835-png-transform-global_image_940_2x.png","width":1000,"height":1400,"caption":"iwc-portofino-automatic-37-IW4586-06"},{"@type":"BreadcrumbList","@id":"https:\/\/galli.ch\/uhren\/iwc\/portofino\/automatic-37-iw458606\/#breadcrumb","itemListElement":[{"@type":"ListItem","position":1,"name":"Home","item":"https:\/\/galli.ch\/en\/"},{"@type":"ListItem","position":2,"name":"Uhren","item":"https:\/\/galli.ch\/en\/uhren\/"},{"@type":"ListItem","position":3,"name":"IWC Portofino Automatic 37"}]},{"@type":"WebSite","@id":"http:\/\/galli.ch\/en\/#website","url":"http:\/\/galli.ch\/en\/","name":"Galli Uhren Bijouterie","description":"","potentialAction":[{"@type":"SearchAction","target":{"@type":"EntryPoint","urlTemplate":"http:\/\/galli.ch\/en\/?s={search_term_string}"},"query-input":{"@type":"PropertyValueSpecification","valueRequired":true,"valueName":"search_term_string"}}],"inLanguage":"en-US"}]}},"_links":{"self":[{"href":"https:\/\/galli.ch\/en\/wp-json\/wp\/v2\/product\/15343","targetHints":{"allow":["GET"]}}],"collection":[{"href":"https:\/\/galli.ch\/en\/wp-json\/wp\/v2\/product"}],"about":[{"href":"https:\/\/galli.ch\/en\/wp-json\/wp\/v2\/types\/product"}],"wp:featuredmedia":[{"embeddable":true,"href":"https:\/\/galli.ch\/en\/wp-json\/wp\/v2\/media\/15300"}],"wp:attachment":[{"href":"https:\/\/galli.ch\/en\/wp-json\/wp\/v2\/media?parent=15343"}],"wp:term":[{"taxonomy":"product_brand","embeddable":true,"href":"https:\/\/galli.ch\/en\/wp-json\/wp\/v2\/product_brand?post=15343"},{"taxonomy":"product_cat","embeddable":true,"href":"https:\/\/galli.ch\/en\/wp-json\/wp\/v2\/product_cat?post=15343"},{"taxonomy":"product_tag","embeddable":true,"href":"https:\/\/galli.ch\/en\/wp-json\/wp\/v2\/product_tag?post=15343"}],"curies":[{"name":"wp","href":"https:\/\/api.w.org\/{rel}","templated":true}]}}