{"id":1567,"date":"2018-07-25T19:47:45","date_gmt":"2018-07-25T19:47:45","guid":{"rendered":"http:\/\/galli.ch\/?post_type=uhren&#038;p=1567"},"modified":"2026-03-16T10:45:01","modified_gmt":"2026-03-16T09:45:01","slug":"perpetual-calendar-redgold-iw503302","status":"publish","type":"product","link":"https:\/\/galli.ch\/en\/uhren\/iwc\/portugieser\/perpetual-calendar-redgold-iw503302\/","title":{"rendered":"IWC Portugieser Perpetual Calendar"},"content":{"rendered":"<p>Die Mondphasenanzeige der Portugieser Perpetual Calendar weicht in 577,5 Jahren nur um einen Tag vom tats\u00e4chlichen Mondumlauf ab. Die elegante Zeitmaschine l\u00e4sst so gut wie keine W\u00fcnsche offen. Unter anderem verf\u00fcgt sie \u00fcber einen ewigen Kalender mit Anzeige der kompletten Jahreszahl und ein 7-Tage-Automatikwerk mit Pellaton-Aufzug. Das versilberte Zifferblatt zeigt auf seinen vier Innenzifferbl\u00e4ttern die Mondphase, das Datum und die Gangreserve, den Monat sowie den Wochentag plus kleine Sekunde an.<\/p>\n<p>Das Manufakturwerk aus der IWC-Kaliberfamilie 52000 mit massiv rotgoldenen Schwungmassen und gebl\u00e4uten Schrauben sorgt f\u00fcr den Antrieb. Die Uhr in 18 Karat Rotgold besitzt randgew\u00f6lbtes Frontglas und wird am dunkelbraunem Alligatorlederarmband getragen.<\/p>\n","protected":false},"excerpt":{"rendered":"<p>Die Mondphasenanzeige der Portugieser Perpetual Calendar weicht in 577,5 Jahren nur um einen Tag vom tats\u00e4chlichen Mondumlauf ab. Die elegante Zeitmaschine l\u00e4sst so gut wie keine W\u00fcnsche offen. Unter anderem verf\u00fcgt sie \u00fcber einen ewigen Kalender mit Anzeige der kompletten Jahreszahl und ein 7-Tage-Automatikwerk mit Pellaton-Aufzug. Das versilberte Zifferblatt zeigt auf seinen vier Innenzifferbl\u00e4ttern die&#8230;  <a class=\"excerpt-read-more\" href=\"https:\/\/galli.ch\/en\/uhren\/iwc\/portugieser\/perpetual-calendar-redgold-iw503302\/\" title=\"Read IWC Portugieser Perpetual Calendar\">Weiter &raquo;<\/a><\/p>\n","protected":false},"featured_media":1548,"template":"","meta":{"_acf_changed":false,"inline_featured_image":false},"product_brand":[],"product_cat":[188],"product_tag":[],"class_list":{"0":"post-1567","1":"product","2":"type-product","3":"status-publish","4":"has-post-thumbnail","6":"uhrenhersteller-iwc","7":"uhrenhersteller-portugieser","8":"product_cat-uhren","10":"first","11":"outofstock","12":"taxable","13":"shipping-taxable","14":"purchasable","15":"product-type-simple"},"acf":[],"yoast_head":"<!-- This site is optimized with the Yoast SEO plugin v25.5 - https:\/\/yoast.com\/wordpress\/plugins\/seo\/ -->\n<title>IWC Portugieser Perpetual Calendar - Galli Uhren Bijouterie<\/title>\n<meta name=\"robots\" content=\"index, follow, max-snippet:-1, max-image-preview:large, max-video-preview:-1\" \/>\n<link rel=\"canonical\" href=\"https:\/\/galli.ch\/uhren\/iwc\/portugieser\/perpetual-calendar-redgold-iw503302\/\" \/>\n<meta property=\"og:locale\" content=\"en_US\" \/>\n<meta property=\"og:type\" content=\"article\" \/>\n<meta property=\"og:title\" content=\"IWC Portugieser Perpetual Calendar - Galli Uhren Bijouterie\" \/>\n<meta property=\"og:description\" content=\"Die Mondphasenanzeige der Portugieser Perpetual Calendar weicht in 577,5 Jahren nur um einen Tag vom tats\u00e4chlichen Mondumlauf ab. Die elegante Zeitmaschine l\u00e4sst so gut wie keine W\u00fcnsche offen. Unter anderem verf\u00fcgt sie \u00fcber einen ewigen Kalender mit Anzeige der kompletten Jahreszahl und ein 7-Tage-Automatikwerk mit Pellaton-Aufzug. Das versilberte Zifferblatt zeigt auf seinen vier Innenzifferbl\u00e4ttern die... Weiter &raquo;\" \/>\n<meta property=\"og:url\" content=\"https:\/\/galli.ch\/uhren\/iwc\/portugieser\/perpetual-calendar-redgold-iw503302\/\" \/>\n<meta property=\"og:site_name\" content=\"Galli Uhren Bijouterie\" \/>\n<meta property=\"article:modified_time\" content=\"2026-03-16T09:45:01+00:00\" \/>\n<meta property=\"og:image\" content=\"https:\/\/galli.ch\/wp-content\/uploads\/IW503302-Portugieser-Perpetual-Calendar-2018_1641414.png\" \/>\n\t<meta property=\"og:image:width\" content=\"1000\" \/>\n\t<meta property=\"og:image:height\" content=\"1400\" \/>\n\t<meta property=\"og:image:type\" content=\"image\/png\" \/>\n<meta name=\"twitter:card\" content=\"summary_large_image\" \/>\n<script type=\"application\/ld+json\" class=\"yoast-schema-graph\">{\"@context\":\"https:\/\/schema.org\",\"@graph\":[{\"@type\":\"WebPage\",\"@id\":\"https:\/\/galli.ch\/uhren\/iwc\/portugieser\/perpetual-calendar-redgold-iw503302\/\",\"url\":\"https:\/\/galli.ch\/uhren\/iwc\/portugieser\/perpetual-calendar-redgold-iw503302\/\",\"name\":\"IWC Portugieser Perpetual Calendar - Galli Uhren Bijouterie\",\"isPartOf\":{\"@id\":\"http:\/\/galli.ch\/en\/#website\"},\"primaryImageOfPage\":{\"@id\":\"https:\/\/galli.ch\/uhren\/iwc\/portugieser\/perpetual-calendar-redgold-iw503302\/#primaryimage\"},\"image\":{\"@id\":\"https:\/\/galli.ch\/uhren\/iwc\/portugieser\/perpetual-calendar-redgold-iw503302\/#primaryimage\"},\"thumbnailUrl\":\"https:\/\/galli.ch\/wp-content\/uploads\/IW503302-Portugieser-Perpetual-Calendar-2018_1641414.png\",\"datePublished\":\"2018-07-25T19:47:45+00:00\",\"dateModified\":\"2026-03-16T09:45:01+00:00\",\"breadcrumb\":{\"@id\":\"https:\/\/galli.ch\/uhren\/iwc\/portugieser\/perpetual-calendar-redgold-iw503302\/#breadcrumb\"},\"inLanguage\":\"en-US\",\"potentialAction\":[{\"@type\":\"ReadAction\",\"target\":[\"https:\/\/galli.ch\/uhren\/iwc\/portugieser\/perpetual-calendar-redgold-iw503302\/\"]}]},{\"@type\":\"ImageObject\",\"inLanguage\":\"en-US\",\"@id\":\"https:\/\/galli.ch\/uhren\/iwc\/portugieser\/perpetual-calendar-redgold-iw503302\/#primaryimage\",\"url\":\"https:\/\/galli.ch\/wp-content\/uploads\/IW503302-Portugieser-Perpetual-Calendar-2018_1641414.png\",\"contentUrl\":\"https:\/\/galli.ch\/wp-content\/uploads\/IW503302-Portugieser-Perpetual-Calendar-2018_1641414.png\",\"width\":1000,\"height\":1400,\"caption\":\"IWC Portugieser Perpetual Calendar\"},{\"@type\":\"BreadcrumbList\",\"@id\":\"https:\/\/galli.ch\/uhren\/iwc\/portugieser\/perpetual-calendar-redgold-iw503302\/#breadcrumb\",\"itemListElement\":[{\"@type\":\"ListItem\",\"position\":1,\"name\":\"Home\",\"item\":\"https:\/\/galli.ch\/en\/\"},{\"@type\":\"ListItem\",\"position\":2,\"name\":\"Uhren\",\"item\":\"https:\/\/galli.ch\/en\/uhren\/\"},{\"@type\":\"ListItem\",\"position\":3,\"name\":\"IWC Portugieser Perpetual Calendar\"}]},{\"@type\":\"WebSite\",\"@id\":\"http:\/\/galli.ch\/en\/#website\",\"url\":\"http:\/\/galli.ch\/en\/\",\"name\":\"Galli Uhren Bijouterie\",\"description\":\"\",\"potentialAction\":[{\"@type\":\"SearchAction\",\"target\":{\"@type\":\"EntryPoint\",\"urlTemplate\":\"http:\/\/galli.ch\/en\/?s={search_term_string}\"},\"query-input\":{\"@type\":\"PropertyValueSpecification\",\"valueRequired\":true,\"valueName\":\"search_term_string\"}}],\"inLanguage\":\"en-US\"}]}<\/script>\n<!-- \/ Yoast SEO plugin. -->","yoast_head_json":{"title":"IWC Portugieser Perpetual Calendar - Galli Uhren Bijouterie","robots":{"index":"index","follow":"follow","max-snippet":"max-snippet:-1","max-image-preview":"max-image-preview:large","max-video-preview":"max-video-preview:-1"},"canonical":"https:\/\/galli.ch\/uhren\/iwc\/portugieser\/perpetual-calendar-redgold-iw503302\/","og_locale":"en_US","og_type":"article","og_title":"IWC Portugieser Perpetual Calendar - Galli Uhren Bijouterie","og_description":"Die Mondphasenanzeige der Portugieser Perpetual Calendar weicht in 577,5 Jahren nur um einen Tag vom tats\u00e4chlichen Mondumlauf ab. Die elegante Zeitmaschine l\u00e4sst so gut wie keine W\u00fcnsche offen. Unter anderem verf\u00fcgt sie \u00fcber einen ewigen Kalender mit Anzeige der kompletten Jahreszahl und ein 7-Tage-Automatikwerk mit Pellaton-Aufzug. Das versilberte Zifferblatt zeigt auf seinen vier Innenzifferbl\u00e4ttern die... Weiter &raquo;","og_url":"https:\/\/galli.ch\/uhren\/iwc\/portugieser\/perpetual-calendar-redgold-iw503302\/","og_site_name":"Galli Uhren Bijouterie","article_modified_time":"2026-03-16T09:45:01+00:00","og_image":[{"width":1000,"height":1400,"url":"https:\/\/galli.ch\/wp-content\/uploads\/IW503302-Portugieser-Perpetual-Calendar-2018_1641414.png","type":"image\/png"}],"twitter_card":"summary_large_image","schema":{"@context":"https:\/\/schema.org","@graph":[{"@type":"WebPage","@id":"https:\/\/galli.ch\/uhren\/iwc\/portugieser\/perpetual-calendar-redgold-iw503302\/","url":"https:\/\/galli.ch\/uhren\/iwc\/portugieser\/perpetual-calendar-redgold-iw503302\/","name":"IWC Portugieser Perpetual Calendar - Galli Uhren Bijouterie","isPartOf":{"@id":"http:\/\/galli.ch\/en\/#website"},"primaryImageOfPage":{"@id":"https:\/\/galli.ch\/uhren\/iwc\/portugieser\/perpetual-calendar-redgold-iw503302\/#primaryimage"},"image":{"@id":"https:\/\/galli.ch\/uhren\/iwc\/portugieser\/perpetual-calendar-redgold-iw503302\/#primaryimage"},"thumbnailUrl":"https:\/\/galli.ch\/wp-content\/uploads\/IW503302-Portugieser-Perpetual-Calendar-2018_1641414.png","datePublished":"2018-07-25T19:47:45+00:00","dateModified":"2026-03-16T09:45:01+00:00","breadcrumb":{"@id":"https:\/\/galli.ch\/uhren\/iwc\/portugieser\/perpetual-calendar-redgold-iw503302\/#breadcrumb"},"inLanguage":"en-US","potentialAction":[{"@type":"ReadAction","target":["https:\/\/galli.ch\/uhren\/iwc\/portugieser\/perpetual-calendar-redgold-iw503302\/"]}]},{"@type":"ImageObject","inLanguage":"en-US","@id":"https:\/\/galli.ch\/uhren\/iwc\/portugieser\/perpetual-calendar-redgold-iw503302\/#primaryimage","url":"https:\/\/galli.ch\/wp-content\/uploads\/IW503302-Portugieser-Perpetual-Calendar-2018_1641414.png","contentUrl":"https:\/\/galli.ch\/wp-content\/uploads\/IW503302-Portugieser-Perpetual-Calendar-2018_1641414.png","width":1000,"height":1400,"caption":"IWC Portugieser Perpetual Calendar"},{"@type":"BreadcrumbList","@id":"https:\/\/galli.ch\/uhren\/iwc\/portugieser\/perpetual-calendar-redgold-iw503302\/#breadcrumb","itemListElement":[{"@type":"ListItem","position":1,"name":"Home","item":"https:\/\/galli.ch\/en\/"},{"@type":"ListItem","position":2,"name":"Uhren","item":"https:\/\/galli.ch\/en\/uhren\/"},{"@type":"ListItem","position":3,"name":"IWC Portugieser Perpetual Calendar"}]},{"@type":"WebSite","@id":"http:\/\/galli.ch\/en\/#website","url":"http:\/\/galli.ch\/en\/","name":"Galli Uhren Bijouterie","description":"","potentialAction":[{"@type":"SearchAction","target":{"@type":"EntryPoint","urlTemplate":"http:\/\/galli.ch\/en\/?s={search_term_string}"},"query-input":{"@type":"PropertyValueSpecification","valueRequired":true,"valueName":"search_term_string"}}],"inLanguage":"en-US"}]}},"_links":{"self":[{"href":"https:\/\/galli.ch\/en\/wp-json\/wp\/v2\/product\/1567","targetHints":{"allow":["GET"]}}],"collection":[{"href":"https:\/\/galli.ch\/en\/wp-json\/wp\/v2\/product"}],"about":[{"href":"https:\/\/galli.ch\/en\/wp-json\/wp\/v2\/types\/product"}],"wp:featuredmedia":[{"embeddable":true,"href":"https:\/\/galli.ch\/en\/wp-json\/wp\/v2\/media\/1548"}],"wp:attachment":[{"href":"https:\/\/galli.ch\/en\/wp-json\/wp\/v2\/media?parent=1567"}],"wp:term":[{"taxonomy":"product_brand","embeddable":true,"href":"https:\/\/galli.ch\/en\/wp-json\/wp\/v2\/product_brand?post=1567"},{"taxonomy":"product_cat","embeddable":true,"href":"https:\/\/galli.ch\/en\/wp-json\/wp\/v2\/product_cat?post=1567"},{"taxonomy":"product_tag","embeddable":true,"href":"https:\/\/galli.ch\/en\/wp-json\/wp\/v2\/product_tag?post=1567"}],"curies":[{"name":"wp","href":"https:\/\/api.w.org\/{rel}","templated":true}]}}