{"id":15976,"date":"2022-10-31T09:42:05","date_gmt":"2022-10-31T08:42:05","guid":{"rendered":"https:\/\/galli.ch\/?post_type=product&#038;p=15976"},"modified":"2026-03-30T10:16:41","modified_gmt":"2026-03-30T08:16:41","slug":"prx-35mm-t137-210-33-021-00","status":"publish","type":"product","link":"https:\/\/galli.ch\/en\/uhren\/tissot\/t-classic\/prx-35mm-t137-210-33-021-00\/","title":{"rendered":"Tissot PRX 35mm"},"content":{"rendered":"<p>Im Jahr 1978 kreierte Tissot ein Quarzmodell, das sich durch ein schlankes Geh\u00e4use, schmale Indexe und ein Stahlarmband auszeichnete. Sein f\u00fcr die Zeit typischer breiter, horizontaler Bandanstoss war perfekt in das flache Geh\u00e4use in Tonneau-Form integriert.<\/p>\n<p>Einige Jahre sp\u00e4ter liess Tissot den Namen PRX eintragen. \u201ePR\u201c steht dabei f\u00fcr \u201epr\u00e4zise\u201c und \u201erobust\u201c. Das \u201eX\u201c steht f\u00fcr die r\u00f6mische Zahl Zehn und f\u00fcr den Druck von 10 Bar, der einer Tiefe von 100 Metern entspricht, bis zu denen die Uhr wasserdicht bleibt.<\/p>\n","protected":false},"excerpt":{"rendered":"<p>Im Jahr 1978 kreierte Tissot ein Quarzmodell, das sich durch ein schlankes Geh\u00e4use, schmale Indexe und ein Stahlarmband auszeichnete. Sein f\u00fcr die Zeit typischer breiter, horizontaler Bandanstoss war perfekt in das flache Geh\u00e4use in Tonneau-Form integriert. Einige Jahre sp\u00e4ter liess Tissot den Namen PRX eintragen. \u201ePR\u201c steht dabei f\u00fcr \u201epr\u00e4zise\u201c und \u201erobust\u201c. Das \u201eX\u201c steht&#8230;  <a class=\"excerpt-read-more\" href=\"https:\/\/galli.ch\/en\/uhren\/tissot\/t-classic\/prx-35mm-t137-210-33-021-00\/\" title=\"Read Tissot PRX 35mm\">Weiter &raquo;<\/a><\/p>\n","protected":false},"featured_media":15968,"template":"","meta":{"_acf_changed":false,"inline_featured_image":false},"product_brand":[],"product_cat":[188],"product_tag":[],"class_list":{"0":"post-15976","1":"product","2":"type-product","3":"status-publish","4":"has-post-thumbnail","6":"uhrenhersteller-tissot","7":"uhrenhersteller-t-classic","8":"product_cat-uhren","10":"first","11":"outofstock","12":"taxable","13":"shipping-taxable","14":"purchasable","15":"product-type-simple"},"acf":[],"yoast_head":"<!-- This site is optimized with the Yoast SEO plugin v25.5 - https:\/\/yoast.com\/wordpress\/plugins\/seo\/ -->\n<title>Tissot PRX 35mm - Galli Uhren Bijouterie<\/title>\n<meta name=\"robots\" content=\"index, follow, max-snippet:-1, max-image-preview:large, max-video-preview:-1\" \/>\n<link rel=\"canonical\" href=\"https:\/\/galli.ch\/uhren\/tissot\/t-classic\/prx-35mm-t137-210-33-021-00\/\" \/>\n<meta property=\"og:locale\" content=\"en_US\" \/>\n<meta property=\"og:type\" content=\"article\" \/>\n<meta property=\"og:title\" content=\"Tissot PRX 35mm - Galli Uhren Bijouterie\" \/>\n<meta property=\"og:description\" content=\"Im Jahr 1978 kreierte Tissot ein Quarzmodell, das sich durch ein schlankes Geh\u00e4use, schmale Indexe und ein Stahlarmband auszeichnete. Sein f\u00fcr die Zeit typischer breiter, horizontaler Bandanstoss war perfekt in das flache Geh\u00e4use in Tonneau-Form integriert. Einige Jahre sp\u00e4ter liess Tissot den Namen PRX eintragen. \u201ePR\u201c steht dabei f\u00fcr \u201epr\u00e4zise\u201c und \u201erobust\u201c. Das \u201eX\u201c steht... Weiter &raquo;\" \/>\n<meta property=\"og:url\" content=\"https:\/\/galli.ch\/uhren\/tissot\/t-classic\/prx-35mm-t137-210-33-021-00\/\" \/>\n<meta property=\"og:site_name\" content=\"Galli Uhren Bijouterie\" \/>\n<meta property=\"article:modified_time\" content=\"2026-03-30T08:16:41+00:00\" \/>\n<meta property=\"og:image\" content=\"https:\/\/galli.ch\/wp-content\/uploads\/T137-210-33-021-00_1.png\" \/>\n\t<meta property=\"og:image:width\" content=\"1000\" \/>\n\t<meta property=\"og:image:height\" content=\"1400\" \/>\n\t<meta property=\"og:image:type\" content=\"image\/png\" \/>\n<meta name=\"twitter:card\" content=\"summary_large_image\" \/>\n<script type=\"application\/ld+json\" class=\"yoast-schema-graph\">{\"@context\":\"https:\/\/schema.org\",\"@graph\":[{\"@type\":\"WebPage\",\"@id\":\"https:\/\/galli.ch\/uhren\/tissot\/t-classic\/prx-35mm-t137-210-33-021-00\/\",\"url\":\"https:\/\/galli.ch\/uhren\/tissot\/t-classic\/prx-35mm-t137-210-33-021-00\/\",\"name\":\"Tissot PRX 35mm - Galli Uhren Bijouterie\",\"isPartOf\":{\"@id\":\"http:\/\/galli.ch\/en\/#website\"},\"primaryImageOfPage\":{\"@id\":\"https:\/\/galli.ch\/uhren\/tissot\/t-classic\/prx-35mm-t137-210-33-021-00\/#primaryimage\"},\"image\":{\"@id\":\"https:\/\/galli.ch\/uhren\/tissot\/t-classic\/prx-35mm-t137-210-33-021-00\/#primaryimage\"},\"thumbnailUrl\":\"https:\/\/galli.ch\/wp-content\/uploads\/T137-210-33-021-00_1.png\",\"datePublished\":\"2022-10-31T08:42:05+00:00\",\"dateModified\":\"2026-03-30T08:16:41+00:00\",\"breadcrumb\":{\"@id\":\"https:\/\/galli.ch\/uhren\/tissot\/t-classic\/prx-35mm-t137-210-33-021-00\/#breadcrumb\"},\"inLanguage\":\"en-US\",\"potentialAction\":[{\"@type\":\"ReadAction\",\"target\":[\"https:\/\/galli.ch\/uhren\/tissot\/t-classic\/prx-35mm-t137-210-33-021-00\/\"]}]},{\"@type\":\"ImageObject\",\"inLanguage\":\"en-US\",\"@id\":\"https:\/\/galli.ch\/uhren\/tissot\/t-classic\/prx-35mm-t137-210-33-021-00\/#primaryimage\",\"url\":\"https:\/\/galli.ch\/wp-content\/uploads\/T137-210-33-021-00_1.png\",\"contentUrl\":\"https:\/\/galli.ch\/wp-content\/uploads\/T137-210-33-021-00_1.png\",\"width\":1000,\"height\":1400,\"caption\":\"tissot-prx-35mm-gelbgold\"},{\"@type\":\"BreadcrumbList\",\"@id\":\"https:\/\/galli.ch\/uhren\/tissot\/t-classic\/prx-35mm-t137-210-33-021-00\/#breadcrumb\",\"itemListElement\":[{\"@type\":\"ListItem\",\"position\":1,\"name\":\"Home\",\"item\":\"https:\/\/galli.ch\/en\/\"},{\"@type\":\"ListItem\",\"position\":2,\"name\":\"Uhren\",\"item\":\"https:\/\/galli.ch\/en\/uhren\/\"},{\"@type\":\"ListItem\",\"position\":3,\"name\":\"PRX 35mm\"}]},{\"@type\":\"WebSite\",\"@id\":\"http:\/\/galli.ch\/en\/#website\",\"url\":\"http:\/\/galli.ch\/en\/\",\"name\":\"Galli Uhren Bijouterie\",\"description\":\"\",\"potentialAction\":[{\"@type\":\"SearchAction\",\"target\":{\"@type\":\"EntryPoint\",\"urlTemplate\":\"http:\/\/galli.ch\/en\/?s={search_term_string}\"},\"query-input\":{\"@type\":\"PropertyValueSpecification\",\"valueRequired\":true,\"valueName\":\"search_term_string\"}}],\"inLanguage\":\"en-US\"}]}<\/script>\n<!-- \/ Yoast SEO plugin. -->","yoast_head_json":{"title":"Tissot PRX 35mm - Galli Uhren Bijouterie","robots":{"index":"index","follow":"follow","max-snippet":"max-snippet:-1","max-image-preview":"max-image-preview:large","max-video-preview":"max-video-preview:-1"},"canonical":"https:\/\/galli.ch\/uhren\/tissot\/t-classic\/prx-35mm-t137-210-33-021-00\/","og_locale":"en_US","og_type":"article","og_title":"Tissot PRX 35mm - Galli Uhren Bijouterie","og_description":"Im Jahr 1978 kreierte Tissot ein Quarzmodell, das sich durch ein schlankes Geh\u00e4use, schmale Indexe und ein Stahlarmband auszeichnete. Sein f\u00fcr die Zeit typischer breiter, horizontaler Bandanstoss war perfekt in das flache Geh\u00e4use in Tonneau-Form integriert. Einige Jahre sp\u00e4ter liess Tissot den Namen PRX eintragen. \u201ePR\u201c steht dabei f\u00fcr \u201epr\u00e4zise\u201c und \u201erobust\u201c. Das \u201eX\u201c steht... Weiter &raquo;","og_url":"https:\/\/galli.ch\/uhren\/tissot\/t-classic\/prx-35mm-t137-210-33-021-00\/","og_site_name":"Galli Uhren Bijouterie","article_modified_time":"2026-03-30T08:16:41+00:00","og_image":[{"width":1000,"height":1400,"url":"https:\/\/galli.ch\/wp-content\/uploads\/T137-210-33-021-00_1.png","type":"image\/png"}],"twitter_card":"summary_large_image","schema":{"@context":"https:\/\/schema.org","@graph":[{"@type":"WebPage","@id":"https:\/\/galli.ch\/uhren\/tissot\/t-classic\/prx-35mm-t137-210-33-021-00\/","url":"https:\/\/galli.ch\/uhren\/tissot\/t-classic\/prx-35mm-t137-210-33-021-00\/","name":"Tissot PRX 35mm - Galli Uhren Bijouterie","isPartOf":{"@id":"http:\/\/galli.ch\/en\/#website"},"primaryImageOfPage":{"@id":"https:\/\/galli.ch\/uhren\/tissot\/t-classic\/prx-35mm-t137-210-33-021-00\/#primaryimage"},"image":{"@id":"https:\/\/galli.ch\/uhren\/tissot\/t-classic\/prx-35mm-t137-210-33-021-00\/#primaryimage"},"thumbnailUrl":"https:\/\/galli.ch\/wp-content\/uploads\/T137-210-33-021-00_1.png","datePublished":"2022-10-31T08:42:05+00:00","dateModified":"2026-03-30T08:16:41+00:00","breadcrumb":{"@id":"https:\/\/galli.ch\/uhren\/tissot\/t-classic\/prx-35mm-t137-210-33-021-00\/#breadcrumb"},"inLanguage":"en-US","potentialAction":[{"@type":"ReadAction","target":["https:\/\/galli.ch\/uhren\/tissot\/t-classic\/prx-35mm-t137-210-33-021-00\/"]}]},{"@type":"ImageObject","inLanguage":"en-US","@id":"https:\/\/galli.ch\/uhren\/tissot\/t-classic\/prx-35mm-t137-210-33-021-00\/#primaryimage","url":"https:\/\/galli.ch\/wp-content\/uploads\/T137-210-33-021-00_1.png","contentUrl":"https:\/\/galli.ch\/wp-content\/uploads\/T137-210-33-021-00_1.png","width":1000,"height":1400,"caption":"tissot-prx-35mm-gelbgold"},{"@type":"BreadcrumbList","@id":"https:\/\/galli.ch\/uhren\/tissot\/t-classic\/prx-35mm-t137-210-33-021-00\/#breadcrumb","itemListElement":[{"@type":"ListItem","position":1,"name":"Home","item":"https:\/\/galli.ch\/en\/"},{"@type":"ListItem","position":2,"name":"Uhren","item":"https:\/\/galli.ch\/en\/uhren\/"},{"@type":"ListItem","position":3,"name":"PRX 35mm"}]},{"@type":"WebSite","@id":"http:\/\/galli.ch\/en\/#website","url":"http:\/\/galli.ch\/en\/","name":"Galli Uhren Bijouterie","description":"","potentialAction":[{"@type":"SearchAction","target":{"@type":"EntryPoint","urlTemplate":"http:\/\/galli.ch\/en\/?s={search_term_string}"},"query-input":{"@type":"PropertyValueSpecification","valueRequired":true,"valueName":"search_term_string"}}],"inLanguage":"en-US"}]}},"_links":{"self":[{"href":"https:\/\/galli.ch\/en\/wp-json\/wp\/v2\/product\/15976","targetHints":{"allow":["GET"]}}],"collection":[{"href":"https:\/\/galli.ch\/en\/wp-json\/wp\/v2\/product"}],"about":[{"href":"https:\/\/galli.ch\/en\/wp-json\/wp\/v2\/types\/product"}],"wp:featuredmedia":[{"embeddable":true,"href":"https:\/\/galli.ch\/en\/wp-json\/wp\/v2\/media\/15968"}],"wp:attachment":[{"href":"https:\/\/galli.ch\/en\/wp-json\/wp\/v2\/media?parent=15976"}],"wp:term":[{"taxonomy":"product_brand","embeddable":true,"href":"https:\/\/galli.ch\/en\/wp-json\/wp\/v2\/product_brand?post=15976"},{"taxonomy":"product_cat","embeddable":true,"href":"https:\/\/galli.ch\/en\/wp-json\/wp\/v2\/product_cat?post=15976"},{"taxonomy":"product_tag","embeddable":true,"href":"https:\/\/galli.ch\/en\/wp-json\/wp\/v2\/product_tag?post=15976"}],"curies":[{"name":"wp","href":"https:\/\/api.w.org\/{rel}","templated":true}]}}