{"id":15997,"date":"2022-11-01T15:17:06","date_gmt":"2022-11-01T14:17:06","guid":{"rendered":"https:\/\/galli.ch\/?post_type=product&#038;p=15997"},"modified":"2026-04-20T18:10:48","modified_gmt":"2026-04-20T16:10:48","slug":"automatic-gmt-40-a32398101b1a1","status":"publish","type":"product","link":"https:\/\/galli.ch\/en\/uhren\/breitling\/chronomat\/automatic-gmt-40-a32398101b1a1\/","title":{"rendered":"Breitling Chronomat Automatic GMT 40"},"content":{"rendered":"<p>Die Chronomat Automatic GMT 40 ist Breitlings Verbeugung vor der Weltreise \u2013 nicht nur dank des Zifferblatts, das zwei Zeitzonen anzeigt, sondern auch dank ihrer legeren \u00c4sthetik. Das dezente Zusammenspiel von Zifferbl\u00e4ttern sowie Geh\u00e4usen und Armb\u00e4ndern aus Edelstahl passt zu jeder Garderobe.<\/p>\n","protected":false},"excerpt":{"rendered":"<p>Die Chronomat Automatic GMT 40 ist Breitlings Verbeugung vor der Weltreise \u2013 nicht nur dank des Zifferblatts, das zwei Zeitzonen anzeigt, sondern auch dank ihrer legeren \u00c4sthetik. Das dezente Zusammenspiel von Zifferbl\u00e4ttern sowie Geh\u00e4usen und Armb\u00e4ndern aus Edelstahl passt zu jeder Garderobe.<\/p>\n","protected":false},"featured_media":15844,"template":"","meta":{"_acf_changed":false,"inline_featured_image":false},"product_brand":[],"product_cat":[188],"product_tag":[],"class_list":{"0":"post-15997","1":"product","2":"type-product","3":"status-publish","4":"has-post-thumbnail","6":"uhrenhersteller-breitling","7":"uhrenhersteller-chronomat","8":"product_cat-uhren","10":"first","11":"instock","12":"taxable","13":"shipping-taxable","14":"purchasable","15":"product-type-simple"},"acf":[],"yoast_head":"<!-- This site is optimized with the Yoast SEO plugin v25.5 - https:\/\/yoast.com\/wordpress\/plugins\/seo\/ -->\n<title>Breitling Chronomat Automatic GMT 40 - Galli Uhren Bijouterie<\/title>\n<meta name=\"robots\" content=\"index, follow, max-snippet:-1, max-image-preview:large, max-video-preview:-1\" \/>\n<link rel=\"canonical\" href=\"https:\/\/galli.ch\/uhren\/breitling\/chronomat\/automatic-gmt-40-a32398101b1a1\/\" \/>\n<meta property=\"og:locale\" content=\"en_US\" \/>\n<meta property=\"og:type\" content=\"article\" \/>\n<meta property=\"og:title\" content=\"Breitling Chronomat Automatic GMT 40 - Galli Uhren Bijouterie\" \/>\n<meta property=\"og:description\" content=\"Die Chronomat Automatic GMT 40 ist Breitlings Verbeugung vor der Weltreise \u2013 nicht nur dank des Zifferblatts, das zwei Zeitzonen anzeigt, sondern auch dank ihrer legeren \u00c4sthetik. Das dezente Zusammenspiel von Zifferbl\u00e4ttern sowie Geh\u00e4usen und Armb\u00e4ndern aus Edelstahl passt zu jeder Garderobe.\" \/>\n<meta property=\"og:url\" content=\"https:\/\/galli.ch\/uhren\/breitling\/chronomat\/automatic-gmt-40-a32398101b1a1\/\" \/>\n<meta property=\"og:site_name\" content=\"Galli Uhren Bijouterie\" \/>\n<meta property=\"article:modified_time\" content=\"2026-04-20T16:10:48+00:00\" \/>\n<meta property=\"og:image\" content=\"https:\/\/galli.ch\/wp-content\/uploads\/a32398101b1a1-chronomat-automatic-gmt-40-soldier.png\" \/>\n\t<meta property=\"og:image:width\" content=\"1000\" \/>\n\t<meta property=\"og:image:height\" content=\"1400\" \/>\n\t<meta property=\"og:image:type\" content=\"image\/png\" \/>\n<meta name=\"twitter:card\" content=\"summary_large_image\" \/>\n<script type=\"application\/ld+json\" class=\"yoast-schema-graph\">{\"@context\":\"https:\/\/schema.org\",\"@graph\":[{\"@type\":\"WebPage\",\"@id\":\"https:\/\/galli.ch\/uhren\/breitling\/chronomat\/automatic-gmt-40-a32398101b1a1\/\",\"url\":\"https:\/\/galli.ch\/uhren\/breitling\/chronomat\/automatic-gmt-40-a32398101b1a1\/\",\"name\":\"Breitling Chronomat Automatic GMT 40 - Galli Uhren Bijouterie\",\"isPartOf\":{\"@id\":\"http:\/\/galli.ch\/en\/#website\"},\"primaryImageOfPage\":{\"@id\":\"https:\/\/galli.ch\/uhren\/breitling\/chronomat\/automatic-gmt-40-a32398101b1a1\/#primaryimage\"},\"image\":{\"@id\":\"https:\/\/galli.ch\/uhren\/breitling\/chronomat\/automatic-gmt-40-a32398101b1a1\/#primaryimage\"},\"thumbnailUrl\":\"https:\/\/galli.ch\/wp-content\/uploads\/a32398101b1a1-chronomat-automatic-gmt-40-soldier.png\",\"datePublished\":\"2022-11-01T14:17:06+00:00\",\"dateModified\":\"2026-04-20T16:10:48+00:00\",\"breadcrumb\":{\"@id\":\"https:\/\/galli.ch\/uhren\/breitling\/chronomat\/automatic-gmt-40-a32398101b1a1\/#breadcrumb\"},\"inLanguage\":\"en-US\",\"potentialAction\":[{\"@type\":\"ReadAction\",\"target\":[\"https:\/\/galli.ch\/uhren\/breitling\/chronomat\/automatic-gmt-40-a32398101b1a1\/\"]}]},{\"@type\":\"ImageObject\",\"inLanguage\":\"en-US\",\"@id\":\"https:\/\/galli.ch\/uhren\/breitling\/chronomat\/automatic-gmt-40-a32398101b1a1\/#primaryimage\",\"url\":\"https:\/\/galli.ch\/wp-content\/uploads\/a32398101b1a1-chronomat-automatic-gmt-40-soldier.png\",\"contentUrl\":\"https:\/\/galli.ch\/wp-content\/uploads\/a32398101b1a1-chronomat-automatic-gmt-40-soldier.png\",\"width\":1000,\"height\":1400,\"caption\":\"breitling-chronomat-gmt-schwarz-galli-zurich\"},{\"@type\":\"BreadcrumbList\",\"@id\":\"https:\/\/galli.ch\/uhren\/breitling\/chronomat\/automatic-gmt-40-a32398101b1a1\/#breadcrumb\",\"itemListElement\":[{\"@type\":\"ListItem\",\"position\":1,\"name\":\"Home\",\"item\":\"https:\/\/galli.ch\/en\/\"},{\"@type\":\"ListItem\",\"position\":2,\"name\":\"Uhren\",\"item\":\"https:\/\/galli.ch\/en\/uhren\/\"},{\"@type\":\"ListItem\",\"position\":3,\"name\":\"Breitling Chronomat Automatic GMT 40\"}]},{\"@type\":\"WebSite\",\"@id\":\"http:\/\/galli.ch\/en\/#website\",\"url\":\"http:\/\/galli.ch\/en\/\",\"name\":\"Galli Uhren Bijouterie\",\"description\":\"\",\"potentialAction\":[{\"@type\":\"SearchAction\",\"target\":{\"@type\":\"EntryPoint\",\"urlTemplate\":\"http:\/\/galli.ch\/en\/?s={search_term_string}\"},\"query-input\":{\"@type\":\"PropertyValueSpecification\",\"valueRequired\":true,\"valueName\":\"search_term_string\"}}],\"inLanguage\":\"en-US\"}]}<\/script>\n<!-- \/ Yoast SEO plugin. -->","yoast_head_json":{"title":"Breitling Chronomat Automatic GMT 40 - Galli Uhren Bijouterie","robots":{"index":"index","follow":"follow","max-snippet":"max-snippet:-1","max-image-preview":"max-image-preview:large","max-video-preview":"max-video-preview:-1"},"canonical":"https:\/\/galli.ch\/uhren\/breitling\/chronomat\/automatic-gmt-40-a32398101b1a1\/","og_locale":"en_US","og_type":"article","og_title":"Breitling Chronomat Automatic GMT 40 - Galli Uhren Bijouterie","og_description":"Die Chronomat Automatic GMT 40 ist Breitlings Verbeugung vor der Weltreise \u2013 nicht nur dank des Zifferblatts, das zwei Zeitzonen anzeigt, sondern auch dank ihrer legeren \u00c4sthetik. Das dezente Zusammenspiel von Zifferbl\u00e4ttern sowie Geh\u00e4usen und Armb\u00e4ndern aus Edelstahl passt zu jeder Garderobe.","og_url":"https:\/\/galli.ch\/uhren\/breitling\/chronomat\/automatic-gmt-40-a32398101b1a1\/","og_site_name":"Galli Uhren Bijouterie","article_modified_time":"2026-04-20T16:10:48+00:00","og_image":[{"width":1000,"height":1400,"url":"https:\/\/galli.ch\/wp-content\/uploads\/a32398101b1a1-chronomat-automatic-gmt-40-soldier.png","type":"image\/png"}],"twitter_card":"summary_large_image","schema":{"@context":"https:\/\/schema.org","@graph":[{"@type":"WebPage","@id":"https:\/\/galli.ch\/uhren\/breitling\/chronomat\/automatic-gmt-40-a32398101b1a1\/","url":"https:\/\/galli.ch\/uhren\/breitling\/chronomat\/automatic-gmt-40-a32398101b1a1\/","name":"Breitling Chronomat Automatic GMT 40 - Galli Uhren Bijouterie","isPartOf":{"@id":"http:\/\/galli.ch\/en\/#website"},"primaryImageOfPage":{"@id":"https:\/\/galli.ch\/uhren\/breitling\/chronomat\/automatic-gmt-40-a32398101b1a1\/#primaryimage"},"image":{"@id":"https:\/\/galli.ch\/uhren\/breitling\/chronomat\/automatic-gmt-40-a32398101b1a1\/#primaryimage"},"thumbnailUrl":"https:\/\/galli.ch\/wp-content\/uploads\/a32398101b1a1-chronomat-automatic-gmt-40-soldier.png","datePublished":"2022-11-01T14:17:06+00:00","dateModified":"2026-04-20T16:10:48+00:00","breadcrumb":{"@id":"https:\/\/galli.ch\/uhren\/breitling\/chronomat\/automatic-gmt-40-a32398101b1a1\/#breadcrumb"},"inLanguage":"en-US","potentialAction":[{"@type":"ReadAction","target":["https:\/\/galli.ch\/uhren\/breitling\/chronomat\/automatic-gmt-40-a32398101b1a1\/"]}]},{"@type":"ImageObject","inLanguage":"en-US","@id":"https:\/\/galli.ch\/uhren\/breitling\/chronomat\/automatic-gmt-40-a32398101b1a1\/#primaryimage","url":"https:\/\/galli.ch\/wp-content\/uploads\/a32398101b1a1-chronomat-automatic-gmt-40-soldier.png","contentUrl":"https:\/\/galli.ch\/wp-content\/uploads\/a32398101b1a1-chronomat-automatic-gmt-40-soldier.png","width":1000,"height":1400,"caption":"breitling-chronomat-gmt-schwarz-galli-zurich"},{"@type":"BreadcrumbList","@id":"https:\/\/galli.ch\/uhren\/breitling\/chronomat\/automatic-gmt-40-a32398101b1a1\/#breadcrumb","itemListElement":[{"@type":"ListItem","position":1,"name":"Home","item":"https:\/\/galli.ch\/en\/"},{"@type":"ListItem","position":2,"name":"Uhren","item":"https:\/\/galli.ch\/en\/uhren\/"},{"@type":"ListItem","position":3,"name":"Breitling Chronomat Automatic GMT 40"}]},{"@type":"WebSite","@id":"http:\/\/galli.ch\/en\/#website","url":"http:\/\/galli.ch\/en\/","name":"Galli Uhren Bijouterie","description":"","potentialAction":[{"@type":"SearchAction","target":{"@type":"EntryPoint","urlTemplate":"http:\/\/galli.ch\/en\/?s={search_term_string}"},"query-input":{"@type":"PropertyValueSpecification","valueRequired":true,"valueName":"search_term_string"}}],"inLanguage":"en-US"}]}},"_links":{"self":[{"href":"https:\/\/galli.ch\/en\/wp-json\/wp\/v2\/product\/15997","targetHints":{"allow":["GET"]}}],"collection":[{"href":"https:\/\/galli.ch\/en\/wp-json\/wp\/v2\/product"}],"about":[{"href":"https:\/\/galli.ch\/en\/wp-json\/wp\/v2\/types\/product"}],"wp:featuredmedia":[{"embeddable":true,"href":"https:\/\/galli.ch\/en\/wp-json\/wp\/v2\/media\/15844"}],"wp:attachment":[{"href":"https:\/\/galli.ch\/en\/wp-json\/wp\/v2\/media?parent=15997"}],"wp:term":[{"taxonomy":"product_brand","embeddable":true,"href":"https:\/\/galli.ch\/en\/wp-json\/wp\/v2\/product_brand?post=15997"},{"taxonomy":"product_cat","embeddable":true,"href":"https:\/\/galli.ch\/en\/wp-json\/wp\/v2\/product_cat?post=15997"},{"taxonomy":"product_tag","embeddable":true,"href":"https:\/\/galli.ch\/en\/wp-json\/wp\/v2\/product_tag?post=15997"}],"curies":[{"name":"wp","href":"https:\/\/api.w.org\/{rel}","templated":true}]}}