{"id":1604,"date":"2018-07-25T19:53:10","date_gmt":"2018-07-25T19:53:10","guid":{"rendered":"http:\/\/galli.ch\/?post_type=uhren&#038;p=1604"},"modified":"2026-03-30T10:12:04","modified_gmt":"2026-03-30T08:12:04","slug":"l4-755-4-11-6","status":"publish","type":"product","link":"https:\/\/galli.ch\/en\/uhren\/longines\/elegant\/l4-755-4-11-6\/","title":{"rendered":"Longines La Grande Classique"},"content":{"rendered":"<p>La Grande Classique de Longines geh\u00f6rt zu den charakteristischsten Kollektionen der Marke mit der gefl\u00fcgelten Sanduhr und verf\u00fchrt seit ihrer Lancierung im Jahr 1992 Damen wie Herren gleichermassen. Seitdem ist die Linie stetig gewachsen und um neue Varianten erg\u00e4nzt worden, ohne dabei jemals ihren klassischen, eleganten Stil zu vernachl\u00e4ssigen.<\/p>\n<p>Das extrem schlanke Profil der La Grande Classique de Longines, Quintessenz der Kollektion, ist der besonderen Konstruktion des Zeitmessers geschuldet. Die Geh\u00e4user\u00fcckseite dient gleichzeitig als Befestigung f\u00fcr das Armband \u2013 eine Technik, die von Longines zum Patent angemeldet worden ist.<\/p>\n","protected":false},"excerpt":{"rendered":"<p>La Grande Classique de Longines geh\u00f6rt zu den charakteristischsten Kollektionen der Marke mit der gefl\u00fcgelten Sanduhr und verf\u00fchrt seit ihrer Lancierung im Jahr 1992 Damen wie Herren gleichermassen. Seitdem ist die Linie stetig gewachsen und um neue Varianten erg\u00e4nzt worden, ohne dabei jemals ihren klassischen, eleganten Stil zu vernachl\u00e4ssigen. Das extrem schlanke Profil der La&#8230;  <a class=\"excerpt-read-more\" href=\"https:\/\/galli.ch\/en\/uhren\/longines\/elegant\/l4-755-4-11-6\/\" title=\"Read Longines La Grande Classique\">Weiter &raquo;<\/a><\/p>\n","protected":false},"featured_media":1582,"template":"","meta":{"_acf_changed":false,"inline_featured_image":false},"product_brand":[],"product_cat":[188],"product_tag":[],"class_list":{"0":"post-1604","1":"product","2":"type-product","3":"status-publish","4":"has-post-thumbnail","6":"uhrenhersteller-longines","7":"uhrenhersteller-elegant","8":"product_cat-uhren","10":"first","11":"outofstock","12":"taxable","13":"shipping-taxable","14":"purchasable","15":"product-type-simple"},"acf":[],"yoast_head":"<!-- This site is optimized with the Yoast SEO plugin v25.5 - https:\/\/yoast.com\/wordpress\/plugins\/seo\/ -->\n<title>Longines La Grande Classique - Galli Uhren Bijouterie<\/title>\n<meta name=\"robots\" content=\"index, follow, max-snippet:-1, max-image-preview:large, max-video-preview:-1\" \/>\n<link rel=\"canonical\" href=\"https:\/\/galli.ch\/uhren\/longines\/elegant\/l4-755-4-11-6\/\" \/>\n<meta property=\"og:locale\" content=\"en_US\" \/>\n<meta property=\"og:type\" content=\"article\" \/>\n<meta property=\"og:title\" content=\"Longines La Grande Classique - Galli Uhren Bijouterie\" \/>\n<meta property=\"og:description\" content=\"La Grande Classique de Longines geh\u00f6rt zu den charakteristischsten Kollektionen der Marke mit der gefl\u00fcgelten Sanduhr und verf\u00fchrt seit ihrer Lancierung im Jahr 1992 Damen wie Herren gleichermassen. Seitdem ist die Linie stetig gewachsen und um neue Varianten erg\u00e4nzt worden, ohne dabei jemals ihren klassischen, eleganten Stil zu vernachl\u00e4ssigen. Das extrem schlanke Profil der La... Weiter &raquo;\" \/>\n<meta property=\"og:url\" content=\"https:\/\/galli.ch\/uhren\/longines\/elegant\/l4-755-4-11-6\/\" \/>\n<meta property=\"og:site_name\" content=\"Galli Uhren Bijouterie\" \/>\n<meta property=\"article:modified_time\" content=\"2026-03-30T08:12:04+00:00\" \/>\n<meta property=\"og:image\" content=\"https:\/\/galli.ch\/wp-content\/uploads\/Longines_Elegance_L4.755.png\" \/>\n\t<meta property=\"og:image:width\" content=\"500\" \/>\n\t<meta property=\"og:image:height\" content=\"700\" \/>\n\t<meta property=\"og:image:type\" content=\"image\/png\" \/>\n<meta name=\"twitter:card\" content=\"summary_large_image\" \/>\n<script type=\"application\/ld+json\" class=\"yoast-schema-graph\">{\"@context\":\"https:\/\/schema.org\",\"@graph\":[{\"@type\":\"WebPage\",\"@id\":\"https:\/\/galli.ch\/uhren\/longines\/elegant\/l4-755-4-11-6\/\",\"url\":\"https:\/\/galli.ch\/uhren\/longines\/elegant\/l4-755-4-11-6\/\",\"name\":\"Longines La Grande Classique - Galli Uhren Bijouterie\",\"isPartOf\":{\"@id\":\"http:\/\/galli.ch\/en\/#website\"},\"primaryImageOfPage\":{\"@id\":\"https:\/\/galli.ch\/uhren\/longines\/elegant\/l4-755-4-11-6\/#primaryimage\"},\"image\":{\"@id\":\"https:\/\/galli.ch\/uhren\/longines\/elegant\/l4-755-4-11-6\/#primaryimage\"},\"thumbnailUrl\":\"https:\/\/galli.ch\/wp-content\/uploads\/Longines_Elegance_L4.755.png\",\"datePublished\":\"2018-07-25T19:53:10+00:00\",\"dateModified\":\"2026-03-30T08:12:04+00:00\",\"breadcrumb\":{\"@id\":\"https:\/\/galli.ch\/uhren\/longines\/elegant\/l4-755-4-11-6\/#breadcrumb\"},\"inLanguage\":\"en-US\",\"potentialAction\":[{\"@type\":\"ReadAction\",\"target\":[\"https:\/\/galli.ch\/uhren\/longines\/elegant\/l4-755-4-11-6\/\"]}]},{\"@type\":\"ImageObject\",\"inLanguage\":\"en-US\",\"@id\":\"https:\/\/galli.ch\/uhren\/longines\/elegant\/l4-755-4-11-6\/#primaryimage\",\"url\":\"https:\/\/galli.ch\/wp-content\/uploads\/Longines_Elegance_L4.755.png\",\"contentUrl\":\"https:\/\/galli.ch\/wp-content\/uploads\/Longines_Elegance_L4.755.png\",\"width\":500,\"height\":700,\"caption\":\"Longines Elegance L4.755\"},{\"@type\":\"BreadcrumbList\",\"@id\":\"https:\/\/galli.ch\/uhren\/longines\/elegant\/l4-755-4-11-6\/#breadcrumb\",\"itemListElement\":[{\"@type\":\"ListItem\",\"position\":1,\"name\":\"Home\",\"item\":\"https:\/\/galli.ch\/en\/\"},{\"@type\":\"ListItem\",\"position\":2,\"name\":\"Uhren\",\"item\":\"https:\/\/galli.ch\/en\/uhren\/\"},{\"@type\":\"ListItem\",\"position\":3,\"name\":\"La Grande Classique\"}]},{\"@type\":\"WebSite\",\"@id\":\"http:\/\/galli.ch\/en\/#website\",\"url\":\"http:\/\/galli.ch\/en\/\",\"name\":\"Galli Uhren Bijouterie\",\"description\":\"\",\"potentialAction\":[{\"@type\":\"SearchAction\",\"target\":{\"@type\":\"EntryPoint\",\"urlTemplate\":\"http:\/\/galli.ch\/en\/?s={search_term_string}\"},\"query-input\":{\"@type\":\"PropertyValueSpecification\",\"valueRequired\":true,\"valueName\":\"search_term_string\"}}],\"inLanguage\":\"en-US\"}]}<\/script>\n<!-- \/ Yoast SEO plugin. -->","yoast_head_json":{"title":"Longines La Grande Classique - Galli Uhren Bijouterie","robots":{"index":"index","follow":"follow","max-snippet":"max-snippet:-1","max-image-preview":"max-image-preview:large","max-video-preview":"max-video-preview:-1"},"canonical":"https:\/\/galli.ch\/uhren\/longines\/elegant\/l4-755-4-11-6\/","og_locale":"en_US","og_type":"article","og_title":"Longines La Grande Classique - Galli Uhren Bijouterie","og_description":"La Grande Classique de Longines geh\u00f6rt zu den charakteristischsten Kollektionen der Marke mit der gefl\u00fcgelten Sanduhr und verf\u00fchrt seit ihrer Lancierung im Jahr 1992 Damen wie Herren gleichermassen. Seitdem ist die Linie stetig gewachsen und um neue Varianten erg\u00e4nzt worden, ohne dabei jemals ihren klassischen, eleganten Stil zu vernachl\u00e4ssigen. Das extrem schlanke Profil der La... Weiter &raquo;","og_url":"https:\/\/galli.ch\/uhren\/longines\/elegant\/l4-755-4-11-6\/","og_site_name":"Galli Uhren Bijouterie","article_modified_time":"2026-03-30T08:12:04+00:00","og_image":[{"width":500,"height":700,"url":"https:\/\/galli.ch\/wp-content\/uploads\/Longines_Elegance_L4.755.png","type":"image\/png"}],"twitter_card":"summary_large_image","schema":{"@context":"https:\/\/schema.org","@graph":[{"@type":"WebPage","@id":"https:\/\/galli.ch\/uhren\/longines\/elegant\/l4-755-4-11-6\/","url":"https:\/\/galli.ch\/uhren\/longines\/elegant\/l4-755-4-11-6\/","name":"Longines La Grande Classique - Galli Uhren Bijouterie","isPartOf":{"@id":"http:\/\/galli.ch\/en\/#website"},"primaryImageOfPage":{"@id":"https:\/\/galli.ch\/uhren\/longines\/elegant\/l4-755-4-11-6\/#primaryimage"},"image":{"@id":"https:\/\/galli.ch\/uhren\/longines\/elegant\/l4-755-4-11-6\/#primaryimage"},"thumbnailUrl":"https:\/\/galli.ch\/wp-content\/uploads\/Longines_Elegance_L4.755.png","datePublished":"2018-07-25T19:53:10+00:00","dateModified":"2026-03-30T08:12:04+00:00","breadcrumb":{"@id":"https:\/\/galli.ch\/uhren\/longines\/elegant\/l4-755-4-11-6\/#breadcrumb"},"inLanguage":"en-US","potentialAction":[{"@type":"ReadAction","target":["https:\/\/galli.ch\/uhren\/longines\/elegant\/l4-755-4-11-6\/"]}]},{"@type":"ImageObject","inLanguage":"en-US","@id":"https:\/\/galli.ch\/uhren\/longines\/elegant\/l4-755-4-11-6\/#primaryimage","url":"https:\/\/galli.ch\/wp-content\/uploads\/Longines_Elegance_L4.755.png","contentUrl":"https:\/\/galli.ch\/wp-content\/uploads\/Longines_Elegance_L4.755.png","width":500,"height":700,"caption":"Longines Elegance L4.755"},{"@type":"BreadcrumbList","@id":"https:\/\/galli.ch\/uhren\/longines\/elegant\/l4-755-4-11-6\/#breadcrumb","itemListElement":[{"@type":"ListItem","position":1,"name":"Home","item":"https:\/\/galli.ch\/en\/"},{"@type":"ListItem","position":2,"name":"Uhren","item":"https:\/\/galli.ch\/en\/uhren\/"},{"@type":"ListItem","position":3,"name":"La Grande Classique"}]},{"@type":"WebSite","@id":"http:\/\/galli.ch\/en\/#website","url":"http:\/\/galli.ch\/en\/","name":"Galli Uhren Bijouterie","description":"","potentialAction":[{"@type":"SearchAction","target":{"@type":"EntryPoint","urlTemplate":"http:\/\/galli.ch\/en\/?s={search_term_string}"},"query-input":{"@type":"PropertyValueSpecification","valueRequired":true,"valueName":"search_term_string"}}],"inLanguage":"en-US"}]}},"_links":{"self":[{"href":"https:\/\/galli.ch\/en\/wp-json\/wp\/v2\/product\/1604","targetHints":{"allow":["GET"]}}],"collection":[{"href":"https:\/\/galli.ch\/en\/wp-json\/wp\/v2\/product"}],"about":[{"href":"https:\/\/galli.ch\/en\/wp-json\/wp\/v2\/types\/product"}],"wp:featuredmedia":[{"embeddable":true,"href":"https:\/\/galli.ch\/en\/wp-json\/wp\/v2\/media\/1582"}],"wp:attachment":[{"href":"https:\/\/galli.ch\/en\/wp-json\/wp\/v2\/media?parent=1604"}],"wp:term":[{"taxonomy":"product_brand","embeddable":true,"href":"https:\/\/galli.ch\/en\/wp-json\/wp\/v2\/product_brand?post=1604"},{"taxonomy":"product_cat","embeddable":true,"href":"https:\/\/galli.ch\/en\/wp-json\/wp\/v2\/product_cat?post=1604"},{"taxonomy":"product_tag","embeddable":true,"href":"https:\/\/galli.ch\/en\/wp-json\/wp\/v2\/product_tag?post=1604"}],"curies":[{"name":"wp","href":"https:\/\/api.w.org\/{rel}","templated":true}]}}