{"id":16044,"date":"2022-11-04T15:15:21","date_gmt":"2022-11-04T14:15:21","guid":{"rendered":"https:\/\/galli.ch\/?post_type=product&#038;p=16044"},"modified":"2026-03-30T10:11:19","modified_gmt":"2026-03-30T08:11:19","slug":"the-longines-master-colleciton-l2-357-4-07-2","status":"publish","type":"product","link":"https:\/\/galli.ch\/en\/uhren\/longines\/watchmaking-tradition\/the-longines-master-colleciton-l2-357-4-07-2\/","title":{"rendered":"Longines Master Collection"},"content":{"rendered":"<p>Bereits seit den Unternehmensanf\u00e4ngen hat Longines sich durch die Herstellung ausserordentlicher Uhren ausgezeichnet. Diesen Unternehmensethos verk\u00f6rpert die The Longines Master Collection auch heute auf vollendete Weise und kn\u00fcpft damit an den seit der Einf\u00fchrung im Jahr 2005 bestehenden Erfolg der Linie an.<\/p>\n<p>Die Modelle dieser Kollektion, alle mit Automatikaufzug, bieten verschiedenste Besonderheiten.<\/p>\n","protected":false},"excerpt":{"rendered":"<p>Bereits seit den Unternehmensanf\u00e4ngen hat Longines sich durch die Herstellung ausserordentlicher Uhren ausgezeichnet. Diesen Unternehmensethos verk\u00f6rpert die The Longines Master Collection auch heute auf vollendete Weise und kn\u00fcpft damit an den seit der Einf\u00fchrung im Jahr 2005 bestehenden Erfolg der Linie an. Die Modelle dieser Kollektion, alle mit Automatikaufzug, bieten verschiedenste Besonderheiten.<\/p>\n","protected":false},"featured_media":16038,"template":"","meta":{"_acf_changed":false,"inline_featured_image":false},"product_brand":[],"product_cat":[188],"product_tag":[],"class_list":{"0":"post-16044","1":"product","2":"type-product","3":"status-publish","4":"has-post-thumbnail","6":"uhrenhersteller-longines","7":"uhrenhersteller-watchmaking-tradition","8":"product_cat-uhren","10":"first","11":"outofstock","12":"taxable","13":"shipping-taxable","14":"purchasable","15":"product-type-simple"},"acf":[],"yoast_head":"<!-- This site is optimized with the Yoast SEO plugin v25.5 - https:\/\/yoast.com\/wordpress\/plugins\/seo\/ -->\n<title>Longines Master Collection - Galli Uhren Bijouterie<\/title>\n<meta name=\"robots\" content=\"index, follow, max-snippet:-1, max-image-preview:large, max-video-preview:-1\" \/>\n<link rel=\"canonical\" href=\"https:\/\/galli.ch\/uhren\/longines\/watchmaking-tradition\/the-longines-master-colleciton-l2-357-4-07-2\/\" \/>\n<meta property=\"og:locale\" content=\"en_US\" \/>\n<meta property=\"og:type\" content=\"article\" \/>\n<meta property=\"og:title\" content=\"Longines Master Collection - Galli Uhren Bijouterie\" \/>\n<meta property=\"og:description\" content=\"Bereits seit den Unternehmensanf\u00e4ngen hat Longines sich durch die Herstellung ausserordentlicher Uhren ausgezeichnet. Diesen Unternehmensethos verk\u00f6rpert die The Longines Master Collection auch heute auf vollendete Weise und kn\u00fcpft damit an den seit der Einf\u00fchrung im Jahr 2005 bestehenden Erfolg der Linie an. Die Modelle dieser Kollektion, alle mit Automatikaufzug, bieten verschiedenste Besonderheiten.\" \/>\n<meta property=\"og:url\" content=\"https:\/\/galli.ch\/uhren\/longines\/watchmaking-tradition\/the-longines-master-colleciton-l2-357-4-07-2\/\" \/>\n<meta property=\"og:site_name\" content=\"Galli Uhren Bijouterie\" \/>\n<meta property=\"article:modified_time\" content=\"2026-03-30T08:11:19+00:00\" \/>\n<meta property=\"og:image\" content=\"https:\/\/galli.ch\/wp-content\/uploads\/longines-the-longines-master-collection-l2-357-4-07-2-2000x2000-1.png\" \/>\n\t<meta property=\"og:image:width\" content=\"1000\" \/>\n\t<meta property=\"og:image:height\" content=\"1400\" \/>\n\t<meta property=\"og:image:type\" content=\"image\/png\" \/>\n<meta name=\"twitter:card\" content=\"summary_large_image\" \/>\n<script type=\"application\/ld+json\" class=\"yoast-schema-graph\">{\"@context\":\"https:\/\/schema.org\",\"@graph\":[{\"@type\":\"WebPage\",\"@id\":\"https:\/\/galli.ch\/uhren\/longines\/watchmaking-tradition\/the-longines-master-colleciton-l2-357-4-07-2\/\",\"url\":\"https:\/\/galli.ch\/uhren\/longines\/watchmaking-tradition\/the-longines-master-colleciton-l2-357-4-07-2\/\",\"name\":\"Longines Master Collection - Galli Uhren Bijouterie\",\"isPartOf\":{\"@id\":\"http:\/\/galli.ch\/en\/#website\"},\"primaryImageOfPage\":{\"@id\":\"https:\/\/galli.ch\/uhren\/longines\/watchmaking-tradition\/the-longines-master-colleciton-l2-357-4-07-2\/#primaryimage\"},\"image\":{\"@id\":\"https:\/\/galli.ch\/uhren\/longines\/watchmaking-tradition\/the-longines-master-colleciton-l2-357-4-07-2\/#primaryimage\"},\"thumbnailUrl\":\"https:\/\/galli.ch\/wp-content\/uploads\/longines-the-longines-master-collection-l2-357-4-07-2-2000x2000-1.png\",\"datePublished\":\"2022-11-04T14:15:21+00:00\",\"dateModified\":\"2026-03-30T08:11:19+00:00\",\"breadcrumb\":{\"@id\":\"https:\/\/galli.ch\/uhren\/longines\/watchmaking-tradition\/the-longines-master-colleciton-l2-357-4-07-2\/#breadcrumb\"},\"inLanguage\":\"en-US\",\"potentialAction\":[{\"@type\":\"ReadAction\",\"target\":[\"https:\/\/galli.ch\/uhren\/longines\/watchmaking-tradition\/the-longines-master-colleciton-l2-357-4-07-2\/\"]}]},{\"@type\":\"ImageObject\",\"inLanguage\":\"en-US\",\"@id\":\"https:\/\/galli.ch\/uhren\/longines\/watchmaking-tradition\/the-longines-master-colleciton-l2-357-4-07-2\/#primaryimage\",\"url\":\"https:\/\/galli.ch\/wp-content\/uploads\/longines-the-longines-master-collection-l2-357-4-07-2-2000x2000-1.png\",\"contentUrl\":\"https:\/\/galli.ch\/wp-content\/uploads\/longines-the-longines-master-collection-l2-357-4-07-2-2000x2000-1.png\",\"width\":1000,\"height\":1400,\"caption\":\"longines-the-longines-master-collection-beige\"},{\"@type\":\"BreadcrumbList\",\"@id\":\"https:\/\/galli.ch\/uhren\/longines\/watchmaking-tradition\/the-longines-master-colleciton-l2-357-4-07-2\/#breadcrumb\",\"itemListElement\":[{\"@type\":\"ListItem\",\"position\":1,\"name\":\"Home\",\"item\":\"https:\/\/galli.ch\/en\/\"},{\"@type\":\"ListItem\",\"position\":2,\"name\":\"Uhren\",\"item\":\"https:\/\/galli.ch\/en\/uhren\/\"},{\"@type\":\"ListItem\",\"position\":3,\"name\":\"Master Collection\"}]},{\"@type\":\"WebSite\",\"@id\":\"http:\/\/galli.ch\/en\/#website\",\"url\":\"http:\/\/galli.ch\/en\/\",\"name\":\"Galli Uhren Bijouterie\",\"description\":\"\",\"potentialAction\":[{\"@type\":\"SearchAction\",\"target\":{\"@type\":\"EntryPoint\",\"urlTemplate\":\"http:\/\/galli.ch\/en\/?s={search_term_string}\"},\"query-input\":{\"@type\":\"PropertyValueSpecification\",\"valueRequired\":true,\"valueName\":\"search_term_string\"}}],\"inLanguage\":\"en-US\"}]}<\/script>\n<!-- \/ Yoast SEO plugin. -->","yoast_head_json":{"title":"Longines Master Collection - Galli Uhren Bijouterie","robots":{"index":"index","follow":"follow","max-snippet":"max-snippet:-1","max-image-preview":"max-image-preview:large","max-video-preview":"max-video-preview:-1"},"canonical":"https:\/\/galli.ch\/uhren\/longines\/watchmaking-tradition\/the-longines-master-colleciton-l2-357-4-07-2\/","og_locale":"en_US","og_type":"article","og_title":"Longines Master Collection - Galli Uhren Bijouterie","og_description":"Bereits seit den Unternehmensanf\u00e4ngen hat Longines sich durch die Herstellung ausserordentlicher Uhren ausgezeichnet. Diesen Unternehmensethos verk\u00f6rpert die The Longines Master Collection auch heute auf vollendete Weise und kn\u00fcpft damit an den seit der Einf\u00fchrung im Jahr 2005 bestehenden Erfolg der Linie an. Die Modelle dieser Kollektion, alle mit Automatikaufzug, bieten verschiedenste Besonderheiten.","og_url":"https:\/\/galli.ch\/uhren\/longines\/watchmaking-tradition\/the-longines-master-colleciton-l2-357-4-07-2\/","og_site_name":"Galli Uhren Bijouterie","article_modified_time":"2026-03-30T08:11:19+00:00","og_image":[{"width":1000,"height":1400,"url":"https:\/\/galli.ch\/wp-content\/uploads\/longines-the-longines-master-collection-l2-357-4-07-2-2000x2000-1.png","type":"image\/png"}],"twitter_card":"summary_large_image","schema":{"@context":"https:\/\/schema.org","@graph":[{"@type":"WebPage","@id":"https:\/\/galli.ch\/uhren\/longines\/watchmaking-tradition\/the-longines-master-colleciton-l2-357-4-07-2\/","url":"https:\/\/galli.ch\/uhren\/longines\/watchmaking-tradition\/the-longines-master-colleciton-l2-357-4-07-2\/","name":"Longines Master Collection - Galli Uhren Bijouterie","isPartOf":{"@id":"http:\/\/galli.ch\/en\/#website"},"primaryImageOfPage":{"@id":"https:\/\/galli.ch\/uhren\/longines\/watchmaking-tradition\/the-longines-master-colleciton-l2-357-4-07-2\/#primaryimage"},"image":{"@id":"https:\/\/galli.ch\/uhren\/longines\/watchmaking-tradition\/the-longines-master-colleciton-l2-357-4-07-2\/#primaryimage"},"thumbnailUrl":"https:\/\/galli.ch\/wp-content\/uploads\/longines-the-longines-master-collection-l2-357-4-07-2-2000x2000-1.png","datePublished":"2022-11-04T14:15:21+00:00","dateModified":"2026-03-30T08:11:19+00:00","breadcrumb":{"@id":"https:\/\/galli.ch\/uhren\/longines\/watchmaking-tradition\/the-longines-master-colleciton-l2-357-4-07-2\/#breadcrumb"},"inLanguage":"en-US","potentialAction":[{"@type":"ReadAction","target":["https:\/\/galli.ch\/uhren\/longines\/watchmaking-tradition\/the-longines-master-colleciton-l2-357-4-07-2\/"]}]},{"@type":"ImageObject","inLanguage":"en-US","@id":"https:\/\/galli.ch\/uhren\/longines\/watchmaking-tradition\/the-longines-master-colleciton-l2-357-4-07-2\/#primaryimage","url":"https:\/\/galli.ch\/wp-content\/uploads\/longines-the-longines-master-collection-l2-357-4-07-2-2000x2000-1.png","contentUrl":"https:\/\/galli.ch\/wp-content\/uploads\/longines-the-longines-master-collection-l2-357-4-07-2-2000x2000-1.png","width":1000,"height":1400,"caption":"longines-the-longines-master-collection-beige"},{"@type":"BreadcrumbList","@id":"https:\/\/galli.ch\/uhren\/longines\/watchmaking-tradition\/the-longines-master-colleciton-l2-357-4-07-2\/#breadcrumb","itemListElement":[{"@type":"ListItem","position":1,"name":"Home","item":"https:\/\/galli.ch\/en\/"},{"@type":"ListItem","position":2,"name":"Uhren","item":"https:\/\/galli.ch\/en\/uhren\/"},{"@type":"ListItem","position":3,"name":"Master Collection"}]},{"@type":"WebSite","@id":"http:\/\/galli.ch\/en\/#website","url":"http:\/\/galli.ch\/en\/","name":"Galli Uhren Bijouterie","description":"","potentialAction":[{"@type":"SearchAction","target":{"@type":"EntryPoint","urlTemplate":"http:\/\/galli.ch\/en\/?s={search_term_string}"},"query-input":{"@type":"PropertyValueSpecification","valueRequired":true,"valueName":"search_term_string"}}],"inLanguage":"en-US"}]}},"_links":{"self":[{"href":"https:\/\/galli.ch\/en\/wp-json\/wp\/v2\/product\/16044","targetHints":{"allow":["GET"]}}],"collection":[{"href":"https:\/\/galli.ch\/en\/wp-json\/wp\/v2\/product"}],"about":[{"href":"https:\/\/galli.ch\/en\/wp-json\/wp\/v2\/types\/product"}],"wp:featuredmedia":[{"embeddable":true,"href":"https:\/\/galli.ch\/en\/wp-json\/wp\/v2\/media\/16038"}],"wp:attachment":[{"href":"https:\/\/galli.ch\/en\/wp-json\/wp\/v2\/media?parent=16044"}],"wp:term":[{"taxonomy":"product_brand","embeddable":true,"href":"https:\/\/galli.ch\/en\/wp-json\/wp\/v2\/product_brand?post=16044"},{"taxonomy":"product_cat","embeddable":true,"href":"https:\/\/galli.ch\/en\/wp-json\/wp\/v2\/product_cat?post=16044"},{"taxonomy":"product_tag","embeddable":true,"href":"https:\/\/galli.ch\/en\/wp-json\/wp\/v2\/product_tag?post=16044"}],"curies":[{"name":"wp","href":"https:\/\/api.w.org\/{rel}","templated":true}]}}