{"id":1606,"date":"2018-07-25T19:53:26","date_gmt":"2018-07-25T19:53:26","guid":{"rendered":"http:\/\/galli.ch\/?post_type=uhren&#038;p=1606"},"modified":"2026-03-30T10:12:05","modified_gmt":"2026-03-30T08:12:05","slug":"l4-795-4-78-2","status":"publish","type":"product","link":"https:\/\/galli.ch\/en\/uhren\/longines\/watchmaking-tradition\/l4-795-4-78-2\/","title":{"rendered":"Longines Flagship Heritage"},"content":{"rendered":"<p>Im Jahr 1957 wurde das erste Modell der Flagship Kollektion verkauft, deren Erfolg seitdem ungebrochen ist. Die zeitlose Uhr mit dem weissen Zifferblatt, ihrem schlanken Profil und den zierlichen Bandanst\u00f6ssen hat in k\u00fcrzester Zeit die Longines Kunden f\u00fcr sich eingenommen. Als perfekte Verbindung von technischem Anspruch und schlichter Eleganz verdankt die Flagship ihren Namen dem Schiff, auf dem die Flagge des Oberbefehlshabers der Flotte im Wind weht. Als Symbol der Hoffnungen, die Longines mit der neuen Kollektion verband, ist dieses Flaggschiff auf dem Boden der Flagship Uhren verewigt.<\/p>\n","protected":false},"excerpt":{"rendered":"<p>Im Jahr 1957 wurde das erste Modell der Flagship Kollektion verkauft, deren Erfolg seitdem ungebrochen ist. Die zeitlose Uhr mit dem weissen Zifferblatt, ihrem schlanken Profil und den zierlichen Bandanst\u00f6ssen hat in k\u00fcrzester Zeit die Longines Kunden f\u00fcr sich eingenommen. Als perfekte Verbindung von technischem Anspruch und schlichter Eleganz verdankt die Flagship ihren Namen dem&#8230;  <a class=\"excerpt-read-more\" href=\"https:\/\/galli.ch\/en\/uhren\/longines\/watchmaking-tradition\/l4-795-4-78-2\/\" title=\"Read Longines Flagship Heritage\">Weiter &raquo;<\/a><\/p>\n","protected":false},"featured_media":1586,"template":"","meta":{"_acf_changed":false,"inline_featured_image":false},"product_brand":[],"product_cat":[188],"product_tag":[],"class_list":{"0":"post-1606","1":"product","2":"type-product","3":"status-publish","4":"has-post-thumbnail","6":"uhrenhersteller-longines","7":"uhrenhersteller-watchmaking-tradition","8":"product_cat-uhren","10":"first","11":"outofstock","12":"taxable","13":"shipping-taxable","14":"purchasable","15":"product-type-simple"},"acf":[],"yoast_head":"<!-- This site is optimized with the Yoast SEO plugin v25.5 - https:\/\/yoast.com\/wordpress\/plugins\/seo\/ -->\n<title>Longines Flagship Heritage - Galli Uhren Bijouterie<\/title>\n<meta name=\"robots\" content=\"index, follow, max-snippet:-1, max-image-preview:large, max-video-preview:-1\" \/>\n<link rel=\"canonical\" href=\"https:\/\/galli.ch\/uhren\/longines\/watchmaking-tradition\/l4-795-4-78-2\/\" \/>\n<meta property=\"og:locale\" content=\"en_US\" \/>\n<meta property=\"og:type\" content=\"article\" \/>\n<meta property=\"og:title\" content=\"Longines Flagship Heritage - Galli Uhren Bijouterie\" \/>\n<meta property=\"og:description\" content=\"Im Jahr 1957 wurde das erste Modell der Flagship Kollektion verkauft, deren Erfolg seitdem ungebrochen ist. Die zeitlose Uhr mit dem weissen Zifferblatt, ihrem schlanken Profil und den zierlichen Bandanst\u00f6ssen hat in k\u00fcrzester Zeit die Longines Kunden f\u00fcr sich eingenommen. Als perfekte Verbindung von technischem Anspruch und schlichter Eleganz verdankt die Flagship ihren Namen dem... Weiter &raquo;\" \/>\n<meta property=\"og:url\" content=\"https:\/\/galli.ch\/uhren\/longines\/watchmaking-tradition\/l4-795-4-78-2\/\" \/>\n<meta property=\"og:site_name\" content=\"Galli Uhren Bijouterie\" \/>\n<meta property=\"article:modified_time\" content=\"2026-03-30T08:12:05+00:00\" \/>\n<meta property=\"og:image\" content=\"https:\/\/galli.ch\/wp-content\/uploads\/Longines_Elegance_L4.795.png\" \/>\n\t<meta property=\"og:image:width\" content=\"500\" \/>\n\t<meta property=\"og:image:height\" content=\"700\" \/>\n\t<meta property=\"og:image:type\" content=\"image\/png\" \/>\n<meta name=\"twitter:card\" content=\"summary_large_image\" \/>\n<script type=\"application\/ld+json\" class=\"yoast-schema-graph\">{\"@context\":\"https:\/\/schema.org\",\"@graph\":[{\"@type\":\"WebPage\",\"@id\":\"https:\/\/galli.ch\/uhren\/longines\/watchmaking-tradition\/l4-795-4-78-2\/\",\"url\":\"https:\/\/galli.ch\/uhren\/longines\/watchmaking-tradition\/l4-795-4-78-2\/\",\"name\":\"Longines Flagship Heritage - Galli Uhren Bijouterie\",\"isPartOf\":{\"@id\":\"http:\/\/galli.ch\/en\/#website\"},\"primaryImageOfPage\":{\"@id\":\"https:\/\/galli.ch\/uhren\/longines\/watchmaking-tradition\/l4-795-4-78-2\/#primaryimage\"},\"image\":{\"@id\":\"https:\/\/galli.ch\/uhren\/longines\/watchmaking-tradition\/l4-795-4-78-2\/#primaryimage\"},\"thumbnailUrl\":\"https:\/\/galli.ch\/wp-content\/uploads\/Longines_Elegance_L4.795.png\",\"datePublished\":\"2018-07-25T19:53:26+00:00\",\"dateModified\":\"2026-03-30T08:12:05+00:00\",\"breadcrumb\":{\"@id\":\"https:\/\/galli.ch\/uhren\/longines\/watchmaking-tradition\/l4-795-4-78-2\/#breadcrumb\"},\"inLanguage\":\"en-US\",\"potentialAction\":[{\"@type\":\"ReadAction\",\"target\":[\"https:\/\/galli.ch\/uhren\/longines\/watchmaking-tradition\/l4-795-4-78-2\/\"]}]},{\"@type\":\"ImageObject\",\"inLanguage\":\"en-US\",\"@id\":\"https:\/\/galli.ch\/uhren\/longines\/watchmaking-tradition\/l4-795-4-78-2\/#primaryimage\",\"url\":\"https:\/\/galli.ch\/wp-content\/uploads\/Longines_Elegance_L4.795.png\",\"contentUrl\":\"https:\/\/galli.ch\/wp-content\/uploads\/Longines_Elegance_L4.795.png\",\"width\":500,\"height\":700,\"caption\":\"Longines Elegance L4.795\"},{\"@type\":\"BreadcrumbList\",\"@id\":\"https:\/\/galli.ch\/uhren\/longines\/watchmaking-tradition\/l4-795-4-78-2\/#breadcrumb\",\"itemListElement\":[{\"@type\":\"ListItem\",\"position\":1,\"name\":\"Home\",\"item\":\"https:\/\/galli.ch\/en\/\"},{\"@type\":\"ListItem\",\"position\":2,\"name\":\"Uhren\",\"item\":\"https:\/\/galli.ch\/en\/uhren\/\"},{\"@type\":\"ListItem\",\"position\":3,\"name\":\"Flagship Heritage\"}]},{\"@type\":\"WebSite\",\"@id\":\"http:\/\/galli.ch\/en\/#website\",\"url\":\"http:\/\/galli.ch\/en\/\",\"name\":\"Galli Uhren Bijouterie\",\"description\":\"\",\"potentialAction\":[{\"@type\":\"SearchAction\",\"target\":{\"@type\":\"EntryPoint\",\"urlTemplate\":\"http:\/\/galli.ch\/en\/?s={search_term_string}\"},\"query-input\":{\"@type\":\"PropertyValueSpecification\",\"valueRequired\":true,\"valueName\":\"search_term_string\"}}],\"inLanguage\":\"en-US\"}]}<\/script>\n<!-- \/ Yoast SEO plugin. -->","yoast_head_json":{"title":"Longines Flagship Heritage - Galli Uhren Bijouterie","robots":{"index":"index","follow":"follow","max-snippet":"max-snippet:-1","max-image-preview":"max-image-preview:large","max-video-preview":"max-video-preview:-1"},"canonical":"https:\/\/galli.ch\/uhren\/longines\/watchmaking-tradition\/l4-795-4-78-2\/","og_locale":"en_US","og_type":"article","og_title":"Longines Flagship Heritage - Galli Uhren Bijouterie","og_description":"Im Jahr 1957 wurde das erste Modell der Flagship Kollektion verkauft, deren Erfolg seitdem ungebrochen ist. Die zeitlose Uhr mit dem weissen Zifferblatt, ihrem schlanken Profil und den zierlichen Bandanst\u00f6ssen hat in k\u00fcrzester Zeit die Longines Kunden f\u00fcr sich eingenommen. Als perfekte Verbindung von technischem Anspruch und schlichter Eleganz verdankt die Flagship ihren Namen dem... Weiter &raquo;","og_url":"https:\/\/galli.ch\/uhren\/longines\/watchmaking-tradition\/l4-795-4-78-2\/","og_site_name":"Galli Uhren Bijouterie","article_modified_time":"2026-03-30T08:12:05+00:00","og_image":[{"width":500,"height":700,"url":"https:\/\/galli.ch\/wp-content\/uploads\/Longines_Elegance_L4.795.png","type":"image\/png"}],"twitter_card":"summary_large_image","schema":{"@context":"https:\/\/schema.org","@graph":[{"@type":"WebPage","@id":"https:\/\/galli.ch\/uhren\/longines\/watchmaking-tradition\/l4-795-4-78-2\/","url":"https:\/\/galli.ch\/uhren\/longines\/watchmaking-tradition\/l4-795-4-78-2\/","name":"Longines Flagship Heritage - Galli Uhren Bijouterie","isPartOf":{"@id":"http:\/\/galli.ch\/en\/#website"},"primaryImageOfPage":{"@id":"https:\/\/galli.ch\/uhren\/longines\/watchmaking-tradition\/l4-795-4-78-2\/#primaryimage"},"image":{"@id":"https:\/\/galli.ch\/uhren\/longines\/watchmaking-tradition\/l4-795-4-78-2\/#primaryimage"},"thumbnailUrl":"https:\/\/galli.ch\/wp-content\/uploads\/Longines_Elegance_L4.795.png","datePublished":"2018-07-25T19:53:26+00:00","dateModified":"2026-03-30T08:12:05+00:00","breadcrumb":{"@id":"https:\/\/galli.ch\/uhren\/longines\/watchmaking-tradition\/l4-795-4-78-2\/#breadcrumb"},"inLanguage":"en-US","potentialAction":[{"@type":"ReadAction","target":["https:\/\/galli.ch\/uhren\/longines\/watchmaking-tradition\/l4-795-4-78-2\/"]}]},{"@type":"ImageObject","inLanguage":"en-US","@id":"https:\/\/galli.ch\/uhren\/longines\/watchmaking-tradition\/l4-795-4-78-2\/#primaryimage","url":"https:\/\/galli.ch\/wp-content\/uploads\/Longines_Elegance_L4.795.png","contentUrl":"https:\/\/galli.ch\/wp-content\/uploads\/Longines_Elegance_L4.795.png","width":500,"height":700,"caption":"Longines Elegance L4.795"},{"@type":"BreadcrumbList","@id":"https:\/\/galli.ch\/uhren\/longines\/watchmaking-tradition\/l4-795-4-78-2\/#breadcrumb","itemListElement":[{"@type":"ListItem","position":1,"name":"Home","item":"https:\/\/galli.ch\/en\/"},{"@type":"ListItem","position":2,"name":"Uhren","item":"https:\/\/galli.ch\/en\/uhren\/"},{"@type":"ListItem","position":3,"name":"Flagship Heritage"}]},{"@type":"WebSite","@id":"http:\/\/galli.ch\/en\/#website","url":"http:\/\/galli.ch\/en\/","name":"Galli Uhren Bijouterie","description":"","potentialAction":[{"@type":"SearchAction","target":{"@type":"EntryPoint","urlTemplate":"http:\/\/galli.ch\/en\/?s={search_term_string}"},"query-input":{"@type":"PropertyValueSpecification","valueRequired":true,"valueName":"search_term_string"}}],"inLanguage":"en-US"}]}},"_links":{"self":[{"href":"https:\/\/galli.ch\/en\/wp-json\/wp\/v2\/product\/1606","targetHints":{"allow":["GET"]}}],"collection":[{"href":"https:\/\/galli.ch\/en\/wp-json\/wp\/v2\/product"}],"about":[{"href":"https:\/\/galli.ch\/en\/wp-json\/wp\/v2\/types\/product"}],"wp:featuredmedia":[{"embeddable":true,"href":"https:\/\/galli.ch\/en\/wp-json\/wp\/v2\/media\/1586"}],"wp:attachment":[{"href":"https:\/\/galli.ch\/en\/wp-json\/wp\/v2\/media?parent=1606"}],"wp:term":[{"taxonomy":"product_brand","embeddable":true,"href":"https:\/\/galli.ch\/en\/wp-json\/wp\/v2\/product_brand?post=1606"},{"taxonomy":"product_cat","embeddable":true,"href":"https:\/\/galli.ch\/en\/wp-json\/wp\/v2\/product_cat?post=1606"},{"taxonomy":"product_tag","embeddable":true,"href":"https:\/\/galli.ch\/en\/wp-json\/wp\/v2\/product_tag?post=1606"}],"curies":[{"name":"wp","href":"https:\/\/api.w.org\/{rel}","templated":true}]}}