{"id":1644,"date":"2018-07-25T19:57:35","date_gmt":"2018-07-25T19:57:35","guid":{"rendered":"http:\/\/galli.ch\/?post_type=uhren&#038;p=1644"},"modified":"2026-03-30T10:12:14","modified_gmt":"2026-03-30T08:12:14","slug":"l5-512-5-79-7","status":"publish","type":"product","link":"https:\/\/galli.ch\/en\/uhren\/longines\/elegant\/l5-512-5-79-7\/","title":{"rendered":"Longines DolceVita"},"content":{"rendered":"<p>Die Kollektion Longines DolceVita steht seit ihrer Lancierung weltweit f\u00fcr die zeitgem\u00e4sse Eleganz der Uhrenmarke und ist als Hommage an das s\u00fcsse Leben, das \u201eDolce Vita\u201c, inspiriert. Nun stellt Longines Modelle vor, die mit ihrer Verbindung aus Ros\u00e9gold und Edelstahl die Kollektion bereichern. Der zeitlose Glamour dieser Varianten wird alle Frauen begeistern, f\u00fcr die Charme eine Lebenseinstellung ist.<\/p>\n<p>Als w\u00fcrdiger Vertreter einer Tradition, bei der Eleganz die Hauptrolle spielt, geniesst die Kollektion Longines DolceVita seit ihrer Lancierung internationalen Erfolg. Inspiriert vom s\u00fcssen Leben Italiens, dem \u201eDolce Vita\u201c, ist sie an den Handgelenken von Frauen zu finden, die wissen, wie man das Beste aus den kleinen Freuden des Lebens macht. In dieser Kollektion verschmelzen geometrische Linien mit sanften Kurven, um die zeitgen\u00f6ssische Eleganz und Weiblichkeit der Modelle hervorvorzuheben.<\/p>\n","protected":false},"excerpt":{"rendered":"<p>Die Kollektion Longines DolceVita steht seit ihrer Lancierung weltweit f\u00fcr die zeitgem\u00e4sse Eleganz der Uhrenmarke und ist als Hommage an das s\u00fcsse Leben, das \u201eDolce Vita\u201c, inspiriert. Nun stellt Longines Modelle vor, die mit ihrer Verbindung aus Ros\u00e9gold und Edelstahl die Kollektion bereichern. Der zeitlose Glamour dieser Varianten wird alle Frauen begeistern, f\u00fcr die Charme&#8230;  <a class=\"excerpt-read-more\" href=\"https:\/\/galli.ch\/en\/uhren\/longines\/elegant\/l5-512-5-79-7\/\" title=\"Read Longines DolceVita\">Weiter &raquo;<\/a><\/p>\n","protected":false},"featured_media":1632,"template":"","meta":{"_acf_changed":false,"inline_featured_image":false},"product_brand":[],"product_cat":[188],"product_tag":[],"class_list":{"0":"post-1644","1":"product","2":"type-product","3":"status-publish","4":"has-post-thumbnail","6":"uhrenhersteller-longines","7":"uhrenhersteller-elegant","8":"product_cat-uhren","10":"first","11":"outofstock","12":"taxable","13":"shipping-taxable","14":"purchasable","15":"product-type-simple"},"acf":[],"yoast_head":"<!-- This site is optimized with the Yoast SEO plugin v25.5 - https:\/\/yoast.com\/wordpress\/plugins\/seo\/ -->\n<title>Longines DolceVita - Galli Uhren Bijouterie<\/title>\n<meta name=\"robots\" content=\"index, follow, max-snippet:-1, max-image-preview:large, max-video-preview:-1\" \/>\n<link rel=\"canonical\" href=\"https:\/\/galli.ch\/uhren\/longines\/elegant\/l5-512-5-79-7\/\" \/>\n<meta property=\"og:locale\" content=\"en_US\" \/>\n<meta property=\"og:type\" content=\"article\" \/>\n<meta property=\"og:title\" content=\"Longines DolceVita - Galli Uhren Bijouterie\" \/>\n<meta property=\"og:description\" content=\"Die Kollektion Longines DolceVita steht seit ihrer Lancierung weltweit f\u00fcr die zeitgem\u00e4sse Eleganz der Uhrenmarke und ist als Hommage an das s\u00fcsse Leben, das \u201eDolce Vita\u201c, inspiriert. Nun stellt Longines Modelle vor, die mit ihrer Verbindung aus Ros\u00e9gold und Edelstahl die Kollektion bereichern. Der zeitlose Glamour dieser Varianten wird alle Frauen begeistern, f\u00fcr die Charme... Weiter &raquo;\" \/>\n<meta property=\"og:url\" content=\"https:\/\/galli.ch\/uhren\/longines\/elegant\/l5-512-5-79-7\/\" \/>\n<meta property=\"og:site_name\" content=\"Galli Uhren Bijouterie\" \/>\n<meta property=\"article:modified_time\" content=\"2026-03-30T08:12:14+00:00\" \/>\n<meta property=\"og:image\" content=\"https:\/\/galli.ch\/wp-content\/uploads\/Longines_Elegance_L5.512.5.png\" \/>\n\t<meta property=\"og:image:width\" content=\"1000\" \/>\n\t<meta property=\"og:image:height\" content=\"1400\" \/>\n\t<meta property=\"og:image:type\" content=\"image\/png\" \/>\n<meta name=\"twitter:card\" content=\"summary_large_image\" \/>\n<script type=\"application\/ld+json\" class=\"yoast-schema-graph\">{\"@context\":\"https:\/\/schema.org\",\"@graph\":[{\"@type\":\"WebPage\",\"@id\":\"https:\/\/galli.ch\/uhren\/longines\/elegant\/l5-512-5-79-7\/\",\"url\":\"https:\/\/galli.ch\/uhren\/longines\/elegant\/l5-512-5-79-7\/\",\"name\":\"Longines DolceVita - Galli Uhren Bijouterie\",\"isPartOf\":{\"@id\":\"http:\/\/galli.ch\/en\/#website\"},\"primaryImageOfPage\":{\"@id\":\"https:\/\/galli.ch\/uhren\/longines\/elegant\/l5-512-5-79-7\/#primaryimage\"},\"image\":{\"@id\":\"https:\/\/galli.ch\/uhren\/longines\/elegant\/l5-512-5-79-7\/#primaryimage\"},\"thumbnailUrl\":\"https:\/\/galli.ch\/wp-content\/uploads\/Longines_Elegance_L5.512.5.png\",\"datePublished\":\"2018-07-25T19:57:35+00:00\",\"dateModified\":\"2026-03-30T08:12:14+00:00\",\"breadcrumb\":{\"@id\":\"https:\/\/galli.ch\/uhren\/longines\/elegant\/l5-512-5-79-7\/#breadcrumb\"},\"inLanguage\":\"en-US\",\"potentialAction\":[{\"@type\":\"ReadAction\",\"target\":[\"https:\/\/galli.ch\/uhren\/longines\/elegant\/l5-512-5-79-7\/\"]}]},{\"@type\":\"ImageObject\",\"inLanguage\":\"en-US\",\"@id\":\"https:\/\/galli.ch\/uhren\/longines\/elegant\/l5-512-5-79-7\/#primaryimage\",\"url\":\"https:\/\/galli.ch\/wp-content\/uploads\/Longines_Elegance_L5.512.5.png\",\"contentUrl\":\"https:\/\/galli.ch\/wp-content\/uploads\/Longines_Elegance_L5.512.5.png\",\"width\":1000,\"height\":1400,\"caption\":\"Longines Elegance\"},{\"@type\":\"BreadcrumbList\",\"@id\":\"https:\/\/galli.ch\/uhren\/longines\/elegant\/l5-512-5-79-7\/#breadcrumb\",\"itemListElement\":[{\"@type\":\"ListItem\",\"position\":1,\"name\":\"Home\",\"item\":\"https:\/\/galli.ch\/en\/\"},{\"@type\":\"ListItem\",\"position\":2,\"name\":\"Uhren\",\"item\":\"https:\/\/galli.ch\/en\/uhren\/\"},{\"@type\":\"ListItem\",\"position\":3,\"name\":\"DolceVita\"}]},{\"@type\":\"WebSite\",\"@id\":\"http:\/\/galli.ch\/en\/#website\",\"url\":\"http:\/\/galli.ch\/en\/\",\"name\":\"Galli Uhren Bijouterie\",\"description\":\"\",\"potentialAction\":[{\"@type\":\"SearchAction\",\"target\":{\"@type\":\"EntryPoint\",\"urlTemplate\":\"http:\/\/galli.ch\/en\/?s={search_term_string}\"},\"query-input\":{\"@type\":\"PropertyValueSpecification\",\"valueRequired\":true,\"valueName\":\"search_term_string\"}}],\"inLanguage\":\"en-US\"}]}<\/script>\n<!-- \/ Yoast SEO plugin. -->","yoast_head_json":{"title":"Longines DolceVita - Galli Uhren Bijouterie","robots":{"index":"index","follow":"follow","max-snippet":"max-snippet:-1","max-image-preview":"max-image-preview:large","max-video-preview":"max-video-preview:-1"},"canonical":"https:\/\/galli.ch\/uhren\/longines\/elegant\/l5-512-5-79-7\/","og_locale":"en_US","og_type":"article","og_title":"Longines DolceVita - Galli Uhren Bijouterie","og_description":"Die Kollektion Longines DolceVita steht seit ihrer Lancierung weltweit f\u00fcr die zeitgem\u00e4sse Eleganz der Uhrenmarke und ist als Hommage an das s\u00fcsse Leben, das \u201eDolce Vita\u201c, inspiriert. Nun stellt Longines Modelle vor, die mit ihrer Verbindung aus Ros\u00e9gold und Edelstahl die Kollektion bereichern. Der zeitlose Glamour dieser Varianten wird alle Frauen begeistern, f\u00fcr die Charme... Weiter &raquo;","og_url":"https:\/\/galli.ch\/uhren\/longines\/elegant\/l5-512-5-79-7\/","og_site_name":"Galli Uhren Bijouterie","article_modified_time":"2026-03-30T08:12:14+00:00","og_image":[{"width":1000,"height":1400,"url":"https:\/\/galli.ch\/wp-content\/uploads\/Longines_Elegance_L5.512.5.png","type":"image\/png"}],"twitter_card":"summary_large_image","schema":{"@context":"https:\/\/schema.org","@graph":[{"@type":"WebPage","@id":"https:\/\/galli.ch\/uhren\/longines\/elegant\/l5-512-5-79-7\/","url":"https:\/\/galli.ch\/uhren\/longines\/elegant\/l5-512-5-79-7\/","name":"Longines DolceVita - Galli Uhren Bijouterie","isPartOf":{"@id":"http:\/\/galli.ch\/en\/#website"},"primaryImageOfPage":{"@id":"https:\/\/galli.ch\/uhren\/longines\/elegant\/l5-512-5-79-7\/#primaryimage"},"image":{"@id":"https:\/\/galli.ch\/uhren\/longines\/elegant\/l5-512-5-79-7\/#primaryimage"},"thumbnailUrl":"https:\/\/galli.ch\/wp-content\/uploads\/Longines_Elegance_L5.512.5.png","datePublished":"2018-07-25T19:57:35+00:00","dateModified":"2026-03-30T08:12:14+00:00","breadcrumb":{"@id":"https:\/\/galli.ch\/uhren\/longines\/elegant\/l5-512-5-79-7\/#breadcrumb"},"inLanguage":"en-US","potentialAction":[{"@type":"ReadAction","target":["https:\/\/galli.ch\/uhren\/longines\/elegant\/l5-512-5-79-7\/"]}]},{"@type":"ImageObject","inLanguage":"en-US","@id":"https:\/\/galli.ch\/uhren\/longines\/elegant\/l5-512-5-79-7\/#primaryimage","url":"https:\/\/galli.ch\/wp-content\/uploads\/Longines_Elegance_L5.512.5.png","contentUrl":"https:\/\/galli.ch\/wp-content\/uploads\/Longines_Elegance_L5.512.5.png","width":1000,"height":1400,"caption":"Longines Elegance"},{"@type":"BreadcrumbList","@id":"https:\/\/galli.ch\/uhren\/longines\/elegant\/l5-512-5-79-7\/#breadcrumb","itemListElement":[{"@type":"ListItem","position":1,"name":"Home","item":"https:\/\/galli.ch\/en\/"},{"@type":"ListItem","position":2,"name":"Uhren","item":"https:\/\/galli.ch\/en\/uhren\/"},{"@type":"ListItem","position":3,"name":"DolceVita"}]},{"@type":"WebSite","@id":"http:\/\/galli.ch\/en\/#website","url":"http:\/\/galli.ch\/en\/","name":"Galli Uhren Bijouterie","description":"","potentialAction":[{"@type":"SearchAction","target":{"@type":"EntryPoint","urlTemplate":"http:\/\/galli.ch\/en\/?s={search_term_string}"},"query-input":{"@type":"PropertyValueSpecification","valueRequired":true,"valueName":"search_term_string"}}],"inLanguage":"en-US"}]}},"_links":{"self":[{"href":"https:\/\/galli.ch\/en\/wp-json\/wp\/v2\/product\/1644","targetHints":{"allow":["GET"]}}],"collection":[{"href":"https:\/\/galli.ch\/en\/wp-json\/wp\/v2\/product"}],"about":[{"href":"https:\/\/galli.ch\/en\/wp-json\/wp\/v2\/types\/product"}],"wp:featuredmedia":[{"embeddable":true,"href":"https:\/\/galli.ch\/en\/wp-json\/wp\/v2\/media\/1632"}],"wp:attachment":[{"href":"https:\/\/galli.ch\/en\/wp-json\/wp\/v2\/media?parent=1644"}],"wp:term":[{"taxonomy":"product_brand","embeddable":true,"href":"https:\/\/galli.ch\/en\/wp-json\/wp\/v2\/product_brand?post=1644"},{"taxonomy":"product_cat","embeddable":true,"href":"https:\/\/galli.ch\/en\/wp-json\/wp\/v2\/product_cat?post=1644"},{"taxonomy":"product_tag","embeddable":true,"href":"https:\/\/galli.ch\/en\/wp-json\/wp\/v2\/product_tag?post=1644"}],"curies":[{"name":"wp","href":"https:\/\/api.w.org\/{rel}","templated":true}]}}