{"id":16470,"date":"2022-12-01T11:45:10","date_gmt":"2022-12-01T10:45:10","guid":{"rendered":"https:\/\/galli.ch\/?post_type=product&#038;p=16470"},"modified":"2026-03-30T10:13:58","modified_gmt":"2026-03-30T08:13:58","slug":"perpetual-calendar-iw344601","status":"publish","type":"product","link":"https:\/\/galli.ch\/en\/uhren\/iwc\/portofino\/perpetual-calendar-iw344601\/","title":{"rendered":"IWC Portofino Perpetual Calendar"},"content":{"rendered":"<p>Die Portofino Perpetual Calendar ist mit dem legend\u00e4ren ewigen Kalender ausgestattet, der in den 1980er Jahren von Kurt Klaus entwickelt wurde. Mit einem Durchmesser von nur 40 Millimetern ist diese Uhr der kleinste ewige Kalender im Portfolio von IWC. Diese Version verf\u00fcgt \u00fcber ein Edelstahlgeh\u00e4use, ein versilbertes Zifferblatt sowie vergoldete Zeiger und Appliken.<\/p>\n<p>Der ausgekl\u00fcgelte Mechanismus ist mechanisch so programmiert, dass er die unterschiedlichen L\u00e4ngen der Monate sowie die Schaltjahre erkennt. Er l\u00e4uft vollkommen autonom, ohne jegliche manuelle Anpassungen, bis zum Jahr 2100. Das IWC-Manufakturkaliber 82650 l\u00e4sst sich durch einen Sichtboden betrachten.<\/p>\n","protected":false},"excerpt":{"rendered":"<p>Die Portofino Perpetual Calendar ist mit dem legend\u00e4ren ewigen Kalender ausgestattet, der in den 1980er Jahren von Kurt Klaus entwickelt wurde. Mit einem Durchmesser von nur 40 Millimetern ist diese Uhr der kleinste ewige Kalender im Portfolio von IWC. Diese Version verf\u00fcgt \u00fcber ein Edelstahlgeh\u00e4use, ein versilbertes Zifferblatt sowie vergoldete Zeiger und Appliken. Der ausgekl\u00fcgelte&#8230;  <a class=\"excerpt-read-more\" href=\"https:\/\/galli.ch\/en\/uhren\/iwc\/portofino\/perpetual-calendar-iw344601\/\" title=\"Read IWC Portofino Perpetual Calendar\">Weiter &raquo;<\/a><\/p>\n","protected":false},"featured_media":16448,"template":"","meta":{"_acf_changed":false,"inline_featured_image":false},"product_brand":[],"product_cat":[188],"product_tag":[],"class_list":{"0":"post-16470","1":"product","2":"type-product","3":"status-publish","4":"has-post-thumbnail","6":"uhrenhersteller-iwc","7":"uhrenhersteller-portofino","8":"product_cat-uhren","10":"first","11":"instock","12":"taxable","13":"shipping-taxable","14":"purchasable","15":"product-type-simple"},"acf":[],"yoast_head":"<!-- This site is optimized with the Yoast SEO plugin v25.5 - https:\/\/yoast.com\/wordpress\/plugins\/seo\/ -->\n<title>IWC Portofino Perpetual Calendar - Galli Uhren Bijouterie<\/title>\n<meta name=\"robots\" content=\"index, follow, max-snippet:-1, max-image-preview:large, max-video-preview:-1\" \/>\n<link rel=\"canonical\" href=\"https:\/\/galli.ch\/uhren\/iwc\/portofino\/perpetual-calendar-iw344601\/\" \/>\n<meta property=\"og:locale\" content=\"en_US\" \/>\n<meta property=\"og:type\" content=\"article\" \/>\n<meta property=\"og:title\" content=\"IWC Portofino Perpetual Calendar - Galli Uhren Bijouterie\" \/>\n<meta property=\"og:description\" content=\"Die Portofino Perpetual Calendar ist mit dem legend\u00e4ren ewigen Kalender ausgestattet, der in den 1980er Jahren von Kurt Klaus entwickelt wurde. Mit einem Durchmesser von nur 40 Millimetern ist diese Uhr der kleinste ewige Kalender im Portfolio von IWC. Diese Version verf\u00fcgt \u00fcber ein Edelstahlgeh\u00e4use, ein versilbertes Zifferblatt sowie vergoldete Zeiger und Appliken. Der ausgekl\u00fcgelte... Weiter &raquo;\" \/>\n<meta property=\"og:url\" content=\"https:\/\/galli.ch\/uhren\/iwc\/portofino\/perpetual-calendar-iw344601\/\" \/>\n<meta property=\"og:site_name\" content=\"Galli Uhren Bijouterie\" \/>\n<meta property=\"article:modified_time\" content=\"2026-03-30T08:13:58+00:00\" \/>\n<meta property=\"og:image\" content=\"https:\/\/galli.ch\/wp-content\/uploads\/2409135-png-transform-global_image_940_2x.png\" \/>\n\t<meta property=\"og:image:width\" content=\"1000\" \/>\n\t<meta property=\"og:image:height\" content=\"1400\" \/>\n\t<meta property=\"og:image:type\" content=\"image\/png\" \/>\n<meta name=\"twitter:card\" content=\"summary_large_image\" \/>\n<script type=\"application\/ld+json\" class=\"yoast-schema-graph\">{\"@context\":\"https:\/\/schema.org\",\"@graph\":[{\"@type\":\"WebPage\",\"@id\":\"https:\/\/galli.ch\/uhren\/iwc\/portofino\/perpetual-calendar-iw344601\/\",\"url\":\"https:\/\/galli.ch\/uhren\/iwc\/portofino\/perpetual-calendar-iw344601\/\",\"name\":\"IWC Portofino Perpetual Calendar - Galli Uhren Bijouterie\",\"isPartOf\":{\"@id\":\"http:\/\/galli.ch\/en\/#website\"},\"primaryImageOfPage\":{\"@id\":\"https:\/\/galli.ch\/uhren\/iwc\/portofino\/perpetual-calendar-iw344601\/#primaryimage\"},\"image\":{\"@id\":\"https:\/\/galli.ch\/uhren\/iwc\/portofino\/perpetual-calendar-iw344601\/#primaryimage\"},\"thumbnailUrl\":\"https:\/\/galli.ch\/wp-content\/uploads\/2409135-png-transform-global_image_940_2x.png\",\"datePublished\":\"2022-12-01T10:45:10+00:00\",\"dateModified\":\"2026-03-30T08:13:58+00:00\",\"breadcrumb\":{\"@id\":\"https:\/\/galli.ch\/uhren\/iwc\/portofino\/perpetual-calendar-iw344601\/#breadcrumb\"},\"inLanguage\":\"en-US\",\"potentialAction\":[{\"@type\":\"ReadAction\",\"target\":[\"https:\/\/galli.ch\/uhren\/iwc\/portofino\/perpetual-calendar-iw344601\/\"]}]},{\"@type\":\"ImageObject\",\"inLanguage\":\"en-US\",\"@id\":\"https:\/\/galli.ch\/uhren\/iwc\/portofino\/perpetual-calendar-iw344601\/#primaryimage\",\"url\":\"https:\/\/galli.ch\/wp-content\/uploads\/2409135-png-transform-global_image_940_2x.png\",\"contentUrl\":\"https:\/\/galli.ch\/wp-content\/uploads\/2409135-png-transform-global_image_940_2x.png\",\"width\":1000,\"height\":1400,\"caption\":\"iwc-portofino-perpetual-stainless-steel\"},{\"@type\":\"BreadcrumbList\",\"@id\":\"https:\/\/galli.ch\/uhren\/iwc\/portofino\/perpetual-calendar-iw344601\/#breadcrumb\",\"itemListElement\":[{\"@type\":\"ListItem\",\"position\":1,\"name\":\"Home\",\"item\":\"https:\/\/galli.ch\/en\/\"},{\"@type\":\"ListItem\",\"position\":2,\"name\":\"Uhren\",\"item\":\"https:\/\/galli.ch\/en\/uhren\/\"},{\"@type\":\"ListItem\",\"position\":3,\"name\":\"IWC Portofino Perpetual Calendar\"}]},{\"@type\":\"WebSite\",\"@id\":\"http:\/\/galli.ch\/en\/#website\",\"url\":\"http:\/\/galli.ch\/en\/\",\"name\":\"Galli Uhren Bijouterie\",\"description\":\"\",\"potentialAction\":[{\"@type\":\"SearchAction\",\"target\":{\"@type\":\"EntryPoint\",\"urlTemplate\":\"http:\/\/galli.ch\/en\/?s={search_term_string}\"},\"query-input\":{\"@type\":\"PropertyValueSpecification\",\"valueRequired\":true,\"valueName\":\"search_term_string\"}}],\"inLanguage\":\"en-US\"}]}<\/script>\n<!-- \/ Yoast SEO plugin. -->","yoast_head_json":{"title":"IWC Portofino Perpetual Calendar - Galli Uhren Bijouterie","robots":{"index":"index","follow":"follow","max-snippet":"max-snippet:-1","max-image-preview":"max-image-preview:large","max-video-preview":"max-video-preview:-1"},"canonical":"https:\/\/galli.ch\/uhren\/iwc\/portofino\/perpetual-calendar-iw344601\/","og_locale":"en_US","og_type":"article","og_title":"IWC Portofino Perpetual Calendar - Galli Uhren Bijouterie","og_description":"Die Portofino Perpetual Calendar ist mit dem legend\u00e4ren ewigen Kalender ausgestattet, der in den 1980er Jahren von Kurt Klaus entwickelt wurde. Mit einem Durchmesser von nur 40 Millimetern ist diese Uhr der kleinste ewige Kalender im Portfolio von IWC. Diese Version verf\u00fcgt \u00fcber ein Edelstahlgeh\u00e4use, ein versilbertes Zifferblatt sowie vergoldete Zeiger und Appliken. Der ausgekl\u00fcgelte... Weiter &raquo;","og_url":"https:\/\/galli.ch\/uhren\/iwc\/portofino\/perpetual-calendar-iw344601\/","og_site_name":"Galli Uhren Bijouterie","article_modified_time":"2026-03-30T08:13:58+00:00","og_image":[{"width":1000,"height":1400,"url":"https:\/\/galli.ch\/wp-content\/uploads\/2409135-png-transform-global_image_940_2x.png","type":"image\/png"}],"twitter_card":"summary_large_image","schema":{"@context":"https:\/\/schema.org","@graph":[{"@type":"WebPage","@id":"https:\/\/galli.ch\/uhren\/iwc\/portofino\/perpetual-calendar-iw344601\/","url":"https:\/\/galli.ch\/uhren\/iwc\/portofino\/perpetual-calendar-iw344601\/","name":"IWC Portofino Perpetual Calendar - Galli Uhren Bijouterie","isPartOf":{"@id":"http:\/\/galli.ch\/en\/#website"},"primaryImageOfPage":{"@id":"https:\/\/galli.ch\/uhren\/iwc\/portofino\/perpetual-calendar-iw344601\/#primaryimage"},"image":{"@id":"https:\/\/galli.ch\/uhren\/iwc\/portofino\/perpetual-calendar-iw344601\/#primaryimage"},"thumbnailUrl":"https:\/\/galli.ch\/wp-content\/uploads\/2409135-png-transform-global_image_940_2x.png","datePublished":"2022-12-01T10:45:10+00:00","dateModified":"2026-03-30T08:13:58+00:00","breadcrumb":{"@id":"https:\/\/galli.ch\/uhren\/iwc\/portofino\/perpetual-calendar-iw344601\/#breadcrumb"},"inLanguage":"en-US","potentialAction":[{"@type":"ReadAction","target":["https:\/\/galli.ch\/uhren\/iwc\/portofino\/perpetual-calendar-iw344601\/"]}]},{"@type":"ImageObject","inLanguage":"en-US","@id":"https:\/\/galli.ch\/uhren\/iwc\/portofino\/perpetual-calendar-iw344601\/#primaryimage","url":"https:\/\/galli.ch\/wp-content\/uploads\/2409135-png-transform-global_image_940_2x.png","contentUrl":"https:\/\/galli.ch\/wp-content\/uploads\/2409135-png-transform-global_image_940_2x.png","width":1000,"height":1400,"caption":"iwc-portofino-perpetual-stainless-steel"},{"@type":"BreadcrumbList","@id":"https:\/\/galli.ch\/uhren\/iwc\/portofino\/perpetual-calendar-iw344601\/#breadcrumb","itemListElement":[{"@type":"ListItem","position":1,"name":"Home","item":"https:\/\/galli.ch\/en\/"},{"@type":"ListItem","position":2,"name":"Uhren","item":"https:\/\/galli.ch\/en\/uhren\/"},{"@type":"ListItem","position":3,"name":"IWC Portofino Perpetual Calendar"}]},{"@type":"WebSite","@id":"http:\/\/galli.ch\/en\/#website","url":"http:\/\/galli.ch\/en\/","name":"Galli Uhren Bijouterie","description":"","potentialAction":[{"@type":"SearchAction","target":{"@type":"EntryPoint","urlTemplate":"http:\/\/galli.ch\/en\/?s={search_term_string}"},"query-input":{"@type":"PropertyValueSpecification","valueRequired":true,"valueName":"search_term_string"}}],"inLanguage":"en-US"}]}},"_links":{"self":[{"href":"https:\/\/galli.ch\/en\/wp-json\/wp\/v2\/product\/16470","targetHints":{"allow":["GET"]}}],"collection":[{"href":"https:\/\/galli.ch\/en\/wp-json\/wp\/v2\/product"}],"about":[{"href":"https:\/\/galli.ch\/en\/wp-json\/wp\/v2\/types\/product"}],"wp:featuredmedia":[{"embeddable":true,"href":"https:\/\/galli.ch\/en\/wp-json\/wp\/v2\/media\/16448"}],"wp:attachment":[{"href":"https:\/\/galli.ch\/en\/wp-json\/wp\/v2\/media?parent=16470"}],"wp:term":[{"taxonomy":"product_brand","embeddable":true,"href":"https:\/\/galli.ch\/en\/wp-json\/wp\/v2\/product_brand?post=16470"},{"taxonomy":"product_cat","embeddable":true,"href":"https:\/\/galli.ch\/en\/wp-json\/wp\/v2\/product_cat?post=16470"},{"taxonomy":"product_tag","embeddable":true,"href":"https:\/\/galli.ch\/en\/wp-json\/wp\/v2\/product_tag?post=16470"}],"curies":[{"name":"wp","href":"https:\/\/api.w.org\/{rel}","templated":true}]}}