{"id":16522,"date":"2022-12-05T15:48:14","date_gmt":"2022-12-05T14:48:14","guid":{"rendered":"https:\/\/galli.ch\/?post_type=product&#038;p=16522"},"modified":"2026-04-20T18:18:14","modified_gmt":"2026-04-20T16:18:14","slug":"prestige-co-axial-master-chronometer-small-seconds-41-434-13-41-20-10-001","status":"publish","type":"product","link":"https:\/\/galli.ch\/en\/uhren\/omega\/de-ville\/prestige-co-axial-master-chronometer-small-seconds-41-434-13-41-20-10-001\/","title":{"rendered":"Omega Prestige Co-Axial Master Chronometer Small Seconds 41"},"content":{"rendered":"<p>Die OMEGA De Ville Prestige, eine zeitlose Kollektion seit 1994, wird nun in ihrer dritten Generation hergestellt. Die Zeitmesser, die weiterhin f\u00fcr klassisches Design und raffinierte Eleganz stehen, bieten eine Reihe von Mustern, Veredelungen und Farben, die zu verschiedenen Lebensstilen und Pers\u00f6nlichkeiten passen.<\/p>\n<p>Das gew\u00f6lbte, tannengr\u00fcne PVD-Zifferblatt dieses 41-mm-Edelstahlmodells weist ein vertikales Muster mit zuf\u00e4lligen Pr\u00e4gungen auf und ist mit einem Sonnenschliff versehen. Gelbvergoldete Zeiger, r\u00f6mische Ziffern und Cabochon-Indexe wechseln sich ab.<\/p>\n<p>Der schlichte Look des Zeitmessers wird durch ein Datumsfenster bei 3 Uhr, eine kleine Sekundenanzeige bei 6 Uhr und eine Bahnminuterie in der \u00e4usseren Zone vervollst\u00e4ndigt.<\/p>\n","protected":false},"excerpt":{"rendered":"<p>Die OMEGA De Ville Prestige, eine zeitlose Kollektion seit 1994, wird nun in ihrer dritten Generation hergestellt. Die Zeitmesser, die weiterhin f\u00fcr klassisches Design und raffinierte Eleganz stehen, bieten eine Reihe von Mustern, Veredelungen und Farben, die zu verschiedenen Lebensstilen und Pers\u00f6nlichkeiten passen. Das gew\u00f6lbte, tannengr\u00fcne PVD-Zifferblatt dieses 41-mm-Edelstahlmodells weist ein vertikales Muster mit zuf\u00e4lligen&#8230;  <a class=\"excerpt-read-more\" href=\"https:\/\/galli.ch\/en\/uhren\/omega\/de-ville\/prestige-co-axial-master-chronometer-small-seconds-41-434-13-41-20-10-001\/\" title=\"Read Omega Prestige Co-Axial Master Chronometer Small Seconds 41\">Weiter &raquo;<\/a><\/p>\n","protected":false},"featured_media":16149,"template":"","meta":{"_acf_changed":false,"inline_featured_image":false},"product_brand":[],"product_cat":[188],"product_tag":[],"class_list":{"0":"post-16522","1":"product","2":"type-product","3":"status-publish","4":"has-post-thumbnail","6":"uhrenhersteller-omega","7":"uhrenhersteller-de-ville","8":"product_cat-uhren","10":"first","11":"outofstock","12":"taxable","13":"shipping-taxable","14":"purchasable","15":"product-type-simple"},"acf":[],"yoast_head":"<!-- This site is optimized with the Yoast SEO plugin v25.5 - https:\/\/yoast.com\/wordpress\/plugins\/seo\/ -->\n<title>Omega Prestige Co-Axial Master Chronometer Small Seconds 41 - Galli Uhren Bijouterie<\/title>\n<meta name=\"robots\" content=\"index, follow, max-snippet:-1, max-image-preview:large, max-video-preview:-1\" \/>\n<link rel=\"canonical\" href=\"https:\/\/galli.ch\/uhren\/omega\/de-ville\/prestige-co-axial-master-chronometer-small-seconds-41-434-13-41-20-10-001\/\" \/>\n<meta property=\"og:locale\" content=\"en_US\" \/>\n<meta property=\"og:type\" content=\"article\" \/>\n<meta property=\"og:title\" content=\"Omega Prestige Co-Axial Master Chronometer Small Seconds 41 - Galli Uhren Bijouterie\" \/>\n<meta property=\"og:description\" content=\"Die OMEGA De Ville Prestige, eine zeitlose Kollektion seit 1994, wird nun in ihrer dritten Generation hergestellt. Die Zeitmesser, die weiterhin f\u00fcr klassisches Design und raffinierte Eleganz stehen, bieten eine Reihe von Mustern, Veredelungen und Farben, die zu verschiedenen Lebensstilen und Pers\u00f6nlichkeiten passen. Das gew\u00f6lbte, tannengr\u00fcne PVD-Zifferblatt dieses 41-mm-Edelstahlmodells weist ein vertikales Muster mit zuf\u00e4lligen... Weiter &raquo;\" \/>\n<meta property=\"og:url\" content=\"https:\/\/galli.ch\/uhren\/omega\/de-ville\/prestige-co-axial-master-chronometer-small-seconds-41-434-13-41-20-10-001\/\" \/>\n<meta property=\"og:site_name\" content=\"Galli Uhren Bijouterie\" \/>\n<meta property=\"article:modified_time\" content=\"2026-04-20T16:18:14+00:00\" \/>\n<meta property=\"og:image\" content=\"https:\/\/galli.ch\/wp-content\/uploads\/omega-de-ville-prestige-co-axial-master-chronometer-small-seconds-41-mm-43413412010001-1-product-zoom.png\" \/>\n\t<meta property=\"og:image:width\" content=\"1000\" \/>\n\t<meta property=\"og:image:height\" content=\"1400\" \/>\n\t<meta property=\"og:image:type\" content=\"image\/png\" \/>\n<meta name=\"twitter:card\" content=\"summary_large_image\" \/>\n<script type=\"application\/ld+json\" class=\"yoast-schema-graph\">{\"@context\":\"https:\/\/schema.org\",\"@graph\":[{\"@type\":\"WebPage\",\"@id\":\"https:\/\/galli.ch\/uhren\/omega\/de-ville\/prestige-co-axial-master-chronometer-small-seconds-41-434-13-41-20-10-001\/\",\"url\":\"https:\/\/galli.ch\/uhren\/omega\/de-ville\/prestige-co-axial-master-chronometer-small-seconds-41-434-13-41-20-10-001\/\",\"name\":\"Omega Prestige Co-Axial Master Chronometer Small Seconds 41 - Galli Uhren Bijouterie\",\"isPartOf\":{\"@id\":\"http:\/\/galli.ch\/en\/#website\"},\"primaryImageOfPage\":{\"@id\":\"https:\/\/galli.ch\/uhren\/omega\/de-ville\/prestige-co-axial-master-chronometer-small-seconds-41-434-13-41-20-10-001\/#primaryimage\"},\"image\":{\"@id\":\"https:\/\/galli.ch\/uhren\/omega\/de-ville\/prestige-co-axial-master-chronometer-small-seconds-41-434-13-41-20-10-001\/#primaryimage\"},\"thumbnailUrl\":\"https:\/\/galli.ch\/wp-content\/uploads\/omega-de-ville-prestige-co-axial-master-chronometer-small-seconds-41-mm-43413412010001-1-product-zoom.png\",\"datePublished\":\"2022-12-05T14:48:14+00:00\",\"dateModified\":\"2026-04-20T16:18:14+00:00\",\"breadcrumb\":{\"@id\":\"https:\/\/galli.ch\/uhren\/omega\/de-ville\/prestige-co-axial-master-chronometer-small-seconds-41-434-13-41-20-10-001\/#breadcrumb\"},\"inLanguage\":\"en-US\",\"potentialAction\":[{\"@type\":\"ReadAction\",\"target\":[\"https:\/\/galli.ch\/uhren\/omega\/de-ville\/prestige-co-axial-master-chronometer-small-seconds-41-434-13-41-20-10-001\/\"]}]},{\"@type\":\"ImageObject\",\"inLanguage\":\"en-US\",\"@id\":\"https:\/\/galli.ch\/uhren\/omega\/de-ville\/prestige-co-axial-master-chronometer-small-seconds-41-434-13-41-20-10-001\/#primaryimage\",\"url\":\"https:\/\/galli.ch\/wp-content\/uploads\/omega-de-ville-prestige-co-axial-master-chronometer-small-seconds-41-mm-43413412010001-1-product-zoom.png\",\"contentUrl\":\"https:\/\/galli.ch\/wp-content\/uploads\/omega-de-ville-prestige-co-axial-master-chronometer-small-seconds-41-mm-43413412010001-1-product-zoom.png\",\"width\":1000,\"height\":1400,\"caption\":\"omega-de-ville-prestige-co-axial-master-chronometer-41-small-seconds\"},{\"@type\":\"BreadcrumbList\",\"@id\":\"https:\/\/galli.ch\/uhren\/omega\/de-ville\/prestige-co-axial-master-chronometer-small-seconds-41-434-13-41-20-10-001\/#breadcrumb\",\"itemListElement\":[{\"@type\":\"ListItem\",\"position\":1,\"name\":\"Home\",\"item\":\"https:\/\/galli.ch\/en\/\"},{\"@type\":\"ListItem\",\"position\":2,\"name\":\"Uhren\",\"item\":\"https:\/\/galli.ch\/en\/uhren\/\"},{\"@type\":\"ListItem\",\"position\":3,\"name\":\"Omega Prestige Co-Axial Master Chronometer Small Seconds 41\"}]},{\"@type\":\"WebSite\",\"@id\":\"http:\/\/galli.ch\/en\/#website\",\"url\":\"http:\/\/galli.ch\/en\/\",\"name\":\"Galli Uhren Bijouterie\",\"description\":\"\",\"potentialAction\":[{\"@type\":\"SearchAction\",\"target\":{\"@type\":\"EntryPoint\",\"urlTemplate\":\"http:\/\/galli.ch\/en\/?s={search_term_string}\"},\"query-input\":{\"@type\":\"PropertyValueSpecification\",\"valueRequired\":true,\"valueName\":\"search_term_string\"}}],\"inLanguage\":\"en-US\"}]}<\/script>\n<!-- \/ Yoast SEO plugin. -->","yoast_head_json":{"title":"Omega Prestige Co-Axial Master Chronometer Small Seconds 41 - Galli Uhren Bijouterie","robots":{"index":"index","follow":"follow","max-snippet":"max-snippet:-1","max-image-preview":"max-image-preview:large","max-video-preview":"max-video-preview:-1"},"canonical":"https:\/\/galli.ch\/uhren\/omega\/de-ville\/prestige-co-axial-master-chronometer-small-seconds-41-434-13-41-20-10-001\/","og_locale":"en_US","og_type":"article","og_title":"Omega Prestige Co-Axial Master Chronometer Small Seconds 41 - Galli Uhren Bijouterie","og_description":"Die OMEGA De Ville Prestige, eine zeitlose Kollektion seit 1994, wird nun in ihrer dritten Generation hergestellt. Die Zeitmesser, die weiterhin f\u00fcr klassisches Design und raffinierte Eleganz stehen, bieten eine Reihe von Mustern, Veredelungen und Farben, die zu verschiedenen Lebensstilen und Pers\u00f6nlichkeiten passen. Das gew\u00f6lbte, tannengr\u00fcne PVD-Zifferblatt dieses 41-mm-Edelstahlmodells weist ein vertikales Muster mit zuf\u00e4lligen... Weiter &raquo;","og_url":"https:\/\/galli.ch\/uhren\/omega\/de-ville\/prestige-co-axial-master-chronometer-small-seconds-41-434-13-41-20-10-001\/","og_site_name":"Galli Uhren Bijouterie","article_modified_time":"2026-04-20T16:18:14+00:00","og_image":[{"width":1000,"height":1400,"url":"https:\/\/galli.ch\/wp-content\/uploads\/omega-de-ville-prestige-co-axial-master-chronometer-small-seconds-41-mm-43413412010001-1-product-zoom.png","type":"image\/png"}],"twitter_card":"summary_large_image","schema":{"@context":"https:\/\/schema.org","@graph":[{"@type":"WebPage","@id":"https:\/\/galli.ch\/uhren\/omega\/de-ville\/prestige-co-axial-master-chronometer-small-seconds-41-434-13-41-20-10-001\/","url":"https:\/\/galli.ch\/uhren\/omega\/de-ville\/prestige-co-axial-master-chronometer-small-seconds-41-434-13-41-20-10-001\/","name":"Omega Prestige Co-Axial Master Chronometer Small Seconds 41 - Galli Uhren Bijouterie","isPartOf":{"@id":"http:\/\/galli.ch\/en\/#website"},"primaryImageOfPage":{"@id":"https:\/\/galli.ch\/uhren\/omega\/de-ville\/prestige-co-axial-master-chronometer-small-seconds-41-434-13-41-20-10-001\/#primaryimage"},"image":{"@id":"https:\/\/galli.ch\/uhren\/omega\/de-ville\/prestige-co-axial-master-chronometer-small-seconds-41-434-13-41-20-10-001\/#primaryimage"},"thumbnailUrl":"https:\/\/galli.ch\/wp-content\/uploads\/omega-de-ville-prestige-co-axial-master-chronometer-small-seconds-41-mm-43413412010001-1-product-zoom.png","datePublished":"2022-12-05T14:48:14+00:00","dateModified":"2026-04-20T16:18:14+00:00","breadcrumb":{"@id":"https:\/\/galli.ch\/uhren\/omega\/de-ville\/prestige-co-axial-master-chronometer-small-seconds-41-434-13-41-20-10-001\/#breadcrumb"},"inLanguage":"en-US","potentialAction":[{"@type":"ReadAction","target":["https:\/\/galli.ch\/uhren\/omega\/de-ville\/prestige-co-axial-master-chronometer-small-seconds-41-434-13-41-20-10-001\/"]}]},{"@type":"ImageObject","inLanguage":"en-US","@id":"https:\/\/galli.ch\/uhren\/omega\/de-ville\/prestige-co-axial-master-chronometer-small-seconds-41-434-13-41-20-10-001\/#primaryimage","url":"https:\/\/galli.ch\/wp-content\/uploads\/omega-de-ville-prestige-co-axial-master-chronometer-small-seconds-41-mm-43413412010001-1-product-zoom.png","contentUrl":"https:\/\/galli.ch\/wp-content\/uploads\/omega-de-ville-prestige-co-axial-master-chronometer-small-seconds-41-mm-43413412010001-1-product-zoom.png","width":1000,"height":1400,"caption":"omega-de-ville-prestige-co-axial-master-chronometer-41-small-seconds"},{"@type":"BreadcrumbList","@id":"https:\/\/galli.ch\/uhren\/omega\/de-ville\/prestige-co-axial-master-chronometer-small-seconds-41-434-13-41-20-10-001\/#breadcrumb","itemListElement":[{"@type":"ListItem","position":1,"name":"Home","item":"https:\/\/galli.ch\/en\/"},{"@type":"ListItem","position":2,"name":"Uhren","item":"https:\/\/galli.ch\/en\/uhren\/"},{"@type":"ListItem","position":3,"name":"Omega Prestige Co-Axial Master Chronometer Small Seconds 41"}]},{"@type":"WebSite","@id":"http:\/\/galli.ch\/en\/#website","url":"http:\/\/galli.ch\/en\/","name":"Galli Uhren Bijouterie","description":"","potentialAction":[{"@type":"SearchAction","target":{"@type":"EntryPoint","urlTemplate":"http:\/\/galli.ch\/en\/?s={search_term_string}"},"query-input":{"@type":"PropertyValueSpecification","valueRequired":true,"valueName":"search_term_string"}}],"inLanguage":"en-US"}]}},"_links":{"self":[{"href":"https:\/\/galli.ch\/en\/wp-json\/wp\/v2\/product\/16522","targetHints":{"allow":["GET"]}}],"collection":[{"href":"https:\/\/galli.ch\/en\/wp-json\/wp\/v2\/product"}],"about":[{"href":"https:\/\/galli.ch\/en\/wp-json\/wp\/v2\/types\/product"}],"wp:featuredmedia":[{"embeddable":true,"href":"https:\/\/galli.ch\/en\/wp-json\/wp\/v2\/media\/16149"}],"wp:attachment":[{"href":"https:\/\/galli.ch\/en\/wp-json\/wp\/v2\/media?parent=16522"}],"wp:term":[{"taxonomy":"product_brand","embeddable":true,"href":"https:\/\/galli.ch\/en\/wp-json\/wp\/v2\/product_brand?post=16522"},{"taxonomy":"product_cat","embeddable":true,"href":"https:\/\/galli.ch\/en\/wp-json\/wp\/v2\/product_cat?post=16522"},{"taxonomy":"product_tag","embeddable":true,"href":"https:\/\/galli.ch\/en\/wp-json\/wp\/v2\/product_tag?post=16522"}],"curies":[{"name":"wp","href":"https:\/\/api.w.org\/{rel}","templated":true}]}}