{"id":1664,"date":"2018-07-25T20:00:32","date_gmt":"2018-07-25T20:00:32","guid":{"rendered":"http:\/\/galli.ch\/?post_type=uhren&#038;p=1664"},"modified":"2026-04-23T18:11:25","modified_gmt":"2026-04-23T16:11:25","slug":"bigeye-41-l2-816-4-53-2","status":"publish","type":"product","link":"https:\/\/galli.ch\/en\/uhren\/longines\/avigation\/bigeye-41-l2-816-4-53-2\/","title":{"rendered":"Longines Avigation BigEye 41"},"content":{"rendered":"<p>Die Schweizer Uhrenmarke Longines erh\u00e4lt den Preis \u201eRevival\u201c bei der Zeremonie des Grand Prix de l\u2019Horlogerie de Gen\u00e8ve 2017. Ihr Modell The Longines Avigation BigEye konnte eine hoch spezialisierte Jury \u00fcberzeugen. Dieses Modell aus der Heritage Linie ist eine Neuauflage eines Chronographen der 1930-er Jahre, der die grosse Tradition der Fliegeruhren fortf\u00fchrt. Tats\u00e4chlich verbindet Longines eine lange Geschichte mit der Welt der Luftfahrt.<\/p>\n<p>Durch die lange Tradition in der Uhrmacherkunst misst Longines der Erinnerungsarbeit besondere Bedeutung bei. Die Marke mit der gefl\u00fcgelten Sanduhr erg\u00e4nzt ihr Museum, das die 185-j\u00e4hrige Unternehmensgeschichte veranschaulicht, kontinuierlich um neue Modelle. The Longines Avigation BigEye ist eine Neuauflage einer der j\u00fcngsten Akquisitionen, ein Modell mit markanter Optik, das die Jury des GPHG \u00fcberzeugen konnte und den Preis in der Kategorie \u201eRevival\u201c f\u00fcr die beste Neuauflage eines ikonischen historischen Modells gewann. Die Zeremonie fand im Th\u00e9\u00e2tre du L\u00e9man in Genf statt und brachte 1\u2018350 G\u00e4ste, einflussreiche Akteure der Uhrmacher-, Politik- und Wirtschaftswelt zusammen, die gekommen waren, um das Streben nach Exzellenz, Kreativit\u00e4t und Leidenschaft f\u00fcr die Uhrenindustrie zu feiern.<\/p>\n","protected":false},"excerpt":{"rendered":"<p>Die Schweizer Uhrenmarke Longines erh\u00e4lt den Preis \u201eRevival\u201c bei der Zeremonie des Grand Prix de l\u2019Horlogerie de Gen\u00e8ve 2017. Ihr Modell The Longines Avigation BigEye konnte eine hoch spezialisierte Jury \u00fcberzeugen. Dieses Modell aus der Heritage Linie ist eine Neuauflage eines Chronographen der 1930-er Jahre, der die grosse Tradition der Fliegeruhren fortf\u00fchrt. Tats\u00e4chlich verbindet Longines&#8230;  <a class=\"excerpt-read-more\" href=\"https:\/\/galli.ch\/en\/uhren\/longines\/avigation\/bigeye-41-l2-816-4-53-2\/\" title=\"Read Longines Avigation BigEye 41\">Weiter &raquo;<\/a><\/p>\n","protected":false},"featured_media":1657,"template":"","meta":{"_acf_changed":false,"inline_featured_image":false},"product_brand":[],"product_cat":[188],"product_tag":[],"class_list":{"0":"post-1664","1":"product","2":"type-product","3":"status-publish","4":"has-post-thumbnail","6":"uhrenhersteller-longines","7":"uhrenhersteller-avigation","8":"product_cat-uhren","10":"first","11":"outofstock","12":"taxable","13":"shipping-taxable","14":"purchasable","15":"product-type-simple"},"acf":[],"yoast_head":"<!-- This site is optimized with the Yoast SEO plugin v25.5 - https:\/\/yoast.com\/wordpress\/plugins\/seo\/ -->\n<title>Longines Avigation BigEye 41 - Galli Uhren Bijouterie<\/title>\n<meta name=\"robots\" content=\"index, follow, max-snippet:-1, max-image-preview:large, max-video-preview:-1\" \/>\n<link rel=\"canonical\" href=\"https:\/\/galli.ch\/uhren\/longines\/avigation\/bigeye-41-l2-816-4-53-2\/\" \/>\n<meta property=\"og:locale\" content=\"en_US\" \/>\n<meta property=\"og:type\" content=\"article\" \/>\n<meta property=\"og:title\" content=\"Longines Avigation BigEye 41 - Galli Uhren Bijouterie\" \/>\n<meta property=\"og:description\" content=\"Die Schweizer Uhrenmarke Longines erh\u00e4lt den Preis \u201eRevival\u201c bei der Zeremonie des Grand Prix de l\u2019Horlogerie de Gen\u00e8ve 2017. Ihr Modell The Longines Avigation BigEye konnte eine hoch spezialisierte Jury \u00fcberzeugen. Dieses Modell aus der Heritage Linie ist eine Neuauflage eines Chronographen der 1930-er Jahre, der die grosse Tradition der Fliegeruhren fortf\u00fchrt. Tats\u00e4chlich verbindet Longines... Weiter &raquo;\" \/>\n<meta property=\"og:url\" content=\"https:\/\/galli.ch\/uhren\/longines\/avigation\/bigeye-41-l2-816-4-53-2\/\" \/>\n<meta property=\"og:site_name\" content=\"Galli Uhren Bijouterie\" \/>\n<meta property=\"article:modified_time\" content=\"2026-04-23T16:11:25+00:00\" \/>\n<meta property=\"og:image\" content=\"https:\/\/galli.ch\/wp-content\/uploads\/Longines_Heritage_L2.816.png\" \/>\n\t<meta property=\"og:image:width\" content=\"500\" \/>\n\t<meta property=\"og:image:height\" content=\"700\" \/>\n\t<meta property=\"og:image:type\" content=\"image\/png\" \/>\n<meta name=\"twitter:card\" content=\"summary_large_image\" \/>\n<script type=\"application\/ld+json\" class=\"yoast-schema-graph\">{\"@context\":\"https:\/\/schema.org\",\"@graph\":[{\"@type\":\"WebPage\",\"@id\":\"https:\/\/galli.ch\/uhren\/longines\/avigation\/bigeye-41-l2-816-4-53-2\/\",\"url\":\"https:\/\/galli.ch\/uhren\/longines\/avigation\/bigeye-41-l2-816-4-53-2\/\",\"name\":\"Longines Avigation BigEye 41 - Galli Uhren Bijouterie\",\"isPartOf\":{\"@id\":\"http:\/\/galli.ch\/en\/#website\"},\"primaryImageOfPage\":{\"@id\":\"https:\/\/galli.ch\/uhren\/longines\/avigation\/bigeye-41-l2-816-4-53-2\/#primaryimage\"},\"image\":{\"@id\":\"https:\/\/galli.ch\/uhren\/longines\/avigation\/bigeye-41-l2-816-4-53-2\/#primaryimage\"},\"thumbnailUrl\":\"https:\/\/galli.ch\/wp-content\/uploads\/Longines_Heritage_L2.816.png\",\"datePublished\":\"2018-07-25T20:00:32+00:00\",\"dateModified\":\"2026-04-23T16:11:25+00:00\",\"breadcrumb\":{\"@id\":\"https:\/\/galli.ch\/uhren\/longines\/avigation\/bigeye-41-l2-816-4-53-2\/#breadcrumb\"},\"inLanguage\":\"en-US\",\"potentialAction\":[{\"@type\":\"ReadAction\",\"target\":[\"https:\/\/galli.ch\/uhren\/longines\/avigation\/bigeye-41-l2-816-4-53-2\/\"]}]},{\"@type\":\"ImageObject\",\"inLanguage\":\"en-US\",\"@id\":\"https:\/\/galli.ch\/uhren\/longines\/avigation\/bigeye-41-l2-816-4-53-2\/#primaryimage\",\"url\":\"https:\/\/galli.ch\/wp-content\/uploads\/Longines_Heritage_L2.816.png\",\"contentUrl\":\"https:\/\/galli.ch\/wp-content\/uploads\/Longines_Heritage_L2.816.png\",\"width\":500,\"height\":700,\"caption\":\"Longines Heritage\"},{\"@type\":\"BreadcrumbList\",\"@id\":\"https:\/\/galli.ch\/uhren\/longines\/avigation\/bigeye-41-l2-816-4-53-2\/#breadcrumb\",\"itemListElement\":[{\"@type\":\"ListItem\",\"position\":1,\"name\":\"Home\",\"item\":\"https:\/\/galli.ch\/en\/\"},{\"@type\":\"ListItem\",\"position\":2,\"name\":\"Uhren\",\"item\":\"https:\/\/galli.ch\/en\/uhren\/\"},{\"@type\":\"ListItem\",\"position\":3,\"name\":\"Avigation BigEye 41\"}]},{\"@type\":\"WebSite\",\"@id\":\"http:\/\/galli.ch\/en\/#website\",\"url\":\"http:\/\/galli.ch\/en\/\",\"name\":\"Galli Uhren Bijouterie\",\"description\":\"\",\"potentialAction\":[{\"@type\":\"SearchAction\",\"target\":{\"@type\":\"EntryPoint\",\"urlTemplate\":\"http:\/\/galli.ch\/en\/?s={search_term_string}\"},\"query-input\":{\"@type\":\"PropertyValueSpecification\",\"valueRequired\":true,\"valueName\":\"search_term_string\"}}],\"inLanguage\":\"en-US\"}]}<\/script>\n<!-- \/ Yoast SEO plugin. -->","yoast_head_json":{"title":"Longines Avigation BigEye 41 - Galli Uhren Bijouterie","robots":{"index":"index","follow":"follow","max-snippet":"max-snippet:-1","max-image-preview":"max-image-preview:large","max-video-preview":"max-video-preview:-1"},"canonical":"https:\/\/galli.ch\/uhren\/longines\/avigation\/bigeye-41-l2-816-4-53-2\/","og_locale":"en_US","og_type":"article","og_title":"Longines Avigation BigEye 41 - Galli Uhren Bijouterie","og_description":"Die Schweizer Uhrenmarke Longines erh\u00e4lt den Preis \u201eRevival\u201c bei der Zeremonie des Grand Prix de l\u2019Horlogerie de Gen\u00e8ve 2017. Ihr Modell The Longines Avigation BigEye konnte eine hoch spezialisierte Jury \u00fcberzeugen. Dieses Modell aus der Heritage Linie ist eine Neuauflage eines Chronographen der 1930-er Jahre, der die grosse Tradition der Fliegeruhren fortf\u00fchrt. Tats\u00e4chlich verbindet Longines... Weiter &raquo;","og_url":"https:\/\/galli.ch\/uhren\/longines\/avigation\/bigeye-41-l2-816-4-53-2\/","og_site_name":"Galli Uhren Bijouterie","article_modified_time":"2026-04-23T16:11:25+00:00","og_image":[{"width":500,"height":700,"url":"https:\/\/galli.ch\/wp-content\/uploads\/Longines_Heritage_L2.816.png","type":"image\/png"}],"twitter_card":"summary_large_image","schema":{"@context":"https:\/\/schema.org","@graph":[{"@type":"WebPage","@id":"https:\/\/galli.ch\/uhren\/longines\/avigation\/bigeye-41-l2-816-4-53-2\/","url":"https:\/\/galli.ch\/uhren\/longines\/avigation\/bigeye-41-l2-816-4-53-2\/","name":"Longines Avigation BigEye 41 - Galli Uhren Bijouterie","isPartOf":{"@id":"http:\/\/galli.ch\/en\/#website"},"primaryImageOfPage":{"@id":"https:\/\/galli.ch\/uhren\/longines\/avigation\/bigeye-41-l2-816-4-53-2\/#primaryimage"},"image":{"@id":"https:\/\/galli.ch\/uhren\/longines\/avigation\/bigeye-41-l2-816-4-53-2\/#primaryimage"},"thumbnailUrl":"https:\/\/galli.ch\/wp-content\/uploads\/Longines_Heritage_L2.816.png","datePublished":"2018-07-25T20:00:32+00:00","dateModified":"2026-04-23T16:11:25+00:00","breadcrumb":{"@id":"https:\/\/galli.ch\/uhren\/longines\/avigation\/bigeye-41-l2-816-4-53-2\/#breadcrumb"},"inLanguage":"en-US","potentialAction":[{"@type":"ReadAction","target":["https:\/\/galli.ch\/uhren\/longines\/avigation\/bigeye-41-l2-816-4-53-2\/"]}]},{"@type":"ImageObject","inLanguage":"en-US","@id":"https:\/\/galli.ch\/uhren\/longines\/avigation\/bigeye-41-l2-816-4-53-2\/#primaryimage","url":"https:\/\/galli.ch\/wp-content\/uploads\/Longines_Heritage_L2.816.png","contentUrl":"https:\/\/galli.ch\/wp-content\/uploads\/Longines_Heritage_L2.816.png","width":500,"height":700,"caption":"Longines Heritage"},{"@type":"BreadcrumbList","@id":"https:\/\/galli.ch\/uhren\/longines\/avigation\/bigeye-41-l2-816-4-53-2\/#breadcrumb","itemListElement":[{"@type":"ListItem","position":1,"name":"Home","item":"https:\/\/galli.ch\/en\/"},{"@type":"ListItem","position":2,"name":"Uhren","item":"https:\/\/galli.ch\/en\/uhren\/"},{"@type":"ListItem","position":3,"name":"Avigation BigEye 41"}]},{"@type":"WebSite","@id":"http:\/\/galli.ch\/en\/#website","url":"http:\/\/galli.ch\/en\/","name":"Galli Uhren Bijouterie","description":"","potentialAction":[{"@type":"SearchAction","target":{"@type":"EntryPoint","urlTemplate":"http:\/\/galli.ch\/en\/?s={search_term_string}"},"query-input":{"@type":"PropertyValueSpecification","valueRequired":true,"valueName":"search_term_string"}}],"inLanguage":"en-US"}]}},"_links":{"self":[{"href":"https:\/\/galli.ch\/en\/wp-json\/wp\/v2\/product\/1664","targetHints":{"allow":["GET"]}}],"collection":[{"href":"https:\/\/galli.ch\/en\/wp-json\/wp\/v2\/product"}],"about":[{"href":"https:\/\/galli.ch\/en\/wp-json\/wp\/v2\/types\/product"}],"wp:featuredmedia":[{"embeddable":true,"href":"https:\/\/galli.ch\/en\/wp-json\/wp\/v2\/media\/1657"}],"wp:attachment":[{"href":"https:\/\/galli.ch\/en\/wp-json\/wp\/v2\/media?parent=1664"}],"wp:term":[{"taxonomy":"product_brand","embeddable":true,"href":"https:\/\/galli.ch\/en\/wp-json\/wp\/v2\/product_brand?post=1664"},{"taxonomy":"product_cat","embeddable":true,"href":"https:\/\/galli.ch\/en\/wp-json\/wp\/v2\/product_cat?post=1664"},{"taxonomy":"product_tag","embeddable":true,"href":"https:\/\/galli.ch\/en\/wp-json\/wp\/v2\/product_tag?post=1664"}],"curies":[{"name":"wp","href":"https:\/\/api.w.org\/{rel}","templated":true}]}}