{"id":16885,"date":"2023-01-10T17:14:09","date_gmt":"2023-01-10T16:14:09","guid":{"rendered":"https:\/\/galli.ch\/?post_type=product&#038;p=16885"},"modified":"2026-03-30T10:15:39","modified_gmt":"2026-03-30T08:15:39","slug":"black-bay-31-sg-m79613-0007","status":"publish","type":"product","link":"https:\/\/galli.ch\/en\/uhren\/tudor\/black-bay-31-36-39-41\/black-bay-31-sg-m79613-0007\/","title":{"rendered":"Tudor Black Bay 31 S&#038;G"},"content":{"rendered":"<p>Das Geh\u00e4use der Modelle Black Bay 31, 36, 39 und 41 S&amp;G stellt eine elegante abgerundete Variante der ber\u00fchmten \u00c4sthetik der Black Bay dar. Es verf\u00fcgt in allen erh\u00e4ltlichen Gr\u00f6ssen \u00fcber polierte und gew\u00f6lbte Seiten und ist mit einem Manufakturwerk ausgestattet. Seine sanfte Silhouette wird durch eine neue abgerundete Aufzugskrone betont. F\u00fcr die Gr\u00f6ssen 31, 36 und 39 gibt es wie bei diesem Modell eine Version mit Diamantl\u00fcnette \u2013 ein elegantes Detail, das das Funkeln der Armbanduhr am Handgelenk intensiviert.<\/p>\n<p>Sie \u00fcbernehmen die charakteristischen eckigen Zeiger, von Sammlern \u201eSnowflake\u201c-Zeiger genannt, die 1969 im Katalog der Marke erschienen. Die verschraubte Aufzugskrone ohne Kronenschutz und die typischen Merkmale des Geh\u00e4uses erinnern an die ersten Generationen der Tudor-Taucheruhren.<\/p>\n","protected":false},"excerpt":{"rendered":"<p>Das Geh\u00e4use der Modelle Black Bay 31, 36, 39 und 41 S&amp;G stellt eine elegante abgerundete Variante der ber\u00fchmten \u00c4sthetik der Black Bay dar. Es verf\u00fcgt in allen erh\u00e4ltlichen Gr\u00f6ssen \u00fcber polierte und gew\u00f6lbte Seiten und ist mit einem Manufakturwerk ausgestattet. Seine sanfte Silhouette wird durch eine neue abgerundete Aufzugskrone betont. F\u00fcr die Gr\u00f6ssen 31,&#8230;  <a class=\"excerpt-read-more\" href=\"https:\/\/galli.ch\/en\/uhren\/tudor\/black-bay-31-36-39-41\/black-bay-31-sg-m79613-0007\/\" title=\"Read Tudor Black Bay 31 S&#038;G\">Weiter &raquo;<\/a><\/p>\n","protected":false},"featured_media":16785,"template":"","meta":{"_acf_changed":false,"inline_featured_image":false},"product_brand":[],"product_cat":[188],"product_tag":[],"class_list":{"0":"post-16885","1":"product","2":"type-product","3":"status-publish","4":"has-post-thumbnail","6":"uhrenhersteller-tudor","7":"uhrenhersteller-black-bay-31-36-39-41","8":"product_cat-uhren","10":"first","11":"instock","12":"taxable","13":"shipping-taxable","14":"purchasable","15":"product-type-simple"},"acf":[],"yoast_head":"<!-- This site is optimized with the Yoast SEO plugin v25.5 - https:\/\/yoast.com\/wordpress\/plugins\/seo\/ -->\n<title>Tudor Black Bay 31 S&amp;G - Galli Uhren Bijouterie<\/title>\n<meta name=\"robots\" content=\"index, follow, max-snippet:-1, max-image-preview:large, max-video-preview:-1\" \/>\n<link rel=\"canonical\" href=\"https:\/\/galli.ch\/uhren\/tudor\/black-bay-31-36-39-41\/black-bay-31-sg-m79613-0007\/\" \/>\n<meta property=\"og:locale\" content=\"en_US\" \/>\n<meta property=\"og:type\" content=\"article\" \/>\n<meta property=\"og:title\" content=\"Tudor Black Bay 31 S&amp;G - Galli Uhren Bijouterie\" \/>\n<meta property=\"og:description\" content=\"Das Geh\u00e4use der Modelle Black Bay 31, 36, 39 und 41 S&amp;G stellt eine elegante abgerundete Variante der ber\u00fchmten \u00c4sthetik der Black Bay dar. Es verf\u00fcgt in allen erh\u00e4ltlichen Gr\u00f6ssen \u00fcber polierte und gew\u00f6lbte Seiten und ist mit einem Manufakturwerk ausgestattet. Seine sanfte Silhouette wird durch eine neue abgerundete Aufzugskrone betont. F\u00fcr die Gr\u00f6ssen 31,... Weiter &raquo;\" \/>\n<meta property=\"og:url\" content=\"https:\/\/galli.ch\/uhren\/tudor\/black-bay-31-36-39-41\/black-bay-31-sg-m79613-0007\/\" \/>\n<meta property=\"og:site_name\" content=\"Galli Uhren Bijouterie\" \/>\n<meta property=\"article:modified_time\" content=\"2026-03-30T08:15:39+00:00\" \/>\n<meta property=\"og:image\" content=\"https:\/\/galli.ch\/wp-content\/uploads\/tudor-m79613-0007.png\" \/>\n\t<meta property=\"og:image:width\" content=\"1000\" \/>\n\t<meta property=\"og:image:height\" content=\"1400\" \/>\n\t<meta property=\"og:image:type\" content=\"image\/png\" \/>\n<meta name=\"twitter:card\" content=\"summary_large_image\" \/>\n<script type=\"application\/ld+json\" class=\"yoast-schema-graph\">{\"@context\":\"https:\/\/schema.org\",\"@graph\":[{\"@type\":\"WebPage\",\"@id\":\"https:\/\/galli.ch\/uhren\/tudor\/black-bay-31-36-39-41\/black-bay-31-sg-m79613-0007\/\",\"url\":\"https:\/\/galli.ch\/uhren\/tudor\/black-bay-31-36-39-41\/black-bay-31-sg-m79613-0007\/\",\"name\":\"Tudor Black Bay 31 S&G - Galli Uhren Bijouterie\",\"isPartOf\":{\"@id\":\"http:\/\/galli.ch\/en\/#website\"},\"primaryImageOfPage\":{\"@id\":\"https:\/\/galli.ch\/uhren\/tudor\/black-bay-31-36-39-41\/black-bay-31-sg-m79613-0007\/#primaryimage\"},\"image\":{\"@id\":\"https:\/\/galli.ch\/uhren\/tudor\/black-bay-31-36-39-41\/black-bay-31-sg-m79613-0007\/#primaryimage\"},\"thumbnailUrl\":\"https:\/\/galli.ch\/wp-content\/uploads\/tudor-m79613-0007.png\",\"datePublished\":\"2023-01-10T16:14:09+00:00\",\"dateModified\":\"2026-03-30T08:15:39+00:00\",\"breadcrumb\":{\"@id\":\"https:\/\/galli.ch\/uhren\/tudor\/black-bay-31-36-39-41\/black-bay-31-sg-m79613-0007\/#breadcrumb\"},\"inLanguage\":\"en-US\",\"potentialAction\":[{\"@type\":\"ReadAction\",\"target\":[\"https:\/\/galli.ch\/uhren\/tudor\/black-bay-31-36-39-41\/black-bay-31-sg-m79613-0007\/\"]}]},{\"@type\":\"ImageObject\",\"inLanguage\":\"en-US\",\"@id\":\"https:\/\/galli.ch\/uhren\/tudor\/black-bay-31-36-39-41\/black-bay-31-sg-m79613-0007\/#primaryimage\",\"url\":\"https:\/\/galli.ch\/wp-content\/uploads\/tudor-m79613-0007.png\",\"contentUrl\":\"https:\/\/galli.ch\/wp-content\/uploads\/tudor-m79613-0007.png\",\"width\":1000,\"height\":1400,\"caption\":\"tudor-black-bay-31-steel-gold-champagne\"},{\"@type\":\"BreadcrumbList\",\"@id\":\"https:\/\/galli.ch\/uhren\/tudor\/black-bay-31-36-39-41\/black-bay-31-sg-m79613-0007\/#breadcrumb\",\"itemListElement\":[{\"@type\":\"ListItem\",\"position\":1,\"name\":\"Home\",\"item\":\"https:\/\/galli.ch\/en\/\"},{\"@type\":\"ListItem\",\"position\":2,\"name\":\"Uhren\",\"item\":\"https:\/\/galli.ch\/en\/uhren\/\"},{\"@type\":\"ListItem\",\"position\":3,\"name\":\"Tudor Black Bay 31 S&#038;G\"}]},{\"@type\":\"WebSite\",\"@id\":\"http:\/\/galli.ch\/en\/#website\",\"url\":\"http:\/\/galli.ch\/en\/\",\"name\":\"Galli Uhren Bijouterie\",\"description\":\"\",\"potentialAction\":[{\"@type\":\"SearchAction\",\"target\":{\"@type\":\"EntryPoint\",\"urlTemplate\":\"http:\/\/galli.ch\/en\/?s={search_term_string}\"},\"query-input\":{\"@type\":\"PropertyValueSpecification\",\"valueRequired\":true,\"valueName\":\"search_term_string\"}}],\"inLanguage\":\"en-US\"}]}<\/script>\n<!-- \/ Yoast SEO plugin. -->","yoast_head_json":{"title":"Tudor Black Bay 31 S&G - Galli Uhren Bijouterie","robots":{"index":"index","follow":"follow","max-snippet":"max-snippet:-1","max-image-preview":"max-image-preview:large","max-video-preview":"max-video-preview:-1"},"canonical":"https:\/\/galli.ch\/uhren\/tudor\/black-bay-31-36-39-41\/black-bay-31-sg-m79613-0007\/","og_locale":"en_US","og_type":"article","og_title":"Tudor Black Bay 31 S&G - Galli Uhren Bijouterie","og_description":"Das Geh\u00e4use der Modelle Black Bay 31, 36, 39 und 41 S&amp;G stellt eine elegante abgerundete Variante der ber\u00fchmten \u00c4sthetik der Black Bay dar. Es verf\u00fcgt in allen erh\u00e4ltlichen Gr\u00f6ssen \u00fcber polierte und gew\u00f6lbte Seiten und ist mit einem Manufakturwerk ausgestattet. Seine sanfte Silhouette wird durch eine neue abgerundete Aufzugskrone betont. F\u00fcr die Gr\u00f6ssen 31,... Weiter &raquo;","og_url":"https:\/\/galli.ch\/uhren\/tudor\/black-bay-31-36-39-41\/black-bay-31-sg-m79613-0007\/","og_site_name":"Galli Uhren Bijouterie","article_modified_time":"2026-03-30T08:15:39+00:00","og_image":[{"width":1000,"height":1400,"url":"https:\/\/galli.ch\/wp-content\/uploads\/tudor-m79613-0007.png","type":"image\/png"}],"twitter_card":"summary_large_image","schema":{"@context":"https:\/\/schema.org","@graph":[{"@type":"WebPage","@id":"https:\/\/galli.ch\/uhren\/tudor\/black-bay-31-36-39-41\/black-bay-31-sg-m79613-0007\/","url":"https:\/\/galli.ch\/uhren\/tudor\/black-bay-31-36-39-41\/black-bay-31-sg-m79613-0007\/","name":"Tudor Black Bay 31 S&G - Galli Uhren Bijouterie","isPartOf":{"@id":"http:\/\/galli.ch\/en\/#website"},"primaryImageOfPage":{"@id":"https:\/\/galli.ch\/uhren\/tudor\/black-bay-31-36-39-41\/black-bay-31-sg-m79613-0007\/#primaryimage"},"image":{"@id":"https:\/\/galli.ch\/uhren\/tudor\/black-bay-31-36-39-41\/black-bay-31-sg-m79613-0007\/#primaryimage"},"thumbnailUrl":"https:\/\/galli.ch\/wp-content\/uploads\/tudor-m79613-0007.png","datePublished":"2023-01-10T16:14:09+00:00","dateModified":"2026-03-30T08:15:39+00:00","breadcrumb":{"@id":"https:\/\/galli.ch\/uhren\/tudor\/black-bay-31-36-39-41\/black-bay-31-sg-m79613-0007\/#breadcrumb"},"inLanguage":"en-US","potentialAction":[{"@type":"ReadAction","target":["https:\/\/galli.ch\/uhren\/tudor\/black-bay-31-36-39-41\/black-bay-31-sg-m79613-0007\/"]}]},{"@type":"ImageObject","inLanguage":"en-US","@id":"https:\/\/galli.ch\/uhren\/tudor\/black-bay-31-36-39-41\/black-bay-31-sg-m79613-0007\/#primaryimage","url":"https:\/\/galli.ch\/wp-content\/uploads\/tudor-m79613-0007.png","contentUrl":"https:\/\/galli.ch\/wp-content\/uploads\/tudor-m79613-0007.png","width":1000,"height":1400,"caption":"tudor-black-bay-31-steel-gold-champagne"},{"@type":"BreadcrumbList","@id":"https:\/\/galli.ch\/uhren\/tudor\/black-bay-31-36-39-41\/black-bay-31-sg-m79613-0007\/#breadcrumb","itemListElement":[{"@type":"ListItem","position":1,"name":"Home","item":"https:\/\/galli.ch\/en\/"},{"@type":"ListItem","position":2,"name":"Uhren","item":"https:\/\/galli.ch\/en\/uhren\/"},{"@type":"ListItem","position":3,"name":"Tudor Black Bay 31 S&#038;G"}]},{"@type":"WebSite","@id":"http:\/\/galli.ch\/en\/#website","url":"http:\/\/galli.ch\/en\/","name":"Galli Uhren Bijouterie","description":"","potentialAction":[{"@type":"SearchAction","target":{"@type":"EntryPoint","urlTemplate":"http:\/\/galli.ch\/en\/?s={search_term_string}"},"query-input":{"@type":"PropertyValueSpecification","valueRequired":true,"valueName":"search_term_string"}}],"inLanguage":"en-US"}]}},"_links":{"self":[{"href":"https:\/\/galli.ch\/en\/wp-json\/wp\/v2\/product\/16885","targetHints":{"allow":["GET"]}}],"collection":[{"href":"https:\/\/galli.ch\/en\/wp-json\/wp\/v2\/product"}],"about":[{"href":"https:\/\/galli.ch\/en\/wp-json\/wp\/v2\/types\/product"}],"wp:featuredmedia":[{"embeddable":true,"href":"https:\/\/galli.ch\/en\/wp-json\/wp\/v2\/media\/16785"}],"wp:attachment":[{"href":"https:\/\/galli.ch\/en\/wp-json\/wp\/v2\/media?parent=16885"}],"wp:term":[{"taxonomy":"product_brand","embeddable":true,"href":"https:\/\/galli.ch\/en\/wp-json\/wp\/v2\/product_brand?post=16885"},{"taxonomy":"product_cat","embeddable":true,"href":"https:\/\/galli.ch\/en\/wp-json\/wp\/v2\/product_cat?post=16885"},{"taxonomy":"product_tag","embeddable":true,"href":"https:\/\/galli.ch\/en\/wp-json\/wp\/v2\/product_tag?post=16885"}],"curies":[{"name":"wp","href":"https:\/\/api.w.org\/{rel}","templated":true}]}}