{"id":17081,"date":"2023-01-26T17:42:55","date_gmt":"2023-01-26T16:42:55","guid":{"rendered":"https:\/\/galli.ch\/?post_type=product&#038;p=17081"},"modified":"2025-03-13T13:44:55","modified_gmt":"2025-03-13T12:44:55","slug":"tissot-t120-407-11-041-03_1","status":"publish","type":"product","link":"https:\/\/galli.ch\/en\/uhren\/tissot\/t-sport\/tissot-t120-407-11-041-03_1\/","title":{"rendered":"Tissot Seastar 1000 Powermatic 80"},"content":{"rendered":"<p>Sportlich und zeitlos: Die Seastar 1000 Powermatic 80 punktet mit vielen starken Details. Die Herrenuhr von Tissot ist bis 300 Meter wasserdicht. Kratzfestes Saphirglas sorgt f\u00fcr den guten Schutz der Armbanduhr. Die Taucher-L\u00fcnette ist drehbar, das Uhrwerk bietet eine Gangreserve von 80 Stunden. Ein weiteres Extra sind die leuchtenden Zeiger, die das Ablesen von Uhrzeit und Datum erleichtern.<\/p>\n<p>Die Tissot Seastar 1000 Powermatic 80 ist die ideale Wahl f\u00fcr alle, die sich im, auf dem und am Wasser zu Hause f\u00fchlen: wasserdicht bis zu einem Druck von 30 bar (300 m), mit einseitig drehbarer L\u00fcnette mit Keramik-Inlay sowie verschraubter Krone. Saphirglas und das Powermatic 80 Automatikwerk mit bis zu 80 Stunden Gangreserve sind weitere Elemente, die diese Uhr zu einem zuverl\u00e4ssigen, widerstandsf\u00e4higen Begleiter machen.<\/p>\n","protected":false},"excerpt":{"rendered":"<p>Sportlich und zeitlos: Die Seastar 1000 Powermatic 80 punktet mit vielen starken Details. Die Herrenuhr von Tissot ist bis 300 Meter wasserdicht. Kratzfestes Saphirglas sorgt f\u00fcr den guten Schutz der Armbanduhr. Die Taucher-L\u00fcnette ist drehbar, das Uhrwerk bietet eine Gangreserve von 80 Stunden. Ein weiteres Extra sind die leuchtenden Zeiger, die das Ablesen von Uhrzeit&#8230;  <a class=\"excerpt-read-more\" href=\"https:\/\/galli.ch\/en\/uhren\/tissot\/t-sport\/tissot-t120-407-11-041-03_1\/\" title=\"Read Tissot Seastar 1000 Powermatic 80\">Weiter &raquo;<\/a><\/p>\n","protected":false},"featured_media":17119,"template":"","meta":{"_acf_changed":false,"inline_featured_image":false},"product_brand":[],"product_cat":[188],"product_tag":[],"class_list":{"0":"post-17081","1":"product","2":"type-product","3":"status-publish","4":"has-post-thumbnail","6":"uhrenhersteller-tissot","7":"uhrenhersteller-t-sport","8":"product_cat-uhren","10":"first","11":"instock","12":"taxable","13":"shipping-taxable","14":"purchasable","15":"product-type-simple"},"acf":[],"yoast_head":"<!-- This site is optimized with the Yoast SEO plugin v25.5 - https:\/\/yoast.com\/wordpress\/plugins\/seo\/ -->\n<title>Tissot Seastar 1000 Powermatic 80 - Galli Uhren Bijouterie<\/title>\n<meta name=\"robots\" content=\"index, follow, max-snippet:-1, max-image-preview:large, max-video-preview:-1\" \/>\n<link rel=\"canonical\" href=\"https:\/\/galli.ch\/uhren\/tissot\/t-sport\/tissot-t120-407-11-041-03_1\/\" \/>\n<meta property=\"og:locale\" content=\"en_US\" \/>\n<meta property=\"og:type\" content=\"article\" \/>\n<meta property=\"og:title\" content=\"Tissot Seastar 1000 Powermatic 80 - Galli Uhren Bijouterie\" \/>\n<meta property=\"og:description\" content=\"Sportlich und zeitlos: Die Seastar 1000 Powermatic 80 punktet mit vielen starken Details. Die Herrenuhr von Tissot ist bis 300 Meter wasserdicht. Kratzfestes Saphirglas sorgt f\u00fcr den guten Schutz der Armbanduhr. Die Taucher-L\u00fcnette ist drehbar, das Uhrwerk bietet eine Gangreserve von 80 Stunden. Ein weiteres Extra sind die leuchtenden Zeiger, die das Ablesen von Uhrzeit... Weiter &raquo;\" \/>\n<meta property=\"og:url\" content=\"https:\/\/galli.ch\/uhren\/tissot\/t-sport\/tissot-t120-407-11-041-03_1\/\" \/>\n<meta property=\"og:site_name\" content=\"Galli Uhren Bijouterie\" \/>\n<meta property=\"article:modified_time\" content=\"2025-03-13T12:44:55+00:00\" \/>\n<meta property=\"og:image\" content=\"https:\/\/galli.ch\/wp-content\/uploads\/T120-407-11-041-03_1-1.png\" \/>\n\t<meta property=\"og:image:width\" content=\"1000\" \/>\n\t<meta property=\"og:image:height\" content=\"1400\" \/>\n\t<meta property=\"og:image:type\" content=\"image\/png\" \/>\n<meta name=\"twitter:card\" content=\"summary_large_image\" \/>\n<script type=\"application\/ld+json\" class=\"yoast-schema-graph\">{\"@context\":\"https:\/\/schema.org\",\"@graph\":[{\"@type\":\"WebPage\",\"@id\":\"https:\/\/galli.ch\/uhren\/tissot\/t-sport\/tissot-t120-407-11-041-03_1\/\",\"url\":\"https:\/\/galli.ch\/uhren\/tissot\/t-sport\/tissot-t120-407-11-041-03_1\/\",\"name\":\"Tissot Seastar 1000 Powermatic 80 - Galli Uhren Bijouterie\",\"isPartOf\":{\"@id\":\"http:\/\/galli.ch\/en\/#website\"},\"primaryImageOfPage\":{\"@id\":\"https:\/\/galli.ch\/uhren\/tissot\/t-sport\/tissot-t120-407-11-041-03_1\/#primaryimage\"},\"image\":{\"@id\":\"https:\/\/galli.ch\/uhren\/tissot\/t-sport\/tissot-t120-407-11-041-03_1\/#primaryimage\"},\"thumbnailUrl\":\"https:\/\/galli.ch\/wp-content\/uploads\/T120-407-11-041-03_1-1.png\",\"datePublished\":\"2023-01-26T16:42:55+00:00\",\"dateModified\":\"2025-03-13T12:44:55+00:00\",\"breadcrumb\":{\"@id\":\"https:\/\/galli.ch\/uhren\/tissot\/t-sport\/tissot-t120-407-11-041-03_1\/#breadcrumb\"},\"inLanguage\":\"en-US\",\"potentialAction\":[{\"@type\":\"ReadAction\",\"target\":[\"https:\/\/galli.ch\/uhren\/tissot\/t-sport\/tissot-t120-407-11-041-03_1\/\"]}]},{\"@type\":\"ImageObject\",\"inLanguage\":\"en-US\",\"@id\":\"https:\/\/galli.ch\/uhren\/tissot\/t-sport\/tissot-t120-407-11-041-03_1\/#primaryimage\",\"url\":\"https:\/\/galli.ch\/wp-content\/uploads\/T120-407-11-041-03_1-1.png\",\"contentUrl\":\"https:\/\/galli.ch\/wp-content\/uploads\/T120-407-11-041-03_1-1.png\",\"width\":1000,\"height\":1400,\"caption\":\"tissot-seastar-blue-galli-zurich\"},{\"@type\":\"BreadcrumbList\",\"@id\":\"https:\/\/galli.ch\/uhren\/tissot\/t-sport\/tissot-t120-407-11-041-03_1\/#breadcrumb\",\"itemListElement\":[{\"@type\":\"ListItem\",\"position\":1,\"name\":\"Home\",\"item\":\"https:\/\/galli.ch\/en\/\"},{\"@type\":\"ListItem\",\"position\":2,\"name\":\"Uhren\",\"item\":\"https:\/\/galli.ch\/en\/uhren\/\"},{\"@type\":\"ListItem\",\"position\":3,\"name\":\"Seastar 1000 Powermatic 80\"}]},{\"@type\":\"WebSite\",\"@id\":\"http:\/\/galli.ch\/en\/#website\",\"url\":\"http:\/\/galli.ch\/en\/\",\"name\":\"Galli Uhren Bijouterie\",\"description\":\"\",\"potentialAction\":[{\"@type\":\"SearchAction\",\"target\":{\"@type\":\"EntryPoint\",\"urlTemplate\":\"http:\/\/galli.ch\/en\/?s={search_term_string}\"},\"query-input\":{\"@type\":\"PropertyValueSpecification\",\"valueRequired\":true,\"valueName\":\"search_term_string\"}}],\"inLanguage\":\"en-US\"}]}<\/script>\n<!-- \/ Yoast SEO plugin. -->","yoast_head_json":{"title":"Tissot Seastar 1000 Powermatic 80 - Galli Uhren Bijouterie","robots":{"index":"index","follow":"follow","max-snippet":"max-snippet:-1","max-image-preview":"max-image-preview:large","max-video-preview":"max-video-preview:-1"},"canonical":"https:\/\/galli.ch\/uhren\/tissot\/t-sport\/tissot-t120-407-11-041-03_1\/","og_locale":"en_US","og_type":"article","og_title":"Tissot Seastar 1000 Powermatic 80 - Galli Uhren Bijouterie","og_description":"Sportlich und zeitlos: Die Seastar 1000 Powermatic 80 punktet mit vielen starken Details. Die Herrenuhr von Tissot ist bis 300 Meter wasserdicht. Kratzfestes Saphirglas sorgt f\u00fcr den guten Schutz der Armbanduhr. Die Taucher-L\u00fcnette ist drehbar, das Uhrwerk bietet eine Gangreserve von 80 Stunden. Ein weiteres Extra sind die leuchtenden Zeiger, die das Ablesen von Uhrzeit... Weiter &raquo;","og_url":"https:\/\/galli.ch\/uhren\/tissot\/t-sport\/tissot-t120-407-11-041-03_1\/","og_site_name":"Galli Uhren Bijouterie","article_modified_time":"2025-03-13T12:44:55+00:00","og_image":[{"width":1000,"height":1400,"url":"https:\/\/galli.ch\/wp-content\/uploads\/T120-407-11-041-03_1-1.png","type":"image\/png"}],"twitter_card":"summary_large_image","schema":{"@context":"https:\/\/schema.org","@graph":[{"@type":"WebPage","@id":"https:\/\/galli.ch\/uhren\/tissot\/t-sport\/tissot-t120-407-11-041-03_1\/","url":"https:\/\/galli.ch\/uhren\/tissot\/t-sport\/tissot-t120-407-11-041-03_1\/","name":"Tissot Seastar 1000 Powermatic 80 - Galli Uhren Bijouterie","isPartOf":{"@id":"http:\/\/galli.ch\/en\/#website"},"primaryImageOfPage":{"@id":"https:\/\/galli.ch\/uhren\/tissot\/t-sport\/tissot-t120-407-11-041-03_1\/#primaryimage"},"image":{"@id":"https:\/\/galli.ch\/uhren\/tissot\/t-sport\/tissot-t120-407-11-041-03_1\/#primaryimage"},"thumbnailUrl":"https:\/\/galli.ch\/wp-content\/uploads\/T120-407-11-041-03_1-1.png","datePublished":"2023-01-26T16:42:55+00:00","dateModified":"2025-03-13T12:44:55+00:00","breadcrumb":{"@id":"https:\/\/galli.ch\/uhren\/tissot\/t-sport\/tissot-t120-407-11-041-03_1\/#breadcrumb"},"inLanguage":"en-US","potentialAction":[{"@type":"ReadAction","target":["https:\/\/galli.ch\/uhren\/tissot\/t-sport\/tissot-t120-407-11-041-03_1\/"]}]},{"@type":"ImageObject","inLanguage":"en-US","@id":"https:\/\/galli.ch\/uhren\/tissot\/t-sport\/tissot-t120-407-11-041-03_1\/#primaryimage","url":"https:\/\/galli.ch\/wp-content\/uploads\/T120-407-11-041-03_1-1.png","contentUrl":"https:\/\/galli.ch\/wp-content\/uploads\/T120-407-11-041-03_1-1.png","width":1000,"height":1400,"caption":"tissot-seastar-blue-galli-zurich"},{"@type":"BreadcrumbList","@id":"https:\/\/galli.ch\/uhren\/tissot\/t-sport\/tissot-t120-407-11-041-03_1\/#breadcrumb","itemListElement":[{"@type":"ListItem","position":1,"name":"Home","item":"https:\/\/galli.ch\/en\/"},{"@type":"ListItem","position":2,"name":"Uhren","item":"https:\/\/galli.ch\/en\/uhren\/"},{"@type":"ListItem","position":3,"name":"Seastar 1000 Powermatic 80"}]},{"@type":"WebSite","@id":"http:\/\/galli.ch\/en\/#website","url":"http:\/\/galli.ch\/en\/","name":"Galli Uhren Bijouterie","description":"","potentialAction":[{"@type":"SearchAction","target":{"@type":"EntryPoint","urlTemplate":"http:\/\/galli.ch\/en\/?s={search_term_string}"},"query-input":{"@type":"PropertyValueSpecification","valueRequired":true,"valueName":"search_term_string"}}],"inLanguage":"en-US"}]}},"_links":{"self":[{"href":"https:\/\/galli.ch\/en\/wp-json\/wp\/v2\/product\/17081","targetHints":{"allow":["GET"]}}],"collection":[{"href":"https:\/\/galli.ch\/en\/wp-json\/wp\/v2\/product"}],"about":[{"href":"https:\/\/galli.ch\/en\/wp-json\/wp\/v2\/types\/product"}],"wp:featuredmedia":[{"embeddable":true,"href":"https:\/\/galli.ch\/en\/wp-json\/wp\/v2\/media\/17119"}],"wp:attachment":[{"href":"https:\/\/galli.ch\/en\/wp-json\/wp\/v2\/media?parent=17081"}],"wp:term":[{"taxonomy":"product_brand","embeddable":true,"href":"https:\/\/galli.ch\/en\/wp-json\/wp\/v2\/product_brand?post=17081"},{"taxonomy":"product_cat","embeddable":true,"href":"https:\/\/galli.ch\/en\/wp-json\/wp\/v2\/product_cat?post=17081"},{"taxonomy":"product_tag","embeddable":true,"href":"https:\/\/galli.ch\/en\/wp-json\/wp\/v2\/product_tag?post=17081"}],"curies":[{"name":"wp","href":"https:\/\/api.w.org\/{rel}","templated":true}]}}