{"id":17218,"date":"2023-02-03T15:08:00","date_gmt":"2023-02-03T14:08:00","guid":{"rendered":"https:\/\/galli.ch\/?post_type=product&#038;p=17218"},"modified":"2026-04-20T18:11:24","modified_gmt":"2026-04-20T16:11:24","slug":"the-longines-master-colleciton-l2-793-4-73-2","status":"publish","type":"product","link":"https:\/\/galli.ch\/en\/uhren\/longines\/watchmaking-tradition\/the-longines-master-colleciton-l2-793-4-73-2\/","title":{"rendered":"Longines The Longines Master Collection 190th Anniversary"},"content":{"rendered":"<p>Anl\u00e4sslich des 190-j\u00e4hrigen Jubil\u00e4ums pr\u00e4sentiert Longines eine Reihe von exklusiven Zeitmessern aus der Longines Master Collection, die sich durch ihre sorgf\u00e4ltige Verarbeitung und die besondere Aufmerksamkeit f\u00fcr jedes Detail auszeichnen. Das sandgestrahlte, silberfarbene Zifferblatt zeichnet sich durch seine einzigartige Oberfl\u00e4che und die fein gravierten arabischen Ziffern aus. Elegante Zeiger aus gebl\u00e4utem Stahl geben die Stunden, Minuten und Sekunden an und betonen die raffinierte Schlichtheit des Zifferblatts. Das 40-mm-Geh\u00e4use aus Edelstahl beherbergt ein exklusives Longines Uhrwerk mit einer Unruhfeder aus Silizium. Durch den transparenten Boden, der eine Gedenkgravur tr\u00e4gt, l\u00e4sst sich die ganze meisterhafte Uhrmacherkunst dieses Kalibers bewundern. Ein weiches, anthrazitgraues Lederarmband rundet den Stil dieses hochwertigen Zeitmessers ab.<\/p>\n","protected":false},"excerpt":{"rendered":"<p>Anl\u00e4sslich des 190-j\u00e4hrigen Jubil\u00e4ums pr\u00e4sentiert Longines eine Reihe von exklusiven Zeitmessern aus der Longines Master Collection, die sich durch ihre sorgf\u00e4ltige Verarbeitung und die besondere Aufmerksamkeit f\u00fcr jedes Detail auszeichnen. Das sandgestrahlte, silberfarbene Zifferblatt zeichnet sich durch seine einzigartige Oberfl\u00e4che und die fein gravierten arabischen Ziffern aus. Elegante Zeiger aus gebl\u00e4utem Stahl geben die Stunden,&#8230;  <a class=\"excerpt-read-more\" href=\"https:\/\/galli.ch\/en\/uhren\/longines\/watchmaking-tradition\/the-longines-master-colleciton-l2-793-4-73-2\/\" title=\"Read Longines The Longines Master Collection 190th Anniversary\">Weiter &raquo;<\/a><\/p>\n","protected":false},"featured_media":17125,"template":"","meta":{"_acf_changed":false,"inline_featured_image":false},"product_brand":[],"product_cat":[188],"product_tag":[],"class_list":{"0":"post-17218","1":"product","2":"type-product","3":"status-publish","4":"has-post-thumbnail","6":"uhrenhersteller-longines","7":"uhrenhersteller-watchmaking-tradition","8":"product_cat-uhren","10":"first","11":"outofstock","12":"taxable","13":"shipping-taxable","14":"purchasable","15":"product-type-simple"},"acf":[],"yoast_head":"<!-- This site is optimized with the Yoast SEO plugin v25.5 - https:\/\/yoast.com\/wordpress\/plugins\/seo\/ -->\n<title>Longines The Longines Master Collection 190th Anniversary - Galli Uhren Bijouterie<\/title>\n<meta name=\"robots\" content=\"index, follow, max-snippet:-1, max-image-preview:large, max-video-preview:-1\" \/>\n<link rel=\"canonical\" href=\"https:\/\/galli.ch\/uhren\/longines\/watchmaking-tradition\/the-longines-master-colleciton-l2-793-4-73-2\/\" \/>\n<meta property=\"og:locale\" content=\"en_US\" \/>\n<meta property=\"og:type\" content=\"article\" \/>\n<meta property=\"og:title\" content=\"Longines The Longines Master Collection 190th Anniversary - Galli Uhren Bijouterie\" \/>\n<meta property=\"og:description\" content=\"Anl\u00e4sslich des 190-j\u00e4hrigen Jubil\u00e4ums pr\u00e4sentiert Longines eine Reihe von exklusiven Zeitmessern aus der Longines Master Collection, die sich durch ihre sorgf\u00e4ltige Verarbeitung und die besondere Aufmerksamkeit f\u00fcr jedes Detail auszeichnen. Das sandgestrahlte, silberfarbene Zifferblatt zeichnet sich durch seine einzigartige Oberfl\u00e4che und die fein gravierten arabischen Ziffern aus. Elegante Zeiger aus gebl\u00e4utem Stahl geben die Stunden,... Weiter &raquo;\" \/>\n<meta property=\"og:url\" content=\"https:\/\/galli.ch\/uhren\/longines\/watchmaking-tradition\/the-longines-master-colleciton-l2-793-4-73-2\/\" \/>\n<meta property=\"og:site_name\" content=\"Galli Uhren Bijouterie\" \/>\n<meta property=\"article:modified_time\" content=\"2026-04-20T16:11:24+00:00\" \/>\n<meta property=\"og:image\" content=\"https:\/\/galli.ch\/wp-content\/uploads\/longines-the-longines-master-collection-L2.793.png\" \/>\n\t<meta property=\"og:image:width\" content=\"1000\" \/>\n\t<meta property=\"og:image:height\" content=\"1400\" \/>\n\t<meta property=\"og:image:type\" content=\"image\/png\" \/>\n<meta name=\"twitter:card\" content=\"summary_large_image\" \/>\n<script type=\"application\/ld+json\" class=\"yoast-schema-graph\">{\"@context\":\"https:\/\/schema.org\",\"@graph\":[{\"@type\":\"WebPage\",\"@id\":\"https:\/\/galli.ch\/uhren\/longines\/watchmaking-tradition\/the-longines-master-colleciton-l2-793-4-73-2\/\",\"url\":\"https:\/\/galli.ch\/uhren\/longines\/watchmaking-tradition\/the-longines-master-colleciton-l2-793-4-73-2\/\",\"name\":\"Longines The Longines Master Collection 190th Anniversary - Galli Uhren Bijouterie\",\"isPartOf\":{\"@id\":\"http:\/\/galli.ch\/en\/#website\"},\"primaryImageOfPage\":{\"@id\":\"https:\/\/galli.ch\/uhren\/longines\/watchmaking-tradition\/the-longines-master-colleciton-l2-793-4-73-2\/#primaryimage\"},\"image\":{\"@id\":\"https:\/\/galli.ch\/uhren\/longines\/watchmaking-tradition\/the-longines-master-colleciton-l2-793-4-73-2\/#primaryimage\"},\"thumbnailUrl\":\"https:\/\/galli.ch\/wp-content\/uploads\/longines-the-longines-master-collection-L2.793.png\",\"datePublished\":\"2023-02-03T14:08:00+00:00\",\"dateModified\":\"2026-04-20T16:11:24+00:00\",\"breadcrumb\":{\"@id\":\"https:\/\/galli.ch\/uhren\/longines\/watchmaking-tradition\/the-longines-master-colleciton-l2-793-4-73-2\/#breadcrumb\"},\"inLanguage\":\"en-US\",\"potentialAction\":[{\"@type\":\"ReadAction\",\"target\":[\"https:\/\/galli.ch\/uhren\/longines\/watchmaking-tradition\/the-longines-master-colleciton-l2-793-4-73-2\/\"]}]},{\"@type\":\"ImageObject\",\"inLanguage\":\"en-US\",\"@id\":\"https:\/\/galli.ch\/uhren\/longines\/watchmaking-tradition\/the-longines-master-colleciton-l2-793-4-73-2\/#primaryimage\",\"url\":\"https:\/\/galli.ch\/wp-content\/uploads\/longines-the-longines-master-collection-L2.793.png\",\"contentUrl\":\"https:\/\/galli.ch\/wp-content\/uploads\/longines-the-longines-master-collection-L2.793.png\",\"width\":1000,\"height\":1400,\"caption\":\"THE-LONGINES-MASTER-COLLECTION-190TH-ANNIVERSARY\"},{\"@type\":\"BreadcrumbList\",\"@id\":\"https:\/\/galli.ch\/uhren\/longines\/watchmaking-tradition\/the-longines-master-colleciton-l2-793-4-73-2\/#breadcrumb\",\"itemListElement\":[{\"@type\":\"ListItem\",\"position\":1,\"name\":\"Home\",\"item\":\"https:\/\/galli.ch\/en\/\"},{\"@type\":\"ListItem\",\"position\":2,\"name\":\"Uhren\",\"item\":\"https:\/\/galli.ch\/en\/uhren\/\"},{\"@type\":\"ListItem\",\"position\":3,\"name\":\"The Longines Master Collection 190th Anniversary\"}]},{\"@type\":\"WebSite\",\"@id\":\"http:\/\/galli.ch\/en\/#website\",\"url\":\"http:\/\/galli.ch\/en\/\",\"name\":\"Galli Uhren Bijouterie\",\"description\":\"\",\"potentialAction\":[{\"@type\":\"SearchAction\",\"target\":{\"@type\":\"EntryPoint\",\"urlTemplate\":\"http:\/\/galli.ch\/en\/?s={search_term_string}\"},\"query-input\":{\"@type\":\"PropertyValueSpecification\",\"valueRequired\":true,\"valueName\":\"search_term_string\"}}],\"inLanguage\":\"en-US\"}]}<\/script>\n<!-- \/ Yoast SEO plugin. -->","yoast_head_json":{"title":"Longines The Longines Master Collection 190th Anniversary - Galli Uhren Bijouterie","robots":{"index":"index","follow":"follow","max-snippet":"max-snippet:-1","max-image-preview":"max-image-preview:large","max-video-preview":"max-video-preview:-1"},"canonical":"https:\/\/galli.ch\/uhren\/longines\/watchmaking-tradition\/the-longines-master-colleciton-l2-793-4-73-2\/","og_locale":"en_US","og_type":"article","og_title":"Longines The Longines Master Collection 190th Anniversary - Galli Uhren Bijouterie","og_description":"Anl\u00e4sslich des 190-j\u00e4hrigen Jubil\u00e4ums pr\u00e4sentiert Longines eine Reihe von exklusiven Zeitmessern aus der Longines Master Collection, die sich durch ihre sorgf\u00e4ltige Verarbeitung und die besondere Aufmerksamkeit f\u00fcr jedes Detail auszeichnen. Das sandgestrahlte, silberfarbene Zifferblatt zeichnet sich durch seine einzigartige Oberfl\u00e4che und die fein gravierten arabischen Ziffern aus. Elegante Zeiger aus gebl\u00e4utem Stahl geben die Stunden,... Weiter &raquo;","og_url":"https:\/\/galli.ch\/uhren\/longines\/watchmaking-tradition\/the-longines-master-colleciton-l2-793-4-73-2\/","og_site_name":"Galli Uhren Bijouterie","article_modified_time":"2026-04-20T16:11:24+00:00","og_image":[{"width":1000,"height":1400,"url":"https:\/\/galli.ch\/wp-content\/uploads\/longines-the-longines-master-collection-L2.793.png","type":"image\/png"}],"twitter_card":"summary_large_image","schema":{"@context":"https:\/\/schema.org","@graph":[{"@type":"WebPage","@id":"https:\/\/galli.ch\/uhren\/longines\/watchmaking-tradition\/the-longines-master-colleciton-l2-793-4-73-2\/","url":"https:\/\/galli.ch\/uhren\/longines\/watchmaking-tradition\/the-longines-master-colleciton-l2-793-4-73-2\/","name":"Longines The Longines Master Collection 190th Anniversary - Galli Uhren Bijouterie","isPartOf":{"@id":"http:\/\/galli.ch\/en\/#website"},"primaryImageOfPage":{"@id":"https:\/\/galli.ch\/uhren\/longines\/watchmaking-tradition\/the-longines-master-colleciton-l2-793-4-73-2\/#primaryimage"},"image":{"@id":"https:\/\/galli.ch\/uhren\/longines\/watchmaking-tradition\/the-longines-master-colleciton-l2-793-4-73-2\/#primaryimage"},"thumbnailUrl":"https:\/\/galli.ch\/wp-content\/uploads\/longines-the-longines-master-collection-L2.793.png","datePublished":"2023-02-03T14:08:00+00:00","dateModified":"2026-04-20T16:11:24+00:00","breadcrumb":{"@id":"https:\/\/galli.ch\/uhren\/longines\/watchmaking-tradition\/the-longines-master-colleciton-l2-793-4-73-2\/#breadcrumb"},"inLanguage":"en-US","potentialAction":[{"@type":"ReadAction","target":["https:\/\/galli.ch\/uhren\/longines\/watchmaking-tradition\/the-longines-master-colleciton-l2-793-4-73-2\/"]}]},{"@type":"ImageObject","inLanguage":"en-US","@id":"https:\/\/galli.ch\/uhren\/longines\/watchmaking-tradition\/the-longines-master-colleciton-l2-793-4-73-2\/#primaryimage","url":"https:\/\/galli.ch\/wp-content\/uploads\/longines-the-longines-master-collection-L2.793.png","contentUrl":"https:\/\/galli.ch\/wp-content\/uploads\/longines-the-longines-master-collection-L2.793.png","width":1000,"height":1400,"caption":"THE-LONGINES-MASTER-COLLECTION-190TH-ANNIVERSARY"},{"@type":"BreadcrumbList","@id":"https:\/\/galli.ch\/uhren\/longines\/watchmaking-tradition\/the-longines-master-colleciton-l2-793-4-73-2\/#breadcrumb","itemListElement":[{"@type":"ListItem","position":1,"name":"Home","item":"https:\/\/galli.ch\/en\/"},{"@type":"ListItem","position":2,"name":"Uhren","item":"https:\/\/galli.ch\/en\/uhren\/"},{"@type":"ListItem","position":3,"name":"The Longines Master Collection 190th Anniversary"}]},{"@type":"WebSite","@id":"http:\/\/galli.ch\/en\/#website","url":"http:\/\/galli.ch\/en\/","name":"Galli Uhren Bijouterie","description":"","potentialAction":[{"@type":"SearchAction","target":{"@type":"EntryPoint","urlTemplate":"http:\/\/galli.ch\/en\/?s={search_term_string}"},"query-input":{"@type":"PropertyValueSpecification","valueRequired":true,"valueName":"search_term_string"}}],"inLanguage":"en-US"}]}},"_links":{"self":[{"href":"https:\/\/galli.ch\/en\/wp-json\/wp\/v2\/product\/17218","targetHints":{"allow":["GET"]}}],"collection":[{"href":"https:\/\/galli.ch\/en\/wp-json\/wp\/v2\/product"}],"about":[{"href":"https:\/\/galli.ch\/en\/wp-json\/wp\/v2\/types\/product"}],"wp:featuredmedia":[{"embeddable":true,"href":"https:\/\/galli.ch\/en\/wp-json\/wp\/v2\/media\/17125"}],"wp:attachment":[{"href":"https:\/\/galli.ch\/en\/wp-json\/wp\/v2\/media?parent=17218"}],"wp:term":[{"taxonomy":"product_brand","embeddable":true,"href":"https:\/\/galli.ch\/en\/wp-json\/wp\/v2\/product_brand?post=17218"},{"taxonomy":"product_cat","embeddable":true,"href":"https:\/\/galli.ch\/en\/wp-json\/wp\/v2\/product_cat?post=17218"},{"taxonomy":"product_tag","embeddable":true,"href":"https:\/\/galli.ch\/en\/wp-json\/wp\/v2\/product_tag?post=17218"}],"curies":[{"name":"wp","href":"https:\/\/api.w.org\/{rel}","templated":true}]}}